{"id":4,"date":"2012-07-23T17:46:31","date_gmt":"2012-07-23T17:46:31","guid":{"rendered":"http:\/\/portfolio-pre.uqac.ca\/gabarit\/?page_id=4"},"modified":"2026-04-13T11:40:25","modified_gmt":"2026-04-13T15:40:25","slug":"presentatio","status":"publish","type":"page","link":"https:\/\/portfolio.uqac.ca\/mariacamilalondonoaristizabal\/","title":{"rendered":"Pr\u00e9sentation"},"content":{"rendered":"<h2>Maria Camila Londono Aristizabal<\/h2>\n<p>Professeure au D\u00e9partement des sciences de l&#8217;\u00e9ducation<\/p>\n<h2>Champs d&#8217;int\u00e9r\u00eat<\/h2>\n<p>&nbsp;<\/p>\n","protected":false},"excerpt":{"rendered":"<p>Maria Camila Londono Aristizabal Professeure au D\u00e9partement des sciences de l&#8217;\u00e9ducation Champs d&#8217;int\u00e9r\u00eat &nbsp;<\/p>\n","protected":false},"author":406,"featured_media":0,"parent":0,"menu_order":0,"comment_status":"closed","ping_status":"closed","template":"","meta":{"footnotes":""},"tags":[],"_links":{"self":[{"href":"https:\/\/portfolio.uqac.ca\/mariacamilalondonoaristizabal\/wp-json\/wp\/v2\/pages\/4"}],"collection":[{"href":"https:\/\/portfolio.uqac.ca\/mariacamilalondonoaristizabal\/wp-json\/wp\/v2\/pages"}],"about":[{"href":"https:\/\/portfolio.uqac.ca\/mariacamilalondonoaristizabal\/wp-json\/wp\/v2\/types\/page"}],"author":[{"embeddable":true,"href":"https:\/\/portfolio.uqac.ca\/mariacamilalondonoaristizabal\/wp-json\/wp\/v2\/users\/406"}],"replies":[{"embeddable":true,"href":"https:\/\/portfolio.uqac.ca\/mariacamilalondonoaristizabal\/wp-json\/wp\/v2\/comments?post=4"}],"version-history":[{"count":12,"href":"https:\/\/portfolio.uqac.ca\/mariacamilalondonoaristizabal\/wp-json\/wp\/v2\/pages\/4\/revisions"}],"predecessor-version":[{"id":219,"href":"https:\/\/portfolio.uqac.ca\/mariacamilalondonoaristizabal\/wp-json\/wp\/v2\/pages\/4\/revisions\/219"}],"wp:attachment":[{"href":"https:\/\/portfolio.uqac.ca\/mariacamilalondonoaristizabal\/wp-json\/wp\/v2\/media?parent=4"}],"wp:term":[{"taxonomy":"post_tag","embeddable":true,"href":"https:\/\/portfolio.uqac.ca\/mariacamilalondonoaristizabal\/wp-json\/wp\/v2\/tags?post=4"}],"curies":[{"name":"wp","href":"https:\/\/api.w.org\/{rel}","templated":true}]}}