{"id":4,"date":"2012-07-23T17:46:31","date_gmt":"2012-07-23T17:46:31","guid":{"rendered":"http:\/\/portfolio-pre.uqac.ca\/gabarit\/?page_id=4"},"modified":"2014-12-19T10:09:42","modified_gmt":"2014-12-19T15:09:42","slug":"presentatio","status":"publish","type":"page","link":"https:\/\/portfolio.uqac.ca\/mariechristinedion\/","title":{"rendered":"Pr\u00e9sentation"},"content":{"rendered":"<h2>Marie-Christine Dion<\/h2>\n<p>Charg\u00e9e de projets (CEE) et charg\u00e9e de cours au d\u00e9partement\u00a0des sciences de l&#8217;\u00e9ducation<\/p>\n<h2>Champs d&#8217;int\u00e9r\u00eat<\/h2>\n<p>Champ d&#8217;int\u00e9r\u00eat 1, champ d&#8217;int\u00e9r\u00eat 2, champ d&#8217;int\u00e9r\u00eat 3.<\/p>\n","protected":false},"excerpt":{"rendered":"<p>Marie-Christine Dion Charg\u00e9e de projets (CEE) et charg\u00e9e de cours au d\u00e9partement\u00a0des sciences de l&#8217;\u00e9ducation Champs d&#8217;int\u00e9r\u00eat Champ d&#8217;int\u00e9r\u00eat 1, champ d&#8217;int\u00e9r\u00eat 2, champ d&#8217;int\u00e9r\u00eat 3.<\/p>\n","protected":false},"author":97,"featured_media":0,"parent":0,"menu_order":0,"comment_status":"closed","ping_status":"closed","template":"","meta":{"footnotes":""},"tags":[],"_links":{"self":[{"href":"https:\/\/portfolio.uqac.ca\/mariechristinedion\/wp-json\/wp\/v2\/pages\/4"}],"collection":[{"href":"https:\/\/portfolio.uqac.ca\/mariechristinedion\/wp-json\/wp\/v2\/pages"}],"about":[{"href":"https:\/\/portfolio.uqac.ca\/mariechristinedion\/wp-json\/wp\/v2\/types\/page"}],"author":[{"embeddable":true,"href":"https:\/\/portfolio.uqac.ca\/mariechristinedion\/wp-json\/wp\/v2\/users\/97"}],"replies":[{"embeddable":true,"href":"https:\/\/portfolio.uqac.ca\/mariechristinedion\/wp-json\/wp\/v2\/comments?post=4"}],"version-history":[{"count":13,"href":"https:\/\/portfolio.uqac.ca\/mariechristinedion\/wp-json\/wp\/v2\/pages\/4\/revisions"}],"predecessor-version":[{"id":92,"href":"https:\/\/portfolio.uqac.ca\/mariechristinedion\/wp-json\/wp\/v2\/pages\/4\/revisions\/92"}],"wp:attachment":[{"href":"https:\/\/portfolio.uqac.ca\/mariechristinedion\/wp-json\/wp\/v2\/media?parent=4"}],"wp:term":[{"taxonomy":"post_tag","embeddable":true,"href":"https:\/\/portfolio.uqac.ca\/mariechristinedion\/wp-json\/wp\/v2\/tags?post=4"}],"curies":[{"name":"wp","href":"https:\/\/api.w.org\/{rel}","templated":true}]}}