{"id":18,"date":"2020-08-19T09:09:31","date_gmt":"2020-08-19T13:09:31","guid":{"rendered":"http:\/\/portfolio-pre.uqac.ca\/gabarit\/?page_id=18"},"modified":"2020-09-04T13:03:06","modified_gmt":"2020-09-04T17:03:06","slug":"enseignement","status":"publish","type":"page","link":"https:\/\/portfolio.uqac.ca\/marieevelangelier\/enseignement\/","title":{"rendered":"Enseignement"},"content":{"rendered":"<h4><a href=\"https:\/\/www.uqac.ca\/programme\/1597\/\">Dipl\u00f4me d&#8217;\u00e9tudes sup\u00e9rieures sp\u00e9cialis\u00e9es en intervention par la nature et l&#8217;aventure<\/a><\/h4>\n<ul>\n<li><a href=\"https:\/\/cours.uqac.ca\/4INA605\">4INA605<\/a> \u2013 Milieux d\u2019INA<\/li>\n<li><a href=\"https:\/\/cours.uqac.ca\/4INA607\">4INA607<\/a> \u2013 Th\u00e9ories et approches utilis\u00e9es en INA<\/li>\n<li><a href=\"https:\/\/cours.uqac.ca\/4INA615\">4INA615<\/a> \u2013 Lectures dirig\u00e9es<\/li>\n<li><a href=\"https:\/\/cours.uqac.ca\/4INA619\">4INA619<\/a> \u2013 R\u00e9alisation et \u00e9valuation de projet d\u2019INA<\/li>\n<\/ul>\n<h4><a href=\"https:\/\/www.uqac.ca\/programme\/7309\/\">Baccalaur\u00e9at en intervention plein air<\/a><\/h4>\n<ul>\n<li><a href=\"https:\/\/cours.uqac.ca\/4IPA360\">4IPA360<\/a> \u2013 Intervention th\u00e9rapeutique par la nature et l\u2019aventure<\/li>\n<\/ul>\n","protected":false},"excerpt":{"rendered":"<p>Dipl\u00f4me d&#8217;\u00e9tudes sup\u00e9rieures sp\u00e9cialis\u00e9es en intervention par la nature et l&#8217;aventure 4INA605 \u2013 Milieux d\u2019INA 4INA607 \u2013 Th\u00e9ories et approches utilis\u00e9es en INA 4INA615 \u2013 Lectures dirig\u00e9es 4INA619 \u2013 R\u00e9alisation et \u00e9valuation de projet d\u2019INA Baccalaur\u00e9at en intervention plein air 4IPA360 \u2013 Intervention th\u00e9rapeutique par la nature et l\u2019aventure<\/p>\n","protected":false},"author":89,"featured_media":0,"parent":0,"menu_order":0,"comment_status":"closed","ping_status":"closed","template":"","meta":{"footnotes":""},"tags":[],"_links":{"self":[{"href":"https:\/\/portfolio.uqac.ca\/marieevelangelier\/wp-json\/wp\/v2\/pages\/18"}],"collection":[{"href":"https:\/\/portfolio.uqac.ca\/marieevelangelier\/wp-json\/wp\/v2\/pages"}],"about":[{"href":"https:\/\/portfolio.uqac.ca\/marieevelangelier\/wp-json\/wp\/v2\/types\/page"}],"author":[{"embeddable":true,"href":"https:\/\/portfolio.uqac.ca\/marieevelangelier\/wp-json\/wp\/v2\/users\/89"}],"replies":[{"embeddable":true,"href":"https:\/\/portfolio.uqac.ca\/marieevelangelier\/wp-json\/wp\/v2\/comments?post=18"}],"version-history":[{"count":6,"href":"https:\/\/portfolio.uqac.ca\/marieevelangelier\/wp-json\/wp\/v2\/pages\/18\/revisions"}],"predecessor-version":[{"id":199,"href":"https:\/\/portfolio.uqac.ca\/marieevelangelier\/wp-json\/wp\/v2\/pages\/18\/revisions\/199"}],"wp:attachment":[{"href":"https:\/\/portfolio.uqac.ca\/marieevelangelier\/wp-json\/wp\/v2\/media?parent=18"}],"wp:term":[{"taxonomy":"post_tag","embeddable":true,"href":"https:\/\/portfolio.uqac.ca\/marieevelangelier\/wp-json\/wp\/v2\/tags?post=18"}],"curies":[{"name":"wp","href":"https:\/\/api.w.org\/{rel}","templated":true}]}}