{"id":27,"date":"2020-08-19T09:09:31","date_gmt":"2020-08-19T13:09:31","guid":{"rendered":"http:\/\/portfolio-pre.uqac.ca\/gabarit\/?page_id=27"},"modified":"2024-11-19T15:13:59","modified_gmt":"2024-11-19T20:13:59","slug":"curriculum-vitae","status":"publish","type":"page","link":"https:\/\/portfolio.uqac.ca\/marieevelangelier\/curriculum-vitae\/","title":{"rendered":"Curriculum vitae"},"content":{"rendered":"<h2><strong>Affiliations professionnelles<\/strong><\/h2>\n<p>Secr\u00e9taire G\u00e9n\u00e9rale de la <a href=\"https:\/\/wsfpph.org\/\">World Society for Forests and Parks for Public Health\u00a0<\/a><\/p>\n<p>Membre du Coll\u00e8ge des m\u00e9decins du Qu\u00e9bec<\/p>\n<p><span style=\"font-weight: 400\">Membre du Centre intersectoriel en sant\u00e9 durable (CISD)<\/span><\/p>\n<p><span style=\"font-weight: 400\">Membre du R\u00e9seau de recherche en sant\u00e9 des populations du Qu\u00e9bec (RRSPQ)<\/span><\/p>\n<p><span style=\"font-weight: 400\">Membre du R\u00e9seau 1 &#8211; Qu\u00e9bec &#8211; R\u00e9seau de connaissances sur les soins primaires<\/span><\/p>\n<h2><strong>Dipl\u00f4mes<\/strong><\/h2>\n<p>DESS en intervention par la nature et l\u2019aventure. Universit\u00e9 du Qu\u00e9bec \u00e0 Chicoutimi (UQAC) &#8211; 2019<\/p>\n<p>Microprogramme de 2e cycle en p\u00e9dagogie des sciences de la sant\u00e9<br \/>\nUniversit\u00e9 de Sherbrooke &#8211;\u00a0 2016<\/p>\n<p>Formation de guide : Interventions fond\u00e9es sur la pleine conscience<br \/>\nCIUSSS Saguenay Lac St-Jean &#8211; 2013<\/p>\n<p>Comp\u00e9tences avanc\u00e9es (R3) en sant\u00e9 mentale<br \/>\nUniversit\u00e9 de Sherbrooke &#8211; 2013<\/p>\n<p>R\u00e9sidence en m\u00e9decine de famille<br \/>\nUniversit\u00e9 de Sherbrooke &#8211; 2013<\/p>\n<p>Doctorat en m\u00e9decine<br \/>\nUniversit\u00e9 de Sherbrooke &#8211; 2010<\/p>\n<h2><strong>Activit\u00e9s b\u00e9n\u00e9voles<\/strong><\/h2>\n<p>Fondation Sur la pointe des pieds. <em>Intervenante psychosociale<\/em> &#8211;\u00a0\u00a0Accompagnement psychosocial de jeunes adultes en traitement ou r\u00e9mission du cancer dans le cadre d\u2019une aventure th\u00e9rapeutique.\u00a0Grande exp\u00e9dition de 12 jours dans les Rocheuses pour jeunes de 18-29 ans en r\u00e9mission (juillet 2018). Grande exp\u00e9dition de 10 jours en canot-camping pour jeunes de 14-18 ans en r\u00e9mission (ao\u00fbt 2022). Exp\u00e9dition \u00e9vasion de 4 jours en rabaska pour les jeunes de 30-39 ans en traitement (mai 2023).<\/p>\n<p>Fondation Sur la pointe des pieds. <em>B\u00e9n\u00e9vole au double d\u00e9fi des 2 Mario<\/em> &#8211;\u00a0\u00a0Travers\u00e9e du lac St-Jean en 3 jours en camping d\u2019hiver. Accompagnement physique et psychologique des participants dans le cadre d\u2019une activit\u00e9 de collecte de fonds (2019, 2021, 2023). Soutien logistique (2020). Implication comme participante (2018).<\/p>\n<p>Fondation Vivre ma sant\u00e9 mentale. <em>Conf\u00e9renci\u00e8re et animatrice d&#8217;un atelier sur les bienfaits du contact avec la nature sur la sant\u00e9 mentale <\/em>(janvier 2023).<\/p>\n<p>Journ\u00e9e du bien-\u00eatre pour les externes en m\u00e9decine. <em>Guide d&#8217;une activit\u00e9 de bain de for\u00eat (Shirin-Yoku)<\/em>. Juin 2021.<\/p>\n<p>Unit\u00e9 de m\u00e9decine familiale d\u2019Alma. <em>Guide de m\u00e9ditation pleine conscience<\/em> &#8211;\u00a0\u00a0Projet-pilote. Huit s\u00e9ances de m\u00e9ditation pleine conscience pour les r\u00e9sidents en m\u00e9decine.\u00a0Mai \u2013 juin 2016<\/p>\n","protected":false},"excerpt":{"rendered":"<p>Affiliations professionnelles Secr\u00e9taire G\u00e9n\u00e9rale de la World Society for Forests and Parks for Public Health\u00a0 Membre du Coll\u00e8ge des m\u00e9decins du Qu\u00e9bec Membre du Centre intersectoriel en sant\u00e9 durable (CISD) Membre du R\u00e9seau de recherche en sant\u00e9 des populations du Qu\u00e9bec (RRSPQ) Membre du R\u00e9seau 1 &#8211; Qu\u00e9bec &#8211; R\u00e9seau de connaissances sur les soins &hellip; <a href=\"https:\/\/portfolio.uqac.ca\/marieevelangelier\/curriculum-vitae\/\" class=\"more-link\">Continuer la lecture de <span class=\"screen-reader-text\">Curriculum vitae<\/span>  <span class=\"meta-nav\">&rarr;<\/span><\/a><\/p>\n","protected":false},"author":89,"featured_media":0,"parent":0,"menu_order":0,"comment_status":"closed","ping_status":"closed","template":"","meta":{"footnotes":""},"tags":[],"_links":{"self":[{"href":"https:\/\/portfolio.uqac.ca\/marieevelangelier\/wp-json\/wp\/v2\/pages\/27"}],"collection":[{"href":"https:\/\/portfolio.uqac.ca\/marieevelangelier\/wp-json\/wp\/v2\/pages"}],"about":[{"href":"https:\/\/portfolio.uqac.ca\/marieevelangelier\/wp-json\/wp\/v2\/types\/page"}],"author":[{"embeddable":true,"href":"https:\/\/portfolio.uqac.ca\/marieevelangelier\/wp-json\/wp\/v2\/users\/89"}],"replies":[{"embeddable":true,"href":"https:\/\/portfolio.uqac.ca\/marieevelangelier\/wp-json\/wp\/v2\/comments?post=27"}],"version-history":[{"count":15,"href":"https:\/\/portfolio.uqac.ca\/marieevelangelier\/wp-json\/wp\/v2\/pages\/27\/revisions"}],"predecessor-version":[{"id":369,"href":"https:\/\/portfolio.uqac.ca\/marieevelangelier\/wp-json\/wp\/v2\/pages\/27\/revisions\/369"}],"wp:attachment":[{"href":"https:\/\/portfolio.uqac.ca\/marieevelangelier\/wp-json\/wp\/v2\/media?parent=27"}],"wp:term":[{"taxonomy":"post_tag","embeddable":true,"href":"https:\/\/portfolio.uqac.ca\/marieevelangelier\/wp-json\/wp\/v2\/tags?post=27"}],"curies":[{"name":"wp","href":"https:\/\/api.w.org\/{rel}","templated":true}]}}