{"id":362,"date":"2024-11-11T13:31:24","date_gmt":"2024-11-11T18:31:24","guid":{"rendered":"https:\/\/portfolio-temp.uqac.ca\/marieevelangelier\/?page_id=362"},"modified":"2025-02-11T16:35:15","modified_gmt":"2025-02-11T21:35:15","slug":"encadrement","status":"publish","type":"page","link":"https:\/\/portfolio.uqac.ca\/marieevelangelier\/encadrement\/","title":{"rendered":"Encadrement"},"content":{"rendered":"<h3>M\u00e9moires d\u00e9pos\u00e9s (direction ou codirection) n=1<\/h3>\n<ul>\n<li>Maill\u00e9, Marina. (2024).\u00a0<em>Projet d\u2019intervention en contexte de nature et d\u2019aventure visant le d\u00e9veloppement des forces relationnelles entre des dyades d\u2019adolescents et de beaux-parents<\/em>.\u00a0Essai de ma\u00eetrise en travail social. [<strong>Codirectrice,\u00a0<\/strong>Directrice de recherche\u00a0: Eve Pouliot].<\/li>\n<\/ul>\n<h3>Projets de th\u00e8se et d&#8217;essai doctoral [cheminement en cours] n=3<\/h3>\n<ul>\n<li>Fortin, \u00c9milie. (2024-&#8230;).\u00a0<em>Intervention par la nature pour la douleur chronique chez les populations autochtones et allochtones. <\/em>Th\u00e8se de doctorat sur mesure en physioth\u00e9rapie. [<strong>Codirectrice,\u00a0<\/strong>Directeur de recherche: Rubens da Silva, codirecteur : Guillaume L\u00e9onard].<\/li>\n<\/ul>\n<ul>\n<li>Arth,\u00a0Emmanuelle. (2023-&#8230;). <em>Cr\u00e9er des environnements favorables \u00e0 la participation citoyenne : le r\u00f4le de la sant\u00e9 publique.<\/em> Th\u00e8se de doctorat en sciences humaines appliqu\u00e9es. [<strong>Codirectrice, <\/strong>Directeur de recherche: Olivier Riffon].<\/li>\n<\/ul>\n<ul>\n<li>Blackburn, Camille. (2023-&#8230;).\u00a0<em>\u00c9tude des impacts des activit\u00e9s p\u00e9dagogiques en nature sur le d\u00e9veloppement de la motivation, la fr\u00e9quence et le niveau de la pratique d&#8217;activit\u00e9 physique chez les jeunes de 6 \u00e0 17 ans.<\/em>\u00a0Essai doctoral en psychologie clinique. [<strong>Codirectrice,\u00a0<\/strong>Directrice de recherche: Linda Paquette].<\/li>\n<\/ul>\n<h3>Projets de m\u00e9moire [cheminement en cours] n=5<\/h3>\n<ul>\n<li>Choquette-Daigneault, Julien. (2024-&#8230;). <em>Analyse d&#8217;une intervention par la nature et l&#8217;aventure en contexte inuit.<\/em>\u00a0M\u00e9moire de maitrise sur mesure en intervention plein air. [<strong>Directrice,\u00a0<\/strong>Codirecteur\u00a0de recherche: Lo\u00efc Pulido].<\/li>\n<\/ul>\n<ul>\n<li>Leclerc, Laurence. (2023-&#8230;).\u00a0<em>Quelles sont les repr\u00e9sentations sociales du plein air chez les adolescentes du Saguenay-Lac Saint-Jean.\u00a0<\/em>M\u00e9moire de maitrise sur mesure en intervention plein air.\u00a0\u00a0[<strong>Codirectrice,\u00a0<\/strong>Directrice de recherche\u00a0: Eve Pouliot].<\/li>\n<\/ul>\n<ul>\n<li>Desrosiers, Gabrielle. (2023-&#8230;). <em>L&#8217;Intervention par la nature et l&#8217;aventure (INA) en appui \u00e0 la transition socio-\u00e9cologique : une recherche action r\u00e9alis\u00e9e dans la MRC du Fjord-du-Saguenay.\u00a0<\/em>M\u00e9moire de maitrise en Soci\u00e9t\u00e9, autod\u00e9termination et d\u00e9veloppement. [<strong>Codirectrice,\u00a0<\/strong>Directeur de recherche: Olivier Riffon].<\/li>\n<\/ul>\n<ul>\n<li>Baillargeon, Elsa. (2023-&#8230;). <em>Sant\u00e9 sexuelle et intervention par la nature et l&#8217;aventure aupr\u00e8s d&#8217;adolescent.es : \u00e9tude exploratoire \u00e0 partir des perceptions des personnes concern\u00e9es.<\/em> M\u00e9moire de maitrise en sexologie (UQAM).\u00a0\u00a0[<strong>Codirectrice,\u00a0<\/strong>Directeur de recherche\u00a0: Mathieu Goyette].<\/li>\n<\/ul>\n<ul>\n<li>St-Gelais, Lorie. (2022-&#8230;).\u00a0Les retomb\u00e9es de l\u2019activit\u00e9 physique en plein air sur la sant\u00e9 globale des femmes lors de la p\u00e9riode postnatale. M\u00e9moire de maitrise en travail social.[<strong>Codirectrice,\u00a0<\/strong>Directrice de recherche\u00a0: Christiane Bergeron-Leclerc].<\/li>\n<\/ul>\n","protected":false},"excerpt":{"rendered":"<p>M\u00e9moires d\u00e9pos\u00e9s (direction ou codirection) n=1 Maill\u00e9, Marina. (2024).\u00a0Projet d\u2019intervention en contexte de nature et d\u2019aventure visant le d\u00e9veloppement des forces relationnelles entre des dyades d\u2019adolescents et de beaux-parents.\u00a0Essai de ma\u00eetrise en travail social. [Codirectrice,\u00a0Directrice de recherche\u00a0: Eve Pouliot]. Projets de th\u00e8se et d&#8217;essai doctoral [cheminement en cours] n=3 Fortin, \u00c9milie. (2024-&#8230;).\u00a0Intervention par la nature &hellip; <a href=\"https:\/\/portfolio.uqac.ca\/marieevelangelier\/encadrement\/\" class=\"more-link\">Continuer la lecture de <span class=\"screen-reader-text\">Encadrement<\/span>  <span class=\"meta-nav\">&rarr;<\/span><\/a><\/p>\n","protected":false},"author":89,"featured_media":0,"parent":0,"menu_order":0,"comment_status":"closed","ping_status":"closed","template":"","meta":{"footnotes":""},"tags":[],"_links":{"self":[{"href":"https:\/\/portfolio.uqac.ca\/marieevelangelier\/wp-json\/wp\/v2\/pages\/362"}],"collection":[{"href":"https:\/\/portfolio.uqac.ca\/marieevelangelier\/wp-json\/wp\/v2\/pages"}],"about":[{"href":"https:\/\/portfolio.uqac.ca\/marieevelangelier\/wp-json\/wp\/v2\/types\/page"}],"author":[{"embeddable":true,"href":"https:\/\/portfolio.uqac.ca\/marieevelangelier\/wp-json\/wp\/v2\/users\/89"}],"replies":[{"embeddable":true,"href":"https:\/\/portfolio.uqac.ca\/marieevelangelier\/wp-json\/wp\/v2\/comments?post=362"}],"version-history":[{"count":2,"href":"https:\/\/portfolio.uqac.ca\/marieevelangelier\/wp-json\/wp\/v2\/pages\/362\/revisions"}],"predecessor-version":[{"id":379,"href":"https:\/\/portfolio.uqac.ca\/marieevelangelier\/wp-json\/wp\/v2\/pages\/362\/revisions\/379"}],"wp:attachment":[{"href":"https:\/\/portfolio.uqac.ca\/marieevelangelier\/wp-json\/wp\/v2\/media?parent=362"}],"wp:term":[{"taxonomy":"post_tag","embeddable":true,"href":"https:\/\/portfolio.uqac.ca\/marieevelangelier\/wp-json\/wp\/v2\/tags?post=362"}],"curies":[{"name":"wp","href":"https:\/\/api.w.org\/{rel}","templated":true}]}}