{"id":4,"date":"2020-08-19T09:09:31","date_gmt":"2020-08-19T13:09:31","guid":{"rendered":"http:\/\/portfolio-pre.uqac.ca\/gabarit\/?page_id=4"},"modified":"2024-05-02T13:25:10","modified_gmt":"2024-05-02T17:25:10","slug":"presentatio","status":"publish","type":"page","link":"https:\/\/portfolio.uqac.ca\/marieevelangelier\/","title":{"rendered":"Pr\u00e9sentation"},"content":{"rendered":"<h2>Marie-\u00c8ve Langelier<\/h2>\n<p>Professeure au d\u00e9partement des sciences sociales et humaines<br \/>\nUnit\u00e9 d\u2019enseignement en intervention plein air<\/p>\n<h2>Champs d&#8217;int\u00e9r\u00eat<\/h2>\n<ul>\n<li>Intervention par la nature et l\u2019aventure (INA)<\/li>\n<li>Sant\u00e9 mentale<\/li>\n<li>Troubles anxieux<\/li>\n<li>Sant\u00e9 communautaire<\/li>\n<li>Services \u00e0 la communaut\u00e9<\/li>\n<li>Pr\u00e9vention\u00a0et promotion de la sant\u00e9<\/li>\n<\/ul>\n","protected":false},"excerpt":{"rendered":"<p>Marie-\u00c8ve Langelier Professeure au d\u00e9partement des sciences sociales et humaines Unit\u00e9 d\u2019enseignement en intervention plein air Champs d&#8217;int\u00e9r\u00eat Intervention par la nature et l\u2019aventure (INA) Sant\u00e9 mentale Troubles anxieux Sant\u00e9 communautaire Services \u00e0 la communaut\u00e9 Pr\u00e9vention\u00a0et promotion de la sant\u00e9<\/p>\n","protected":false},"author":89,"featured_media":0,"parent":0,"menu_order":0,"comment_status":"closed","ping_status":"closed","template":"","meta":{"footnotes":""},"tags":[],"_links":{"self":[{"href":"https:\/\/portfolio.uqac.ca\/marieevelangelier\/wp-json\/wp\/v2\/pages\/4"}],"collection":[{"href":"https:\/\/portfolio.uqac.ca\/marieevelangelier\/wp-json\/wp\/v2\/pages"}],"about":[{"href":"https:\/\/portfolio.uqac.ca\/marieevelangelier\/wp-json\/wp\/v2\/types\/page"}],"author":[{"embeddable":true,"href":"https:\/\/portfolio.uqac.ca\/marieevelangelier\/wp-json\/wp\/v2\/users\/89"}],"replies":[{"embeddable":true,"href":"https:\/\/portfolio.uqac.ca\/marieevelangelier\/wp-json\/wp\/v2\/comments?post=4"}],"version-history":[{"count":17,"href":"https:\/\/portfolio.uqac.ca\/marieevelangelier\/wp-json\/wp\/v2\/pages\/4\/revisions"}],"predecessor-version":[{"id":224,"href":"https:\/\/portfolio.uqac.ca\/marieevelangelier\/wp-json\/wp\/v2\/pages\/4\/revisions\/224"}],"wp:attachment":[{"href":"https:\/\/portfolio.uqac.ca\/marieevelangelier\/wp-json\/wp\/v2\/media?parent=4"}],"wp:term":[{"taxonomy":"post_tag","embeddable":true,"href":"https:\/\/portfolio.uqac.ca\/marieevelangelier\/wp-json\/wp\/v2\/tags?post=4"}],"curies":[{"name":"wp","href":"https:\/\/api.w.org\/{rel}","templated":true}]}}