{"id":46,"date":"2020-08-19T09:09:31","date_gmt":"2020-08-19T13:09:31","guid":{"rendered":"http:\/\/portfolio-pre.uqac.ca\/gabarit\/?page_id=46"},"modified":"2025-10-29T11:01:40","modified_gmt":"2025-10-29T15:01:40","slug":"recherche","status":"publish","type":"page","link":"https:\/\/portfolio.uqac.ca\/marieevelangelier\/recherche\/","title":{"rendered":"Recherche"},"content":{"rendered":"<p>2025-2027 : Langelier, M.-\u00c8., Choquette-Daigneault, J. et Pulido, L. <em>L\u2019intervention par la nature et l\u2019aventure en contexte Inuit : Regard sur l\u2019implantation du programme Tuttuit et sur les m\u00e9canismes en oeuvre. <\/em><strong>Sources: <\/strong>Mitacs 30 000$.<\/p>\n<p>2025-2026: Langelier, M.-\u00c8., Fortin, J., Bradette, I., Bieler, F., McMullen, D., Mc Lellan, S., De Agostinis, R. et Dufour, K.\u00a0 <em>Aventure Vert Soi \u2013 un programme d\u2019autogestion centr\u00e9 sur la nature et l\u2019aventure pour la communaut\u00e9 \u00e9tudiante de l\u2019UQAC. <\/em><strong>Sources:\u00a0 <\/strong>FUQAC 10 000$. Chaire de recherche en sant\u00e9 durable 40 000$. CISD 25 000$. PSDrc Volet D 9 000$. PSDrc Volet Soutien aux unit\u00e9s de recherche accr\u00e9dit\u00e9es 7 500$. FRIPS 6000$.<\/p>\n<p>2025-2026: Da Silva, R., Langelier, M.-\u00c8 et Fortin, \u00c9. <em>Projet PARC 2 \u2013 sant\u00e9 dos\u202f: L\u2019intervention par la nature pour am\u00e9liorer la sant\u00e9 physique et mentale des personnes \u00e2g\u00e9es souffrant de lombalgie chronique<\/em>. <strong>Source: <\/strong>CISD 25 000$<\/p>\n<p>2025-2029: Dor\u00e9, I., Sylvestre, M.-P., O&#8217;Loughlin, J., B\u00e9langer, M., Dufour, M., Podlog, L., Geoffroy, M.-C., Langelier, M.-\u00c8., Brodeur, M., Richard, M.-C., <em>The SeeNAT project : Toward a better understanding of nature and outdoor physical activity to promote mental health and mitigate adverse screen time effects. <\/em><strong>Source: <\/strong>CRSH 250 392$<\/p>\n<p>2024-2028: Ayotte-Beaudet, J-P., Berrigan, F., Bouchard, C., Lessard, G.,\u00a0 Abdelkrim, H., Morel, M., Geoffroy, M.-C., Langelier, M.-\u00c8.\u00a0<em>\u00c9quipe de\u00a0<\/em><em>recherche interuniversitaire sur l&#8217;\u00e9ducation en plein air.\u00a0<\/em><strong>Source:<\/strong> FRQSC 279 682$<\/p>\n<p>2024-2028\u00a0: Pulido, L., Bergeron-Leclerc, C., Boily, E., Brault, M.-C., Cherblanc, J., Chevrette, T., Gauthier, D, Haineault, C., Jacob, E., Langelier, M.-E., Laprise, C., Lavoie, M., Morais, S., Paquette, L., Robitaille, J., Simard,S. Les pratiques li\u00e9es \u00e0 l&#8217;enseignement \u00e0 l&#8217;ext\u00e9rieur et leurs effets. CRSH Savoir. 386\u00a0259$<\/p>\n<p>2024-2026: Langelier, M.-\u00c8., Desrosiers, G. et Riffon, O. <em>L\u2019intervention par la nature et l\u2019aventure (INA) comme outil de renforcement du pouvoir d\u2019agir sur un territoire en transition.<\/em> <strong>Sources: <\/strong>Mitacs 45 000$.<\/p>\n<p>2024-2025 : Pulido, L., Bergeron-Leclerc, C., Boily, E., Brault, M.-C., Cherblanc, J.,Chevrette, T., Gauthier, D, Langelier, M.-E., Laprise, C., Lavoie, M., Morais, S., Paquette, L., Simard, S.\u00a0Les effets de l&#8217;enseignement \u00e0 l&#8217;ext\u00e9rieur sur le d\u00e9veloppement global et le cheminement scolaire des enfants. CRSH D\u00e9veloppement partenarial.\u00a022 678$<\/p>\n<p>Janvier 2023 \u00e0 d\u00e9cembre 2027 :\u00a0 Lane, J., Gallais, B., Bergeron-Leclerc, C., Berrigan, F., Shareck, M., Coulombe S., <strong>Langelier, M.-\u00c8.,<\/strong> Vrakas, G., Bertrand, K., Dufour, M., Paquette, G., Thibault, I., Roberge, P., Bardon, C., Brodeur, M., Drapeau, M., Smith, J., Boudreault, V., El-Hage, H, Martin-Storey, A., Lallier Beaudoin, M.-C., Beauregard, N., Goyette, M., Ziam, S., G\u00e9n\u00e9reux, M., Russbach, L., Therriault,D., Blackburn, M.-\u00c8., Carignan, H., Courcy, F., Lagueux, E., Rassy, J., Maltais, N., Tougas, A.-M., Pilon, M., Ayotte-Beaudet, J.-P., Girard, A., Laventure, M., Paquette, L., Dup\u00e9r\u00e9 V., Tardif-Grenier, K., Litalien, D., Lacourse, \u00c9., de la Sablonni\u00e8re, R., Marcotte, J., Villatte, A., Fallu, J.-S., Saint-Jacques, M., Monson, E., Dion, J., Gagnon-Girouard, M.-P., Flores Aranda, J., Goyette, M., Thibault, P., Hong, Q. N., Samson, I., Goulet, M., Claude, P., L\u00e9gar\u00e9, A.-A., Poitras, M.-E., Fitzpatrick, C., Gigu\u00e8re, C., Bergeron, M., Daigneault, I., Olivier, E., Morvannou, A., Tardif, S., Dionne, P., Pouliot, E., Cherblanc, J., Pulido, L., Maillet, L., Morin, M.-H., Grenier, J., Dub\u00e9, M., Labra, O., Marchand, A.-A., Lafleur, F., Vaillancourt, C., Gaboury, S., Dionne, F., Laberge, L., Huynh, C., Supeno, E., Beauparlant, S., Cabot, I., Bradette, A., Maitre, J., Lavoie, M., Lalande, D., Quesnel Vall\u00e9e, A., Lemire-Th\u00e9berge, L., Malboeuf-Hurtubise, C., Menear, M., Samb, O. M., Gosselin, P., Ouellet-Plamondon, C., Wagner, V., Ferland, F., Pesant, C. Liste des personnes collaboratrices\u00a0 : Dupuis, A., Verch\u00e8re, C., Faucher, J., Bliokas, V., Romano, V., Di Genova, L., Cyr-Morin, K., Carrier, J.-D., Gauthier, J., Parent, S., Dagenais, C., Prince, J., L\u00e9gar\u00e9, F., Grenier, V., Garon-Carrier, G., Berbiche, D., Boily, M., Auger, A.-M., Dubois, C., Guay-Dufour, F., Lanoue, S., Lauzier-Jobin, F., McSween-Cadieux, E., Thibault, K., Laloy, D., Le May, S., Labrosse, M., Beaudet, F., Mallette-L\u00e9onard, L., Rochette, A., Tremblay, S.-J., Tourville, M.-A., Bibeau-Lorrain, C., Girard, M., L\u00e9vesque, A., Roy-Boulanger, C., Desjardins, F., Boutin, S. <em>Observatoire sur la sant\u00e9 mentale \u00e9tudiante en enseignement sup\u00e9rieur : pour des connaissances au service de l\u2019action.<\/em>\u00a0<strong>Source:<\/strong>\u00a0Fonds de recherche du Qu\u00e9bec (FRQ).\u00a0Subvention de 2 809 980$<\/p>\n<p>2023-2026: Pulido, L, Langelier, M.-E., Brault, M.-C. et<br \/>\nLaprise, C. <em>Transition d\u2019une p\u00e9dagogie traditionnelle, dans les murs de l\u2019\u00e9cole, vers une p\u00e9dagogie int\u00e9grant des activit\u00e9s en nature : d\u00e9veloppement et mise \u00e0 l\u2019essai d\u2019un cadre d\u2019analyse. <\/em><strong>Source:<\/strong> CRSH-SI,\u00a020 527 $.<\/p>\n<p>2023-2025.\u00a0Da Silva, R. et Langelier, M.-\u00c8. <em>Exercice et plein air : ensemble pour mieux vieillir en sant\u00e9 durable en r\u00e9gion. <\/em>Source: FUQAC. 30 000$<\/p>\n<p>2023-2024. Dor\u00e9, I., B\u00e9langer, M., Geoffroy, M.-C., Langelier, M.-E., O\u2019Loughlin, J., Richard, M.-C., Sylvestre, M.-P.\u00a0<em>Exposition aux \u00e9crans et \u00e0 la nature: \u00e9valuation d\u2019outils de mesure et estimation des impacts sur la sant\u00e9 mentale des jeunes \u00e0 partir de donn\u00e9es longitudinales des \u00e9tudes MATCH et NDIT. <\/em><strong>Source:<\/strong><em>\u00a0<\/em>R\u00e9seau de recherche en sant\u00e9 des populations \u2013 Regroupement Sant\u00e9 mentale des populations\u00a0: Concours Initiatives Structurantes. 20 000$<\/p>\n<p>2023-2024. Dor\u00e9, I., Mathieu, M.-E., Langelier, M.-E., Riesco, E.\u00a0<em>Actifs dans notre communaut\u00e9 : co-cr\u00e9ation d\u2019un service Cardio Plein Air innovant pour les personnes ayant re\u00e7u un diagnostic de cancer. <\/em><strong>Source:<\/strong><em> Partenariat UdeM.\u00a0<\/em>49 450$<\/p>\n<p>2023-2024: Da Silva, R. et Langelier, M.-\u00c8. <em>Exercice et plein air pour les personnes \u00e2g\u00e9es atteintes de la maladie de Parkinson: ensemble pour mieux vieillir en sant\u00e9 durable en r\u00e9gion.<\/em> <strong>Source:<\/strong> R\u00e9seau Parkinson Qu\u00e9bec. Subvention de 12\u00a0807$<\/p>\n<p>2023-2024 : Bergeron-Leclerc, C., Gaboury, S., Cherblanc, J., Pouliot, E., Langelier, M.-E., Paquette, L., Dion, J., Benoit, J., Gauthier, J., Maitre, J., Riffon, O., Lavalli\u00e8re, M. I-LUM-IN: Une station de promotion de la sant\u00e9 mentale au coeur de l\u2019universit\u00e9. <strong>Source:<\/strong> FRQSC, 125 465 $.<\/p>\n<p><em>2022-2024: <\/em>Bergeron-Leclerc, C., Maltais, D., Cherblanc, J.,<em>\u00a0<\/em>Dion, J., Dub\u00e9, M.,\u00a0Gaboury, S., Gauthier, J., Girard, M.,\u00a0Gravel, A., Grenier, J., Labra, O.,\u00a0Langelier, M.-\u00c8.,\u00a0 Lavoie, M., Maillet, L., Marchand, A.,\u00a0Morin, M., Ouellet-Plamondon, C., Pouliot, E., Pulido, L., Roy-Boulanger, C.,\u00a0 Vaillancourt, C.\u00a0<em>Sant\u00e9 mentale et accessibilit\u00e9 aux services en milieu universitaire : la diversit\u00e9 constitue-t-elle une barri\u00e8re ?<\/em>\u00a0\u00a0<strong>Source: <\/strong>IRSC. Subvention de 334 040$.<\/p>\n<p>2022-2023:\u00a0\u00a0Langelier, M.-\u00c8., Pulido, L., Laprise, C. et Brault, M.-C. <em>Structuration du volet sant\u00e9 du projet : la P\u00e9dagogie Li\u00e9e \u00e0 l\u2019Ext\u00e9rieur, \u00e0 la nature, et ses retomb\u00e9es au Bas-Saguenay (Plein-R Bas-Saguenay).<\/em> <strong>Source:<\/strong> PSDrc Volet A. Subvention de\u00a09 900 $<\/p>\n<p>2022-2025 :\u00a0 Parent, V.,\u00a0Lagueux, F., Th\u00e9riault, D., Langelier, M.-E. Ayotte-Beaudet, J.-P., Rassy, J.\u00a0<em>Effets du programme Horizon : la nature et l&#8217;aventure au coeur du mieux-\u00eatre des jeunes<\/em><\/p>\n<p>2021-2022: Bergeron-Leclerc, C., Maltais, D.,\u00a0\u00a0Cherblanc, J., Pouliot, E., Dion, J., Paquette, L. et Langelier, M.-\u00c8.\u00a0 <em>Sant\u00e9 mentale et population universitaire: un laboratoire-vivant au service de la communaut\u00e9.<\/em>\u00a0<strong>Sources:<\/strong>\u00a0 FUQAC et Bell Cause. Subvention de 135 000$<\/p>\n<p>2019-2021 : Mathieu, M-S., Langelier, M-\u00c8., Bradette, I., Le Bouthillier, M-\u00c8., Marchand, R., Morency-Lemieux, M. <em>Optimiser le Bien-\u00eatre chez les adultes souffrant de Troubles Anxieux :\u00a0L\u2019Intervention par la Nature et l\u2019Aventure\u00a0\u00a0comme moyen d\u2019exp\u00e9rimenter des outils d\u2019autogestion (OBTAINa).<\/em> <strong>Sources:<\/strong>\u00a0Facult\u00e9 de m\u00e9decine et des sciences de la sant\u00e9 de l&#8217;Universit\u00e9 de Sherbrooke (5000$) et Fondation Vivre ma sant\u00e9 mentale (3000$).<\/p>\n<p>2012: Azzoug, N., Gaudreault, M., Lacroix, M.-C., Langelier, M.-\u00c8., Brisson, M.\u00a0<em>L&#8217;\u00e9valuation de la prise en charge du choc septique au CSSS Lac St-Jean-Est.<\/em> Projet d&#8217;\u00e9valuation de la qualit\u00e9 de l&#8217;acte.<\/p>\n<p>2010: \u00c9valuation de la satisfaction des membres de l&#8217;Association des Proches de Personnes Atteintes de Maladie Mentale de l&#8217;Estrie (APPAMM-Estrie).<\/p>\n<p>&nbsp;<\/p>\n","protected":false},"excerpt":{"rendered":"<p>2025-2027 : Langelier, M.-\u00c8., Choquette-Daigneault, J. et Pulido, L. L\u2019intervention par la nature et l\u2019aventure en contexte Inuit : Regard sur l\u2019implantation du programme Tuttuit et sur les m\u00e9canismes en oeuvre. Sources: Mitacs 30 000$. 2025-2026: Langelier, M.-\u00c8., Fortin, J., Bradette, I., Bieler, F., McMullen, D., Mc Lellan, S., De Agostinis, R. et Dufour, K.\u00a0 &hellip; <a href=\"https:\/\/portfolio.uqac.ca\/marieevelangelier\/recherche\/\" class=\"more-link\">Continuer la lecture de <span class=\"screen-reader-text\">Recherche<\/span>  <span class=\"meta-nav\">&rarr;<\/span><\/a><\/p>\n","protected":false},"author":89,"featured_media":0,"parent":0,"menu_order":0,"comment_status":"closed","ping_status":"closed","template":"","meta":{"footnotes":""},"tags":[],"_links":{"self":[{"href":"https:\/\/portfolio.uqac.ca\/marieevelangelier\/wp-json\/wp\/v2\/pages\/46"}],"collection":[{"href":"https:\/\/portfolio.uqac.ca\/marieevelangelier\/wp-json\/wp\/v2\/pages"}],"about":[{"href":"https:\/\/portfolio.uqac.ca\/marieevelangelier\/wp-json\/wp\/v2\/types\/page"}],"author":[{"embeddable":true,"href":"https:\/\/portfolio.uqac.ca\/marieevelangelier\/wp-json\/wp\/v2\/users\/89"}],"replies":[{"embeddable":true,"href":"https:\/\/portfolio.uqac.ca\/marieevelangelier\/wp-json\/wp\/v2\/comments?post=46"}],"version-history":[{"count":29,"href":"https:\/\/portfolio.uqac.ca\/marieevelangelier\/wp-json\/wp\/v2\/pages\/46\/revisions"}],"predecessor-version":[{"id":409,"href":"https:\/\/portfolio.uqac.ca\/marieevelangelier\/wp-json\/wp\/v2\/pages\/46\/revisions\/409"}],"wp:attachment":[{"href":"https:\/\/portfolio.uqac.ca\/marieevelangelier\/wp-json\/wp\/v2\/media?parent=46"}],"wp:term":[{"taxonomy":"post_tag","embeddable":true,"href":"https:\/\/portfolio.uqac.ca\/marieevelangelier\/wp-json\/wp\/v2\/tags?post=46"}],"curies":[{"name":"wp","href":"https:\/\/api.w.org\/{rel}","templated":true}]}}