{"id":278,"date":"2023-04-13T14:32:42","date_gmt":"2023-04-13T18:32:42","guid":{"rendered":"http:\/\/portfolio-pre.uqac.ca\/mariefall\/?page_id=278"},"modified":"2025-09-22T14:27:25","modified_gmt":"2025-09-22T18:27:25","slug":"enseignement","status":"publish","type":"page","link":"https:\/\/portfolio.uqac.ca\/mariefall\/enseignement\/","title":{"rendered":""},"content":{"rendered":"<p style=\"text-align: center\"><a href=\"https:\/\/portfolio.uqac.ca\/mariefall\/files\/2025\/05\/3.png\"><img loading=\"lazy\" decoding=\"async\" class=\"alignnone size-medium wp-image-440\" src=\"https:\/\/portfolio.uqac.ca\/mariefall\/files\/2025\/05\/3-300x75.png\" alt=\"\" width=\"300\" height=\"75\" srcset=\"https:\/\/portfolio.uqac.ca\/mariefall\/files\/2025\/05\/3-300x75.png 300w, https:\/\/portfolio.uqac.ca\/mariefall\/files\/2025\/05\/3-1024x256.png 1024w, https:\/\/portfolio.uqac.ca\/mariefall\/files\/2025\/05\/3-768x192.png 768w, https:\/\/portfolio.uqac.ca\/mariefall\/files\/2025\/05\/3-1536x384.png 1536w, https:\/\/portfolio.uqac.ca\/mariefall\/files\/2025\/05\/3-2048x512.png 2048w\" sizes=\"(max-width: 300px) 100vw, 300px\" \/><\/a><\/p>\n<p style=\"color: #00662c\"><strong><u>COURS ENSEIGN\u00c9S\u00a0ET SUPERVISIONS (5 derni\u00e8res ann\u00e9es)<\/u><\/strong><\/p>\n<p><strong>Premier cycle<\/strong><\/p>\n<p style=\"font-size: 14px\"><a href=\"https:\/\/cours.uqac.ca\/4GEO328\" target=\"_blank\" rel=\"noopener\">4GEO328 <\/a>\u00a0 \u00a0 \u00a0 \u00a0 \u00a0G\u00e9opolitique contemporaine<br \/>\n<a href=\"https:\/\/cours.uqac.ca\/4GEO441\" target=\"_blank\" rel=\"noopener\">4GEO441<\/a>\u00a0\u00a0\u00a0\u00a0\u00a0\u00a0\u00a0\u00a0\u00a0 Afrique contemporaine<br \/>\n<a href=\"https:\/\/cours.uqac.ca\/4GEO706\" target=\"_blank\" rel=\"noopener\">4GEO706<\/a>\u00a0\u00a0\u00a0\u00a0\u00a0\u00a0\u00a0\u00a0\u00a0 Introduction \u00e0 la carte du monde<br \/>\n<a href=\"https:\/\/cours.uqac.ca\/4COP570\" target=\"_blank\" rel=\"noopener\">4COP570<\/a>\u00a0\u00a0\u00a0\u00a0\u00a0\u00a0\u00a0\u00a0\u00a0\u00a0Le Canada et la coop\u00e9ration internationale<br \/>\n<a href=\"https:\/\/cours.uqac.ca\/4COP110\" target=\"_blank\" rel=\"noopener\">4COP110<\/a> \u00a0\u00a0\u00a0\u00a0\u00a0\u00a0\u00a0\u00a0\u00a0Conception et analyse de la coop\u00e9ration internationale<\/p>\n<p style=\"font-size: 14px\"><a href=\"https:\/\/programmes.uqac.ca\/4GEO229\">4GEO229<\/a>\u00a0\u00a0\u00a0\u00a0\u00a0\u00a0\u00a0\u00a0\u00a0 G\u00e9ographie \u00e9conomique et mondialisation<br \/>\n<a href=\"https:\/\/cours.uqac.ca\/4COP580\" target=\"_blank\" rel=\"noopener\">4COP580<\/a> \u00a0\u00a0\u00a0\u00a0\u00a0\u00a0\u00a0\u00a0 Projet ou stage en coop\u00e9ration internationale<br \/>\n<a href=\"https:\/\/cours.uqac.ca\/4COP333\" target=\"_blank\" rel=\"noopener\">4COP333<\/a>\u00a0\u00a0\u00a0\u00a0\u00a0\u00a0\u00a0\u00a0\u00a0\u00a0Stage en coop\u00e9ration internationale<br \/>\n<a href=\"https:\/\/programmes.uqac.ca\/4COP582\" target=\"_blank\" rel=\"noopener\">4COP582 <\/a>\u00a0 \u00a0 \u00a0 \u00a0 \u00a0Projet en coop\u00e9ration internationale<br \/>\n<a href=\"https:\/\/programmes.uqac.ca\/4COP584\" target=\"_blank\" rel=\"noopener\">4COP584 <\/a>\u00a0 \u00a0 \u00a0 \u00a0 \u00a0Stage en coop\u00e9ration internationale<br \/>\n<a href=\"https:\/\/cours.uqac.ca\/4GEO422\" target=\"_blank\" rel=\"noopener\">4GEO422<\/a> \u00a0\u00a0\u00a0\u00a0\u00a0\u00a0\u00a0\u00a0 Projet en sciences g\u00e9ographiques et am\u00e9nagement<br \/>\n<a href=\"https:\/\/cours.uqac.ca\/4GEO460\" target=\"_blank\" rel=\"noopener\">4GEO460<\/a>\u00a0 \u00a0 \u00a0 \u00a0 \u00a0 Stage en g\u00e9ographie et en am\u00e9nagement durable<br \/>\n<a href=\"https:\/\/cours.uqac.ca\/4PLU700\" target=\"_blank\" rel=\"noopener\">4PLU700<\/a>\u00a0 \u00a0 \u00a0 \u00a0 \u00a0 \u00a0Lectures dirig\u00e9es<\/p>\n<p><strong>Deuxi\u00e8me cycle<\/strong><\/p>\n<p style=\"font-size: 14px\"><a href=\"https:\/\/cours.uqac.ca\/4ESR821\" target=\"_blank\" rel=\"noopener\">4ESR821<\/a> \u00a0\u00a0\u00a0\u00a0\u00a0\u00a0\u00a0\u00a0\u00a0 Ph\u00e9nom\u00e8ne r\u00e9gional 1 : concepts et m\u00e9thodes<br \/>\n<a href=\"https:\/\/cours.uqac.ca\/4ESR858\" target=\"_blank\" rel=\"noopener\">4ESR858<\/a> \u00a0\u00a0\u00a0\u00a0\u00a0\u00a0\u00a0\u00a0\u00a0 S\u00e9minaire de lecture dirig\u00e9e<br \/>\n<a href=\"https:\/\/cours.uqac.ca\/4ESR874\" target=\"_blank\" rel=\"noopener\">4ESR874<\/a> \u00a0\u00a0\u00a0\u00a0\u00a0\u00a0\u00a0\u00a0\u00a0 Projet de recherche I<br \/>\n<a href=\"https:\/\/cours.uqac.ca\/4ESR875\" target=\"_blank\" rel=\"noopener\">4ESR875<\/a> \u00a0\u00a0\u00a0\u00a0\u00a0\u00a0\u00a0\u00a0\u00a0 Projet de recherche II<br \/>\n<a href=\"https:\/\/cours.uqac.ca\/4RECHER\" target=\"_blank\" rel=\"noopener\">4RECHER<\/a>\u00a0 \u00a0 \u00a0 \u00a0 \u00a0M\u00e9moire<br \/>\n<a href=\"https:\/\/cours.uqac.ca\/4ESR876\" target=\"_blank\" rel=\"noopener\">4ESR876\u00a0<\/a>\u00a0\u00a0\u00a0\u00a0\u00a0\u00a0\u00a0\u00a0\u00a0\u00a0S\u00e9minaire de projet d\u2019intervention<br \/>\n<a href=\"https:\/\/cours.uqac.ca\/4ESR877\" target=\"_blank\" rel=\"noopener\">4ESR877<\/a>\u00a0\u00a0\u00a0\u00a0\u00a0\u00a0\u00a0\u00a0\u00a0\u00a0\u00a0Projet de stage dans le milieu<br \/>\n<a href=\"https:\/\/cours.uqac.ca\/4ESR878\" target=\"_blank\" rel=\"noopener\">4ESR878<\/a>\u00a0\u00a0\u00a0\u00a0\u00a0\u00a0\u00a0\u00a0\u00a0\u00a0\u00a0Rapport de stage \u00a0\u00a0 \u00a0\u00a0 \u00a0\u00a0 \u00a0\u00a0 \u00a0\u00a0 \u00a0\u00a0 \u00a0\u00a0 \u00a0\u00a0 \u00a0\u00a0 \u00a0\u00a0 \u00a0\u00a0 \u00a0\u00a0 \u00a0\u00a0 \u00a0\u00a0 \u00a0\u00a0 \u00a0\u00a0 \u00a0\u00a0 \u00a0\u00a0 \u00a0\u00a0 \u00a0\u00a0 \u00a0\u00a0 \u00a0\u00a0 \u00a0\u00a0 \u00a0\u00a0 \u00a0\u00a0 \u00a0\u00a0 \u00a0\u00a0 \u00a0\u00a0 \u00a0\u00a0 \u00a0\u00a0 \u00a0\u00a0 <a href=\"https:\/\/programmes.uqac.ca\/1ECC858\" target=\"_blank\" rel=\"noopener\">1ECC858<\/a>\u00a0 \u00a0 \u00a0 \u00a0 \u00a0 Contribution des secteurs d&#8217;activit\u00e9 \u00e0 la lutte aux changements\u00a0 \u00a0 \u00a0 \u00a0 \u00a0 \u00a0 \u00a0 \u00a0 \u00a0 \u00a0 \u00a0 \u00a0 \u00a0 \u00a0 \u00a0 \u00a0 \u00a0 \u00a0climatiques, l&#8217;approche \u00e9co-conseil<\/p>\n<p style=\"font-size: 14px\"><strong>Troisi\u00e8me cycle<\/strong><\/p>\n<p style=\"font-size: 14px\"><a href=\"https:\/\/cours.uqac.ca\/DDR9005\" target=\"_blank\" rel=\"noopener\">DDR9005<\/a> \u00a0\u00a0\u00a0\u00a0\u00a0\u00a0\u00a0\u00a0 S\u00e9minaire sp\u00e9cialisation<br \/>\n<a href=\"https:\/\/cours.uqac.ca\/DDR9006\" target=\"_blank\" rel=\"noopener\">DDR9006<\/a> \u00a0\u00a0\u00a0\u00a0\u00a0\u00a0\u00a0\u00a0 Examen de synth\u00e8se<br \/>\n<a href=\"https:\/\/cours.uqac.ca\/DDR9007\" target=\"_blank\" rel=\"noopener\">DDR9007<\/a> \u00a0\u00a0\u00a0\u00a0\u00a0\u00a0\u00a0\u00a0 Projet de th\u00e8se<br \/>\n<a href=\"https:\/\/cours.uqac.ca\/SHA7050\" target=\"_blank\" rel=\"noopener\">SHA7050<\/a>\u00a0 \u00a0 \u00a0 \u00a0 \u00a0 \u00a0Examen g\u00e9n\u00e9ral de doctorat<br \/>\n<a href=\"https:\/\/cours.uqac.ca\/SHA7065\" target=\"_blank\" rel=\"noopener\">SHA7065<\/a>\u00a0 \u00a0 \u00a0 \u00a0 \u00a0 \u00a0S\u00e9minaire sur l&#8217;intervention<br \/>\n<a href=\"https:\/\/cours.uqac.ca\/SHA71001\" target=\"_blank\" rel=\"noopener\">SHA71001<\/a>\u00a0 \u00a0 \u00a0 \u00a0 S\u00e9minaire de th\u00e8se 1\u00a0 \u00a0 \u00a0 \u00a0 \u00a0 \u00a0 \u00a0 \u00a0 \u00a0 \u00a0 \u00a0 \u00a0 \u00a0 \u00a0 \u00a0 \u00a0 \u00a0 \u00a0 \u00a0 \u00a0 \u00a0 \u00a0 \u00a0 \u00a0 \u00a0 \u00a0 \u00a0 \u00a0 \u00a0 \u00a0 \u00a0 \u00a0 \u00a0 \u00a0 \u00a0 <a href=\"https:\/\/programmes.uqac.ca\/SHA71002\" target=\"_blank\" rel=\"noopener\">SHA71002<\/a>\u00a0 \u00a0 \u00a0 \u00a0 S\u00e9minaire de th\u00e8se 2\u00a0 \u00a0\u00a0 \u00a0\u00a0 \u00a0\u00a0 \u00a0\u00a0 \u00a0\u00a0 \u00a0\u00a0 \u00a0\u00a0 \u00a0\u00a0 \u00a0\u00a0 \u00a0\u00a0 \u00a0\u00a0 \u00a0\u00a0 \u00a0\u00a0 \u00a0\u00a0 \u00a0\u00a0 \u00a0\u00a0 \u00a0\u00a0 \u00a0\u00a0 \u00a0\u00a0 \u00a0\u00a0 \u00a0\u00a0 \u00a0\u00a0 \u00a0\u00a0 \u00a0\u00a0 \u00a0\u00a0 <a href=\"https:\/\/programmes.uqac.ca\/SHA7060\" target=\"_blank\" rel=\"noopener\">SHA7060<\/a>\u00a0 \u00a0 \u00a0 \u00a0 \u00a0 \u00a0Th\u00e8se<\/p>\n","protected":false},"excerpt":{"rendered":"<p>COURS ENSEIGN\u00c9S\u00a0ET SUPERVISIONS (5 derni\u00e8res ann\u00e9es) Premier cycle 4GEO328 \u00a0 \u00a0 \u00a0 \u00a0 \u00a0G\u00e9opolitique contemporaine 4GEO441\u00a0\u00a0\u00a0\u00a0\u00a0\u00a0\u00a0\u00a0\u00a0 Afrique contemporaine 4GEO706\u00a0\u00a0\u00a0\u00a0\u00a0\u00a0\u00a0\u00a0\u00a0 Introduction \u00e0 la carte du monde 4COP570\u00a0\u00a0\u00a0\u00a0\u00a0\u00a0\u00a0\u00a0\u00a0\u00a0Le Canada et la coop\u00e9ration internationale 4COP110 \u00a0\u00a0\u00a0\u00a0\u00a0\u00a0\u00a0\u00a0\u00a0Conception et analyse de la coop\u00e9ration internationale 4GEO229\u00a0\u00a0\u00a0\u00a0\u00a0\u00a0\u00a0\u00a0\u00a0 G\u00e9ographie \u00e9conomique et mondialisation 4COP580 \u00a0\u00a0\u00a0\u00a0\u00a0\u00a0\u00a0\u00a0 Projet ou stage en coop\u00e9ration internationale 4COP333\u00a0\u00a0\u00a0\u00a0\u00a0\u00a0\u00a0\u00a0\u00a0\u00a0Stage en coop\u00e9ration &hellip; <a href=\"https:\/\/portfolio.uqac.ca\/mariefall\/enseignement\/\" class=\"more-link\">Continuer la lecture de <span class=\"screen-reader-text\"><\/span>  <span class=\"meta-nav\">&rarr;<\/span><\/a><\/p>\n","protected":false},"author":89,"featured_media":0,"parent":0,"menu_order":0,"comment_status":"closed","ping_status":"closed","template":"","meta":{"footnotes":""},"tags":[],"_links":{"self":[{"href":"https:\/\/portfolio.uqac.ca\/mariefall\/wp-json\/wp\/v2\/pages\/278"}],"collection":[{"href":"https:\/\/portfolio.uqac.ca\/mariefall\/wp-json\/wp\/v2\/pages"}],"about":[{"href":"https:\/\/portfolio.uqac.ca\/mariefall\/wp-json\/wp\/v2\/types\/page"}],"author":[{"embeddable":true,"href":"https:\/\/portfolio.uqac.ca\/mariefall\/wp-json\/wp\/v2\/users\/89"}],"replies":[{"embeddable":true,"href":"https:\/\/portfolio.uqac.ca\/mariefall\/wp-json\/wp\/v2\/comments?post=278"}],"version-history":[{"count":56,"href":"https:\/\/portfolio.uqac.ca\/mariefall\/wp-json\/wp\/v2\/pages\/278\/revisions"}],"predecessor-version":[{"id":307,"href":"https:\/\/portfolio.uqac.ca\/mariefall\/wp-json\/wp\/v2\/pages\/278\/revisions\/307"}],"wp:attachment":[{"href":"https:\/\/portfolio.uqac.ca\/mariefall\/wp-json\/wp\/v2\/media?parent=278"}],"wp:term":[{"taxonomy":"post_tag","embeddable":true,"href":"https:\/\/portfolio.uqac.ca\/mariefall\/wp-json\/wp\/v2\/tags?post=278"}],"curies":[{"name":"wp","href":"https:\/\/api.w.org\/{rel}","templated":true}]}}