{"id":281,"date":"2023-04-13T14:33:10","date_gmt":"2023-04-13T18:33:10","guid":{"rendered":"http:\/\/portfolio-pre.uqac.ca\/mariefall\/?page_id=281"},"modified":"2026-01-10T14:50:31","modified_gmt":"2026-01-10T19:50:31","slug":"presentation","status":"publish","type":"page","link":"https:\/\/portfolio.uqac.ca\/mariefall\/","title":{"rendered":""},"content":{"rendered":"<h2><a href=\"https:\/\/portfolio.uqac.ca\/mariefall\/files\/2025\/05\/2.png\"><img loading=\"lazy\" decoding=\"async\" class=\"size-medium wp-image-439 aligncenter\" src=\"https:\/\/portfolio.uqac.ca\/mariefall\/files\/2025\/05\/2-300x75.png\" alt=\"\" width=\"300\" height=\"75\" srcset=\"https:\/\/portfolio.uqac.ca\/mariefall\/files\/2025\/05\/2-300x75.png 300w, https:\/\/portfolio.uqac.ca\/mariefall\/files\/2025\/05\/2-1024x256.png 1024w, https:\/\/portfolio.uqac.ca\/mariefall\/files\/2025\/05\/2-768x192.png 768w, https:\/\/portfolio.uqac.ca\/mariefall\/files\/2025\/05\/2-1536x384.png 1536w, https:\/\/portfolio.uqac.ca\/mariefall\/files\/2025\/05\/2-2048x512.png 2048w\" sizes=\"(max-width: 300px) 100vw, 300px\" \/><\/a><\/h2>\n<p style=\"color: #00662c;font-size: 24px;text-align: center\"><strong>Marie Fall<\/strong><\/p>\n<p style=\"font-size: 13px;text-align: center\"><strong>PROFESSEURE DE G\u00c9OGRAPHIE ET COOP\u00c9RATION INTERNATIONALE<\/strong><br \/>\n<strong>Unit\u00e9 d&#8217;enseignement en sciences des soci\u00e9t\u00e9s et des territoires<\/strong><br \/>\n<strong>D\u00e9partement des sciences humaines et sociales<\/strong><\/p>\n<p><a href=\"https:\/\/portfolio.uqac.ca\/mariefall\/files\/2025\/09\/Design-sans-titre-1.png\"><img loading=\"lazy\" decoding=\"async\" class=\"alignnone wp-image-779\" src=\"https:\/\/portfolio.uqac.ca\/mariefall\/files\/2025\/09\/Design-sans-titre-1-300x169.png\" alt=\"\" width=\"488\" height=\"275\" srcset=\"https:\/\/portfolio.uqac.ca\/mariefall\/files\/2025\/09\/Design-sans-titre-1-300x169.png 300w, https:\/\/portfolio.uqac.ca\/mariefall\/files\/2025\/09\/Design-sans-titre-1-1024x576.png 1024w, https:\/\/portfolio.uqac.ca\/mariefall\/files\/2025\/09\/Design-sans-titre-1-768x432.png 768w, https:\/\/portfolio.uqac.ca\/mariefall\/files\/2025\/09\/Design-sans-titre-1.png 1242w\" sizes=\"(max-width: 488px) 100vw, 488px\" \/><\/a><\/p>\n<p style=\"color: #00662c\"><strong>BIOGRAPHIE<\/strong><\/p>\n<p style=\"font-size: 14px;text-align: justify\">Je suis professeure de g\u00e9ographie et coop\u00e9ration internationale \u00e0 l\u2019Universit\u00e9 du Qu\u00e9bec \u00e0 Chicoutimi (<a href=\"https:\/\/www.uqac.ca\" target=\"_blank\" rel=\"noopener\">UQAC<\/a>). Mes projets de recherches et mes interventions portent sur les enjeux et d\u00e9fis du d\u00e9veloppement international\u2009; la gouvernance participative des ressources territoriales\u2009; la reconnaissance et la valorisation des savoirs traditionnels dans les projets internationaux\u2009; la vuln\u00e9rabilit\u00e9, l\u2019adaptation et la r\u00e9silience des communaut\u00e9s insulaires et c\u00f4ti\u00e8res de l\u2019Afrique de l\u2019Ouest au changement climatique\u2009; et, l\u2019agriculture, l\u2019agro\u00e9cologie et les syst\u00e8mes alimentaires durables. Dans le cadre de mes activit\u00e9s de supervision, je suis responsable du stage de coop\u00e9ration internationale qui se d\u00e9roule au S\u00e9n\u00e9gal et qui permet aux \u00e9tudiant.es de l\u2019UQAC de collaborer \u00e0 diverses initiatives villageoises des \u00eeles du Saloum.<\/p>\n<p style=\"font-size: 14px;text-align: justify\">Les approches intersectionnelles, d\u00e9coloniales, collaboratives et le d\u00e9veloppement inclusif par le genre sont des axes transversaux \u00e0 mes recherches et mes interventions. J\u2019ai une expertise dans les partenariats multisectoriels et l\u2019\u00e9laboration de plans de d\u00e9veloppement locaux adapt\u00e9s aux contextes socioculturels, environnementaux et \u00e9conomiques des r\u00e9gions rurales ouest-africaines. J\u2019ai \u00e9t\u00e9 cheffe de projets canadiens et responsable du volet de recherche de plusieurs projets de coop\u00e9ration internationale au S\u00e9n\u00e9gal, au B\u00e9nin, au Mali, en Mauritanie et en C\u00f4te d\u2019Ivoire.<\/p>\n<p style=\"font-size: 14px;text-align: justify\">Ma contribution dans les services aux collectivit\u00e9s se lit \u00e0 travers une implication dans des organisations solidaires, humanitaires, humanistes et inclusives\u2009; \u00e0 travers mon engagement dans diff\u00e9rentes institutions r\u00e9gionales et nationales en lien avec l\u2019\u00e9ducation, la culture, le vivre-ensemble, la solidarit\u00e9 et la coop\u00e9ration\u2009; et, \u00e0 travers mes implications \u00e0 l\u2019international.<\/p>\n<p style=\"color: #00662c\"><strong>AXES DE RECHERCHE ET INTERVENTION<\/strong><\/p>\n<ul>\n<li style=\"font-size: 14px;text-align: justify\">Adaptation et r\u00e9silience au changement climatique des communaut\u00e9s c\u00f4ti\u00e8res et des petites \u00eeles de l\u2019Afrique de l\u2019Ouest.<\/li>\n<li style=\"font-size: 14px;text-align: justify\">Syst\u00e8mes alimentaires durables, syst\u00e8mes alimentaires territoriaux, municipalit\u00e9s nourrici\u00e8res.<\/li>\n<li style=\"font-size: 14px;text-align: justify\">Gouvernance territoriale et d\u00e9veloppement durable en Afrique de l\u2019Ouest.<\/li>\n<li style=\"font-size: 14px;text-align: justify\">Entrepreneuriat et autonomisation des femmes et des jeunes en Afrique de l\u2019Ouest.<\/li>\n<li style=\"font-size: 14px;text-align: justify\">Coop\u00e9ration climatique internationale canadienne et qu\u00e9b\u00e9coise en Afrique de l\u2019Ouest.<\/li>\n<li style=\"font-size: 14px;text-align: justify\">Reconnaissance et valorisation des savoirs traditionnels dans les projets internationaux.<\/li>\n<li style=\"font-size: 14px;text-align: justify\">Politiques sociales transformatrices et genr\u00e9es en Afrique Post-Covid.<\/li>\n<li style=\"font-size: 14px;text-align: justify\">F\u00e9minismes d\u00e9coloniaux.<\/li>\n<li style=\"font-size: 14px;text-align: justify\">Agriculture durable, agro\u00e9cologie et r\u00e9silience climatique.<\/li>\n<\/ul>\n<p style=\"color: #00662c\"><strong>DISCIPLINES<\/strong><\/p>\n<ul>\n<li style=\"font-size: 14px;text-align: justify\">G\u00e9ographie et am\u00e9nagement durable<\/li>\n<li style=\"font-size: 14px;text-align: justify\">Coop\u00e9ration internationale<\/li>\n<li style=\"font-size: 14px;text-align: justify\">D\u00e9veloppement r\u00e9gional<\/li>\n<li style=\"font-size: 14px;text-align: justify\">D\u00e9veloppement international<\/li>\n<li style=\"font-size: 14px;text-align: justify\">\u00c9tudes r\u00e9gionales<\/li>\n<li style=\"font-size: 14px;text-align: justify\">\u00c9tudes f\u00e9ministes<\/li>\n<li style=\"font-size: 14px;text-align: justify\">G\u00e9opolitique<\/li>\n<\/ul>\n<p style=\"color: #00662c\"><strong>AFFILIATIONS PROFESSIONNELLES ET ENGAGEMENT COMMUNAUTAIRE<\/strong><\/p>\n<ul>\n<li style=\"font-size: 14px;text-align: justify\">Membre du <a href=\"https:\/\/getspa.ug.edu.gh\/technical-committee\">Comit\u00e9 technique du GETSPA<\/a><\/li>\n<li style=\"font-size: 14px;text-align: justify\">Membre fondatrice et pr\u00e9sidente d\u2019honneur du Groupe d\u2019actions et de recherche sur les politiques sociales transformatrices en Afrique (GAR-PSTA). <a href=\"https:\/\/www.youtube.com\/@GARPSTA-y5g\">https:\/\/www.youtube.com\/@GARPSTA-y5g<\/a><\/li>\n<li style=\"font-size: 14px;text-align: justify\">Co-responsable de la s\u00e9rie de conf\u00e9rences Regards sur le monde.<\/li>\n<li style=\"font-size: 14px;text-align: justify\">Membre du Comit\u00e9 scientifique et strat\u00e9gique de la <a href=\"https:\/\/afrique-contemporaine.cairn.info\/la-revue\/\">Revue Afrique contemporaine<\/a><\/li>\n<li style=\"font-size: 14px;text-align: justify\">Membre du Comit\u00e9 \u00e9ditorial de la <a href=\"https:\/\/shs.cairn.info\/revue-de-l-organisation-responsable?lang=fr&amp;tab=a-propos\">Revue de l&#8217;Organisation Responsable<\/a> (ROR)<\/li>\n<li style=\"font-size: 14px;text-align: justify\">Membre du Lagop\u00e8de \u2013 UQAC<\/li>\n<li style=\"font-size: 14px;text-align: justify\">Membre du R\u00e9seau qu\u00e9b\u00e9cois en \u00e9tudes f\u00e9ministes (R\u00e9QEF)<\/li>\n<li style=\"font-size: 14px;text-align: justify\">Membre de la Conf\u00e9rence internationale francophone des \u00e9tablissements<\/li>\n<li style=\"font-size: 14px;text-align: justify\">d\u2019enseignement sup\u00e9rieur et organismes sur le d\u00e9veloppement durable (CIFEODD)<\/li>\n<li style=\"font-size: 14px;text-align: justify\">Membre du R\u00e9seau International de Recherche sur les Organisations et le D\u00e9veloppement Durable (RIODD)<\/li>\n<li style=\"font-size: 14px;text-align: justify\">Membre du r\u00e9seau Femmes expertes (Qu\u00e9bec)<\/li>\n<li style=\"font-size: 14px;text-align: justify\">Membre de l\u2019Observatoire canadien sur les crises et l\u2019action humanitaires OCCAH<\/li>\n<li style=\"font-size: 14px;text-align: justify\">Membre de l\u2019Association canadienne d\u2019\u00e9tudes africaines (AC\u00c9A)<\/li>\n<li style=\"font-size: 14px;text-align: justify\">Membre du Groupe de recherche et d\u2019intervention r\u00e9gionale (GRIR)<\/li>\n<li style=\"font-size: 14px;text-align: justify\">Membre du Centre de recherche sur le d\u00e9veloppement territorial (CRDT)<\/li>\n<li style=\"font-size: 14px;text-align: justify\">Membre du Centre de solidarit\u00e9 internationale du Saguenay\u2013Lac-Saint-Jean<\/li>\n<li style=\"font-size: 14px;text-align: justify\">Membre du Collectif Coexister au Saguenay\u2013Lac-Saint-Jean<\/li>\n<li style=\"font-size: 14px;text-align: justify\">Membre du r\u00e9seau des \u00ab\u2009Alumnis\u2009\u00bb de la Fondation Ford International<\/li>\n<\/ul>\n<p>&nbsp;<\/p>\n<p>&nbsp;<\/p>\n","protected":false},"excerpt":{"rendered":"<p>Marie Fall PROFESSEURE DE G\u00c9OGRAPHIE ET COOP\u00c9RATION INTERNATIONALE Unit\u00e9 d&#8217;enseignement en sciences des soci\u00e9t\u00e9s et des territoires D\u00e9partement des sciences humaines et sociales BIOGRAPHIE Je suis professeure de g\u00e9ographie et coop\u00e9ration internationale \u00e0 l\u2019Universit\u00e9 du Qu\u00e9bec \u00e0 Chicoutimi (UQAC). Mes projets de recherches et mes interventions portent sur les enjeux et d\u00e9fis du d\u00e9veloppement international\u2009; &hellip; <a href=\"https:\/\/portfolio.uqac.ca\/mariefall\/\" class=\"more-link\">Continuer la lecture de <span class=\"screen-reader-text\"><\/span>  <span class=\"meta-nav\">&rarr;<\/span><\/a><\/p>\n","protected":false},"author":89,"featured_media":0,"parent":0,"menu_order":0,"comment_status":"closed","ping_status":"closed","template":"","meta":{"footnotes":""},"tags":[],"_links":{"self":[{"href":"https:\/\/portfolio.uqac.ca\/mariefall\/wp-json\/wp\/v2\/pages\/281"}],"collection":[{"href":"https:\/\/portfolio.uqac.ca\/mariefall\/wp-json\/wp\/v2\/pages"}],"about":[{"href":"https:\/\/portfolio.uqac.ca\/mariefall\/wp-json\/wp\/v2\/types\/page"}],"author":[{"embeddable":true,"href":"https:\/\/portfolio.uqac.ca\/mariefall\/wp-json\/wp\/v2\/users\/89"}],"replies":[{"embeddable":true,"href":"https:\/\/portfolio.uqac.ca\/mariefall\/wp-json\/wp\/v2\/comments?post=281"}],"version-history":[{"count":63,"href":"https:\/\/portfolio.uqac.ca\/mariefall\/wp-json\/wp\/v2\/pages\/281\/revisions"}],"predecessor-version":[{"id":300,"href":"https:\/\/portfolio.uqac.ca\/mariefall\/wp-json\/wp\/v2\/pages\/281\/revisions\/300"}],"wp:attachment":[{"href":"https:\/\/portfolio.uqac.ca\/mariefall\/wp-json\/wp\/v2\/media?parent=281"}],"wp:term":[{"taxonomy":"post_tag","embeddable":true,"href":"https:\/\/portfolio.uqac.ca\/mariefall\/wp-json\/wp\/v2\/tags?post=281"}],"curies":[{"name":"wp","href":"https:\/\/api.w.org\/{rel}","templated":true}]}}