{"id":316,"date":"2023-08-23T16:12:36","date_gmt":"2023-08-23T20:12:36","guid":{"rendered":"http:\/\/portfolio-pre.uqac.ca\/mariefall\/?page_id=316"},"modified":"2026-04-01T14:35:40","modified_gmt":"2026-04-01T18:35:40","slug":"presence-dans-les-medias","status":"publish","type":"page","link":"https:\/\/portfolio.uqac.ca\/mariefall\/presence-dans-les-medias\/","title":{"rendered":""},"content":{"rendered":"<p><a href=\"https:\/\/portfolio.uqac.ca\/mariefall\/files\/2025\/07\/presence-dans-les-medias.png\"><img loading=\"lazy\" decoding=\"async\" class=\"size-medium wp-image-535 aligncenter\" src=\"https:\/\/portfolio.uqac.ca\/mariefall\/files\/2025\/07\/presence-dans-les-medias-300x75.png\" alt=\"\" width=\"300\" height=\"75\" srcset=\"https:\/\/portfolio.uqac.ca\/mariefall\/files\/2025\/07\/presence-dans-les-medias-300x75.png 300w, https:\/\/portfolio.uqac.ca\/mariefall\/files\/2025\/07\/presence-dans-les-medias-1024x256.png 1024w, https:\/\/portfolio.uqac.ca\/mariefall\/files\/2025\/07\/presence-dans-les-medias-768x192.png 768w, https:\/\/portfolio.uqac.ca\/mariefall\/files\/2025\/07\/presence-dans-les-medias-1536x384.png 1536w, https:\/\/portfolio.uqac.ca\/mariefall\/files\/2025\/07\/presence-dans-les-medias-2048x512.png 2048w\" sizes=\"(max-width: 300px) 100vw, 300px\" \/><\/a><\/p>\n<ul>\n<li><strong>Radio-Canada\u00a0:<\/strong> <a href=\"https:\/\/ici.radio-canada.ca\/info\/long-format\/2153789\/universite-uqac-fraude-reseau-immigration?fromMobileApp=android&amp;fbclid=IwZXh0bgNhZW0CMTAAYnJpZBExQXhna1J3QVF1UjFrVVFaOAEeq1EzkHvKXxDpkdGedsOwMWMqSKsvAsLK-9ByNYJng3M2DeV6GcJCWJYf8fU_aem_PBF8QvpL8Fmpr-_2Rv3Vpg\">Voici comment des r\u00e9seaux criminels ont orchestr\u00e9 la venue d\u2019\u00e9tudiants africains au Canada.<\/a> 9 avril 2025<\/li>\n<li><strong>Radio-Canada\u00a0:<\/strong> <a href=\"https:\/\/ici.radio-canada.ca\/info\/long-format\/2155085\/etudiants-fraude-recrutement-universite-enquete?fromMobileApp=android\">R\u00e9seaux ill\u00e9gaux d\u2019immigration\u00a0: dans les coulisses de la temp\u00eate\u00a0\u00e0\u00a0l\u2019UQAC<\/a>. 8 avril 2025<\/li>\n<li><strong>Correspondance\u00a0:<\/strong> <a href=\"https:\/\/correspondance.info\/demystifier-la-fatigue-a-luniversite\/\">D\u00e9mystifier la fatigue \u00e0 l\u2019universit\u00e9<\/a> f\u00e9vrier 2025<\/li>\n<li><strong>Correspondance\u00a0:<\/strong> <a href=\"https:\/\/correspondance.info\/role-des-sciences-humaines-et-sociales-au-21eme-siecle\/\">R\u00f4le des sciences humaines et sociales au 21\u00e8me si\u00e8cle<\/a> octobre 2024<\/li>\n<li><strong>Correspondance :<\/strong> <a href=\"https:\/\/correspondance.info\/les-sciences-humaines-et-sociales-essentielles-et-engagees-un-plaidoyer-des-professeurs-de-luqac\/\">Les sciences humaines et sociales : essentielles et engag\u00e9es. Un plaidoyer des professeurs de l\u2019UQAC<\/a>, septembre 2024<\/li>\n<li><strong>Correspondance :<\/strong> <a href=\"https:\/\/correspondance.info\/tag\/marie-fall\/\">\u00catre une femme \u201cissue de la diversit\u00e9\u201d et r\u00e9ussir sa vie sociale et professionnelle au Saguenay \u2013 Lac-Saint-Jean? C\u2019est possible, mais\u2026<\/a> avril 2021<\/li>\n<li><strong>Radio-Canada\u00a0: <\/strong><strong>Entrevues \u00e9lections pr\u00e9sidentielles S\u00e9n\u00e9gal 2024 <\/strong><\/li>\n<li><strong>Radio-Canada :<\/strong> <a href=\"https:\/\/ici.radio-canada.ca\/nouvelle\/2059813\/diaspora-senegalaise-saguenay-elections\">La Diaspora s\u00e9n\u00e9galaise remplie d\u2019espoir<\/a><strong>, <\/strong>24 mars 2024<\/li>\n<li><strong>Radio-Canada :<\/strong> <a href=\"https:\/\/www.957kyk.com\/audio\/623433\/en-faisons-nous-assez-pour-bien-les-integrer?utm_source=BenchmarkEmail&amp;utm_campaign=H24_Infolettre06052024&amp;utm_medium=email\">Entrevues sur les stages en coop\u00e9ration internationale<\/a><\/li>\n<li><strong>Radio-Canada\u00a0:<\/strong> <a href=\"https:\/\/uqac.benchurl.com\/c\/l?u=110AEE72&amp;e=17FD648&amp;c=9D9D6&amp;t=0&amp;l=D98B94F3&amp;email=PFCDIX5yqY75X2UCnkIEmUM2Wgo3IQ37&amp;seq=1\">Les d\u00e9fis sont nombreux pour les \u00e9tudiants internationaux au Saguenay-Lac-Saint-Jean<\/a> 2 mai 2024<\/li>\n<li><strong>KYK 95.7\u00a0:<\/strong> <a href=\"https:\/\/uqac.benchurl.com\/c\/l?u=110AEE73&amp;e=17FD648&amp;c=9D9D6&amp;t=0&amp;l=D98B94F3&amp;email=PFCDIX5yqY75X2UCnkIEmUM2Wgo3IQ37&amp;seq=1\">D\u00e9pression chez les \u00e9tudiants \u00e9trangers | En faisons-nous assez pour bien les int\u00e9grer?<\/a> 2 mai 2024<\/li>\n<li><strong>Radio-Canada<\/strong>: <a href=\"https:\/\/uqac.benchurl.com\/c\/l?u=110AEE74&amp;e=17FD648&amp;c=9D9D6&amp;t=0&amp;l=D98B94F3&amp;email=PFCDIX5yqY75X2UCnkIEmUM2Wgo3IQ37&amp;seq=1\">Face \u00e0 des d\u00e9fis en sant\u00e9 mentale, des \u00e9tudiants \u00e9trangers de l\u2019UQAC cherchent de l\u2019aide<\/a> &#8211; <a href=\"https:\/\/uqac.benchurl.com\/c\/l?u=110AEE71&amp;e=17FD648&amp;c=9D9D6&amp;t=0&amp;l=D98B94F3&amp;email=PFCDIX5yqY75X2UCnkIEmUM2Wgo3IQ37&amp;seq=2\">La sant\u00e9 mentale des \u00e9tudiants internationaux<\/a> 1<sup>er<\/sup> mai 2024<\/li>\n<li><strong>Le Devoir\u00a0:<\/strong> Cahier Coop\u00e9ration internationale &#8211; Plaidoyer en faveur de la souverainet\u00e9 alimentaire <a href=\"https:\/\/www.ledevoir.com\/monde\/afrique\/806354\/cooperation-internationale-cursus-universitaire\">De la coop\u00e9ration internationale dans le cursus universitaire<\/a>, 3 f\u00e9vrier 2024<\/li>\n<li><strong>YouTube<\/strong>: <a href=\"https:\/\/www.youtube.com\/watch?v=qOY4LKffoOg\">L&#8217;Afrique dans toutes ses diversit\u00e9s : Regard d&#8217;un globe-trotteur<\/a>. Entrevue avec Charles Domingue, Cin\u00e9aste et r\u00e9alisateur. Septembre 2023<\/li>\n<li>Qu\u00e9bec Sciences\u00a0: <a href=\"https:\/\/www.quebecscience.qc.ca\/societe\/combattre-masculinite-toxique-afrique\/\">Combattre la masculinit\u00e9 toxique en Afrique. Dossier de recherche, Qu\u00e9bec-Sciences<\/a>. Septembre 2021<\/li>\n<li><strong>YouTube<\/strong>: <a href=\"https:\/\/drive.google.com\/drive\/folders\/1TJs0kZkGG9QZoS0NZAEB9U3HkpP2iKxl\">Coop\u00e9rer pour construire un monde juste et \u00e9quitable, oui c\u2019est possible.<\/a> <u>Entrevue avec Jean Goepp, Pr\u00e9sident Association N\u00e9b\u00e9day S\u00e9n\u00e9gal. <\/u><\/li>\n<li><strong>YouTube<\/strong>:<u> 30 ann\u00e9es de coop\u00e9ration internationale en Afrique de l\u2019Ouest\u00a0: Pierre Gravel nous pr\u00e9sente son Afrique des histoires \u00e0 succ\u00e8s et des \u00e9checs des projets de d\u00e9veloppement au Mali, au Niger et au Burkina Faso. <\/u><\/li>\n<li><strong>Correspondance<\/strong>: <a href=\"https:\/\/correspondance.info\/?p=1407\">Une recherche engag\u00e9e au service des communaut\u00e9s : la transversalit\u00e9 comme paradigme \u00e9pist\u00e9mologique<\/a>. Dossier sur la recherche. 19 mars 2023.<\/li>\n<li><strong>YouTube\u00a0UQAC\u00a0: <\/strong><a href=\"https:\/\/www.youtube.com\/watch?v=2DabQWURCJI\">Enjeux et d\u00e9fis contemporains de l\u2019Afrique contemporaine.<\/a> Entrevue avec Pierre Jacquemot, ancien ambassadeur de la France en Afrique. 27\u00a0septembre 2022.<\/li>\n<li><strong>Le Devoir\u00a0: <\/strong><a href=\"https:\/\/www.ledevoir.com\/opinion\/libre-opinion\/756202\/libre-opinion-une-violence-systemique-envers-les-immigrants\">Une violence syst\u00e9mique envers les immigrants.<\/a> Libre opinion. 16\u00a0septembre 2022.<\/li>\n<li><strong>Le Devoir\u00a0: <\/strong><a href=\"https:\/\/www.ledevoir.com\/opinion\/idees\/733350\/idees-defendre-la-liberte-universitaire-sans-condition?utm_source=infolettre-2022-07-14&amp;utm_medium=email&amp;utm_campaign=infolettre-quotidienne\">D\u00e9fendre sans condition la libert\u00e9 universitaire<\/a>. 14\u00a0juillet 2022. Collectif.<\/li>\n<li><strong>Le Soleil<\/strong>: <a href=\"https:\/\/www.lesoleil.com\/2022\/07\/12\/defendre-la-liberte-universitaire-sans-condition-da01aa59bce06a4db9e321f34ed49d37\">D\u00e9fendre sans condition la libert\u00e9 universitaire.<\/a> 14\u00a0juillet 2022. Collectif.<\/li>\n<li><strong>YouTube\u00a0:<\/strong> <a href=\"https:\/\/www.youtube.com\/watch?v=U1XjlBe8c4o\">L\u2019\u00e9tat du monde, les grands enjeux mondiaux et la vision de la collaboration sans fronti\u00e8res\u00a0: \u00e9tat des lieux et pistes de r\u00e9flexion.<\/a> Rencontres de la \u00ab\u2009semaine asynchrone de l\u2019avenir\u00a02022\u2009\u00bb, C\u00e9gep d\u2019Alma, mardi\u00a024\u00a0mai 2022.<\/li>\n<li><strong>Le Progr\u00e8s\u00a0: <\/strong><a href=\"https:\/\/www.lesoleil.com\/2022\/02\/12\/des-stages-de-cooperation-internationale-en-virtuel-132487d2d966c68be039d96448f4f3c1?utm_source=BenchmarkEmail&amp;utm_campaign=H22_Infolettre140222&amp;utm_medium=email\">Des stages de coop\u00e9ration internationale\u2026 en virtuel<\/a>. 12\u00a0f\u00e9vrier 2022.<\/li>\n<li><strong>MaTv Saguenay\u00a0: <\/strong>La pand\u00e9mie de Covid-19, un an apr\u00e8s. L\u2019immigration en r\u00e9gion en temps de pand\u00e9mie. Entrevue avec le Groupe Inclusia. Mars 2022. <a href=\"https:\/\/matv.ca\/saguenay-lac-saint-jean\/mes-emissions\/la-pandemie-et-apres\/l-immigration-en-region-en-temps-de-pandemie\">https:\/\/matv.ca\/Saguenay\u2013Lac-Saint-Jean\/mes-emissions\/la-pandemie-et-apres\/l-immigration-en-region-en-temps-de-pandemie<\/a><\/li>\n<li><strong>Radio Canada Premi\u00e8re<\/strong>: \u00c9mission \u00ab\u2009Plus on est fou, plus on lit\u2009\u00bb.<\/li>\n<li><a href=\"https:\/\/ici.radio-canada.ca\/ohdio\/premiere\/emissions\/plus-on-est-de-fous-plus-on-lit\/segments\/entrevue\/386634\/langage-usage-interdiction-bannir-woke-indifference#:~:text=Pour%20la%20professeure%20Marie%20Fall,Qu%C3%A9bec%20%C2%BB%2C%20dit%2Delle.\">Les mots \u00e0 bannir avec Jean D\u00e9sy, Marie Fall, Isabelle Picard.<\/a>12\u00a0janvier 2022.<\/li>\n<li><strong>Correspondance\u00a0: <\/strong>\u00catre une femme \u00ab\u2009issue de la diversit\u00e9\u2009\u00bb et r\u00e9ussir sa vie sociale et professionnelle au Saguenay\u2013Lac-Saint-Jean\u2009? C\u2019est possible, mais\u202615\u00a0d\u00e9cembre 2021. <a href=\"https:\/\/correspondance.info\/?p=680\">https:\/\/correspondance.info\/?p=680<\/a><\/li>\n<li><strong>Le Quotidien\u00a0: <\/strong><a href=\"https:\/\/www.lequotidien.com\/2021\/11\/09\/la-cop26-a-glasgow-un-peu-trop-loin-de-la-realite-605d778c3e472807c330500e2e56d8e4\">La COP26 \u00e0 Glasgow, un peu trop loin de la r\u00e9alit\u00e9<\/a>. 9\u00a0novembre 2021.<\/li>\n<li><strong>Le Quotidien\u00a0:<\/strong><a href=\"https:\/\/www.lequotidien.com\/2021\/05\/19\/le-developpement-dun-reseau-social-le-secret-dune-bonne-integration-c3f9becd2763a57c9ca562155515657a?nor=true\"> Le d\u00e9veloppement d\u2019un r\u00e9seau social, le secret d\u2019une bonne int\u00e9gration.<\/a> 19\u00a0mai 2021.<\/li>\n<li><strong>Radio Canada Ohdio<\/strong> : \u00c9mission \u00ab\u2009La crois\u00e9e\u2009\u00bb. <a href=\"https:\/\/ici.radio-canada.ca\/ohdio\/premiere\/emissions\/la-croisee\/episodes\/568891\/rattrapage-du-mardi-7-septembre-2021\">Coup d\u2019\u00c9tat en Guin\u00e9e\u00a0: Quelles r\u00e9percussions\u2009?<\/a> 7\u00a0septembre 2021.<\/li>\n<li><strong>UQAC Actualit\u00e9s\u00a0: <\/strong><a href=\"https:\/\/www.uqac.ca\/blog\/2021\/03\/17\/serie-opinion-et-reflexion-un-vaccin-vip-contre-la-covid-19-au-senegal\/\"><strong>S\u00c9RIE OPINION ET R\u00c9FLEXION \u2013 Un vaccin VIP contre la COVID-19 au S\u00e9n\u00e9gal.<\/strong><\/a>17\u00a0mars 2021.<\/li>\n<li><strong>Radio Canada Premi\u00e8re<\/strong> : \u00c9mission \u00ab\u2009Plus on est fou, plus on lit\u2009\u00bb. Vendredi\u00a022\u00a0janvier 2021.<\/li>\n<li><a href=\"https:\/\/ici.radio-canada.ca\/premiere\/emissions\/plus-on-est-de-fous-plus-on-lit\/episodes\/507727\/rattrapage-du-vendredi-22-janvier-2021\/1\">Cabaret avec Larry Tremblay, Marie Fall et Mich\u00e8le Nicole Provencher. Micro ouvert Fatou Sarr, l\u2019\u00e9g\u00e9rie des \u00eeles du Saloum<\/a>.<\/li>\n<li><strong>Le Quotidien<\/strong><strong>: <\/strong><a href=\"https:\/\/www.lequotidien.com\/opinions\/carrefour-des-lecteurs\/accueil-de-lautre-et-ouverture-sur-le-monde--nous-pouvons-faire-mieux-911d13425a07889382b69f08519e8e59\">Accueil de l\u2019autre et ouverture sur le monde\u00a0: nous pouvons faire mieux.<\/a> 1<sup>er<\/sup>\u00a0d\u00e9cembre 2020.<\/li>\n<li><strong>Le Quotidien\u00a0: <\/strong><a href=\"https:\/\/www.lequotidien.com\/opinions\/carrefour-des-lecteurs\/la-solidarite-internationale-a-lepreuve-de-la-covid-19-428cadc8f26b2b587208c726c6501da3?utm_source=BenchmarkEmail&amp;utm_campaign=A20_Infolettre091120&amp;utm_medium=email\">La solidarit\u00e9 internationale \u00e0 l\u2019\u00e9preuve de la COVID-19.<\/a> 9\u00a0novembre 2020<\/li>\n<li><strong>Le Quotidien\u00a0:<\/strong> <a href=\"https:\/\/www.lequotidien.com\/actualites\/page-uqac\/covid-19-une-exception-africaine-56cf047436d55df1e732ac93aeba55f9?fbclid=IwAR0VkGrKkwlsCH7Ji17_e0FTvjPAUtZvGB7ReVee5-iYAZQRY5qOSGV6huU\">COVID-19\u00a0: une exception africaine\u2009?<\/a>16\u00a0octobre 2020.<\/li>\n<li><strong>Revue Urbania Universit\u00e9s<\/strong>: <a href=\"https:\/\/universites.urbania.ca\/article\/redonner-au-senegal-ce-que-le-senegal-ma-legue-a-partir-de-chicoutimi?fbclid=IwAR142PpOwme9HVse_WdFMWtq2YkkcGkgegUz8kRDBQB9zmDAoluZdG9yF6I\">\u00ab\u2009Redonner au S\u00e9n\u00e9gal ce que le S\u00e9n\u00e9gal m\u2019a l\u00e9gu\u00e9\u2009\u00bb \u00e0 partir de Chicoutimi<\/a>. Se battre pour le droit des femmes, c\u2019est le combat de cette prof de l\u2019UQAC. 13\u00a0octobre 2020.<\/li>\n<li><strong>Le Quotidien\u00a0: <\/strong><a href=\"https:\/\/www.lequotidien.com\/opinions\/coexister-par-dela-le-confinement-0820a16e263176d9afa8efaa1937fb4e\">Coexister par-del\u00e0 le confinement.<\/a> 16\u00a0avril 2020.<\/li>\n<li><strong>Journal de Montr\u00e9al Entrevue\u00a0:<\/strong> <a href=\"https:\/\/www.journaldemontreal.com\/2020\/04\/12\/catastrophe-redoutee-en-afrique\">COVID-19\u00a0: Catastrophe redout\u00e9e en Afrique.<\/a> 12\u00a0avril 2020.<\/li>\n<li><strong>Le Devoir Opinions<\/strong>: <a href=\"\/www.ledevoir.com\/opinion\/idees\/576551\/coronavirus-soutenir-les-pays-africains-une-occasion-pour-le-canada?fbclid=IwAR0_N6ZeQdjuaKv_SkNUns_2PdiA7yg7hH2_6NP-RpuE_ETvBNxVWT2Bt0I\">Soutenir les pays africains, une occasion pour le Canada.<\/a> 7\u00a0avril 2020.<\/li>\n<li><strong>Le Devoir\u00a0Entrevue<\/strong>: <a href=\"https:\/\/www.ledevoir.com\/monde\/afrique\/575469\/des-pays-vulnerables-doublement-victimes?fbclid=IwAR0opCcA5sTMR5xhgX-ETsG68pDtwq5QBAcB-s93vpjKs88Prn7R9Ye0J1E\">Des pays vuln\u00e9rables doublement victimes<\/a>. 21 mars 2020.<\/li>\n<li><strong>Radio Canada Premi\u00e8re<\/strong> : \u00c9mission \u00ab\u2009La nature selon Boucar\u2009\u00bb. <a href=\"\/ici.radio-canada.ca\/premiere\/emissions\/la-nature-selon-boucar\/episodes\/439538\/audio-fil-du-samedi-10-aout-2019\">Les r\u00e9fugi\u00e9s climatiques selon la professeure Marie Fall.<\/a> 10\u00a0ao\u00fbt 2019.<\/li>\n<li><strong>Radio Canada Premi\u00e8re<\/strong> : \u00c9mission \u00ab\u2009Bien entendu\u2009\u00bb. <a href=\"https:\/\/ici.radio-canada.ca\/premiere\/emissions\/bien-entendu\/segments\/entrevue\/127351\/immigration-nouveaux-arrivants-regions-saguenay-defis-festival-rythme-monde?fbclid=IwAR0gmNWOhJzuPuPvfMgr7nm-XhoU21c_KqgW7OgWFx1ho_Sk432YxPW1hkM\">Les d\u00e9fis et les r\u00e9ussites de l\u2019immigration en r\u00e9gion \u00e9loign\u00e9e.<\/a> ao\u00fbt 2019<\/li>\n<li><strong>Radio-Canada<\/strong>: <a href=\"https:\/\/www.lesfilmsdelabaie.com\/realisation\/aux-rythmes-du-monde-couleur-sur-fond-blanc\/\">Aux rythmes du monde\u00a0: couleur sur fond blanc<\/a>. Documentaire Les Films de La Baie, juin 2019<\/li>\n<li><strong>Le Progr\u00e8s du dimanche\u00a0:<\/strong> <a href=\"http:\/\/www.evechedechicoutimi.qc.ca\/donnees\/media\/fichiers\/Communication%20-%20Chronique\/2019\/6%20avril%20Migrer%2C%20une%20strategie%20de%20survie.pdf\">Migrer, une &#8220;strat\u00e9gie de survie&#8221;.<\/a> 6\u00a0avril 2019<\/li>\n<li><strong>Le Quotidien\u00a0:<\/strong> Place aux minorit\u00e9s. Carrefour du lecteur. 26\u00a0septembre 2018.<\/li>\n<li><strong>YouTube\u00a0<\/strong>: <a href=\"\/www.youtube.com\/watch?v=90iuqRn8iUM&amp;feature=emb_logo\">Des \u00e9tudiant\u2219es de plusieurs programmes de l\u2019UQAC r\u00e9alisent un stage en coop\u00e9ration internationale au S\u00e9n\u00e9gal\u2009!<\/a> 21\u00a0juin 2018.<\/li>\n<li><strong>Radio Canada<\/strong> <strong>Saguenay<\/strong>: \u00c9mission \u00ab\u2009Style libre\u2009\u00bb. <a href=\"https:\/\/ici.radio-canada.ca\/premiere\/emissions\/style-libre\/episodes\/406804\/audio-fil-du-mercredi-9-mai-2018\">Le Qu\u00e9bec en Afrique\u00a0: solidarit\u00e9, diplomatie ou affaires\u2009?<\/a> Mercredi\u00a09\u00a0mai 2018.<\/li>\n<li><strong>Le Quotidien\u00a0:<\/strong> <a href=\"https:\/\/www.lequotidien.com\/actualites\/page-uqac\/le-developpement-la-cooperation-internationale-et-le-developpement-regional-51fd9a8f5fedbf70760e7b32622ad635\">Le d\u00e9veloppement, la coop\u00e9ration internationale et le d\u00e9veloppement r\u00e9gional.<\/a> 3 mai 2018<\/li>\n<li><strong>MaTV Saguenay\u00a0:<\/strong> \u00c9mission \u00ab\u2009GRIR en conf\u00e9rence\u2009\u00bb. L\u2019Afrique, les Afriques\u00a0: r\u00e9alit\u00e9s v\u00e9cues. Samedi\u00a021\u00a0avril 2018.<\/li>\n<li><strong>MaTV Saguenay\u00a0:<\/strong> \u00c9mission \u00ab\u2009GRIR en conf\u00e9rence\u2009\u00bb. Bilan de la coop\u00e9ration internationale canadienne. 14\u00a0mars 2019.<\/li>\n<li><strong>Le Quotidien\u00a0: <\/strong><a href=\"https:\/\/www.lequotidien.com\/opinions\/carrefour-des-lecteurs\/choisir-de-rassembler-a57a16044e5dd45ed7a008a8167ee4e2\">La\u00efcit\u00e9\u00a0: choisir de rassembler.<\/a> 13\u00a0avril 2019.<\/li>\n<li><strong>MaTV Saguenay\u00a0:<\/strong> \u00c9mission \u00ab\u2009GRIR en conf\u00e9rence\u2009\u00bb. Forum sur la coop\u00e9ration internationale et le d\u00e9veloppement r\u00e9gional.\u00a026\u00a0avril 2017.<\/li>\n<li><strong>YouTube\u00a0<\/strong>: <a href=\"https:\/\/www.youtube.com\/watch?v=iknYd-fMIe8\">Les femmes plus touch\u00e9es par les changements climatiques.<\/a> 20\u00a0avril 2017.<\/li>\n<li><strong>Radio Canada Saguenay\u00a0:<\/strong> \u00c9mission \u00ab\u2009Style libre\u2009\u00bb. <a href=\"http:\/\/ici.radio-canada.ca\/emissions\/Lheure_de_pointe\/2015-2016\/chronique.asp?idChronique=428542\">Ne laissez personne de c\u00f4t\u00e9\u00a0: le Canada contribue aux objectifs mondiaux.<\/a> \u00c9mission dans le cadre de la semaine du d\u00e9veloppement international du 5 au 11\u00a0f\u00e9vrier 2017.<\/li>\n<li><strong>Revue Fondation UQAC\u00a0:<\/strong> <a href=\"http:\/\/www.uqac.ca\/uqac_en_bref\/fondation_uqac\/pdf\/Fondation%20de%20l\u2019Universit\u00e9%20du%20Qu\u00e9bec%20\u00e0%20Chicoutimi-rapport_annuel_2015.pdf\">B\u00e2tir un pont entre le Saguenay\u2013Lac-Saint-Jean et l\u2019Afrique.<\/a> Avril 2016.<\/li>\n<li><strong>MaTV Saguenay\u00a0:<\/strong> \u00c9mission \u00ab\u2009Ailleurs vue d\u2019ici\u2009\u00bb. Stage en coop\u00e9ration internationale au S\u00e9n\u00e9gal. 28\u00a0septembre 2015.<\/li>\n<li><strong>Radio Canada Saguenay\u00a0:<\/strong> \u00c9mission \u00ab\u2009L\u2019heure de pointe\u2009\u00bb. <a href=\"http:\/\/ici.radio-canada.ca\/emissions\/Lheure_de_pointe\/2014-2015\/archives.asp?date=2015%2F08%2F10&amp;indTime=520&amp;idmedia=732686\">Des \u00e9tudiants de l\u2019UQAC en stage au S\u00e9n\u00e9gal.<\/a> 10\u00a0ao\u00fbt 2015. <a href=\"http:\/\/ici.radio-canada.ca\/emissions\/Lheure_de_pointe\/2014-2015\/archives.asp?date=2015%2F08%2F10&amp;indTime=520&amp;idmedia=7326861\">1<\/a><\/li>\n<li><strong>Le Quotidien\u00a0: <\/strong><a href=\"http:\/\/uqactualite.uqac.ca\/wp-content\/uploads\/2014\/04\/Marie-Fall-et-le-projet-EFA-26-avril-2014.pdf\"><strong>Une implication qui porte ses fruits.<\/strong><\/a> Le projet Entreprenariat f\u00e9minin et adaptation dans les \u00eeles du Saloum. \u00c9dition du\u00a026\u00a0avril 2014<\/li>\n<li><strong>Radio Canada Saguenay :<\/strong> \u00c9mission \u00ab\u2009La fin de semaine est \u00e0 7\u00a0heures\u2009\u00bb. <a href=\"http:\/\/ici.radio-canada.ca\/emissions\/la_fin_de_semaine_est_a_7h\/2014-2015\/archives.asp?date=2014-05-03\">Changement de climat pour les femmes du S\u00e9n\u00e9gal.<\/a> 4\u00a0mai 2014.<\/li>\n<li><strong>2STV\u00a0:<\/strong> \u00c9mission \u00ab\u2009S\u00e9n\u00e9gal Sa Kanam\u2009\u00bb. Projet \u00ab\u2009Entrepreneuriat F\u00e9minin et Adaptation\u2009\u00bb, retomb\u00e9es concr\u00e8tes dans les communaut\u00e9s b\u00e9n\u00e9ficiaires. 20\u00a0juin 2013. T\u00e9l\u00e9vision\u00a02STV.<\/li>\n<li><strong>Origines FM\u00a0: <\/strong>\u00c9mission \u00ab\u2009S\u00e9n\u00e9gal Sa Kanam\u2009\u00bb. Le (mal) d\u00e9veloppement des villes s\u00e9n\u00e9galaises. Point de vue d\u2019une expatri\u00e9e s\u00e9n\u00e9galaise. 22\u00a0mars 2013. Radio\u00a02STV.<\/li>\n<li><strong>Radio Canada\u00a0:<\/strong> <a href=\"http:\/\/amisderadiocanada.files.wordpress.com\/2012\/03\/lettre_amis_src.pdf\">Les amis de Radio Canada Saguenay\u2013Lac-Saint-Jean<\/a><\/li>\n<li><strong>Radio Canada Saguenay\u00a0:<\/strong> \u00c9mission \u00ab\u2009La fin de semaine est \u00e0 7\u00a0heures\u2009\u00bb. <a href=\"http:\/\/www.radio-canada.ca\/emissions\/la_fin_de_semaine_est_a_7h\/2012-2013\/archives.asp?date=2012-09-01\">Fragile d\u00e9mocratie.<\/a> 1er\u00a0septembre 2012.<\/li>\n<li><strong>Radio Canada Saguenay :<\/strong> \u00c9mission \u00ab\u2009La fin de semaine est \u00e0 7\u00a0heures\u2009\u00bb. <a href=\"http:\/\/www.radio-canada.ca\/emissions\/la_fin_de_semaine_est_a_7h\/2012-2013\/archives.asp?date=2012-05-05\">Prendre son temps comme en Afrique.<\/a> \u00c9mission du\u00a05\u00a0mai 2012.<\/li>\n<li><strong>UQAC en revue\u00a0:<\/strong> Place \u00e0 la rel\u00e8ve. Rendre au S\u00e9n\u00e9gal et donner \u00e0 l\u2019UQAC. Vol.\u00a09, num\u00e9ro\u00a01, printemps\u00a02012.<\/li>\n<li><strong>Radio Canada Saguenay\u00a0<\/strong>: \u00c9mission \u00ab\u2009Caf\u00e9, Boulot, Dodo\u2009\u00bb Un nouveau programme de stages en coop\u00e9ration internationale au S\u00e9n\u00e9gal. 10 mai 2010.<\/li>\n<li><strong>Le R\u00e9veil\u00a0:<\/strong> Un nouveau programme de stages en coop\u00e9ration internationale au S\u00e9n\u00e9gal. 27 avril 2010.<\/li>\n<li><strong>RFM\u00a0: <\/strong>Vivre au Qu\u00e9bec\u00a0: les joies et les d\u00e9fis de la vie au Saguenay-Lac-Saint-Jean. 12 f\u00e9vrier 2010. Radio\u00a0Futurs M\u00e9dias.<\/li>\n<li><strong>Le Progr\u00e8s du dimanche\u00a0: <\/strong>Le Forum r\u00e9gional sur la solidarit\u00e9 et la coop\u00e9ration internationale au Saguenay\u2013Lac-Saint-Jean. 12 janvier 2010.<\/li>\n<li><strong>Radio Canada Saguenay\u00a0: <\/strong>\u00c9mission \u00ab\u2009L\u2019heure de pointe\u2009\u00bb. Le virage de l\u2019ACDI et les pays de concentration de l\u2019aide canadienne.16 f\u00e9vrier 2009<\/li>\n<li><strong>Le Quotidien\u00a0: <\/strong>Les \u00e9lections aux \u00c9tats-Unis et la victoire de Barack Obama. 6 novembre 2008.<\/li>\n<\/ul>\n<p style=\"color: #00662c\"><em><strong>ACTIVIT\u00c9S DU VIVRE-ENSEMBLE<\/strong><\/em><\/p>\n<ul>\n<li style=\"list-style-type: none\">\n<ul>\n<li>\n<p style=\"font-size: 14px;text-align: justify\">Minorit\u00e9s : de la discrimination subie \u00e0 la r\u00e9silience mutuelle. Mardi du vivre-ensemble, 17 novembre 2020.<\/p>\n<\/li>\n<li>\n<p style=\"font-size: 14px;text-align: justify\">Regard nouveau sur la sant\u00e9 mentale \u2013 et la Covid-19. Mardi du vivre-ensemble, 26 mai 2020.<\/p>\n<\/li>\n<li>\n<p style=\"font-size: 14px;text-align: justify\">La la\u00efcit\u00e9 dans tous ses \u00e9tats. Mardi du vivre-ensemble, 7 mai 2019<\/p>\n<\/li>\n<li>\n<p style=\"font-size: 14px;text-align: justify\">L\u2019influence des m\u00e9dias sur le vivre-ensemble. Mardi du vivre-ensemble, 20 novembre 2018<\/p>\n<\/li>\n<\/ul>\n<\/li>\n<\/ul>\n<ul>\n<li style=\"list-style-type: none\">\n<p style=\"font-size: 14px\">\n<\/li>\n<\/ul>\n<p>&nbsp;<\/p>\n","protected":false},"excerpt":{"rendered":"<p>Radio-Canada\u00a0: Voici comment des r\u00e9seaux criminels ont orchestr\u00e9 la venue d\u2019\u00e9tudiants africains au Canada. 9 avril 2025 Radio-Canada\u00a0: R\u00e9seaux ill\u00e9gaux d\u2019immigration\u00a0: dans les coulisses de la temp\u00eate\u00a0\u00e0\u00a0l\u2019UQAC. 8 avril 2025 Correspondance\u00a0: D\u00e9mystifier la fatigue \u00e0 l\u2019universit\u00e9 f\u00e9vrier 2025 Correspondance\u00a0: R\u00f4le des sciences humaines et sociales au 21\u00e8me si\u00e8cle octobre 2024 Correspondance : Les sciences humaines &hellip; <a href=\"https:\/\/portfolio.uqac.ca\/mariefall\/presence-dans-les-medias\/\" class=\"more-link\">Continuer la lecture de <span class=\"screen-reader-text\"><\/span>  <span class=\"meta-nav\">&rarr;<\/span><\/a><\/p>\n","protected":false},"author":105,"featured_media":0,"parent":0,"menu_order":0,"comment_status":"closed","ping_status":"closed","template":"","meta":{"footnotes":""},"tags":[],"_links":{"self":[{"href":"https:\/\/portfolio.uqac.ca\/mariefall\/wp-json\/wp\/v2\/pages\/316"}],"collection":[{"href":"https:\/\/portfolio.uqac.ca\/mariefall\/wp-json\/wp\/v2\/pages"}],"about":[{"href":"https:\/\/portfolio.uqac.ca\/mariefall\/wp-json\/wp\/v2\/types\/page"}],"author":[{"embeddable":true,"href":"https:\/\/portfolio.uqac.ca\/mariefall\/wp-json\/wp\/v2\/users\/105"}],"replies":[{"embeddable":true,"href":"https:\/\/portfolio.uqac.ca\/mariefall\/wp-json\/wp\/v2\/comments?post=316"}],"version-history":[{"count":14,"href":"https:\/\/portfolio.uqac.ca\/mariefall\/wp-json\/wp\/v2\/pages\/316\/revisions"}],"predecessor-version":[{"id":803,"href":"https:\/\/portfolio.uqac.ca\/mariefall\/wp-json\/wp\/v2\/pages\/316\/revisions\/803"}],"wp:attachment":[{"href":"https:\/\/portfolio.uqac.ca\/mariefall\/wp-json\/wp\/v2\/media?parent=316"}],"wp:term":[{"taxonomy":"post_tag","embeddable":true,"href":"https:\/\/portfolio.uqac.ca\/mariefall\/wp-json\/wp\/v2\/tags?post=316"}],"curies":[{"name":"wp","href":"https:\/\/api.w.org\/{rel}","templated":true}]}}