{"id":460,"date":"2025-07-14T03:43:46","date_gmt":"2025-07-14T07:43:46","guid":{"rendered":"https:\/\/portfolio.uqac.ca\/mariefall\/?page_id=460"},"modified":"2026-01-14T15:05:03","modified_gmt":"2026-01-14T20:05:03","slug":"curriculum-vitae","status":"publish","type":"page","link":"https:\/\/portfolio.uqac.ca\/mariefall\/curriculum-vitae\/","title":{"rendered":""},"content":{"rendered":"<p><a href=\"https:\/\/portfolio.uqac.ca\/mariefall\/files\/2025\/07\/curriculum-vitae.png\"><img loading=\"lazy\" decoding=\"async\" class=\"size-medium wp-image-533 aligncenter\" src=\"https:\/\/portfolio.uqac.ca\/mariefall\/files\/2025\/07\/curriculum-vitae-300x75.png\" alt=\"\" width=\"300\" height=\"75\" srcset=\"https:\/\/portfolio.uqac.ca\/mariefall\/files\/2025\/07\/curriculum-vitae-300x75.png 300w, https:\/\/portfolio.uqac.ca\/mariefall\/files\/2025\/07\/curriculum-vitae-1024x256.png 1024w, https:\/\/portfolio.uqac.ca\/mariefall\/files\/2025\/07\/curriculum-vitae-768x192.png 768w, https:\/\/portfolio.uqac.ca\/mariefall\/files\/2025\/07\/curriculum-vitae-1536x384.png 1536w, https:\/\/portfolio.uqac.ca\/mariefall\/files\/2025\/07\/curriculum-vitae-2048x512.png 2048w\" sizes=\"(max-width: 300px) 100vw, 300px\" \/><\/a><\/p>\n<p style=\"color: #00662c;text-align: center\"><strong>EMPLOIS ET RESPONSABILIT\u00c9S ACAD\u00c9MIQUES<\/strong><\/p>\n<ul style=\"font-size: 14px;text-align: justify\">\n<li><strong>2007 <\/strong>\u2013\u00a0: Professeure de coop\u00e9ration internationale, g\u00e9ographie et am\u00e9nagement durable. Universit\u00e9 du Qu\u00e9bec \u00e0 Chicoutimi.<\/li>\n<li><strong>2010 <\/strong>\u2013\u00a0: Responsable du stage de coop\u00e9ration internationale au S\u00e9n\u00e9gal. Universit\u00e9 du Qu\u00e9bec \u00e0 Chicoutimi.<\/li>\n<li><strong>2012 &#8211; 2021<\/strong>\u00a0: Responsable du Laboratoire d\u2019\u00e9tudes et de recherches appliqu\u00e9es sur l\u2019Afrique. Universit\u00e9 du Qu\u00e9bec \u00e0 Chicoutimi.<\/li>\n<li><strong>2007\u00a0<\/strong>: Stage postdoctoral. Centre de recherches en d\u00e9veloppement international (Ottawa) \/ Bureau de l\u2019Afrique de l\u2019Ouest et du Centre (Dakar).<\/li>\n<li><strong>2005 &#8211; 2006<\/strong>\u00a0: Charg\u00e9e de cours. D\u00e9partement de g\u00e9ographie. Universit\u00e9 de Montr\u00e9al.<\/li>\n<li><strong>2002 &#8211; 2006<\/strong>\u00a0: Auxiliaire d\u2019enseignement. D\u00e9partement de g\u00e9ographie. Universit\u00e9 de Montr\u00e9al.<\/li>\n<li><strong>2001 &#8211; 2002<\/strong>\u00a0: Coordonnatrice. Chaire Unesco Gestion int\u00e9gr\u00e9e des r\u00e9gions c\u00f4ti\u00e8res et des petites \u00eeles. D\u00e9partement de g\u00e9ographie, Universit\u00e9 Cheikh Anta Diop de Dakar.<\/li>\n<li><strong>2000 &#8211; 2002<\/strong>\u00a0: Monitrice de cartographie. D\u00e9partement de g\u00e9ographie. Universit\u00e9 Cheikh Anta Diop de Dakar.<\/li>\n<\/ul>\n<p style=\"color: #00662c\"><strong>DIPL\u00d4MES UNIVERSITAIRES<\/strong><\/p>\n<ul style=\"font-size: 14px;text-align: justify\">\n<li><strong>2006\u00a0<\/strong>: Doctorat en g\u00e9ographie (Ph. D.,). Universit\u00e9 de Montr\u00e9al.<\/li>\n<li><strong>2002\u00a0<\/strong>: Dipl\u00f4me d\u2019\u00c9tudes Approfondies en g\u00e9ographie. Universit\u00e9 Cheikh Anta Diop de Dakar.<\/li>\n<li><strong>2001\u00a0<\/strong>: Ma\u00eetrise en g\u00e9ographie. Universit\u00e9 Cheikh Anta Diop de Dakar.<\/li>\n<\/ul>\n<p style=\"color: #00662c\"><strong>MARQUES DE RECONNAISSANCE<\/strong><\/p>\n<ul style=\"font-size: 14px;text-align: justify\">\n<li><strong>2019<\/strong>\u00a0: Pr\u00e9sidence d\u2019honneur. D\u00e9veloppement et Paix, Montr\u00e9al, Canada.<\/li>\n<li><strong>2007<\/strong>\u00a0: Bourse de bourse de mobilit\u00e9 internationale. \u00a0Agence universitaire de la Francophonie, Montr\u00e9al, Canada.<\/li>\n<li><strong>2007<\/strong>\u00a0: Bourse de recherche postdoctorale. Centre de recherches pour le d\u00e9veloppement international, Ottawa, Canada.<\/li>\n<li><strong>2006\u00a0 <\/strong>: Recommandation pour la liste du doyen 5% des meilleures th\u00e8ses de 3<sup>e<\/sup>\u00a0cycle. Universit\u00e9 de Montr\u00e9al, Montr\u00e9al, Canada.<\/li>\n<li><strong>2004<\/strong>\u00a0: Bourses de recherche en \u00e9tudes du d\u00e9veloppement. Centre d\u2019\u00e9tudes et de recherches internationales, Montr\u00e9al, Canada.<\/li>\n<li><strong>2002<\/strong>\u00a0: Bourse de la Fondation Ford. \u00ab Plaidoyer pour une justice sociale \u00bb, Advocacy Institute, School for International Training, Brattleboro, Vermont, USA.<\/li>\n<li><strong>2002\u00a0 \u2013 2005<\/strong>\u00a0: Bourse de Doctorat \u00e0 l\u2019Universit\u00e9 de Montr\u00e9al. Fondation Ford, New York, \u00c9tat de New York, \u00c9tats-Unis.<\/li>\n<li><strong>2001\u2013 2002<\/strong>\u00a0: Bourse de recherche Chaire UNESCO sur les r\u00e9gions c\u00f4ti\u00e8res et les petites \u00eeles. Universit\u00e9 Cheikh Anta Diop de Dakar, Dakar, S\u00e9n\u00e9gal.<\/li>\n<\/ul>\n<p><span style=\"color: #008000\"><strong>AFFILIATIONS PROFESSIONNELLES<\/strong><\/span><\/p>\n<p><a href=\"https:\/\/can01.safelinks.protection.outlook.com\/?url=https%3A%2F%2Fgetspa.ug.edu.gh%2F&amp;data=05%7C02%7Cmfall%40uqac.ca%7C13b216a81bb748db289b08de539612a5%7Cc97978b1bd4c44b59bbb20215efdf611%7C0%7C0%7C639040101188013942%7CUnknown%7CTWFpbGZsb3d8eyJFbXB0eU1hcGkiOnRydWUsIlYiOiIwLjAuMDAwMCIsIlAiOiJXaW4zMiIsIkFOIjoiTWFpbCIsIldUIjoyfQ%3D%3D%7C0%7C%7C%7C&amp;sdata=UNPMT%2Fam%2BtSY6AOXpmFNAQzf%2Bqi1KLWm6ThBipDExhw%3D&amp;reserved=0\">Gender Equitable and Transformative Social Policy for Africa<\/a><\/p>\n<p><a href=\"https:\/\/can01.safelinks.protection.outlook.com\/?url=https%3A%2F%2Friodd.net%2Fgt-riodd%2Fcrises-et-transitions-socio-ecologiques%2F&amp;data=05%7C02%7Cmfall%40uqac.ca%7C13b216a81bb748db289b08de539612a5%7Cc97978b1bd4c44b59bbb20215efdf611%7C0%7C0%7C639040101188027197%7CUnknown%7CTWFpbGZsb3d8eyJFbXB0eU1hcGkiOnRydWUsIlYiOiIwLjAuMDAwMCIsIlAiOiJXaW4zMiIsIkFOIjoiTWFpbCIsIldUIjoyfQ%3D%3D%7C0%7C%7C%7C&amp;sdata=%2FX9KAJJF65Wr14Feen2Mg236pLY3nG9eHI%2Bm9G1HV6g%3D&amp;reserved=0\">Groupe de travail \u00ab Crises et transitions socio\u00e9cologiques : approches critiques, dialogues transdisciplinaires et justice(s) \u00bb<\/a><\/p>\n<p><a href=\"https:\/\/can01.safelinks.protection.outlook.com\/?url=https%3A%2F%2Fgrir.uqac.ca%2F&amp;data=05%7C02%7Cmfall%40uqac.ca%7C13b216a81bb748db289b08de539612a5%7Cc97978b1bd4c44b59bbb20215efdf611%7C0%7C0%7C639040101188040292%7CUnknown%7CTWFpbGZsb3d8eyJFbXB0eU1hcGkiOnRydWUsIlYiOiIwLjAuMDAwMCIsIlAiOiJXaW4zMiIsIkFOIjoiTWFpbCIsIldUIjoyfQ%3D%3D%7C0%7C%7C%7C&amp;sdata=Y2xQAPgp8iU6uOiGuyPZG%2F%2FTPzlEm1NEKO0bLB%2Fw0R4%3D&amp;reserved=0\">Groupe de recherche et d&#8217;intervention r\u00e9gionales<\/a><\/p>\n<p><a href=\"https:\/\/can01.safelinks.protection.outlook.com\/?url=https%3A%2F%2Fafrique-contemporaine.cairn.info%2Fla-revue%2F&amp;data=05%7C02%7Cmfall%40uqac.ca%7C13b216a81bb748db289b08de539612a5%7Cc97978b1bd4c44b59bbb20215efdf611%7C0%7C0%7C639040101188053562%7CUnknown%7CTWFpbGZsb3d8eyJFbXB0eU1hcGkiOnRydWUsIlYiOiIwLjAuMDAwMCIsIlAiOiJXaW4zMiIsIkFOIjoiTWFpbCIsIldUIjoyfQ%3D%3D%7C0%7C%7C%7C&amp;sdata=%2BvJRDg0ES%2B0HdPKND%2FcIQNriHIcOvHmMx1%2BQfevlDRU%3D&amp;reserved=0\">Revue Afrique contemporaine<\/a><\/p>\n<p><a href=\"https:\/\/can01.safelinks.protection.outlook.com\/?url=https%3A%2F%2Fshs.cairn.info%2Frevue-de-l-organisation-responsable%3Flang%3Dfr%26tab%3Da-propos&amp;data=05%7C02%7Cmfall%40uqac.ca%7C13b216a81bb748db289b08de539612a5%7Cc97978b1bd4c44b59bbb20215efdf611%7C0%7C0%7C639040101188065768%7CUnknown%7CTWFpbGZsb3d8eyJFbXB0eU1hcGkiOnRydWUsIlYiOiIwLjAuMDAwMCIsIlAiOiJXaW4zMiIsIkFOIjoiTWFpbCIsIldUIjoyfQ%3D%3D%7C0%7C%7C%7C&amp;sdata=PooMK16T9wLQVzIvIw3OeRG91TlD3QlStxJH2%2FHKsg4%3D&amp;reserved=0\">Revue de l&#8217;Organisation Responsable<\/a><\/p>\n<p><a href=\"https:\/\/can01.safelinks.protection.outlook.com\/?url=https%3A%2F%2Fwww.uqac.ca%2Flagopede%2F&amp;data=05%7C02%7Cmfall%40uqac.ca%7C13b216a81bb748db289b08de539612a5%7Cc97978b1bd4c44b59bbb20215efdf611%7C0%7C0%7C639040101188078961%7CUnknown%7CTWFpbGZsb3d8eyJFbXB0eU1hcGkiOnRydWUsIlYiOiIwLjAuMDAwMCIsIlAiOiJXaW4zMiIsIkFOIjoiTWFpbCIsIldUIjoyfQ%3D%3D%7C0%7C%7C%7C&amp;sdata=c7Vd5qDmfI5iVIbmGk%2FYmhfleo8q9dyNKmjobXDZW8k%3D&amp;reserved=0\">Lagop\u00e8de<\/a><\/p>\n<p><a href=\"https:\/\/can01.safelinks.protection.outlook.com\/?url=https%3A%2F%2Freqef.uqam.ca%2F&amp;data=05%7C02%7Cmfall%40uqac.ca%7C13b216a81bb748db289b08de539612a5%7Cc97978b1bd4c44b59bbb20215efdf611%7C0%7C0%7C639040101188091438%7CUnknown%7CTWFpbGZsb3d8eyJFbXB0eU1hcGkiOnRydWUsIlYiOiIwLjAuMDAwMCIsIlAiOiJXaW4zMiIsIkFOIjoiTWFpbCIsIldUIjoyfQ%3D%3D%7C0%7C%7C%7C&amp;sdata=MGoyXUYp8uuZbe47i%2F06oFClzmOGfBA2WGuq4RbMEoE%3D&amp;reserved=0\">R\u00e9seau qu\u00e9b\u00e9cois en \u00e9tudes f\u00e9ministes<\/a> et <a href=\"https:\/\/can01.safelinks.protection.outlook.com\/?url=https%3A%2F%2Freqef.uqam.ca%2Fchantiers-de-recherche%2Ffeminismes-decoloniaux-territoires%2F&amp;data=05%7C02%7Cmfall%40uqac.ca%7C13b216a81bb748db289b08de539612a5%7Cc97978b1bd4c44b59bbb20215efdf611%7C0%7C0%7C639040101188103663%7CUnknown%7CTWFpbGZsb3d8eyJFbXB0eU1hcGkiOnRydWUsIlYiOiIwLjAuMDAwMCIsIlAiOiJXaW4zMiIsIkFOIjoiTWFpbCIsIldUIjoyfQ%3D%3D%7C0%7C%7C%7C&amp;sdata=7eW16sn0ViOQN6rF4XMrMgKz7LlbTgrzlsfL%2Fv1Dv9Q%3D&amp;reserved=0\">Chantier F\u00e9minismes d\u00e9coloniaux et territoires<\/a><\/p>\n<p><a href=\"https:\/\/can01.safelinks.protection.outlook.com\/?url=https%3A%2F%2Friodd.net%2F&amp;data=05%7C02%7Cmfall%40uqac.ca%7C13b216a81bb748db289b08de539612a5%7Cc97978b1bd4c44b59bbb20215efdf611%7C0%7C0%7C639040101188120952%7CUnknown%7CTWFpbGZsb3d8eyJFbXB0eU1hcGkiOnRydWUsIlYiOiIwLjAuMDAwMCIsIlAiOiJXaW4zMiIsIkFOIjoiTWFpbCIsIldUIjoyfQ%3D%3D%7C0%7C%7C%7C&amp;sdata=e%2FEARX4kGmkg6CM5sqq3r08aSCaylaNDp5JGinIDhyc%3D&amp;reserved=0\">R\u00e9seau International de Recherche sur les Organisations et le D\u00e9veloppement Durable<\/a><\/p>\n<p><a href=\"https:\/\/can01.safelinks.protection.outlook.com\/?url=https%3A%2F%2Foccah.uqam.ca%2F&amp;data=05%7C02%7Cmfall%40uqac.ca%7C13b216a81bb748db289b08de539612a5%7Cc97978b1bd4c44b59bbb20215efdf611%7C0%7C0%7C639040101188141297%7CUnknown%7CTWFpbGZsb3d8eyJFbXB0eU1hcGkiOnRydWUsIlYiOiIwLjAuMDAwMCIsIlAiOiJXaW4zMiIsIkFOIjoiTWFpbCIsIldUIjoyfQ%3D%3D%7C0%7C%7C%7C&amp;sdata=JlburpxQOoi%2Fuo2YLH%2BZ8JIt1Uozz06Mxbzv3MdQ7r0%3D&amp;reserved=0\">Observatoire canadien sur les crises et l\u2019action humanitaires <\/a><\/p>\n<p><a href=\"https:\/\/can01.safelinks.protection.outlook.com\/?url=https%3A%2F%2Fwww.crdt.ca%2F&amp;data=05%7C02%7Cmfall%40uqac.ca%7C13b216a81bb748db289b08de539612a5%7Cc97978b1bd4c44b59bbb20215efdf611%7C0%7C0%7C639040101188163273%7CUnknown%7CTWFpbGZsb3d8eyJFbXB0eU1hcGkiOnRydWUsIlYiOiIwLjAuMDAwMCIsIlAiOiJXaW4zMiIsIkFOIjoiTWFpbCIsIldUIjoyfQ%3D%3D%7C0%7C%7C%7C&amp;sdata=HKiPh%2Fywp67kz%2BVD1GI%2B1lYhBPua%2BaubYqBCsxcGktI%3D&amp;reserved=0\">Centre de recherche sur le d\u00e9veloppement territorial<\/a><\/p>\n","protected":false},"excerpt":{"rendered":"<p>EMPLOIS ET RESPONSABILIT\u00c9S ACAD\u00c9MIQUES 2007 \u2013\u00a0: Professeure de coop\u00e9ration internationale, g\u00e9ographie et am\u00e9nagement durable. Universit\u00e9 du Qu\u00e9bec \u00e0 Chicoutimi. 2010 \u2013\u00a0: Responsable du stage de coop\u00e9ration internationale au S\u00e9n\u00e9gal. Universit\u00e9 du Qu\u00e9bec \u00e0 Chicoutimi. 2012 &#8211; 2021\u00a0: Responsable du Laboratoire d\u2019\u00e9tudes et de recherches appliqu\u00e9es sur l\u2019Afrique. Universit\u00e9 du Qu\u00e9bec \u00e0 Chicoutimi. 2007\u00a0: Stage postdoctoral. &hellip; <a href=\"https:\/\/portfolio.uqac.ca\/mariefall\/curriculum-vitae\/\" class=\"more-link\">Continuer la lecture de <span class=\"screen-reader-text\"><\/span>  <span class=\"meta-nav\">&rarr;<\/span><\/a><\/p>\n","protected":false},"author":397,"featured_media":0,"parent":0,"menu_order":0,"comment_status":"closed","ping_status":"closed","template":"","meta":{"footnotes":""},"tags":[],"_links":{"self":[{"href":"https:\/\/portfolio.uqac.ca\/mariefall\/wp-json\/wp\/v2\/pages\/460"}],"collection":[{"href":"https:\/\/portfolio.uqac.ca\/mariefall\/wp-json\/wp\/v2\/pages"}],"about":[{"href":"https:\/\/portfolio.uqac.ca\/mariefall\/wp-json\/wp\/v2\/types\/page"}],"author":[{"embeddable":true,"href":"https:\/\/portfolio.uqac.ca\/mariefall\/wp-json\/wp\/v2\/users\/397"}],"replies":[{"embeddable":true,"href":"https:\/\/portfolio.uqac.ca\/mariefall\/wp-json\/wp\/v2\/comments?post=460"}],"version-history":[{"count":23,"href":"https:\/\/portfolio.uqac.ca\/mariefall\/wp-json\/wp\/v2\/pages\/460\/revisions"}],"predecessor-version":[{"id":807,"href":"https:\/\/portfolio.uqac.ca\/mariefall\/wp-json\/wp\/v2\/pages\/460\/revisions\/807"}],"wp:attachment":[{"href":"https:\/\/portfolio.uqac.ca\/mariefall\/wp-json\/wp\/v2\/media?parent=460"}],"wp:term":[{"taxonomy":"post_tag","embeddable":true,"href":"https:\/\/portfolio.uqac.ca\/mariefall\/wp-json\/wp\/v2\/tags?post=460"}],"curies":[{"name":"wp","href":"https:\/\/api.w.org\/{rel}","templated":true}]}}