{"id":121,"date":"2014-09-15T16:00:43","date_gmt":"2014-09-15T20:00:43","guid":{"rendered":"http:\/\/portfolio-pre.uqac.ca\/mariepierrebaron\/?page_id=121"},"modified":"2014-09-15T16:01:25","modified_gmt":"2014-09-15T20:01:25","slug":"prix-et-distinctions","status":"publish","type":"page","link":"https:\/\/portfolio.uqac.ca\/mariepierrebaron\/prix-et-distinctions\/","title":{"rendered":"Prix et distinctions"},"content":{"rendered":"<p>Prix d&#8217;excellence \u00e0 la diplomation \u00e0 la maitrise, Concours 2010-2011 (2<sup>e<\/sup> prix), Facult\u00e9 des sciences de l&#8217;\u00e9ducation, Universit\u00e9 Laval, Canada.<\/p>\n<p>Inscription au tableau d\u2019honneur de la Facult\u00e9 des \u00e9tudes sup\u00e9rieures (FES) de L\u2019Universit\u00e9 Laval pour le m\u00e9moire intitul\u00e9 <em>\u00ab\u00a0Le d\u00e9veloppement morphosyntaxique et structural du rappel de r\u00e9cit chez les \u00e9l\u00e8ves ayant une surdit\u00e9 et un retard d\u2019apprentissage dans un contexte de lecture interactive.\u00a0\u00bb (2010)<\/em><\/p>\n","protected":false},"excerpt":{"rendered":"<p>Prix d&#8217;excellence \u00e0 la diplomation \u00e0 la maitrise, Concours 2010-2011 (2e prix), Facult\u00e9 des sciences de l&#8217;\u00e9ducation, Universit\u00e9 Laval, Canada. Inscription au tableau d\u2019honneur de la Facult\u00e9 des \u00e9tudes sup\u00e9rieures (FES) de L\u2019Universit\u00e9 Laval pour le m\u00e9moire intitul\u00e9 \u00ab\u00a0Le d\u00e9veloppement morphosyntaxique et structural du rappel de r\u00e9cit chez les \u00e9l\u00e8ves ayant une surdit\u00e9 et un &hellip; <a href=\"https:\/\/portfolio.uqac.ca\/mariepierrebaron\/prix-et-distinctions\/\" class=\"more-link\">Continuer la lecture de <span class=\"screen-reader-text\">Prix et distinctions<\/span>  <span class=\"meta-nav\">&rarr;<\/span><\/a><\/p>\n","protected":false},"author":40,"featured_media":0,"parent":0,"menu_order":0,"comment_status":"open","ping_status":"open","template":"","meta":{"footnotes":""},"tags":[],"_links":{"self":[{"href":"https:\/\/portfolio.uqac.ca\/mariepierrebaron\/wp-json\/wp\/v2\/pages\/121"}],"collection":[{"href":"https:\/\/portfolio.uqac.ca\/mariepierrebaron\/wp-json\/wp\/v2\/pages"}],"about":[{"href":"https:\/\/portfolio.uqac.ca\/mariepierrebaron\/wp-json\/wp\/v2\/types\/page"}],"author":[{"embeddable":true,"href":"https:\/\/portfolio.uqac.ca\/mariepierrebaron\/wp-json\/wp\/v2\/users\/40"}],"replies":[{"embeddable":true,"href":"https:\/\/portfolio.uqac.ca\/mariepierrebaron\/wp-json\/wp\/v2\/comments?post=121"}],"version-history":[{"count":2,"href":"https:\/\/portfolio.uqac.ca\/mariepierrebaron\/wp-json\/wp\/v2\/pages\/121\/revisions"}],"predecessor-version":[{"id":124,"href":"https:\/\/portfolio.uqac.ca\/mariepierrebaron\/wp-json\/wp\/v2\/pages\/121\/revisions\/124"}],"wp:attachment":[{"href":"https:\/\/portfolio.uqac.ca\/mariepierrebaron\/wp-json\/wp\/v2\/media?parent=121"}],"wp:term":[{"taxonomy":"post_tag","embeddable":true,"href":"https:\/\/portfolio.uqac.ca\/mariepierrebaron\/wp-json\/wp\/v2\/tags?post=121"}],"curies":[{"name":"wp","href":"https:\/\/api.w.org\/{rel}","templated":true}]}}