{"id":134,"date":"2014-09-15T16:13:22","date_gmt":"2014-09-15T20:13:22","guid":{"rendered":"http:\/\/portfolio-pre.uqac.ca\/mariepierrebaron\/?page_id=134"},"modified":"2021-02-04T09:22:52","modified_gmt":"2021-02-04T14:22:52","slug":"groupe-de-recherche-et-affiliations-professionnelles","status":"publish","type":"page","link":"https:\/\/portfolio.uqac.ca\/mariepierrebaron\/groupe-de-recherche-et-affiliations-professionnelles\/","title":{"rendered":"Groupe de recherche et affiliations professionnelles"},"content":{"rendered":"<h2><strong>Groupe de recherche et affiliations\u00a0<\/strong><strong>professionnelles<\/strong><\/h2>\n<p>Membre du <a href=\"https:\/\/www.uqac.ca\/linumlab\/\"><strong>Laboratoire sur la litt\u00e9ratie num\u00e9rique (Linumlab) <\/strong><\/a>Universit\u00e9 du Qu\u00e9bec \u00e0 Chicoutimi<strong>,\u00a0<\/strong>Depuis 2016<\/p>\n<p>Membre de l\u2019<strong><a href=\"https:\/\/www.institutta.com\/\">Institut des troubles d\u2019apprentissages (ITA)<\/a>\u00a0<\/strong>depuis 2015<\/p>\n<p>Membre du <a href=\"https:\/\/www.rnetsa.ca\/\"><strong>R\u00e9seau national d\u2019expertise en trouble du spectre autistique (RNETSA)\u00a0<\/strong><\/a>depuis 2015<\/p>\n<p>Membre du <a href=\"https:\/\/etunix.uqac.ca\/crre\/\"><strong>CRRE<\/strong>(<\/a><a href=\"https:\/\/etunix.uqac.ca\/crre\/\">Consortium R\u00e9gional sur la Recherche en \u00c9ducation<\/a>) \u00a0Universit\u00e9 du Qu\u00e9bec \u00e0 Chicoutimi, depuis 2014<\/p>\n<p>Membre du <a href=\"https:\/\/crires.ulaval.ca\/\"><strong>CRIRES<\/strong> (Centre de recherche et d\u2019intervention sur la r\u00e9ussite scolaire)<\/a><br \/>\nUniversit\u00e9 Laval, depuis 2010<\/p>\n<p>Membre de l\u2019<a href=\"https:\/\/www.acfas.ca\/\"><strong>ACFAS<\/strong> (Association francophone pour le savoir<\/a>)<br \/>\ndepuis 2010<\/p>\n<p>Membre du <strong>GRIES<\/strong> (Groupe de recherche en intervention aupr\u00e8s des enfants sourds)<br \/>\nUniversit\u00e9 Laval, depuis 2008<\/p>\n","protected":false},"excerpt":{"rendered":"<p>Groupe de recherche et affiliations\u00a0professionnelles Membre du Laboratoire sur la litt\u00e9ratie num\u00e9rique (Linumlab) Universit\u00e9 du Qu\u00e9bec \u00e0 Chicoutimi,\u00a0Depuis 2016 Membre de l\u2019Institut des troubles d\u2019apprentissages (ITA)\u00a0depuis 2015 Membre du R\u00e9seau national d\u2019expertise en trouble du spectre autistique (RNETSA)\u00a0depuis 2015 Membre du CRRE(Consortium R\u00e9gional sur la Recherche en \u00c9ducation) \u00a0Universit\u00e9 du Qu\u00e9bec \u00e0 Chicoutimi, depuis 2014 &hellip; <a href=\"https:\/\/portfolio.uqac.ca\/mariepierrebaron\/groupe-de-recherche-et-affiliations-professionnelles\/\" class=\"more-link\">Continuer la lecture de <span class=\"screen-reader-text\">Groupe de recherche et affiliations professionnelles<\/span>  <span class=\"meta-nav\">&rarr;<\/span><\/a><\/p>\n","protected":false},"author":40,"featured_media":0,"parent":0,"menu_order":0,"comment_status":"open","ping_status":"open","template":"","meta":{"footnotes":""},"tags":[],"_links":{"self":[{"href":"https:\/\/portfolio.uqac.ca\/mariepierrebaron\/wp-json\/wp\/v2\/pages\/134"}],"collection":[{"href":"https:\/\/portfolio.uqac.ca\/mariepierrebaron\/wp-json\/wp\/v2\/pages"}],"about":[{"href":"https:\/\/portfolio.uqac.ca\/mariepierrebaron\/wp-json\/wp\/v2\/types\/page"}],"author":[{"embeddable":true,"href":"https:\/\/portfolio.uqac.ca\/mariepierrebaron\/wp-json\/wp\/v2\/users\/40"}],"replies":[{"embeddable":true,"href":"https:\/\/portfolio.uqac.ca\/mariepierrebaron\/wp-json\/wp\/v2\/comments?post=134"}],"version-history":[{"count":5,"href":"https:\/\/portfolio.uqac.ca\/mariepierrebaron\/wp-json\/wp\/v2\/pages\/134\/revisions"}],"predecessor-version":[{"id":193,"href":"https:\/\/portfolio.uqac.ca\/mariepierrebaron\/wp-json\/wp\/v2\/pages\/134\/revisions\/193"}],"wp:attachment":[{"href":"https:\/\/portfolio.uqac.ca\/mariepierrebaron\/wp-json\/wp\/v2\/media?parent=134"}],"wp:term":[{"taxonomy":"post_tag","embeddable":true,"href":"https:\/\/portfolio.uqac.ca\/mariepierrebaron\/wp-json\/wp\/v2\/tags?post=134"}],"curies":[{"name":"wp","href":"https:\/\/api.w.org\/{rel}","templated":true}]}}