{"id":141,"date":"2014-09-15T16:23:05","date_gmt":"2014-09-15T20:23:05","guid":{"rendered":"http:\/\/portfolio-pre.uqac.ca\/mariepierrebaron\/?page_id=141"},"modified":"2025-12-18T14:13:52","modified_gmt":"2025-12-18T19:13:52","slug":"bourses","status":"publish","type":"page","link":"https:\/\/portfolio.uqac.ca\/mariepierrebaron\/bourses\/","title":{"rendered":"Bourses"},"content":{"rendered":"<p><strong>Conseil de recherches en sciences humaines du Canada (CRSH)<br \/>\n<\/strong>2012-2014<br \/>\nBourse de doctorat, cat\u00e9gorie B (<strong>40 000$)<br \/>\n<\/strong>Bourse accord\u00e9e pour 24 mois.<\/p>\n<p><strong>Fonds qu\u00e9b\u00e9cois de la recherche sur la soci\u00e9t\u00e9 et culture (FQRSC)<br \/>\n<\/strong>2010-2012<br \/>\nBourse de doctorat en recherche, B2 (<strong>60\u00a0000$)<br \/>\n<\/strong>Bourse accord\u00e9e pour 36 mois et interrompue en mai 2012 vu l\u2019octroi du CRSH.<\/p>\n<p><strong>Bourse de cheminement au doctorat<br \/>\n<\/strong>2010-2013<br \/>\nPassation de l\u2019examen de doctorat, recherche doctorale en cours, passation du s\u00e9minaire de doctorat et r\u00e9daction de la th\u00e8se<br \/>\nUniversit\u00e9 Laval<\/p>\n<p><strong>Bourse d\u2019admission au m\u00e9rite du Fonds d\u2019Enseignement et de Recherche (FER)<br \/>\n<\/strong>2011<br \/>\nBourse du Fonds de soutien au doctorat<br \/>\nUniversit\u00e9 Laval<\/p>\n<p><strong>Bourse d\u2019excellence<br \/>\n<\/strong>2011<br \/>\n2<sup>e<\/sup> prix pour l\u2019excellence du dossier \u00e0 la maitrise avec m\u00e9moire<br \/>\nUniversit\u00e9 Laval<\/p>\n<p><strong>Bourse d\u2019admission au doctorat<br \/>\n<\/strong>2010-2011<br \/>\nBureau des bourses et de l\u2019aide financi\u00e8re<br \/>\nUniversit\u00e9 Laval<\/p>\n<p><strong>Bourse de publication<br \/>\n<\/strong>2011<br \/>\nPublication de la recherche de maitrise dans une revue avec comit\u00e9 de lecture<br \/>\nFacult\u00e9 des sciences de l\u2019\u00e9ducation<br \/>\nUniversit\u00e9 Laval<\/p>\n<p><strong>Centre de recherche et d\u2019intervention sur la r\u00e9ussite scolaire (CRIRES<\/strong><strong>) <\/strong><br \/>\n2011<br \/>\nBourse de financement pour une activit\u00e9 de diffusion scientifique<br \/>\nUniversit\u00e9 Laval<\/p>\n<p><strong>Bourse de diplomation<br \/>\n<\/strong>2010<br \/>\nR\u00e9alisation de la ma\u00eetrise \u00e0 l\u2019int\u00e9rieur de deux ans <strong><br \/>\n<\/strong>Facult\u00e9 des sciences de l\u2019\u00e9ducation<br \/>\nUniversit\u00e9 Laval<\/p>\n<p><strong>Groupe de recherche en intervention aupr\u00e8s de l&#8217;enfant sourd (GRIES)<br \/>\n<\/strong>2009-2010<br \/>\nBourse de distinction<br \/>\nProjet CFQCU \/ FQRNT\u00a0collaboration Qu\u00e9bec \/ France<br \/>\nParticipation au groupe de recherche<\/p>\n<p><strong>Universit\u00e9 Laval<\/strong><br \/>\n2009<br \/>\nBourse d\u2019admission<br \/>\nExcellence du dossier acad\u00e9mique au baccalaur\u00e9at<\/p>\n<p><strong>Universit\u00e9 du Qu\u00e9bec \u00e0 Chicoutimi<\/strong>\u00a0 \u00a0 \u00a0 \u00a0 \u00a0 \u00a0 \u00a0 \u00a0 \u00a0 \u00a0 \u00a0 \u00a0 \u00a0 \u00a0 \u00a0 \u00a0 \u00a0 \u00a0 \u00a0 \u00a0 \u00a0 \u00a0 \u00a0 \u00a0 \u00a0 \u00a0 \u00a0 \u00a0 \u00a0 \u00a0 \u00a0 \u00a0 \u00a0 \u00a0 \u00a0 \u00a0 \u00a0 \u00a02007<br \/>\nBourse d\u2019excellence<br \/>\nImplication communautaire<\/p>\n","protected":false},"excerpt":{"rendered":"<p>Conseil de recherches en sciences humaines du Canada (CRSH) 2012-2014 Bourse de doctorat, cat\u00e9gorie B (40 000$) Bourse accord\u00e9e pour 24 mois. Fonds qu\u00e9b\u00e9cois de la recherche sur la soci\u00e9t\u00e9 et culture (FQRSC) 2010-2012 Bourse de doctorat en recherche, B2 (60\u00a0000$) Bourse accord\u00e9e pour 36 mois et interrompue en mai 2012 vu l\u2019octroi du CRSH. &hellip; <a href=\"https:\/\/portfolio.uqac.ca\/mariepierrebaron\/bourses\/\" class=\"more-link\">Continuer la lecture de <span class=\"screen-reader-text\">Bourses<\/span>  <span class=\"meta-nav\">&rarr;<\/span><\/a><\/p>\n","protected":false},"author":40,"featured_media":0,"parent":0,"menu_order":0,"comment_status":"closed","ping_status":"closed","template":"","meta":{"footnotes":""},"tags":[],"_links":{"self":[{"href":"https:\/\/portfolio.uqac.ca\/mariepierrebaron\/wp-json\/wp\/v2\/pages\/141"}],"collection":[{"href":"https:\/\/portfolio.uqac.ca\/mariepierrebaron\/wp-json\/wp\/v2\/pages"}],"about":[{"href":"https:\/\/portfolio.uqac.ca\/mariepierrebaron\/wp-json\/wp\/v2\/types\/page"}],"author":[{"embeddable":true,"href":"https:\/\/portfolio.uqac.ca\/mariepierrebaron\/wp-json\/wp\/v2\/users\/40"}],"replies":[{"embeddable":true,"href":"https:\/\/portfolio.uqac.ca\/mariepierrebaron\/wp-json\/wp\/v2\/comments?post=141"}],"version-history":[{"count":2,"href":"https:\/\/portfolio.uqac.ca\/mariepierrebaron\/wp-json\/wp\/v2\/pages\/141\/revisions"}],"predecessor-version":[{"id":158,"href":"https:\/\/portfolio.uqac.ca\/mariepierrebaron\/wp-json\/wp\/v2\/pages\/141\/revisions\/158"}],"wp:attachment":[{"href":"https:\/\/portfolio.uqac.ca\/mariepierrebaron\/wp-json\/wp\/v2\/media?parent=141"}],"wp:term":[{"taxonomy":"post_tag","embeddable":true,"href":"https:\/\/portfolio.uqac.ca\/mariepierrebaron\/wp-json\/wp\/v2\/tags?post=141"}],"curies":[{"name":"wp","href":"https:\/\/api.w.org\/{rel}","templated":true}]}}