{"id":146,"date":"2014-09-15T16:30:29","date_gmt":"2014-09-15T20:30:29","guid":{"rendered":"http:\/\/portfolio-pre.uqac.ca\/mariepierrebaron\/?page_id=146"},"modified":"2021-02-04T09:30:08","modified_gmt":"2021-02-04T14:30:08","slug":"implications","status":"publish","type":"page","link":"https:\/\/portfolio.uqac.ca\/mariepierrebaron\/implications\/","title":{"rendered":"Implications"},"content":{"rendered":"<table>\n<tbody>\n<tr>\n<td width=\"353\"><strong>Directrice de la <a href=\"https:\/\/www.uqac.ca\/cuo\/\">Clinique universitaire d\u2019orthop\u00e9dagogie de l\u2019UQAC<\/a><\/strong><\/p>\n<p>D\u00e9partement des sciences de l\u2019\u00e9ducation<\/td>\n<td width=\"86\">Janvier 2018 \u00e0 ce jour<\/td>\n<\/tr>\n<tr>\n<td width=\"353\"><strong>Directrice de la <a href=\"https:\/\/www.uqac.ca\/rhe\">Revue Hybride de l\u2019\u00e9ducation (RH\u00c9)<\/a><\/strong><\/p>\n<p>D\u00e9partement des sciences de l\u2019\u00e9ducation UQAC<\/p>\n<p><a href=\"https:\/\/www.uqac.ca\/rhe\">www.uqac.ca\/rhe<\/a><\/td>\n<td width=\"86\">Mars 2016<\/p>\n<p>\u00e0 ce jour<\/td>\n<\/tr>\n<tr>\n<td width=\"353\"><strong>Membre du comit\u00e9 organisateur du congr\u00e8s de l\u2019AQEP<\/strong><\/p>\n<p><a href=\"https:\/\/www.uqac.ca\/adaptsco\/wp-content\/uploads\/2017\/03\/Alma_AQEP-2017pdf.pdf\"><strong>\u00ab\u00a0La diff\u00e9renciation\u00a0: tous concern\u00e9s pour que chacun soit consid\u00e9r\u00e9\u00a0\u00bb <\/strong><\/a><\/p>\n<p>H\u00f4tel Universel d\u2019Alma<\/td>\n<td width=\"86\">25 mars 2017<\/td>\n<\/tr>\n<tr>\n<td width=\"353\"><strong>Membre du comit\u00e9 de s\u00e9lection pour le tableau d\u2019honneur<\/strong><\/p>\n<p>Module d\u2019enseignement en adaptation scolaire (UQAC)<\/td>\n<td width=\"86\">2016-2017<\/td>\n<\/tr>\n<tr>\n<td width=\"353\"><strong>Membre du comit\u00e9 organisateur<\/strong><\/p>\n<p>Retrouvailles de l\u2019adaptation scolaire<\/td>\n<td width=\"86\">Avril 2016<\/p>\n<p>&nbsp;<\/td>\n<\/tr>\n<tr>\n<td width=\"353\"><strong>Membre du comit\u00e9 de s\u00e9lection<\/strong><\/p>\n<p>Stage \u00e9tudiant en Belgique<\/td>\n<td width=\"86\">2016<\/td>\n<\/tr>\n<tr>\n<td width=\"353\"><strong>Membre du conseil d\u2019administration du Regroupement Action Jeunesse<\/strong><\/p>\n<p>Forum Jeunesse R\u00e9gional au Saguenay Lac-St-Jean<\/td>\n<td width=\"86\">2015-2016<\/td>\n<\/tr>\n<tr>\n<td width=\"353\"><strong>Membre du comit\u00e9 social<\/strong><\/p>\n<p>D\u00e9partement des sciences de l\u2019\u00e9ducation (UQAC)<\/td>\n<td width=\"86\">2014-2017<\/td>\n<\/tr>\n<tr>\n<td width=\"353\"><strong>Membre du comit\u00e9 organisateur du Colloque de l\u2019adaptation scolaire \u00ab\u00a0Chacun son histoire\u00a0: une question d\u2019\u00e9quilibre pour faire face aux r\u00e9alit\u00e9s\u00a0\u00bb<\/strong><\/p>\n<p>Universit\u00e9 du Qu\u00e9bec \u00e0 Chicoutimi<\/td>\n<td width=\"86\">2014-2015<\/td>\n<\/tr>\n<tr>\n<td width=\"353\"><strong>Secr\u00e9taire-tr\u00e9sori\u00e8re de l\u2019Association des chercheures et chercheurs \u00e9tudiant en sciences de l\u2019\u00e9ducation (ACCESE) <\/strong><\/p>\n<p>Universit\u00e9 Laval, Qu\u00e9bec<\/td>\n<td width=\"86\">2011-2013<\/p>\n<p>&nbsp;<\/td>\n<\/tr>\n<tr>\n<td width=\"353\"><strong>\u00a0<\/strong><strong>Secr\u00e9taire-tr\u00e9sori\u00e8re et membre du comit\u00e9 organisateur du symposium \u00e9tudiant de l\u2019ACCESE \u00ab\u00a0R\u00e9ussir et soutenir la r\u00e9ussite\u00a0: regards crois\u00e9s des sciences de l\u2019\u00e9ducation\u00a0\u00bb <\/strong><\/p>\n<p>Universit\u00e9 Laval, Qu\u00e9bec<\/td>\n<td width=\"86\">&nbsp;<\/p>\n<p>2012<\/td>\n<\/tr>\n<tr>\n<td width=\"353\"><strong>Repr\u00e9sentante \u00e9lue des \u00e9tudiantes et \u00e9tudiants du 2<sup>e<\/sup> et 3<sup>e<\/sup> cycle<\/strong><\/p>\n<p><strong>Conseil facultaire de la Facult\u00e9 des sciences de l\u2019\u00e9ducation <\/strong><\/p>\n<p>Universit\u00e9 Laval, Qu\u00e9bec<\/td>\n<td width=\"86\">2012-2013<\/td>\n<\/tr>\n<tr>\n<td width=\"353\"><strong>Comit\u00e9 organisateur du Colloque de l\u2019adaptation scolaire <\/strong><\/p>\n<p>Universit\u00e9 du Qu\u00e9bec \u00e0 Chicoutimi, Saguenay<\/td>\n<td width=\"86\">2004<\/td>\n<\/tr>\n<\/tbody>\n<\/table>\n<p>&nbsp;<\/p>\n","protected":false},"excerpt":{"rendered":"<p>Directrice de la Clinique universitaire d\u2019orthop\u00e9dagogie de l\u2019UQAC D\u00e9partement des sciences de l\u2019\u00e9ducation Janvier 2018 \u00e0 ce jour Directrice de la Revue Hybride de l\u2019\u00e9ducation (RH\u00c9) D\u00e9partement des sciences de l\u2019\u00e9ducation UQAC www.uqac.ca\/rhe Mars 2016 \u00e0 ce jour Membre du comit\u00e9 organisateur du congr\u00e8s de l\u2019AQEP \u00ab\u00a0La diff\u00e9renciation\u00a0: tous concern\u00e9s pour que chacun soit consid\u00e9r\u00e9\u00a0\u00bb &hellip; <a href=\"https:\/\/portfolio.uqac.ca\/mariepierrebaron\/implications\/\" class=\"more-link\">Continuer la lecture de <span class=\"screen-reader-text\">Implications<\/span>  <span class=\"meta-nav\">&rarr;<\/span><\/a><\/p>\n","protected":false},"author":40,"featured_media":0,"parent":0,"menu_order":0,"comment_status":"open","ping_status":"open","template":"","meta":{"footnotes":""},"tags":[],"_links":{"self":[{"href":"https:\/\/portfolio.uqac.ca\/mariepierrebaron\/wp-json\/wp\/v2\/pages\/146"}],"collection":[{"href":"https:\/\/portfolio.uqac.ca\/mariepierrebaron\/wp-json\/wp\/v2\/pages"}],"about":[{"href":"https:\/\/portfolio.uqac.ca\/mariepierrebaron\/wp-json\/wp\/v2\/types\/page"}],"author":[{"embeddable":true,"href":"https:\/\/portfolio.uqac.ca\/mariepierrebaron\/wp-json\/wp\/v2\/users\/40"}],"replies":[{"embeddable":true,"href":"https:\/\/portfolio.uqac.ca\/mariepierrebaron\/wp-json\/wp\/v2\/comments?post=146"}],"version-history":[{"count":6,"href":"https:\/\/portfolio.uqac.ca\/mariepierrebaron\/wp-json\/wp\/v2\/pages\/146\/revisions"}],"predecessor-version":[{"id":196,"href":"https:\/\/portfolio.uqac.ca\/mariepierrebaron\/wp-json\/wp\/v2\/pages\/146\/revisions\/196"}],"wp:attachment":[{"href":"https:\/\/portfolio.uqac.ca\/mariepierrebaron\/wp-json\/wp\/v2\/media?parent=146"}],"wp:term":[{"taxonomy":"post_tag","embeddable":true,"href":"https:\/\/portfolio.uqac.ca\/mariepierrebaron\/wp-json\/wp\/v2\/tags?post=146"}],"curies":[{"name":"wp","href":"https:\/\/api.w.org\/{rel}","templated":true}]}}