{"id":175,"date":"2018-12-20T11:37:01","date_gmt":"2018-12-20T16:37:01","guid":{"rendered":"http:\/\/portfolio-pre.uqac.ca\/mariepierrebaron\/?page_id=175"},"modified":"2021-03-12T10:08:25","modified_gmt":"2021-03-12T15:08:25","slug":"encadrement-detudiants","status":"publish","type":"page","link":"https:\/\/portfolio.uqac.ca\/mariepierrebaron\/encadrement-detudiants\/","title":{"rendered":"Encadrement d&#8217;\u00e9tudiants"},"content":{"rendered":"<h1><strong>Direction de travaux de maitrise<\/strong><\/h1>\n<p><iframe loading=\"lazy\" src=\"https:\/\/constellation.uqac.ca\/cgi\/search\/archive\/advanced\/export_eprints_uqac_HTMLUQAC.html?screen=Search&amp;dataset=archive&amp;_action_export=1&amp;output=HTMLUQAC&amp;exp=0%7C1%7C-date%2Fcreators_name%2Ftitle%7Carchive%7C-%7Ccreators_name%2Fdirectors_name%3Acreators_name%2Fdirectors_name%3AALL%3AEQ%3ABaron%2C+Marie-Pierre%7Ctype%3Atype%3AANY%3AEQ%3Athesis%7C-%7Ceprint_status%3Aeprint_status%3AANY%3AEQ%3Aarchive%7Cmetadata_visibility%3Ametadata_visibility%3AANY%3AEQ%3Ashow&amp;n=\" width=\"500\" height=\"400\"><\/iframe><\/p>\n<h1><strong>Codirection de travaux de maitrise<\/strong><\/h1>\n<p>Laura C\u00f4t\u00e9 (2016 &#8211; ).\u00a0<em>Impacts de l\u2019utilisation d\u2019un r\u00e9viseur orthographique, comme aide technologique \u00e0 l\u2019apprentissage, sur les comp\u00e9tences en orthographe grammaticale de tous les \u00e9l\u00e8ves d\u2019une classe du secondaire<\/em>. Maitrise avec m\u00e9moire. Universit\u00e9 du Qu\u00e9bec \u00e0 Chicoutimi. Direction Patrick Giroux<\/p>\n<p>Myriam-Pascale St-Amand (2018 &#8211; ).\u00a0<em>Utilisation du blogue pour soutenir le d\u00e9veloppement de la comp\u00e9tence \u00e0 \u00e9crire d&#8217;\u00e9l\u00e8ves du troisi\u00e8me cycle du primaire<\/em>. Maitrise avec m\u00e9moire. Universit\u00e9 du Qu\u00e9bec \u00e0 Chicoutimi. Direction Carole C\u00f4t\u00e9<\/p>\n<h1><strong>Examen d\u2019\u00e9tudes sup\u00e9rieures<\/strong><\/h1>\n<p>Isabelle Brassard (2017). <em><a href=\"https:\/\/constellation.uqac.ca\/4366\/\">Fonctions ex\u00e9cutives et processus d\u2019\u00e9criture\u00a0: portrait de pratiques d\u2019enseignement au secondaire.<\/a>\u00a0<\/em>Maitrise avec m\u00e9moire. Universit\u00e9 du Qu\u00e9bec \u00e0 Chicoutimi.<\/p>\n","protected":false},"excerpt":{"rendered":"<p>Direction de travaux de maitrise Codirection de travaux de maitrise Laura C\u00f4t\u00e9 (2016 &#8211; ).\u00a0Impacts de l\u2019utilisation d\u2019un r\u00e9viseur orthographique, comme aide technologique \u00e0 l\u2019apprentissage, sur les comp\u00e9tences en orthographe grammaticale de tous les \u00e9l\u00e8ves d\u2019une classe du secondaire. Maitrise avec m\u00e9moire. Universit\u00e9 du Qu\u00e9bec \u00e0 Chicoutimi. Direction Patrick Giroux Myriam-Pascale St-Amand (2018 &#8211; ).\u00a0Utilisation &hellip; <a href=\"https:\/\/portfolio.uqac.ca\/mariepierrebaron\/encadrement-detudiants\/\" class=\"more-link\">Continuer la lecture de <span class=\"screen-reader-text\">Encadrement d&#8217;\u00e9tudiants<\/span>  <span class=\"meta-nav\">&rarr;<\/span><\/a><\/p>\n","protected":false},"author":40,"featured_media":0,"parent":0,"menu_order":0,"comment_status":"closed","ping_status":"closed","template":"","meta":{"footnotes":""},"tags":[],"_links":{"self":[{"href":"https:\/\/portfolio.uqac.ca\/mariepierrebaron\/wp-json\/wp\/v2\/pages\/175"}],"collection":[{"href":"https:\/\/portfolio.uqac.ca\/mariepierrebaron\/wp-json\/wp\/v2\/pages"}],"about":[{"href":"https:\/\/portfolio.uqac.ca\/mariepierrebaron\/wp-json\/wp\/v2\/types\/page"}],"author":[{"embeddable":true,"href":"https:\/\/portfolio.uqac.ca\/mariepierrebaron\/wp-json\/wp\/v2\/users\/40"}],"replies":[{"embeddable":true,"href":"https:\/\/portfolio.uqac.ca\/mariepierrebaron\/wp-json\/wp\/v2\/comments?post=175"}],"version-history":[{"count":11,"href":"https:\/\/portfolio.uqac.ca\/mariepierrebaron\/wp-json\/wp\/v2\/pages\/175\/revisions"}],"predecessor-version":[{"id":220,"href":"https:\/\/portfolio.uqac.ca\/mariepierrebaron\/wp-json\/wp\/v2\/pages\/175\/revisions\/220"}],"wp:attachment":[{"href":"https:\/\/portfolio.uqac.ca\/mariepierrebaron\/wp-json\/wp\/v2\/media?parent=175"}],"wp:term":[{"taxonomy":"post_tag","embeddable":true,"href":"https:\/\/portfolio.uqac.ca\/mariepierrebaron\/wp-json\/wp\/v2\/tags?post=175"}],"curies":[{"name":"wp","href":"https:\/\/api.w.org\/{rel}","templated":true}]}}