{"id":4,"date":"2012-07-23T17:46:31","date_gmt":"2012-07-23T17:46:31","guid":{"rendered":"http:\/\/portfolio-pre.uqac.ca\/gabarit\/?page_id=4"},"modified":"2021-02-04T08:59:28","modified_gmt":"2021-02-04T13:59:28","slug":"presentatio","status":"publish","type":"page","link":"https:\/\/portfolio.uqac.ca\/mariepierrebaron\/","title":{"rendered":"Pr\u00e9sentation"},"content":{"rendered":"<h2>Marie-Pierre Baron<\/h2>\n<p>&nbsp;<\/p>\n<p>Professeure au d\u00e9partement des sciences de l&#8217;\u00e9ducation<\/p>\n<p>Unit\u00e9\u00a0d&#8217;enseignement en adaptation scolaire et sociale<\/p>\n<p>Directrice de la Revue Hybride de l&#8217;\u00c9ducation \u00a0<a href=\"https:\/\/revues.uqac.ca\/index.php\/rhe\">https:\/\/revues.uqac.ca\/index.php\/rhe<\/a><\/p>\n<p>Directrice de la Clinique Universitaire d&#8217;Orthop\u00e9dagogie de l&#8217;UQAC\u00a0<a href=\"https:\/\/www.uqac.ca\/adaptsco\/?page_id=348\">https:\/\/www.uqac.ca\/adaptsco\/?page_id=348<\/a><\/p>\n<p>&nbsp;<\/p>\n<h2>Champs d&#8217;int\u00e9r\u00eat<\/h2>\n<ul>\n<li>D\u00e9veloppement du langage oral;<\/li>\n<li>Difficult\u00e9s et troubles langagiers (surdit\u00e9);<\/li>\n<li>D\u00e9veloppement du langage \u00e9crit;<\/li>\n<li>Difficult\u00e9s et troubles du langage \u00e9crit;<\/li>\n<li>Trouble du spectre autistique.<\/li>\n<\/ul>\n","protected":false},"excerpt":{"rendered":"<p>Marie-Pierre Baron &nbsp; Professeure au d\u00e9partement des sciences de l&#8217;\u00e9ducation Unit\u00e9\u00a0d&#8217;enseignement en adaptation scolaire et sociale Directrice de la Revue Hybride de l&#8217;\u00c9ducation \u00a0https:\/\/revues.uqac.ca\/index.php\/rhe Directrice de la Clinique Universitaire d&#8217;Orthop\u00e9dagogie de l&#8217;UQAC\u00a0https:\/\/www.uqac.ca\/adaptsco\/?page_id=348 &nbsp; Champs d&#8217;int\u00e9r\u00eat D\u00e9veloppement du langage oral; Difficult\u00e9s et troubles langagiers (surdit\u00e9); D\u00e9veloppement du langage \u00e9crit; Difficult\u00e9s et troubles du langage \u00e9crit; Trouble &hellip; <a href=\"https:\/\/portfolio.uqac.ca\/mariepierrebaron\/\" class=\"more-link\">Continuer la lecture de <span class=\"screen-reader-text\">Pr\u00e9sentation<\/span>  <span class=\"meta-nav\">&rarr;<\/span><\/a><\/p>\n","protected":false},"author":40,"featured_media":0,"parent":0,"menu_order":0,"comment_status":"closed","ping_status":"closed","template":"","meta":{"footnotes":""},"tags":[8,6,9,7,10],"_links":{"self":[{"href":"https:\/\/portfolio.uqac.ca\/mariepierrebaron\/wp-json\/wp\/v2\/pages\/4"}],"collection":[{"href":"https:\/\/portfolio.uqac.ca\/mariepierrebaron\/wp-json\/wp\/v2\/pages"}],"about":[{"href":"https:\/\/portfolio.uqac.ca\/mariepierrebaron\/wp-json\/wp\/v2\/types\/page"}],"author":[{"embeddable":true,"href":"https:\/\/portfolio.uqac.ca\/mariepierrebaron\/wp-json\/wp\/v2\/users\/40"}],"replies":[{"embeddable":true,"href":"https:\/\/portfolio.uqac.ca\/mariepierrebaron\/wp-json\/wp\/v2\/comments?post=4"}],"version-history":[{"count":25,"href":"https:\/\/portfolio.uqac.ca\/mariepierrebaron\/wp-json\/wp\/v2\/pages\/4\/revisions"}],"predecessor-version":[{"id":185,"href":"https:\/\/portfolio.uqac.ca\/mariepierrebaron\/wp-json\/wp\/v2\/pages\/4\/revisions\/185"}],"wp:attachment":[{"href":"https:\/\/portfolio.uqac.ca\/mariepierrebaron\/wp-json\/wp\/v2\/media?parent=4"}],"wp:term":[{"taxonomy":"post_tag","embeddable":true,"href":"https:\/\/portfolio.uqac.ca\/mariepierrebaron\/wp-json\/wp\/v2\/tags?post=4"}],"curies":[{"name":"wp","href":"https:\/\/api.w.org\/{rel}","templated":true}]}}