{"id":18,"date":"2012-07-23T20:05:15","date_gmt":"2012-07-23T20:05:15","guid":{"rendered":"http:\/\/portfolio-pre.uqac.ca\/gabarit\/?page_id=18"},"modified":"2021-04-21T11:32:17","modified_gmt":"2021-04-21T15:32:17","slug":"enseignement","status":"publish","type":"page","link":"https:\/\/portfolio.uqac.ca\/martinlavalliere\/enseignement\/","title":{"rendered":"Enseignement"},"content":{"rendered":"<h2>Baccalaur\u00e9at en kin\u00e9siologie<\/h2>\n<ul>\n<li><a href=\"https:\/\/cours.uqac.ca\/SKIN116\">SKIN 116<\/a> : Biom\u00e9canique<\/li>\n<li><a href=\"https:\/\/cours.uqac.ca\/SKIN120\">SKIN 120<\/a> : Apprentissage moteur et kin\u00e9siologie<\/li>\n<li><a href=\"https:\/\/cours.uqac.ca\/SKIN141\">SKIN 141<\/a> :\u00a0M\u00e9thodes et techniques de recherche<\/li>\n<li><a href=\"https:\/\/cours.uqac.ca\/SKIN143\">SKIN 143<\/a> :\u00a0Anatomie musculosquelettique fonctionnelle<\/li>\n<li><span style=\"line-height: 1.5;\"><a href=\"https:\/\/cours.uqac.ca\/SKIN201\">SKIN 201<\/a> : Vieillissement et kin\u00e9siologie<br \/>\n<\/span><\/li>\n<li><a href=\"https:\/\/cours.uqac.ca\/SKIN227\">SKIN 227<\/a> : Physiologie du travail et ergonomie en kin\u00e9siologie<\/li>\n<\/ul>\n<h2>Ma\u00eetrise en sciences cliniques et biom\u00e9dicales<\/h2>\n<ul>\n<li><a href=\"https:\/\/cours.uqac.ca\/SMEG807\">SMEG807<\/a> :\u00a0Sujets sp\u00e9ciaux<\/li>\n<li><a href=\"https:\/\/cours.uqac.ca\/SMEG815\">SMEG815<\/a> :\u00a0Sujets sp\u00e9ciaux II<\/li>\n<\/ul>\n","protected":false},"excerpt":{"rendered":"<p>Baccalaur\u00e9at en kin\u00e9siologie SKIN 116 : Biom\u00e9canique SKIN 120 : Apprentissage moteur et kin\u00e9siologie SKIN 141 :\u00a0M\u00e9thodes et techniques de recherche SKIN 143 :\u00a0Anatomie musculosquelettique fonctionnelle SKIN 201 : Vieillissement et kin\u00e9siologie SKIN 227 : Physiologie du travail et ergonomie en kin\u00e9siologie Ma\u00eetrise en sciences cliniques et biom\u00e9dicales SMEG807 :\u00a0Sujets sp\u00e9ciaux SMEG815 :\u00a0Sujets sp\u00e9ciaux II<\/p>\n","protected":false},"author":154,"featured_media":0,"parent":0,"menu_order":0,"comment_status":"closed","ping_status":"closed","template":"","meta":{"footnotes":""},"tags":[],"_links":{"self":[{"href":"https:\/\/portfolio.uqac.ca\/martinlavalliere\/wp-json\/wp\/v2\/pages\/18"}],"collection":[{"href":"https:\/\/portfolio.uqac.ca\/martinlavalliere\/wp-json\/wp\/v2\/pages"}],"about":[{"href":"https:\/\/portfolio.uqac.ca\/martinlavalliere\/wp-json\/wp\/v2\/types\/page"}],"author":[{"embeddable":true,"href":"https:\/\/portfolio.uqac.ca\/martinlavalliere\/wp-json\/wp\/v2\/users\/154"}],"replies":[{"embeddable":true,"href":"https:\/\/portfolio.uqac.ca\/martinlavalliere\/wp-json\/wp\/v2\/comments?post=18"}],"version-history":[{"count":11,"href":"https:\/\/portfolio.uqac.ca\/martinlavalliere\/wp-json\/wp\/v2\/pages\/18\/revisions"}],"predecessor-version":[{"id":178,"href":"https:\/\/portfolio.uqac.ca\/martinlavalliere\/wp-json\/wp\/v2\/pages\/18\/revisions\/178"}],"wp:attachment":[{"href":"https:\/\/portfolio.uqac.ca\/martinlavalliere\/wp-json\/wp\/v2\/media?parent=18"}],"wp:term":[{"taxonomy":"post_tag","embeddable":true,"href":"https:\/\/portfolio.uqac.ca\/martinlavalliere\/wp-json\/wp\/v2\/tags?post=18"}],"curies":[{"name":"wp","href":"https:\/\/api.w.org\/{rel}","templated":true}]}}