{"id":27,"date":"2012-07-24T12:57:18","date_gmt":"2012-07-24T12:57:18","guid":{"rendered":"http:\/\/portfolio-pre.uqac.ca\/gabarit\/?page_id=27"},"modified":"2019-02-13T09:46:50","modified_gmt":"2019-02-13T14:46:50","slug":"curriculum-vitae","status":"publish","type":"page","link":"https:\/\/portfolio.uqac.ca\/martinlavalliere\/curriculum-vitae\/","title":{"rendered":"Curriculum vitae"},"content":{"rendered":"<h2><strong>Dipl\u00f4mes<\/strong><\/h2>\n<p>\u2022 Post Doctorat, HEC Montr\u00e9al Mai 2015-Juillet 2016<br \/>\n\u2022 Microprogramme de 3e cycle en p\u00e9dagogie de l\u2019enseignement sup\u00e9rieur Universit\u00e9 de Sherbrooke,\u00a0\u00c9t\u00e9 2015 &#8211; Aujourd\u2019hui<br \/>\n\u2022 Post Doctorat, Massachusetts Institute of Technology, MIT AgeLab Mai 2013-Avril 2015<br \/>\n\u2022 Doctorat en kin\u00e9siologie, Universit\u00e9 Laval Septembre 2007-Avril 2013<br \/>\n\u2022 Ma\u00eetrise en kin\u00e9siologie, Universit\u00e9 Laval Septembre 2005-D\u00e9cembre 2007<br \/>\n\u2022 Baccalaur\u00e9at en kin\u00e9siologie, Universit\u00e9 Laval Septembre 2002-Mai 2005<\/p>\n<h2><strong>Affiliations professionnelles<\/strong><\/h2>\n<p>(ordre alphab\u00e9tique)<\/p>\n<ul>\n<li>CanDrive, membre associ\u00e9<\/li>\n<li>Canadian Association of Road Safety Professionals (CARSP)<\/li>\n<li>Centre interuniversitaire de recherche sur les r\u00e9seaux\u00a0d&#8217;entreprise, la logistique et le transport (CIRRELT)<\/li>\n<li>F\u00e9d\u00e9ration des kin\u00e9siologues du Qu\u00e9bec (#3330-06-AE)<\/li>\n<li>Human Factors and Ergonomics Society (HFES)<\/li>\n<li>International Society for Gerontechnology<\/li>\n<li>R\u00e9seau provincial de recherche en adaptation-r\u00e9adaptation (REPAR), chercheur en \u00e9mergence<\/li>\n<li>R\u00e9seau de Recherche en S\u00e9curit\u00e9 Routi\u00e8re du Qu\u00e9bec (RRSR)<\/li>\n<\/ul>\n<p>&nbsp;<\/p>\n<h2><strong>Bourses<br \/>\n<\/strong><\/h2>\n<p>\u2022 Bourse postdoctorale, Fonds de recherche du Qu\u00e9bec \u2013 Soci\u00e9t\u00e9 et Culture Mai 2013-Avril 2015<br \/>\n\u2022 Bourse postdoctorale, Institut de recherche en sant\u00e9 et en s\u00e9curit\u00e9 du travail D\u00e9clin\u00e9e pour FRQSC 2013<br \/>\n\u2022 Bourse d\u2019excellence au doctorat, R\u00e9seau de Recherche en S\u00e9curit\u00e9 Routi\u00e8re du Qu\u00e9bec Janvier 2012<br \/>\n\u2022 Bourse doctorale FRSQ 2008-2011<br \/>\n\u2022 Bourse FRSQ\u2013RQRV International, stage MIT AgeLab, Septembre 2009-D\u00e9cembre 2009<br \/>\n\u2022 Bourse doctorale de l\u2019Unit\u00e9 de recherche en G\u00e9riatrie de l&#8217;Universit\u00e9 Laval Septembre 2007<br \/>\n\u2022 Bourse doctorale du R\u00e9seau de Formation interdisciplinaire en recherche Sant\u00e9 et Vieillissement Mai 2007<\/p>\n<h2><strong>Distinctions<\/strong><\/h2>\n<ul>\n<li>Prix pour la Comp\u00e9tition 2018 Concours Jeunes Chercheurs, Journ\u00e9e scientifique REPAR-INTER 2018, 250$, Qu\u00e9bec (Qu\u00e9bec) 11 mai 2018<\/li>\n<li>Prix pour le meilleur article de la conf\u00e9rence (Best paper award), Conf\u00e9rente AutomotiveUI, Nottingham (United Kingdom), 2015, 1-3 Septembre<\/li>\n<li>Prix de l&#8217;\u00e9toile montante pour une pr\u00e9sentation par affiche, Conf\u00e9rence canadienne sur la pr\u00e9vention des traumatismes et la promotion de la s\u00e9curit\u00e9 et National Center for Injury Prevention and Control du Centers for Disease Control (USA), 5-7 novembre 2013, Montr\u00e9al (Qu\u00e9bec).<\/li>\n<\/ul>\n<p>\u2022 Best presentation award, 4th Annual Student Symposium, Association for the Advancement of Automobile Medicine, septembre 2013, Qu\u00e9bec (Qu\u00e9bec)<br \/>\n\u2022 3i\u00e8me prix du concours \u00e9tudiant, Association canadienne des professionnels de la s\u00e9curit\u00e9 routi\u00e8re et le Bureau d\u2019assurance du Canada (BAC), 23rd Canadian Multidisciplinary Road Safety Conference, Montr\u00e9al (Qu\u00e9bec).<br \/>\n\u2022 Prix du R\u00e9seau de Recherche en S\u00e9curit\u00e9 Routi\u00e8re, meilleure pr\u00e9sentation par affiche par un \u00e9tudiant au doctorat, Mai 2012, Qu\u00e9bec (Qu\u00e9bec).<br \/>\n\u2022 Prix Dr Charles H. Miller (meilleur papier technique), 20th Canadian Multidisciplinary Road Safety Conference, 2010, Niagara Falls (Ontario).<br \/>\n\u2022 2i\u00e8me prix du Concours d\u2019entreprise TestDrive du r\u00e9seau AUTO21, 2010, Ottawa (Ontario).<br \/>\n\u2022 1er prix du Concours d\u2019id\u00e9es d\u2019entreprises d\u2019Entrepreneuriat Laval-BMO, 2010, Qu\u00e9bec (Qu\u00e9bec).<br \/>\n\u2022 Honda Outstanding Student Paper Award, Driving Assessment 2009, Big Sky (Montana).<br \/>\n\u2022 Prix du jury, R\u00e9seau Qu\u00e9b\u00e9cois de Recherche sur le Vieillissement, 6i\u00e8me journ\u00e9e scientifique sur le vieillissement \u00abEn route vers le succ\u00e8s\u00bb, 2008, Montr\u00e9al (Qu\u00e9bec).<br \/>\n\u2022 Prix \u00c2ge+ de l&#8217;Institut du vieillissement des Institut de recherche en Sant\u00e9 du Canada, 2008.<br \/>\n\u2022 3i\u00e8me prix, M\u00e9moire AIPCR-Qu\u00e9bec, 44i\u00e8me Congr\u00e8s annuel de l\u2019Association Qu\u00e9b\u00e9coise du Transport et des Routes \u00abEn effervescence\u00bb, 2008, Qu\u00e9bec (Qu\u00e9bec).<br \/>\n\u2022 Prix du jury, Colloque \u00e9tudiant de l\u2019Institut sur le vieillissement et la participation sociale des a\u00een\u00e9s de l\u2019Universit\u00e9 Laval, 2008, Qu\u00e9bec (Qu\u00e9bec).<br \/>\n\u2022 Prix du jury, R\u00e9seau Qu\u00e9b\u00e9cois de Recherche sur le Vieillissement, 5i\u00e8me journ\u00e9e scientifique sur le vieillissement \u00ab La recherche sur le vieillissement : pour partager de nouvelles perspectives \u00bb, 2007, Sherbrooke (Qu\u00e9bec).<\/p>\n","protected":false},"excerpt":{"rendered":"<p>Dipl\u00f4mes \u2022 Post Doctorat, HEC Montr\u00e9al Mai 2015-Juillet 2016 \u2022 Microprogramme de 3e cycle en p\u00e9dagogie de l\u2019enseignement sup\u00e9rieur Universit\u00e9 de Sherbrooke,\u00a0\u00c9t\u00e9 2015 &#8211; Aujourd\u2019hui \u2022 Post Doctorat, Massachusetts Institute of Technology, MIT AgeLab Mai 2013-Avril 2015 \u2022 Doctorat en kin\u00e9siologie, Universit\u00e9 Laval Septembre 2007-Avril 2013 \u2022 Ma\u00eetrise en kin\u00e9siologie, Universit\u00e9 Laval Septembre 2005-D\u00e9cembre 2007 &hellip; <a href=\"https:\/\/portfolio.uqac.ca\/martinlavalliere\/curriculum-vitae\/\" class=\"more-link\">Continuer la lecture de <span class=\"screen-reader-text\">Curriculum vitae<\/span>  <span class=\"meta-nav\">&rarr;<\/span><\/a><\/p>\n","protected":false},"author":154,"featured_media":0,"parent":0,"menu_order":0,"comment_status":"closed","ping_status":"closed","template":"","meta":{"footnotes":""},"tags":[],"_links":{"self":[{"href":"https:\/\/portfolio.uqac.ca\/martinlavalliere\/wp-json\/wp\/v2\/pages\/27"}],"collection":[{"href":"https:\/\/portfolio.uqac.ca\/martinlavalliere\/wp-json\/wp\/v2\/pages"}],"about":[{"href":"https:\/\/portfolio.uqac.ca\/martinlavalliere\/wp-json\/wp\/v2\/types\/page"}],"author":[{"embeddable":true,"href":"https:\/\/portfolio.uqac.ca\/martinlavalliere\/wp-json\/wp\/v2\/users\/154"}],"replies":[{"embeddable":true,"href":"https:\/\/portfolio.uqac.ca\/martinlavalliere\/wp-json\/wp\/v2\/comments?post=27"}],"version-history":[{"count":11,"href":"https:\/\/portfolio.uqac.ca\/martinlavalliere\/wp-json\/wp\/v2\/pages\/27\/revisions"}],"predecessor-version":[{"id":138,"href":"https:\/\/portfolio.uqac.ca\/martinlavalliere\/wp-json\/wp\/v2\/pages\/27\/revisions\/138"}],"wp:attachment":[{"href":"https:\/\/portfolio.uqac.ca\/martinlavalliere\/wp-json\/wp\/v2\/media?parent=27"}],"wp:term":[{"taxonomy":"post_tag","embeddable":true,"href":"https:\/\/portfolio.uqac.ca\/martinlavalliere\/wp-json\/wp\/v2\/tags?post=27"}],"curies":[{"name":"wp","href":"https:\/\/api.w.org\/{rel}","templated":true}]}}