{"id":4,"date":"2012-07-23T17:46:31","date_gmt":"2012-07-23T17:46:31","guid":{"rendered":"http:\/\/portfolio-pre.uqac.ca\/gabarit\/?page_id=4"},"modified":"2021-04-21T11:11:31","modified_gmt":"2021-04-21T15:11:31","slug":"presentatio","status":"publish","type":"page","link":"https:\/\/portfolio.uqac.ca\/martinlavalliere\/","title":{"rendered":"Pr\u00e9sentation"},"content":{"rendered":"<h2>Martin Lavalli\u00e8re, Ph.D.<\/h2>\n<p>Professeur au d\u00e9partement des sciences de la sant\u00e9<\/p>\n<p>Programme de Kin\u00e9siologie<\/p>\n<h2>Champs d&#8217;int\u00e9r\u00eat<\/h2>\n<p>Facteurs humain et Ergonomie<\/p>\n<p>Mobilit\u00e9 et Autonomie<\/p>\n<p>S\u00e9curit\u00e9 Routi\u00e8re<\/p>\n","protected":false},"excerpt":{"rendered":"<p>Martin Lavalli\u00e8re, Ph.D. Professeur au d\u00e9partement des sciences de la sant\u00e9 Programme de Kin\u00e9siologie Champs d&#8217;int\u00e9r\u00eat Facteurs humain et Ergonomie Mobilit\u00e9 et Autonomie S\u00e9curit\u00e9 Routi\u00e8re<\/p>\n","protected":false},"author":154,"featured_media":0,"parent":0,"menu_order":0,"comment_status":"closed","ping_status":"closed","template":"","meta":{"footnotes":""},"tags":[8,6,9,7,10],"_links":{"self":[{"href":"https:\/\/portfolio.uqac.ca\/martinlavalliere\/wp-json\/wp\/v2\/pages\/4"}],"collection":[{"href":"https:\/\/portfolio.uqac.ca\/martinlavalliere\/wp-json\/wp\/v2\/pages"}],"about":[{"href":"https:\/\/portfolio.uqac.ca\/martinlavalliere\/wp-json\/wp\/v2\/types\/page"}],"author":[{"embeddable":true,"href":"https:\/\/portfolio.uqac.ca\/martinlavalliere\/wp-json\/wp\/v2\/users\/154"}],"replies":[{"embeddable":true,"href":"https:\/\/portfolio.uqac.ca\/martinlavalliere\/wp-json\/wp\/v2\/comments?post=4"}],"version-history":[{"count":17,"href":"https:\/\/portfolio.uqac.ca\/martinlavalliere\/wp-json\/wp\/v2\/pages\/4\/revisions"}],"predecessor-version":[{"id":167,"href":"https:\/\/portfolio.uqac.ca\/martinlavalliere\/wp-json\/wp\/v2\/pages\/4\/revisions\/167"}],"wp:attachment":[{"href":"https:\/\/portfolio.uqac.ca\/martinlavalliere\/wp-json\/wp\/v2\/media?parent=4"}],"wp:term":[{"taxonomy":"post_tag","embeddable":true,"href":"https:\/\/portfolio.uqac.ca\/martinlavalliere\/wp-json\/wp\/v2\/tags?post=4"}],"curies":[{"name":"wp","href":"https:\/\/api.w.org\/{rel}","templated":true}]}}