{"id":18,"date":"2024-08-20T15:02:11","date_gmt":"2024-08-20T19:02:11","guid":{"rendered":"http:\/\/portfolio-pre.uqac.ca\/gabarit\/?page_id=18"},"modified":"2025-01-07T08:18:42","modified_gmt":"2025-01-07T13:18:42","slug":"enseignement","status":"publish","type":"page","link":"https:\/\/portfolio.uqac.ca\/martinleclerc\/enseignement\/","title":{"rendered":"Enseignement"},"content":{"rendered":"<p>&nbsp;<\/p>\n<ul>\n<li><a href=\"https:\/\/programmes.uqac.ca\/1gfh318\" target=\"_blank\" rel=\"noopener\">1GFH318\u00a0: Gestion de la faune et des habitats<\/a><\/li>\n<li><a href=\"https:\/\/programmes.uqac.ca\/1zov222\" target=\"_blank\" rel=\"noopener\">1ZOV222\u00a0: Zoologie des vert\u00e9br\u00e9s<\/a><\/li>\n<li><a href=\"https:\/\/programmes.uqac.ca\/1bio152\" target=\"_blank\" rel=\"noopener\">1BIO152 : \u00c9cologie humaine<\/a><\/li>\n<li><a href=\"https:\/\/programmes.uqac.ca\/1fvb304\" target=\"_blank\" rel=\"noopener\">1FVB304 : Faune vert\u00e9br\u00e9 bor\u00e9ale<\/a><\/li>\n<\/ul>\n","protected":false},"excerpt":{"rendered":"<p>&nbsp; 1GFH318\u00a0: Gestion de la faune et des habitats 1ZOV222\u00a0: Zoologie des vert\u00e9br\u00e9s 1BIO152 : \u00c9cologie humaine 1FVB304 : Faune vert\u00e9br\u00e9 bor\u00e9ale<\/p>\n","protected":false},"author":89,"featured_media":0,"parent":0,"menu_order":0,"comment_status":"closed","ping_status":"closed","template":"","meta":{"footnotes":""},"tags":[],"_links":{"self":[{"href":"https:\/\/portfolio.uqac.ca\/martinleclerc\/wp-json\/wp\/v2\/pages\/18"}],"collection":[{"href":"https:\/\/portfolio.uqac.ca\/martinleclerc\/wp-json\/wp\/v2\/pages"}],"about":[{"href":"https:\/\/portfolio.uqac.ca\/martinleclerc\/wp-json\/wp\/v2\/types\/page"}],"author":[{"embeddable":true,"href":"https:\/\/portfolio.uqac.ca\/martinleclerc\/wp-json\/wp\/v2\/users\/89"}],"replies":[{"embeddable":true,"href":"https:\/\/portfolio.uqac.ca\/martinleclerc\/wp-json\/wp\/v2\/comments?post=18"}],"version-history":[{"count":6,"href":"https:\/\/portfolio.uqac.ca\/martinleclerc\/wp-json\/wp\/v2\/pages\/18\/revisions"}],"predecessor-version":[{"id":188,"href":"https:\/\/portfolio.uqac.ca\/martinleclerc\/wp-json\/wp\/v2\/pages\/18\/revisions\/188"}],"wp:attachment":[{"href":"https:\/\/portfolio.uqac.ca\/martinleclerc\/wp-json\/wp\/v2\/media?parent=18"}],"wp:term":[{"taxonomy":"post_tag","embeddable":true,"href":"https:\/\/portfolio.uqac.ca\/martinleclerc\/wp-json\/wp\/v2\/tags?post=18"}],"curies":[{"name":"wp","href":"https:\/\/api.w.org\/{rel}","templated":true}]}}