{"id":27,"date":"2024-08-20T15:02:11","date_gmt":"2024-08-20T19:02:11","guid":{"rendered":"http:\/\/portfolio-pre.uqac.ca\/gabarit\/?page_id=27"},"modified":"2024-11-11T14:30:50","modified_gmt":"2024-11-11T19:30:50","slug":"curriculum-vitae","status":"publish","type":"page","link":"https:\/\/portfolio.uqac.ca\/martinleclerc\/curriculum-vitae\/","title":{"rendered":"Curriculum vitae"},"content":{"rendered":"<h2><strong>Dipl\u00f4mes<\/strong><\/h2>\n<ul>\n<li>PhD en biologie \u00e0 l\u2019Universit\u00e9 de Sherbrooke (2018)<\/li>\n<li>MSc en gestion de la faune \u00e0 l\u2019Universit\u00e9 du Qu\u00e9bec \u00e0 Rimouski (2013)<\/li>\n<li>DESS en gestion de la faune \u00e0 l\u2019Universit\u00e9 du Qu\u00e9bec \u00e0 Rimouski (2010)<\/li>\n<li>BSc en biologie \u00e0 l\u2019Universit\u00e9 de Sherbrooke (2009)<\/li>\n<\/ul>\n<h2><strong> Distinctions et bourses<br \/>\n<\/strong><\/h2>\n<ul>\n<li>Bourse postdoctoral Banting, CRNSG et FRQNT (2018-2022)<\/li>\n<li>Liste d\u2019honneur aux \u00e9tudes sup\u00e9rieures de la Facult\u00e9 des sciences de l\u2019Universit\u00e9 de Sherbrooke (2018)<\/li>\n<li>Bourse d\u2019\u00e9tudes doctorale CRSNG et FRQNT (2014-2018)<\/li>\n<\/ul>\n","protected":false},"excerpt":{"rendered":"<p>Dipl\u00f4mes PhD en biologie \u00e0 l\u2019Universit\u00e9 de Sherbrooke (2018) MSc en gestion de la faune \u00e0 l\u2019Universit\u00e9 du Qu\u00e9bec \u00e0 Rimouski (2013) DESS en gestion de la faune \u00e0 l\u2019Universit\u00e9 du Qu\u00e9bec \u00e0 Rimouski (2010) BSc en biologie \u00e0 l\u2019Universit\u00e9 de Sherbrooke (2009) Distinctions et bourses Bourse postdoctoral Banting, CRNSG et FRQNT (2018-2022) Liste d\u2019honneur &hellip; <a href=\"https:\/\/portfolio.uqac.ca\/martinleclerc\/curriculum-vitae\/\" class=\"more-link\">Continuer la lecture de <span class=\"screen-reader-text\">Curriculum vitae<\/span>  <span class=\"meta-nav\">&rarr;<\/span><\/a><\/p>\n","protected":false},"author":89,"featured_media":0,"parent":0,"menu_order":0,"comment_status":"closed","ping_status":"closed","template":"","meta":{"footnotes":""},"tags":[],"_links":{"self":[{"href":"https:\/\/portfolio.uqac.ca\/martinleclerc\/wp-json\/wp\/v2\/pages\/27"}],"collection":[{"href":"https:\/\/portfolio.uqac.ca\/martinleclerc\/wp-json\/wp\/v2\/pages"}],"about":[{"href":"https:\/\/portfolio.uqac.ca\/martinleclerc\/wp-json\/wp\/v2\/types\/page"}],"author":[{"embeddable":true,"href":"https:\/\/portfolio.uqac.ca\/martinleclerc\/wp-json\/wp\/v2\/users\/89"}],"replies":[{"embeddable":true,"href":"https:\/\/portfolio.uqac.ca\/martinleclerc\/wp-json\/wp\/v2\/comments?post=27"}],"version-history":[{"count":5,"href":"https:\/\/portfolio.uqac.ca\/martinleclerc\/wp-json\/wp\/v2\/pages\/27\/revisions"}],"predecessor-version":[{"id":180,"href":"https:\/\/portfolio.uqac.ca\/martinleclerc\/wp-json\/wp\/v2\/pages\/27\/revisions\/180"}],"wp:attachment":[{"href":"https:\/\/portfolio.uqac.ca\/martinleclerc\/wp-json\/wp\/v2\/media?parent=27"}],"wp:term":[{"taxonomy":"post_tag","embeddable":true,"href":"https:\/\/portfolio.uqac.ca\/martinleclerc\/wp-json\/wp\/v2\/tags?post=27"}],"curies":[{"name":"wp","href":"https:\/\/api.w.org\/{rel}","templated":true}]}}