{"id":4,"date":"2024-08-20T15:02:11","date_gmt":"2024-08-20T19:02:11","guid":{"rendered":"http:\/\/portfolio-pre.uqac.ca\/gabarit\/?page_id=4"},"modified":"2024-11-11T14:31:32","modified_gmt":"2024-11-11T19:31:32","slug":"presentatio","status":"publish","type":"page","link":"https:\/\/portfolio.uqac.ca\/martinleclerc\/","title":{"rendered":"Pr\u00e9sentation"},"content":{"rendered":"<h2>Martin Leclerc<\/h2>\n<p>Professeur au D\u00e9partement des sciences fondamentales<\/p>\n<h2>Champs d&#8217;int\u00e9r\u00eat<\/h2>\n<ul>\n<li>\u00c9cologie animale<\/li>\n<li>\u00c9cologie \u00e9volutive et comportementale<\/li>\n<li>Analyses spatiales<\/li>\n<li>Biologie de la conservation<\/li>\n<\/ul>\n","protected":false},"excerpt":{"rendered":"<p>Martin Leclerc Professeur au D\u00e9partement des sciences fondamentales Champs d&#8217;int\u00e9r\u00eat \u00c9cologie animale \u00c9cologie \u00e9volutive et comportementale Analyses spatiales Biologie de la conservation<\/p>\n","protected":false},"author":89,"featured_media":0,"parent":0,"menu_order":0,"comment_status":"closed","ping_status":"closed","template":"","meta":{"footnotes":""},"tags":[],"_links":{"self":[{"href":"https:\/\/portfolio.uqac.ca\/martinleclerc\/wp-json\/wp\/v2\/pages\/4"}],"collection":[{"href":"https:\/\/portfolio.uqac.ca\/martinleclerc\/wp-json\/wp\/v2\/pages"}],"about":[{"href":"https:\/\/portfolio.uqac.ca\/martinleclerc\/wp-json\/wp\/v2\/types\/page"}],"author":[{"embeddable":true,"href":"https:\/\/portfolio.uqac.ca\/martinleclerc\/wp-json\/wp\/v2\/users\/89"}],"replies":[{"embeddable":true,"href":"https:\/\/portfolio.uqac.ca\/martinleclerc\/wp-json\/wp\/v2\/comments?post=4"}],"version-history":[{"count":12,"href":"https:\/\/portfolio.uqac.ca\/martinleclerc\/wp-json\/wp\/v2\/pages\/4\/revisions"}],"predecessor-version":[{"id":182,"href":"https:\/\/portfolio.uqac.ca\/martinleclerc\/wp-json\/wp\/v2\/pages\/4\/revisions\/182"}],"wp:attachment":[{"href":"https:\/\/portfolio.uqac.ca\/martinleclerc\/wp-json\/wp\/v2\/media?parent=4"}],"wp:term":[{"taxonomy":"post_tag","embeddable":true,"href":"https:\/\/portfolio.uqac.ca\/martinleclerc\/wp-json\/wp\/v2\/tags?post=4"}],"curies":[{"name":"wp","href":"https:\/\/api.w.org\/{rel}","templated":true}]}}