{"id":46,"date":"2024-08-20T15:02:11","date_gmt":"2024-08-20T19:02:11","guid":{"rendered":"http:\/\/portfolio-pre.uqac.ca\/gabarit\/?page_id=46"},"modified":"2024-11-11T14:31:58","modified_gmt":"2024-11-11T19:31:58","slug":"recherche","status":"publish","type":"page","link":"https:\/\/portfolio.uqac.ca\/martinleclerc\/recherche\/","title":{"rendered":"Recherche"},"content":{"rendered":"<ul>\n<li>\u00c9cologie et d\u00e9mographie du cerf de Virginie en milieu urbain<\/li>\n<li>\u00c9cologie spatiale du caribou forestier en for\u00eat bor\u00e9ale am\u00e9nag\u00e9e<\/li>\n<li>Comportement et g\u00e9n\u00e9tique du paysage chez les canid\u00e9s<\/li>\n<li>\u00c9cologie spatiale des grands mammif\u00e8res face aux feux de for\u00eat et aux s\u00e9cheresses<\/li>\n<li>Suivi de la physiologie et du comportement de la faune via la t\u00e9l\u00e9m\u00e9trie<\/li>\n<\/ul>\n","protected":false},"excerpt":{"rendered":"<p>\u00c9cologie et d\u00e9mographie du cerf de Virginie en milieu urbain \u00c9cologie spatiale du caribou forestier en for\u00eat bor\u00e9ale am\u00e9nag\u00e9e Comportement et g\u00e9n\u00e9tique du paysage chez les canid\u00e9s \u00c9cologie spatiale des grands mammif\u00e8res face aux feux de for\u00eat et aux s\u00e9cheresses Suivi de la physiologie et du comportement de la faune via la t\u00e9l\u00e9m\u00e9trie<\/p>\n","protected":false},"author":89,"featured_media":0,"parent":0,"menu_order":0,"comment_status":"closed","ping_status":"closed","template":"","meta":{"footnotes":""},"tags":[],"_links":{"self":[{"href":"https:\/\/portfolio.uqac.ca\/martinleclerc\/wp-json\/wp\/v2\/pages\/46"}],"collection":[{"href":"https:\/\/portfolio.uqac.ca\/martinleclerc\/wp-json\/wp\/v2\/pages"}],"about":[{"href":"https:\/\/portfolio.uqac.ca\/martinleclerc\/wp-json\/wp\/v2\/types\/page"}],"author":[{"embeddable":true,"href":"https:\/\/portfolio.uqac.ca\/martinleclerc\/wp-json\/wp\/v2\/users\/89"}],"replies":[{"embeddable":true,"href":"https:\/\/portfolio.uqac.ca\/martinleclerc\/wp-json\/wp\/v2\/comments?post=46"}],"version-history":[{"count":3,"href":"https:\/\/portfolio.uqac.ca\/martinleclerc\/wp-json\/wp\/v2\/pages\/46\/revisions"}],"predecessor-version":[{"id":183,"href":"https:\/\/portfolio.uqac.ca\/martinleclerc\/wp-json\/wp\/v2\/pages\/46\/revisions\/183"}],"wp:attachment":[{"href":"https:\/\/portfolio.uqac.ca\/martinleclerc\/wp-json\/wp\/v2\/media?parent=46"}],"wp:term":[{"taxonomy":"post_tag","embeddable":true,"href":"https:\/\/portfolio.uqac.ca\/martinleclerc\/wp-json\/wp\/v2\/tags?post=46"}],"curies":[{"name":"wp","href":"https:\/\/api.w.org\/{rel}","templated":true}]}}