{"id":18,"date":"2012-07-23T20:05:15","date_gmt":"2012-07-23T20:05:15","guid":{"rendered":"http:\/\/portfolio-pre.uqac.ca\/gabarit\/?page_id=18"},"modified":"2024-02-06T11:36:49","modified_gmt":"2024-02-06T16:36:49","slug":"enseignement","status":"publish","type":"page","link":"https:\/\/portfolio.uqac.ca\/martinotis\/enseignement\/","title":{"rendered":"Enseignement"},"content":{"rendered":"<p><strong>Premier cycle<\/strong><\/p>\n<ul>\n<li><a title=\"Syst\u00e8mes \u00e0 microprocesseurs\" href=\"https:\/\/cours.uqac.ca\/6GEI351\" target=\"_blank\"><span class=\"noprog\">6GEI351\u00a0<\/span>Syst\u00e8mes \u00e0 microprocesseurs<\/a><\/li>\n<li><a href=\"https:\/\/cours.uqac.ca\/6GEI435\">6GEI435\u00a0Syst\u00e8mes asservis<\/a><a href=\"https:\/\/portfolio.uqac.ca\/martinotis\/files\/2012\/07\/SysAsservis.jpg\"><img loading=\"lazy\" decoding=\"async\" class=\"wp-image-258 alignright\" src=\"https:\/\/portfolio.uqac.ca\/martinotis\/files\/2012\/07\/SysAsservis-288x300.jpg\" alt=\"sysasservis\" width=\"172\" height=\"179\" srcset=\"https:\/\/portfolio.uqac.ca\/martinotis\/files\/2012\/07\/SysAsservis-288x300.jpg 288w, https:\/\/portfolio.uqac.ca\/martinotis\/files\/2012\/07\/SysAsservis.jpg 480w\" sizes=\"(max-width: 172px) 100vw, 172px\" \/><\/a><\/li>\n<li><strong><a title=\"Automatique industrielle\" href=\"https:\/\/cours.uqac.ca\/6GMC628\" target=\"_blank\"><span class=\"noprog\">6GMC628\u00a0<\/span>Automatique industrielle<\/a><\/strong><\/li>\n<li><a title=\"Ing\u00e9nierie: M\u00e9thodes et pratique II\" href=\"https:\/\/cours.uqac.ca\/6GEN148\">6GEN148 Ing\u00e9nierie: M\u00e9thodes et pratique II<\/a><\/li>\n<\/ul>\n<p>&nbsp;<\/p>\n<p>&nbsp;<\/p>\n<p><strong>Cycles sup\u00e9rieurs (ma\u00eetrise et doctorat)<\/strong><\/p>\n<ul>\n<li><strong><a title=\"Interactions humain-robot\" href=\"https:\/\/cours.uqac.ca\/6MIG841\" target=\"_blank\"><span class=\"noprog\">6MIG841\u00a0<\/span>Interactions humain-robot<\/a><a><img loading=\"lazy\" decoding=\"async\" class=\"wp-image-257 alignright\" alt=\"IHR\" width=\"173\" height=\"154\" src=\"https:\/\/portfolio.uqac.ca\/martinotis\/files\/2024\/02\/Interaction-robotique.jpg\" \/><\/a><\/strong><\/li>\n<li><a title=\"Sujets sp\u00e9ciaux\" href=\"https:\/\/cours.uqac.ca\/6MIG923\">6MIG923 Sujets sp\u00e9ciaux en ing\u00e9nierie (DSA)<\/a><\/li>\n<li><a title=\"Sujets sp\u00e9ciaux en \u00e9lectronique\" href=\"https:\/\/cours.uqac.ca\/6MDI852\">6MDI852 Sujet sp\u00e9cial en \u00e9lectronique (DSA)<\/a><\/li>\n<li><a title=\"Examen de synth\u00e8se\" href=\"https:\/\/cours.uqac.ca\/INF9006\">INF9006 Examen de synth\u00e8se (DIM)<\/a><\/li>\n<li><a title=\"Atelier en calcul distribu\u00e9 et t\u00e9l\u00e9communications\" href=\"https:\/\/cours.uqac.ca\/INF9103\">INF9103 Atelier de calcul distribu\u00e9 et t\u00e9l\u00e9communications (DIM)<\/a><\/li>\n<\/ul>\n<p>Cours de projet au premier cycle<\/p>\n<ul>\n<li>6GIN555 Projet de synth\u00e8se en ing\u00e9nierie, DSA<\/li>\n<li>6GIN775 sujets sp\u00e9ciaux en ing\u00e9nierie, DSA<\/li>\n<li>8INF700 Sujet sp\u00e9cial en informatique, DIM<\/li>\n<li>8GIF225 Production jeux vid\u00e9o I, DIM<\/li>\n<li>8GIF235 Production jeux vid\u00e9o II, DIM<\/li>\n<\/ul>\n","protected":false},"excerpt":{"rendered":"<p>Premier cycle 6GEI351\u00a0Syst\u00e8mes \u00e0 microprocesseurs 6GEI435\u00a0Syst\u00e8mes asservis 6GMC628\u00a0Automatique industrielle 6GEN148 Ing\u00e9nierie: M\u00e9thodes et pratique II &nbsp; &nbsp; Cycles sup\u00e9rieurs (ma\u00eetrise et doctorat) 6MIG841\u00a0Interactions humain-robot 6MIG923 Sujets sp\u00e9ciaux en ing\u00e9nierie (DSA) 6MDI852 Sujet sp\u00e9cial en \u00e9lectronique (DSA) INF9006 Examen de synth\u00e8se (DIM) INF9103 Atelier de calcul distribu\u00e9 et t\u00e9l\u00e9communications (DIM) Cours de projet au premier cycle &hellip; <a href=\"https:\/\/portfolio.uqac.ca\/martinotis\/enseignement\/\" class=\"more-link\">Continuer la lecture de <span class=\"screen-reader-text\">Enseignement<\/span>  <span class=\"meta-nav\">&rarr;<\/span><\/a><\/p>\n","protected":false},"author":99,"featured_media":0,"parent":0,"menu_order":0,"comment_status":"closed","ping_status":"closed","template":"","meta":{"footnotes":""},"tags":[],"_links":{"self":[{"href":"https:\/\/portfolio.uqac.ca\/martinotis\/wp-json\/wp\/v2\/pages\/18"}],"collection":[{"href":"https:\/\/portfolio.uqac.ca\/martinotis\/wp-json\/wp\/v2\/pages"}],"about":[{"href":"https:\/\/portfolio.uqac.ca\/martinotis\/wp-json\/wp\/v2\/types\/page"}],"author":[{"embeddable":true,"href":"https:\/\/portfolio.uqac.ca\/martinotis\/wp-json\/wp\/v2\/users\/99"}],"replies":[{"embeddable":true,"href":"https:\/\/portfolio.uqac.ca\/martinotis\/wp-json\/wp\/v2\/comments?post=18"}],"version-history":[{"count":14,"href":"https:\/\/portfolio.uqac.ca\/martinotis\/wp-json\/wp\/v2\/pages\/18\/revisions"}],"predecessor-version":[{"id":415,"href":"https:\/\/portfolio.uqac.ca\/martinotis\/wp-json\/wp\/v2\/pages\/18\/revisions\/415"}],"wp:attachment":[{"href":"https:\/\/portfolio.uqac.ca\/martinotis\/wp-json\/wp\/v2\/media?parent=18"}],"wp:term":[{"taxonomy":"post_tag","embeddable":true,"href":"https:\/\/portfolio.uqac.ca\/martinotis\/wp-json\/wp\/v2\/tags?post=18"}],"curies":[{"name":"wp","href":"https:\/\/api.w.org\/{rel}","templated":true}]}}