{"id":20,"date":"2012-07-23T20:20:59","date_gmt":"2012-07-23T20:20:59","guid":{"rendered":"http:\/\/portfolio-pre.uqac.ca\/gabarit\/?page_id=20"},"modified":"2018-01-10T13:48:15","modified_gmt":"2018-01-10T18:48:15","slug":"publications","status":"publish","type":"page","link":"https:\/\/portfolio.uqac.ca\/martinotis\/publications\/","title":{"rendered":"Publications"},"content":{"rendered":"<h2>Sources \u00e0 jour<\/h2>\n<ul>\n<li>Publications sur\u00a0<a title=\"h-Index\" href=\"https:\/\/scholar.google.com\/citations?user=zOscKBoAAAAJ&amp;hl=en\" target=\"_blank\">Google Scholar<\/a><\/li>\n<li>Contributions sur <a title=\"Contributions\" href=\"https:\/\/www.researchgate.net\/profile\/Martin_Otis\/publications\" target=\"_blank\">ResearchGate<\/a><\/li>\n<\/ul>\n<h2>Brevet<\/h2>\n<ul>\n<li><span class=\"patent-title\">Method to determine physical properties of the ground, foot-worn sensor therefore, and method to advise a user of a risk of falling based thereon <\/span><br \/>\n<a href=\"https:\/\/patentscope.wipo.int\/search\/en\/detail.jsf?docId=WO2014032181\"><span class=\"patent-number\">WO 2014032181 A1<\/span><\/a><\/li>\n<\/ul>\n<h2>Publications (journal avec facteur d&#8217;impact) s\u00e9lectionn\u00e9es<\/h2>\n<ul>\n<li>Eya Barkallah, Johan Freulard, Martin Otis,\u00a0Suzy Ngomo, Johannes C. Ayena, Christian Desrosiers, <a href=\"https:\/\/www.mdpi.com\/1424-8220\/17\/9\/2003\"><em>Wearable Devices for Classification of Inadequate Posture at Work Using Neural Networks<\/em><\/a>.\u00a0<em>Sensors<\/em>\u00a0<b>2017<\/b>,\u00a0<em>17<\/em>, 2003 <strong>IF: 2.677<\/strong><\/li>\n<li>Guillaume Millet,\u00a0Danny Horodniczy,\u00a0Martin Otis, Jeremy Cooperstock,\u00a0<a href=\"https:\/\/doi.org\/10.1016\/j.mechatronics.2017.07.005\"><em>Design of Variable-Friction Devices for Shoe-Floor Contact<\/em><\/a>, Elsevier Mechatronics, accepted 29 July 2017\u00a0<strong>IF: 2.496<\/strong><\/li>\n<li><span class=\"contribDegrees corresponding \">Johannes C. Ayena,\u00a0<\/span><span class=\"contribDegrees \">Louis E. Tremblay,\u00a0<\/span><span class=\"contribDegrees \">Martin J.-D. Otis,\u00a0<\/span><span class=\"contribDegrees \"><span class=\"contribDegrees \">Bob-Antoine J. M\u00e9n\u00e9las,\u00a0<\/span><\/span><em><a href=\"https:\/\/doi.org\/10.1080\/08990220.2017.1421157\">Comparing auditory, visual and vibrotactile cues in individuals with Parkinson\u2019s disease for reducing risk of falling over different types of soil<\/a><\/em>, Taylor&amp;Francis,\u00a0Somatosensory &amp; Motor Research, 10 janv. 2018,\u00a0\u00a0<strong>IF : 0.909<\/strong><\/li>\n<li>Amir Mohamed Sassi, Martin J.-D. Otis, Alexandre Campeau-Lecours,\u00a0<a href=\"https:\/\/journals.sagepub.com\/doi\/10.1177\/1729881417727326\"><em>Active Stability Observer using Artificial Neural Network for Intuitive Physical Human-Robot Interaction<\/em><\/a>, \u00a0SAGE\u00a0International Journal of Advanced Robotic Systems, accepted, 21 july 2017 <strong>IF: 0.987<\/strong><\/li>\n<li>Ramy Meziane, Martin Otis, Hassan Ezzaidi,\u00a0<a href=\"https:\/\/doi.org\/10.1016\/j.rcim.2017.04.010\"><em>Human-robot collaboration while Sharing Production Activities in Dynamic Environment : SPADER system<\/em><\/a>, Elsevier\u00a0Robotics and Computer Integrated Manufacturing, https:\/\/doi.org\/10.1016\/j.rcim.2017.04.010, avril 2017, <strong>IF : 2.077<\/strong><\/li>\n<li><a href=\"https:\/\/biomechanical.asmedigitalcollection.asme.org\/solr\/searchresults.aspx?author=M.+Reza+Motamedi&amp;q=M.+Reza+Motamedi\">M. Reza Motamedi<\/a>, <a href=\"https:\/\/biomechanical.asmedigitalcollection.asme.org\/solr\/searchresults.aspx?author=Martin+Otis&amp;q=Martin+Otis\">Martin Otis<\/a> and <a href=\"https:\/\/biomechanical.asmedigitalcollection.asme.org\/solr\/searchresults.aspx?author=Vincent+Duchaine&amp;q=Vincent+Duchaine\">Vincent Duchaine<\/a>,\u00a0<span id=\"scm6MainContent_lblArticleTitle\"><em><a href=\"https:\/\/biomechanical.asmedigitalcollection.asme.org\/article.aspx?articleid=2618533&amp;resultClick=1\">The Impact of Simultaneously Applying Normal Stress and Vibrotactile Stimulation for Feedback of Exteroceptive Information<\/a><\/em>,\u00a0<span id=\"scm6MainContent_lblClientName\">ASME\u00a0Journal of Biomechanical Engineering,\u00a0<\/span><span id=\"scm6MainContent_lblDoi\">doi:10.1115\/1.4036417\u00a0<\/span><span id=\"scm6MainContent_lblHistory\">History: Received November 20, 2016; Revised March 29, 2017, <strong>IF: 1.7<\/strong><\/span><\/span><\/li>\n<li>J. Ayena; H. Zaibi; M. Otis; B. A. Menelas, &#8220;<a href=\"https:\/\/ieeexplore.ieee.org\/stamp\/stamp.jsp?arnumber=7358156\"><em>Home-Based Risk of Falling Assessment Test Using a Closed-Loop Balance Model<\/em>,<\/a>&#8221; in IEEE Transactions on Neural Systems and Rehabilitation Engineering, vol.PP, no.99, pp.1-1 doi: 10.1109\/TNSRE.2015.2508960, <strong>IF : 3.188<\/strong><\/li>\n<li><strong>Otis M. J.-D.,<\/strong> Ayena J.Cossoun, Tremblay L.E., Fortin P.E., M\u00e9n\u00e9las B.-A.-J. (2016) <a href=\"https:\/\/journals.plos.org\/plosone\/article?id=10.1371\/journal.pone.0162107\"><em>Use of an Enactive Insole for Reducing the Risk of Falling on Different Types of Soil Using Vibrotactile Cueing for the Elderly<\/em><\/a>. PLoS ONE 11(9): e0162107. doi:10.1371\/journal.pone.0162107 <strong>IF : 3.057<\/strong><\/li>\n<li>Alexandre Campeau-Lecours, Martin Otis, Pierre-Luc Belzile, Cl\u00e9ment Gosselin, <a href=\"https:\/\/www.sciencedirect.com\/science\/article\/pii\/S0957415816300277\"><em>A time-domain vibration observer and controller for physical human-robot interaction<\/em><\/a>, Mechatronics, Volume 36, June 2016, Pages 45-53, ISSN 0957-4158, https:\/\/dx.doi.org\/10.1016\/j.mechatronics.2016.04.006. <strong>IF : 1.726<\/strong><\/li>\n<li>Alexandre Campeau-Lecours, Martin Otis, Cl\u00e9ment Gosselin, <a href=\"https:\/\/journals.sagepub.com\/doi\/full\/10.1177\/1729881416658167\"><em>Modeling of physical human\u2013robot interaction: Admittance controllers applied to intelligent assist devices with large payload<\/em><\/a>, International Journal of Advanced Robotic Systems, September-October 2016 vol. 13 no. 5, Pages 1-12, https:\/\/arx.sagepub.com\/content\/13\/5\/1729881416658167<strong> IF : 0.65<\/strong><\/li>\n<li><strong>Martin J.-D. Otis<\/strong>, <a href=\"https:\/\/www.hindawi.com\/journals\/amse\/2013\/683041\/\"><em>Electromechanical Characterization and Locomotion Control of IPMC BioMicroRobot<\/em><\/a>,\u00a0Advances in Materials Science and Engineering, vol. 2013, Article ID 683041, 17 pages, 2013. doi:10.1155\/2013\/683041 <strong>IF:1.01<\/strong><\/li>\n<li>Perreault, S., Cardou, P., Gosselin, C.M., Otis, M.J.-D. <a href=\"https:\/\/mechanismsrobotics.asmedigitalcollection.asme.org\/article.aspx?articleid=1451792\"><em>Geometric determination of the interference-free constant-orientation workspace of parallel cable-driven mechanisms<\/em><\/a> (2010) Journal of Mechanisms and Robotics, 2 (3) <strong>IF: 1.238<\/strong><\/li>\n<\/ul>\n<h2>Monographie<\/h2>\n<p>OTIS, M. J.-D. : <a href=\"https:\/\/www.theses.ulaval.ca\/2009\/26941\/\">Analyse, commande et int\u00e9gration d\u2019un m\u00e9canisme\u00a0 parall\u00e8le entra\u00een\u00e9 par des c\u00e2bles pour la r\u00e9alisation d\u2019une interface\u00a0 haptique comme m\u00e9taphore de navigation dans un environnement virtuel<\/a>. th\u00e8se de doctorat, Universit\u00e9 Laval, Qu\u00e9bec, Canada, 241p. 1\u00a0 d\u00e9cembre 2009.<\/p>\n<p><a href=\"https:\/\/portfolio.uqac.ca\/martinotis\/files\/2016\/12\/PhDPicture.jpg\"><img loading=\"lazy\" decoding=\"async\" class=\"size-medium wp-image-276 aligncenter\" src=\"https:\/\/portfolio.uqac.ca\/martinotis\/files\/2016\/12\/PhDPicture-300x146.jpg\" alt=\"phdpicture\" width=\"300\" height=\"146\" srcset=\"https:\/\/portfolio.uqac.ca\/martinotis\/files\/2016\/12\/PhDPicture-300x146.jpg 300w, https:\/\/portfolio.uqac.ca\/martinotis\/files\/2016\/12\/PhDPicture-768x375.jpg 768w, https:\/\/portfolio.uqac.ca\/martinotis\/files\/2016\/12\/PhDPicture-1024x500.jpg 1024w, https:\/\/portfolio.uqac.ca\/martinotis\/files\/2016\/12\/PhDPicture.jpg 1350w\" sizes=\"(max-width: 300px) 100vw, 300px\" \/><\/a><\/p>\n<p>OTIS, M. J.-D. : <a href=\"https:\/\/savoirs.usherbrooke.ca\/handle\/11143\/1235\">D\u00e9veloppement d\u2019un moyen de propulsion pour un\u00a0 BioMicroRobot hexapode avec un ionom\u00e8re perfluorosulfonique<\/a>.\u00a0 m\u00e9moire de ma\u00eetrise, U. de Sherbrooke, Sherbrooke, Canada,<br \/>\n138p. janvier 2004.<\/p>\n<p><a href=\"https:\/\/portfolio.uqac.ca\/martinotis\/files\/2016\/12\/MasterPicture.jpg\"><img loading=\"lazy\" decoding=\"async\" class=\"size-medium wp-image-274 aligncenter\" src=\"https:\/\/portfolio.uqac.ca\/martinotis\/files\/2016\/12\/MasterPicture-300x153.jpg\" alt=\"masterpicture\" width=\"300\" height=\"153\" srcset=\"https:\/\/portfolio.uqac.ca\/martinotis\/files\/2016\/12\/MasterPicture-300x153.jpg 300w, https:\/\/portfolio.uqac.ca\/martinotis\/files\/2016\/12\/MasterPicture-768x391.jpg 768w, https:\/\/portfolio.uqac.ca\/martinotis\/files\/2016\/12\/MasterPicture-1024x521.jpg 1024w, https:\/\/portfolio.uqac.ca\/martinotis\/files\/2016\/12\/MasterPicture.jpg 1419w\" sizes=\"(max-width: 300px) 100vw, 300px\" \/><\/a><\/p>\n","protected":false},"excerpt":{"rendered":"<p>Sources \u00e0 jour Publications sur\u00a0Google Scholar Contributions sur ResearchGate Brevet Method to determine physical properties of the ground, foot-worn sensor therefore, and method to advise a user of a risk of falling based thereon WO 2014032181 A1 Publications (journal avec facteur d&#8217;impact) s\u00e9lectionn\u00e9es Eya Barkallah, Johan Freulard, Martin Otis,\u00a0Suzy Ngomo, Johannes C. Ayena, Christian Desrosiers, &hellip; <a href=\"https:\/\/portfolio.uqac.ca\/martinotis\/publications\/\" class=\"more-link\">Continuer la lecture de <span class=\"screen-reader-text\">Publications<\/span>  <span class=\"meta-nav\">&rarr;<\/span><\/a><\/p>\n","protected":false},"author":99,"featured_media":0,"parent":0,"menu_order":0,"comment_status":"closed","ping_status":"closed","template":"","meta":{"footnotes":""},"tags":[],"_links":{"self":[{"href":"https:\/\/portfolio.uqac.ca\/martinotis\/wp-json\/wp\/v2\/pages\/20"}],"collection":[{"href":"https:\/\/portfolio.uqac.ca\/martinotis\/wp-json\/wp\/v2\/pages"}],"about":[{"href":"https:\/\/portfolio.uqac.ca\/martinotis\/wp-json\/wp\/v2\/types\/page"}],"author":[{"embeddable":true,"href":"https:\/\/portfolio.uqac.ca\/martinotis\/wp-json\/wp\/v2\/users\/99"}],"replies":[{"embeddable":true,"href":"https:\/\/portfolio.uqac.ca\/martinotis\/wp-json\/wp\/v2\/comments?post=20"}],"version-history":[{"count":45,"href":"https:\/\/portfolio.uqac.ca\/martinotis\/wp-json\/wp\/v2\/pages\/20\/revisions"}],"predecessor-version":[{"id":382,"href":"https:\/\/portfolio.uqac.ca\/martinotis\/wp-json\/wp\/v2\/pages\/20\/revisions\/382"}],"wp:attachment":[{"href":"https:\/\/portfolio.uqac.ca\/martinotis\/wp-json\/wp\/v2\/media?parent=20"}],"wp:term":[{"taxonomy":"post_tag","embeddable":true,"href":"https:\/\/portfolio.uqac.ca\/martinotis\/wp-json\/wp\/v2\/tags?post=20"}],"curies":[{"name":"wp","href":"https:\/\/api.w.org\/{rel}","templated":true}]}}