{"id":211,"date":"2016-10-09T16:16:09","date_gmt":"2016-10-09T20:16:09","guid":{"rendered":"http:\/\/portfolio-pre.uqac.ca\/martinotis\/?page_id=211"},"modified":"2019-11-13T15:31:58","modified_gmt":"2019-11-13T20:31:58","slug":"services","status":"publish","type":"page","link":"https:\/\/portfolio.uqac.ca\/martinotis\/services\/","title":{"rendered":"Services"},"content":{"rendered":"<h2>Produits et services<\/h2>\n<ul>\n<li><strong>Asservissement<\/strong> des proc\u00e9d\u00e9s dynamiques (<em>conception de r\u00e9gulateur, compensateur<\/em>) et <strong>diagnostique<\/strong> (qualit\u00e9 de l&#8217;onde, sensibilit\u00e9 param\u00e9trique, production tout de m\u00eame, GEMMA)<a href=\"https:\/\/portfolio.uqac.ca\/martinotis\/files\/2016\/12\/asservissements2.jpg\"><img loading=\"lazy\" decoding=\"async\" class=\"wp-image-254 alignright\" src=\"https:\/\/portfolio.uqac.ca\/martinotis\/files\/2016\/12\/asservissements2-300x160.jpg\" alt=\"asservissements2\" width=\"231\" height=\"123\" srcset=\"https:\/\/portfolio.uqac.ca\/martinotis\/files\/2016\/12\/asservissements2-300x160.jpg 300w, https:\/\/portfolio.uqac.ca\/martinotis\/files\/2016\/12\/asservissements2-768x409.jpg 768w, https:\/\/portfolio.uqac.ca\/martinotis\/files\/2016\/12\/asservissements2.jpg 959w\" sizes=\"(max-width: 231px) 100vw, 231px\" \/><\/a><\/li>\n<li>Programmation et conception de\u00a0<strong>m\u00e9canismes robotiques d\u00e9di\u00e9s<\/strong>\n<ul>\n<li>RobotStudio<\/li>\n<li>Robotic Operating System (ROS)<\/li>\n<li>Visualisation 3D du fonctionnement d&#8217;un m\u00e9canisme robotique\u00a0d\u00e9di\u00e9 (<em>Hardward-In-The-Loop<\/em> HIL) incluant la dynamique et la commande<\/li>\n<\/ul>\n<\/li>\n<li><a href=\"https:\/\/portfolio.uqac.ca\/martinotis\/files\/2016\/12\/ProjetLaiterie.jpg\"><img loading=\"lazy\" decoding=\"async\" class=\"wp-image-252 alignright\" src=\"https:\/\/portfolio.uqac.ca\/martinotis\/files\/2016\/12\/ProjetLaiterie-300x172.jpg\" alt=\"projetlaiterie\" width=\"195\" height=\"112\" srcset=\"https:\/\/portfolio.uqac.ca\/martinotis\/files\/2016\/12\/ProjetLaiterie-300x172.jpg 300w, https:\/\/portfolio.uqac.ca\/martinotis\/files\/2016\/12\/ProjetLaiterie-768x440.jpg 768w, https:\/\/portfolio.uqac.ca\/martinotis\/files\/2016\/12\/ProjetLaiterie-1024x587.jpg 1024w, https:\/\/portfolio.uqac.ca\/martinotis\/files\/2016\/12\/ProjetLaiterie.jpg 1306w\" sizes=\"(max-width: 195px) 100vw, 195px\" \/><\/a>Conception d&#8217;<strong>instruments de mesure<\/strong> sp\u00e9cialis\u00e9s avec 5G\/WiFi\/Cloud\/IoT\/Intelligence artificielle<\/li>\n<li>Solution personnalis\u00e9e cl\u00e9 en main <strong>Industrie 5.0<\/strong>, pr\u00eat pour la prochaine r\u00e9volution industrielle<\/li>\n<\/ul>\n<p><strong><a href=\"https:\/\/portfolio.uqac.ca\/martinotis\/infrastructure\/\">Infrastructures disponibles pour les services aux industries et aux entreprises<\/a><\/strong><\/p>\n","protected":false},"excerpt":{"rendered":"<p>Produits et services Asservissement des proc\u00e9d\u00e9s dynamiques (conception de r\u00e9gulateur, compensateur) et diagnostique (qualit\u00e9 de l&#8217;onde, sensibilit\u00e9 param\u00e9trique, production tout de m\u00eame, GEMMA) Programmation et conception de\u00a0m\u00e9canismes robotiques d\u00e9di\u00e9s RobotStudio Robotic Operating System (ROS) Visualisation 3D du fonctionnement d&#8217;un m\u00e9canisme robotique\u00a0d\u00e9di\u00e9 (Hardward-In-The-Loop HIL) incluant la dynamique et la commande Conception d&#8217;instruments de mesure sp\u00e9cialis\u00e9s avec &hellip; <a href=\"https:\/\/portfolio.uqac.ca\/martinotis\/services\/\" class=\"more-link\">Continuer la lecture de <span class=\"screen-reader-text\">Services<\/span>  <span class=\"meta-nav\">&rarr;<\/span><\/a><\/p>\n","protected":false},"author":99,"featured_media":0,"parent":0,"menu_order":0,"comment_status":"closed","ping_status":"closed","template":"","meta":{"footnotes":""},"tags":[],"_links":{"self":[{"href":"https:\/\/portfolio.uqac.ca\/martinotis\/wp-json\/wp\/v2\/pages\/211"}],"collection":[{"href":"https:\/\/portfolio.uqac.ca\/martinotis\/wp-json\/wp\/v2\/pages"}],"about":[{"href":"https:\/\/portfolio.uqac.ca\/martinotis\/wp-json\/wp\/v2\/types\/page"}],"author":[{"embeddable":true,"href":"https:\/\/portfolio.uqac.ca\/martinotis\/wp-json\/wp\/v2\/users\/99"}],"replies":[{"embeddable":true,"href":"https:\/\/portfolio.uqac.ca\/martinotis\/wp-json\/wp\/v2\/comments?post=211"}],"version-history":[{"count":14,"href":"https:\/\/portfolio.uqac.ca\/martinotis\/wp-json\/wp\/v2\/pages\/211\/revisions"}],"predecessor-version":[{"id":391,"href":"https:\/\/portfolio.uqac.ca\/martinotis\/wp-json\/wp\/v2\/pages\/211\/revisions\/391"}],"wp:attachment":[{"href":"https:\/\/portfolio.uqac.ca\/martinotis\/wp-json\/wp\/v2\/media?parent=211"}],"wp:term":[{"taxonomy":"post_tag","embeddable":true,"href":"https:\/\/portfolio.uqac.ca\/martinotis\/wp-json\/wp\/v2\/tags?post=211"}],"curies":[{"name":"wp","href":"https:\/\/api.w.org\/{rel}","templated":true}]}}