{"id":25,"date":"2012-07-24T12:43:40","date_gmt":"2012-07-24T12:43:40","guid":{"rendered":"http:\/\/portfolio-pre.uqac.ca\/gabarit\/?page_id=25"},"modified":"2018-01-10T13:50:18","modified_gmt":"2018-01-10T18:50:18","slug":"etudiants","status":"publish","type":"page","link":"https:\/\/portfolio.uqac.ca\/martinotis\/etudiants\/","title":{"rendered":"Personnel hautement qualifi\u00e9 (PHQ)"},"content":{"rendered":"<p style=\"text-align: center\"><strong>Professionnels permanents<\/strong><\/p>\n<p><strong>Adams Soucy<\/strong>, M.Ing., ing. Conception \u00e9lectronique, m\u00e9catronicien, gestion des projets<br \/>\n<strong>Maxime Vaidis<\/strong>, M.Sc.A., Conception logicielle embarqu\u00e9e, gestion de l&#8217;infrastructure<\/p>\n<p style=\"text-align: center\"><strong>Post-doctorant<\/strong><\/p>\n<p style=\"text-align: left\"><a title=\"Johannes\" href=\"https:\/\/www.researchgate.net\/profile\/Johannes_Ayena\">Johannes C. Ayena<\/a>, algorithme de risque de chute<\/p>\n<p style=\"text-align: center\"><strong>Techniciens<\/strong><\/p>\n<p style=\"text-align: left\"><strong>Oleksiy Gensytskyy<\/strong> Conception informatique, m\u00e9catronicien<\/p>\n<table style=\"width: 100%\" border=\"1\">\n<caption><strong>Candidat au Ph.D.<\/strong><\/caption>\n<tbody>\n<tr>\n<td><strong>\u00c9tudiant<\/strong><\/td>\n<td><strong>Titre<\/strong><\/td>\n<td><strong>Direction<\/strong><\/td>\n<td><strong>Codirection<\/strong><\/td>\n<td><strong>Date de d\u00e9but<\/strong><\/td>\n<\/tr>\n<tr>\n<td><a title=\"Khaled\" href=\"https:\/\/www.researchgate.net\/profile\/Khaled_Youssef14\">Khaled Mohamed Youssef<\/a><\/td>\n<td>Diagnostic de syst\u00e8mes m\u00e9catroniques interactifs avec les humains<\/td>\n<td>Martin Otis<\/td>\n<td><\/td>\n<td>01\/2016<\/td>\n<\/tr>\n<tr>\n<td><a title=\"Colince\" href=\"https:\/\/www.researchgate.net\/profile\/Colince_Meli_Segning\">Colince Meli Segning<\/a><\/td>\n<td>Syst\u00e8me de r\u00e9duction de la douleur<\/td>\n<td>Suzy Ngomo<\/td>\n<td>Martin Otis<\/td>\n<td>01\/2016<\/td>\n<\/tr>\n<tr>\n<td>Patrick Jodouin<\/td>\n<td>Commande et navigation d&#8217;un robot manipulateur mobile en milieu minier<\/td>\n<td>Mohamad Saad (UQAT)<\/td>\n<td>Martin Otis (UQAC)<\/td>\n<td>01\/2015<\/td>\n<\/tr>\n<tr>\n<td>Maxime Vaidis<\/td>\n<td>\u00a0Interaction robotique en\u00a0zone\u00a0militaire occup\u00e9e<\/td>\n<td>\u00a0Martin Otis<\/td>\n<td><\/td>\n<td>01\/2018<\/td>\n<\/tr>\n<tr>\n<td><a title=\"Ramy\" href=\"https:\/\/www.researchgate.net\/profile\/Ramy_Meziane\">Ramy Meziane<\/a><\/td>\n<td>Contribution \u00e0 une commande interactive avec des robots simul\u00e9s en r\u00e9alit\u00e9 virtuelle<\/td>\n<td>Martin Otis<\/td>\n<td>Hassan Ezzaidi<\/td>\n<td>01\/2014<\/td>\n<\/tr>\n<tr>\n<td><a title=\"Julien\" href=\"https:\/\/www.researchgate.net\/profile\/Julien_Vandewynckel\">Julien Vandewynckel<\/a><\/td>\n<td>Extraction, analyse et visualisation des erreurs dans des activit\u00e9s humaines \u00e0 l\u2019aide d\u2019un dispositif mobile dans un contexte d\u2019intelligence ambiante<\/td>\n<td>Martin Otis<\/td>\n<td><\/td>\n<td>01\/2012<\/td>\n<\/tr>\n<\/tbody>\n<\/table>\n<table style=\"width: 100%\" border=\"1\">\n<caption><strong>Candidat \u00e0 la ma\u00eetrise<\/strong><\/caption>\n<tbody>\n<tr>\n<td><strong>\u00c9tudiant<\/strong><\/td>\n<td><strong>Titre<\/strong><\/td>\n<td><strong>Direction<\/strong><\/td>\n<td><strong>Codirection<\/strong><\/td>\n<td><strong>Date de d\u00e9but<\/strong><\/td>\n<\/tr>\n<tr>\n<td>Mayess BACCARI<\/td>\n<td>\n<p class=\"ep_tm_pagetitle\"><a>TBA<\/a><\/p>\n<\/td>\n<td>Martin Otis<\/td>\n<td>Suzy Ngomo<\/td>\n<td>09\/2017<\/td>\n<\/tr>\n<tr>\n<td><a href=\"https:\/\/www.researchgate.net\/profile\/Ulrich_Momene\">Ulrich Youta Momene<\/a><\/td>\n<td>\u00c9tude des techniques de r\u00e9duction de la douleur chez les fibromyalgiques<\/td>\n<td>Suzy Ngomo<\/td>\n<td>Martin Otis<\/td>\n<td>09\/2016<\/td>\n<\/tr>\n<tr>\n<td><a href=\"https:\/\/www.researchgate.net\/profile\/Fadwa_El_Aswad\">Fadwa El Aswad<\/a><\/td>\n<td>R\u00e9duction des TMS utilisant l&#8217;interaction humain-robot<\/td>\n<td>Martin Otis<\/td>\n<td>Suzy Ngomo<\/td>\n<td>01\/2017<\/td>\n<\/tr>\n<tr>\n<td>Vaidis Maxime<\/td>\n<td>Co-travailleurs robotiques interactifs<\/td>\n<td>Martin Otis<\/td>\n<td><\/td>\n<td>01\/2017<\/td>\n<\/tr>\n<tr>\n<td>\u00a0Jeremy\u00a0 Peyratout<\/td>\n<td>R\u00e9seautique et IoT<\/td>\n<td>Martin Otis<\/td>\n<td><\/td>\n<td>05\/2017<\/td>\n<\/tr>\n<\/tbody>\n<\/table>\n<table style=\"width: 100%\" border=\"1\">\n<caption><strong>Assistant de recherche au premier cycle<\/strong><\/caption>\n<tbody>\n<tr>\n<td><strong>\u00c9tudiant<\/strong><\/td>\n<td><strong>Titre<\/strong><\/td>\n<td><strong>Direction<\/strong><\/td>\n<td><strong>Codirection<\/strong><\/td>\n<\/tr>\n<tr>\n<td>Marika Morin<\/td>\n<td>\u00c9tude de la douleur<\/td>\n<td>Suzy Ngomo<\/td>\n<td>Martin Otis<\/td>\n<\/tr>\n<\/tbody>\n<\/table>\n<hr \/>\n<p><a title=\"Th\u00e8ses et m\u00e9moires\" href=\"https:\/\/constellation.uqac.ca\/cgi\/search\/archive\/advanced?screen=Search&amp;dataset=archive&amp;documents_merge=ALL&amp;documents=&amp;creators_name%2Ftitle_merge=ALL&amp;creators_name%2Ftitle=&amp;creators_name%2Fdirectors_name_merge=ALL&amp;creators_name%2Fdirectors_name=Otis%2C+Martin&amp;abstract_merge=ALL&amp;abstract=&amp;keywords_merge=ALL&amp;keywords=&amp;publication_merge=ALL&amp;publication=&amp;date=&amp;type=thesis&amp;type=thesis_other&amp;type=essay&amp;subjects_merge=ANY&amp;department_merge=ALL&amp;department=&amp;refereed=EITHER&amp;divisions_merge=ANY&amp;satisfyall=ALL&amp;order=-date%2Fcreators_name%2Ftitle&amp;_action_search=Chercher\">Liste de th\u00e8ses et m\u00e9moires sur Constellation<\/a><\/p>\n<table style=\"width: 100%\" border=\"1\">\n<caption><strong>Alumi (deuxi\u00e8me et troisi\u00e8me cycle)<br \/>\n<\/strong><\/caption>\n<tbody>\n<tr>\n<td><strong>\u00c9tudiant<\/strong><\/td>\n<td><strong>Titre<\/strong><\/td>\n<td><strong>Direction<\/strong><\/td>\n<td><strong>Codirection<\/strong><\/td>\n<td><strong>Date de d\u00e9but\/fin<\/strong><\/td>\n<\/tr>\n<tr>\n<td>Houssem Amamou<\/td>\n<td>\n<p class=\"ep_tm_pagetitle\"><a href=\"https:\/\/constellation.uqac.ca\/4131\/\">Conception et r\u00e9alisation d\u2019un syst\u00e8me d\u2019\u00e9valuation des comportements anormaux des op\u00e9rateurs dans un milieu industriel<\/a><\/p>\n<\/td>\n<td>Martin Otis<\/td>\n<td><\/td>\n<td>01\/2014<\/td>\n<\/tr>\n<tr>\n<td><a title=\"Johannes\" href=\"https:\/\/www.researchgate.net\/profile\/Johannes_Ayena\">Johannes C. Ayena<\/a><\/td>\n<td><a href=\"https:\/\/constellation.uqac.ca\/4354\/\">Int\u00e9gration d&#8217;un syst\u00e8me de r\u00e9duction des chutes pour les personnes atteintes de la maladie de Parkinson<\/a><\/td>\n<td>Martin Otis<\/td>\n<td>Bob-Antoine J. M\u00e9n\u00e9las<\/td>\n<td>01\/2014<\/td>\n<\/tr>\n<tr>\n<td><a title=\"Eya\" href=\"https:\/\/www.researchgate.net\/researcher\/2075562376_Eya_Barkallah\">Eya Barkallah<\/a><\/td>\n<td><a href=\"https:\/\/constellation.uqac.ca\/4127\/\">Conception et \u00e9valuation d&#8217;un instrument de mesure pour la d\u00e9tection des postures et des mouvements contraignants menant \u00e0 l\u2019apparition des troubles musculosquelettiques en milieu de travail \u00e0 l&#8217;aide de r\u00e9seaux de neurones<\/a><\/td>\n<td>Martin Otis<\/td>\n<td>Suzy Ngomo<\/td>\n<td>01\/2014 &#8211; 12\/2016<\/td>\n<\/tr>\n<tr>\n<td>Adams Soucy, ma\u00eetrise en ing\u00e9nierie<\/td>\n<td>\n<p class=\"ep_tm_pagetitle\"><a href=\"https:\/\/constellation.uqac.ca\/4069\/\">Syst\u00e8me de surveillance du statut nutritionnel des plants de tomates utilisant la vision num\u00e9rique proche infrarouge<\/a><\/p>\n<\/td>\n<td>Martin Otis<\/td>\n<td>Maxime Par\u00e9<\/td>\n<td>01\/2014 &#8211; 09\/2016<\/td>\n<\/tr>\n<tr>\n<td><a title=\"Amir\">Amir Sassi, ma\u00eetrise en ing\u00e9nierie<\/a><\/td>\n<td><a href=\"https:\/\/constellation.uqac.ca\/4048\/\">Conception, r\u00e9alisation et \u00e9valuation d\u2019une commande robotique interactive et d\u2019un guide haptique interfac\u00e9 par la technologie r\u00e9alit\u00e9 augment\u00e9e d\u00e9di\u00e9s \u00e0 l\u2019interaction physique humain-robot<\/a><\/td>\n<td>Martin Otis<\/td>\n<td><\/td>\n<td>01\/2014 &#8211; 09\/2016<\/td>\n<\/tr>\n<tr>\n<td><a title=\"Mahmoud\" href=\"https:\/\/www.researchgate.net\/profile\/Mahmoud_Ben_Brahem\">Mahmoud Ben Brahem, ma\u00eetrise en ing\u00e9nierie<\/a><\/td>\n<td><a href=\"https:\/\/constellation.uqac.ca\/4020\/\">Conception, r\u00e9alisation et \u00e9tude d&#8217;un dispositif d&#8217;\u00e9valuation des risques de d\u00e9s\u00e9quilibre lors de la marche<\/a><\/td>\n<td>Martin Otis<\/td>\n<td>Bob-Antoine J. M\u00e9n\u00e9las<\/td>\n<td>01\/2012 &#8211; 04\/2016<\/td>\n<\/tr>\n<tr>\n<td><a title=\"Helmi\" href=\"https:\/\/www.researchgate.net\/profile\/Helmi_Zaibi\">Helmi Zaibi, ma\u00eetrise en ing\u00e9nierie<\/a><\/td>\n<td><a title=\"Helmi\" href=\"https:\/\/constellation.uqac.ca\/3890\/\">Conception, r\u00e9alisation et \u00e9valuation d&#8217;un mod\u00e8le biom\u00e9canique li\u00e9 \u00e0 l&#8217;\u00e9quilibre inclus dans une orth\u00e8se pour les personnes ayant un d\u00e9ficit moteur<\/a><\/td>\n<td>Martin Otis<\/td>\n<td>Bob-Antoine J. M\u00e9n\u00e9las<\/td>\n<td>01\/2014 &#8211; 04\/2016<\/td>\n<\/tr>\n<tr>\n<td><a title=\"Etienne\">Etienne Polesel, ma\u00eetrise professionnelle en ing\u00e9nierie<\/a><\/td>\n<td><a title=\"M\u00e9moire de ma\u00eetrise\" href=\"https:\/\/constellation.uqac.ca\/3925\/\">\u00c9tude de l\u2019inclusion de la d\u00e9tection des activit\u00e9s humaines dans une cellule de travail hybride d\u00e9di\u00e9e \u00e0 la commande intelligente de robots via ROS en utilisant un r\u00e9seau de capteurs portables sans fil<\/a><\/td>\n<td>Martin Otis<\/td>\n<td><\/td>\n<td>09\/2015<\/td>\n<\/tr>\n<tr>\n<td><a title=\"Ping Li\" href=\"https:\/\/www.researchgate.net\/profile\/Ping_Li28\">Ping Li<\/a>, ma\u00eetrise en ing\u00e9nierie<\/td>\n<td><a title=\"M\u00e9moire de ma\u00eetrise\" href=\"https:\/\/constellation.uqac.ca\/3315\/\">\u00c9tude de la fatigue et du stress \u00e0 l&#8217;aide d&#8217;un casque de s\u00e9curit\u00e9 afin de rendre les machines tournantes plus s\u00e9curitaire<\/a><\/td>\n<td>Martin Otis<\/td>\n<td>Hassan Ezzaidi<\/td>\n<td>09\/2015<\/td>\n<\/tr>\n<tr>\n<td>David Gagnon, ma\u00eetrise en informatique<\/td>\n<td><a title=\"M\u00e9moire de ma\u00eetrise\" href=\"https:\/\/constellation.uqac.ca\/2773\/\">\u00c9valuation d&#8217;un risque de chute selon les param\u00e8tres de la d\u00e9marche et \u00e9tude d&#8217;une m\u00e9thode de transmission \u00e0 l&#8217;aide de stimuli tactiles<\/a><\/td>\n<td>Bob-Antoine J. M\u00e9n\u00e9las<\/td>\n<td>Martin Otis<\/td>\n<td>2014<\/td>\n<\/tr>\n<\/tbody>\n<\/table>\n<table style=\"width: 100%\" border=\"1\">\n<caption><strong>Alumi au premier cycle<\/strong><\/caption>\n<tbody>\n<tr>\n<td><strong>\u00c9tudiant<\/strong><\/td>\n<td><strong>Titre<\/strong><\/td>\n<td><strong>Direction<\/strong><\/td>\n<td><strong>Codirection<\/strong><\/td>\n<\/tr>\n<tr>\n<td>Johan Freulard<\/td>\n<td>Technologie de transduction des efforts<\/td>\n<td>Martin Otis<\/td>\n<td><\/td>\n<\/tr>\n<tr>\n<td>Charles Plante-Veillette<\/td>\n<td>Calibreur asservi (CRSNG SEP)<\/td>\n<td>Martin Otis<\/td>\n<td><\/td>\n<\/tr>\n<tr>\n<td><a title=\"Pascal Fortin\" href=\"https:\/\/www.researchgate.net\/profile\/Pascal_Fortin\">Pascal Fortin<\/a><\/td>\n<td>Synth\u00e8se de texture haptique d\u00e9di\u00e9 aux proth\u00e8ses et aux orth\u00e8ses (CRSNG BRPC)<\/td>\n<td>Martin Otis<\/td>\n<td><\/td>\n<\/tr>\n<tr>\n<td>Pierre-Marc Laforest<\/td>\n<td>Commande et asservissement multi-variables<\/td>\n<td>Martin Otis<\/td>\n<td><\/td>\n<\/tr>\n<tr>\n<td>Mainak Das<\/td>\n<td>\u00c9valuation du stress et de la fatigue utilisant un EEG lors de l&#8217;utilisation d&#8217;un robot (financ\u00e9 MITACS Globalink)<\/td>\n<td>Martin Otis<\/td>\n<td><\/td>\n<\/tr>\n<tr>\n<td>Yannick Bouchard<\/td>\n<td>Conception de la commande d&#8217;une mini-usine robotis\u00e9 et d&#8217;un robot 5DDL<\/td>\n<td>Martin Otis<\/td>\n<td><\/td>\n<\/tr>\n<tr>\n<td>Charles Dubois-Bouchard<\/td>\n<td>Conception de la m\u00e9catronique d&#8217;une mini-usine robotis\u00e9<\/td>\n<td>Martin Otis<\/td>\n<td><\/td>\n<\/tr>\n<tr>\n<td>Valeriy Gensytskyy<\/td>\n<td>Conception d&#8217;un casque de s\u00e9curit\u00e9 instrument\u00e9 (stage en milieu pratique)<\/td>\n<td>Martin Otis<\/td>\n<td><\/td>\n<\/tr>\n<tr>\n<td>\u00c9ric Jomphe<\/td>\n<td>Conception m\u00e9catronique d&#8217;une interface de locomotion utilisant un m\u00e9canisme parall\u00e8le entra\u00een\u00e9 par des c\u00e2bles<\/td>\n<td>Martin Otis<\/td>\n<td><\/td>\n<\/tr>\n<tr>\n<td>Abid Adjelane<\/td>\n<td>Conception de l&#8217;asservissement d&#8217;un m\u00e9canisme d&#8217;aide au maintient de l&#8217;\u00e9quilibre dans une salle de bain<\/td>\n<td>Martin Otis<\/td>\n<td><\/td>\n<\/tr>\n<tr>\n<td>Alexandre Poirier<\/td>\n<td>Conception d&#8217;un dossier m\u00e9dical \u00e9lectronique sur serveur web (Emploi \u00c9t\u00e9 Canada)<\/td>\n<td>Martin Otis<\/td>\n<td><\/td>\n<\/tr>\n<tr>\n<td>Simon Brassard<\/td>\n<td>Conception d&#8217;un jeux s\u00e9rieux pour l&#8217;\u00e9valuation clinique de l&#8217;\u00e9quilibre<\/td>\n<td>B.-A. J. M\u00e9n\u00e9las<\/td>\n<td>Martin Otis<\/td>\n<\/tr>\n<\/tbody>\n<\/table>\n","protected":false},"excerpt":{"rendered":"<p>Professionnels permanents Adams Soucy, M.Ing., ing. Conception \u00e9lectronique, m\u00e9catronicien, gestion des projets Maxime Vaidis, M.Sc.A., Conception logicielle embarqu\u00e9e, gestion de l&#8217;infrastructure Post-doctorant Johannes C. Ayena, algorithme de risque de chute Techniciens Oleksiy Gensytskyy Conception informatique, m\u00e9catronicien Candidat au Ph.D. \u00c9tudiant Titre Direction Codirection Date de d\u00e9but Khaled Mohamed Youssef Diagnostic de syst\u00e8mes m\u00e9catroniques interactifs avec &hellip; <a href=\"https:\/\/portfolio.uqac.ca\/martinotis\/etudiants\/\" class=\"more-link\">Continuer la lecture de <span class=\"screen-reader-text\">Personnel hautement qualifi\u00e9 (PHQ)<\/span>  <span class=\"meta-nav\">&rarr;<\/span><\/a><\/p>\n","protected":false},"author":99,"featured_media":0,"parent":0,"menu_order":0,"comment_status":"closed","ping_status":"closed","template":"","meta":{"footnotes":""},"tags":[],"_links":{"self":[{"href":"https:\/\/portfolio.uqac.ca\/martinotis\/wp-json\/wp\/v2\/pages\/25"}],"collection":[{"href":"https:\/\/portfolio.uqac.ca\/martinotis\/wp-json\/wp\/v2\/pages"}],"about":[{"href":"https:\/\/portfolio.uqac.ca\/martinotis\/wp-json\/wp\/v2\/types\/page"}],"author":[{"embeddable":true,"href":"https:\/\/portfolio.uqac.ca\/martinotis\/wp-json\/wp\/v2\/users\/99"}],"replies":[{"embeddable":true,"href":"https:\/\/portfolio.uqac.ca\/martinotis\/wp-json\/wp\/v2\/comments?post=25"}],"version-history":[{"count":81,"href":"https:\/\/portfolio.uqac.ca\/martinotis\/wp-json\/wp\/v2\/pages\/25\/revisions"}],"predecessor-version":[{"id":383,"href":"https:\/\/portfolio.uqac.ca\/martinotis\/wp-json\/wp\/v2\/pages\/25\/revisions\/383"}],"wp:attachment":[{"href":"https:\/\/portfolio.uqac.ca\/martinotis\/wp-json\/wp\/v2\/media?parent=25"}],"wp:term":[{"taxonomy":"post_tag","embeddable":true,"href":"https:\/\/portfolio.uqac.ca\/martinotis\/wp-json\/wp\/v2\/tags?post=25"}],"curies":[{"name":"wp","href":"https:\/\/api.w.org\/{rel}","templated":true}]}}