{"id":325,"date":"2017-08-07T12:43:29","date_gmt":"2017-08-07T16:43:29","guid":{"rendered":"http:\/\/portfolio-pre.uqac.ca\/martinotis\/?page_id=325"},"modified":"2017-10-27T08:31:44","modified_gmt":"2017-10-27T12:31:44","slug":"semelles-intelligentes","status":"publish","type":"page","link":"https:\/\/portfolio.uqac.ca\/martinotis\/semelles-intelligentes\/","title":{"rendered":"Semelles intelligentes"},"content":{"rendered":"<h1>Semelles intelligentes<\/h1>\n<p>Nous sommes \u00e0 la recherche de candidats \u00e0 la ma\u00eetrise et au doctorat. Envoyez-nous votre CV.<\/p>\n<p>Nouvelles dans les m\u00e9dias :<\/p>\n<ul>\n<li><a href=\"https:\/\/ici.radio-canada.ca\/nouvelle\/1047135\/une-semelle-qui-previent-les-chutes-concue-a-luqac\">Radio-Canada, nouvelles<\/a><\/li>\n<li><a href=\"https:\/\/www.lapresse.ca\/le-quotidien\/actualites\/201707\/24\/01-5118896-une-semelle-intelligente-pour-prevenir-les-chutes.php\">LaPresse<\/a> (Quotidien, LeDevoir, etc.)<\/li>\n<li><a href=\"https:\/\/www.lequotidien.com\/actualites\/179-000-pour-la-semelle-intelligente-6a9571077e96a0d94c251c5552d3fb72\">LeQuotidien<\/a><\/li>\n<li><a href=\"https:\/\/ici.radio-canada.ca\/premiere\/emissions\/l-heure-de-pointe\/episodes\/386249\/audio-fil-du-mardi-25-juillet-2017\/6\">L&#8217;heure de pointe<\/a>, Radio-Canada<\/li>\n<li><a href=\"https:\/\/canalm.vuesetvoix.com\/app\/uploads\/2017\/08\/20170807_martinotis_entrevuemlete.mp3\">Canal M<\/a> (fichier mp3)<\/li>\n<li><a href=\"https:\/\/www.newscientist.com\/article\/2146973-shoe-sensor-will-protect-your-back-from-heavy-lifting\/\">New Scientist<\/a><\/li>\n<\/ul>\n<p>Applications :<\/p>\n<ul>\n<li><a href=\"https:\/\/ieeexplore.ieee.org\/stamp\/stamp.jsp?arnumber=7358156\">Risque de chutes pour les personnes a\u00een\u00e9es<\/a><\/li>\n<li><a href=\"https:\/\/ieeexplore.ieee.org\/document\/7379546\/\">Analyse de la posture au travail<\/a><\/li>\n<li><a href=\"https:\/\/ieeexplore.ieee.org\/document\/6952983\/\">Fatigue, stress, douleur <\/a>(R\u00e9duction des troubles musculo-squelettiques)<\/li>\n<\/ul>\n<p>Recherche, R&amp;D et d\u00e9veloppements :<\/p>\n<ul>\n<li><strong><a title=\"ACHILE\" href=\"https:\/\/www.researchgate.net\/project\/ACHILE-Active-Computer-Human-Interaction-for-Locomotion-Enhancement\">ACHILE: aide \u00e0 la marche<\/a><\/strong>\u00a0\u2013 Syst\u00e8me de mesure et de correction du patron moteur de la marche pouvant aider la r\u00e9duction des chutes accidentelles<\/li>\n<li><strong><a title=\"SIMDUPPE\" href=\"https:\/\/www.researchgate.net\/project\/Safe-Interactive-Machine-Design-Using-Personal-Protective-Equipment-SIMDUPPE\">V\u00eatements de s\u00e9curit\u00e9 intelligents<\/a><\/strong>\u00a0\u2013 Instrumentation et \u00e9valuation de v\u00eatements intelligents en mesure de d\u00e9tecter des anomalies (chute au travail, fatigue, stress, risque dans l\u2019environnement, troubles musculosquelettiques) en temps-r\u00e9el (<em>Safe Interactive Machine Design Using Personal Protective Equipment<\/em>\u00a0(SIMDUPPE))<\/li>\n<\/ul>\n<p>Veuillez consulter la page\u00a0<em><strong><a href=\"https:\/\/portfolio.uqac.ca\/martinotis\/participants\/\">Participants <\/a><\/strong><\/em>pour nous aider \u00e0 l&#8217;avancement des connaissances et prendre part \u00e0 ces travaux de\u00a0recherche.<\/p>\n<p>&nbsp;<\/p>\n","protected":false},"excerpt":{"rendered":"<p>Semelles intelligentes Nous sommes \u00e0 la recherche de candidats \u00e0 la ma\u00eetrise et au doctorat. Envoyez-nous votre CV. Nouvelles dans les m\u00e9dias : Radio-Canada, nouvelles LaPresse (Quotidien, LeDevoir, etc.) LeQuotidien L&#8217;heure de pointe, Radio-Canada Canal M (fichier mp3) New Scientist Applications : Risque de chutes pour les personnes a\u00een\u00e9es Analyse de la posture au travail &hellip; <a href=\"https:\/\/portfolio.uqac.ca\/martinotis\/semelles-intelligentes\/\" class=\"more-link\">Continuer la lecture de <span class=\"screen-reader-text\">Semelles intelligentes<\/span>  <span class=\"meta-nav\">&rarr;<\/span><\/a><\/p>\n","protected":false},"author":99,"featured_media":0,"parent":0,"menu_order":0,"comment_status":"closed","ping_status":"closed","template":"","meta":{"footnotes":""},"tags":[],"_links":{"self":[{"href":"https:\/\/portfolio.uqac.ca\/martinotis\/wp-json\/wp\/v2\/pages\/325"}],"collection":[{"href":"https:\/\/portfolio.uqac.ca\/martinotis\/wp-json\/wp\/v2\/pages"}],"about":[{"href":"https:\/\/portfolio.uqac.ca\/martinotis\/wp-json\/wp\/v2\/types\/page"}],"author":[{"embeddable":true,"href":"https:\/\/portfolio.uqac.ca\/martinotis\/wp-json\/wp\/v2\/users\/99"}],"replies":[{"embeddable":true,"href":"https:\/\/portfolio.uqac.ca\/martinotis\/wp-json\/wp\/v2\/comments?post=325"}],"version-history":[{"count":9,"href":"https:\/\/portfolio.uqac.ca\/martinotis\/wp-json\/wp\/v2\/pages\/325\/revisions"}],"predecessor-version":[{"id":370,"href":"https:\/\/portfolio.uqac.ca\/martinotis\/wp-json\/wp\/v2\/pages\/325\/revisions\/370"}],"wp:attachment":[{"href":"https:\/\/portfolio.uqac.ca\/martinotis\/wp-json\/wp\/v2\/media?parent=325"}],"wp:term":[{"taxonomy":"post_tag","embeddable":true,"href":"https:\/\/portfolio.uqac.ca\/martinotis\/wp-json\/wp\/v2\/tags?post=325"}],"curies":[{"name":"wp","href":"https:\/\/api.w.org\/{rel}","templated":true}]}}