{"id":333,"date":"2017-08-08T08:59:39","date_gmt":"2017-08-08T12:59:39","guid":{"rendered":"http:\/\/portfolio-pre.uqac.ca\/martinotis\/?page_id=333"},"modified":"2017-08-08T13:58:06","modified_gmt":"2017-08-08T17:58:06","slug":"participants","status":"publish","type":"page","link":"https:\/\/portfolio.uqac.ca\/martinotis\/participants\/","title":{"rendered":"Participants"},"content":{"rendered":"<p><strong>Nous ne sommes actuellement pas \u00e0 la recherche de participants. Vous pouvez consulter cette page r\u00e9guli\u00e8rement.<\/strong><\/p>\n<h1>Pr\u00e9ambule<\/h1>\n<p>Nous sollicitons votre participation \u00e0 un projet de recherche.<\/p>\n<p>Il se peut que vous retiriez un b\u00e9n\u00e9fice de votre participation \u00e0 cette \u00e9tude, mais on ne peut pas vous en assurer. Par ailleurs, les r\u00e9sultats obtenus contribueront \u00e0 l\u2019avancement des connaissances dans le domaine. Les r\u00e9sultats des analyses seront publi\u00e9s dans des articles scientifiques.<\/p>\n<h1><strong>Confidentialit\u00e9 des donn\u00e9es<\/strong><\/h1>\n<p>Les chercheurs s\u2019engagent \u00e0 ne divulguer aucune information personnelle concernant le participant. En effet, seuls les r\u00e9sultats de recherche seront conserv\u00e9s, soient les signaux r\u00e9cup\u00e9r\u00e9s \u00e0 travers les capteurs et les calculs r\u00e9sultant de la d\u00e9marche scientifique, et ce, pour une p\u00e9riode minimale de 7 ans.<\/p>\n<h1>Participation volontaire et droit de retrait<\/h1>\n<p>Votre participation \u00e0 ce projet de recherche est volontaire. Vous \u00eates donc libre de refuser d\u2019y participer. Vous pouvez \u00e9galement vous retirer de ce projet \u00e0 n\u2019importe quel moment, sans avoir \u00e0 donner de raisons, en faisant conna\u00eetre verbalement votre d\u00e9cision au chercheur responsable du projet. Si vous d\u00e9cidez de vous retirer du projet, les donn\u00e9es vous concernant seront d\u00e9truites. Vos donn\u00e9es ne pourront plus \u00eatre d\u00e9truites lorsque vous aurez quitt\u00e9 le lieu de l&#8217;exp\u00e9rience.<\/p>\n<p>&nbsp;<\/p>\n","protected":false},"excerpt":{"rendered":"<p>Nous ne sommes actuellement pas \u00e0 la recherche de participants. Vous pouvez consulter cette page r\u00e9guli\u00e8rement. Pr\u00e9ambule Nous sollicitons votre participation \u00e0 un projet de recherche. Il se peut que vous retiriez un b\u00e9n\u00e9fice de votre participation \u00e0 cette \u00e9tude, mais on ne peut pas vous en assurer. Par ailleurs, les r\u00e9sultats obtenus contribueront \u00e0 &hellip; <a href=\"https:\/\/portfolio.uqac.ca\/martinotis\/participants\/\" class=\"more-link\">Continuer la lecture de <span class=\"screen-reader-text\">Participants<\/span>  <span class=\"meta-nav\">&rarr;<\/span><\/a><\/p>\n","protected":false},"author":99,"featured_media":0,"parent":0,"menu_order":0,"comment_status":"closed","ping_status":"closed","template":"","meta":{"footnotes":""},"tags":[],"_links":{"self":[{"href":"https:\/\/portfolio.uqac.ca\/martinotis\/wp-json\/wp\/v2\/pages\/333"}],"collection":[{"href":"https:\/\/portfolio.uqac.ca\/martinotis\/wp-json\/wp\/v2\/pages"}],"about":[{"href":"https:\/\/portfolio.uqac.ca\/martinotis\/wp-json\/wp\/v2\/types\/page"}],"author":[{"embeddable":true,"href":"https:\/\/portfolio.uqac.ca\/martinotis\/wp-json\/wp\/v2\/users\/99"}],"replies":[{"embeddable":true,"href":"https:\/\/portfolio.uqac.ca\/martinotis\/wp-json\/wp\/v2\/comments?post=333"}],"version-history":[{"count":3,"href":"https:\/\/portfolio.uqac.ca\/martinotis\/wp-json\/wp\/v2\/pages\/333\/revisions"}],"predecessor-version":[{"id":340,"href":"https:\/\/portfolio.uqac.ca\/martinotis\/wp-json\/wp\/v2\/pages\/333\/revisions\/340"}],"wp:attachment":[{"href":"https:\/\/portfolio.uqac.ca\/martinotis\/wp-json\/wp\/v2\/media?parent=333"}],"wp:term":[{"taxonomy":"post_tag","embeddable":true,"href":"https:\/\/portfolio.uqac.ca\/martinotis\/wp-json\/wp\/v2\/tags?post=333"}],"curies":[{"name":"wp","href":"https:\/\/api.w.org\/{rel}","templated":true}]}}