{"id":342,"date":"2017-08-09T10:19:04","date_gmt":"2017-08-09T14:19:04","guid":{"rendered":"http:\/\/portfolio-pre.uqac.ca\/martinotis\/?page_id=342"},"modified":"2017-09-13T14:06:57","modified_gmt":"2017-09-13T18:06:57","slug":"robotique-interactive","status":"publish","type":"page","link":"https:\/\/portfolio.uqac.ca\/martinotis\/robotique-interactive\/","title":{"rendered":"Robotique interactive"},"content":{"rendered":"<h1>Robotique collaborative et interactive<\/h1>\n<p>Ce projet b\u00e9n\u00e9ficie d&#8217;une FCI (250 000$) et d&#8217;un budget de fonctionnement du FRQ-NT (188 000$).<\/p>\n<p>Nouvelles dans les m\u00e9dias :<\/p>\n<p>Digital Trends: <a href=\"https:\/\/www.digitaltrends.com\/cool-tech\/ai-smart-sensors-lifting\/\">\u00a0SMART SENSORS WILL MAKE SURE YOU LIFT WITH YOUR KNEES BENT AND BACK STRAIGHT<\/a><\/p>\n<h1>Th\u00e8mes<\/h1>\n<ul>\n<li>R\u00e9duction des Troubles Musculo-Squelettiques (TMS) \u00e0 l&#8217;aide de la collaboration humain-robot<\/li>\n<li>Essaim de robots pour\u00a0la protection des populations en d\u00e9placement<\/li>\n<li>Utilisation de v\u00eatements intelligents pour communiquer naturellement avec le robot (troisi\u00e8me main robotique)<\/li>\n<li>Commande, automatique et asservissement<\/li>\n<\/ul>\n<p><a href=\"https:\/\/portfolio.uqac.ca\/martinotis\/files\/2017\/09\/UQAC_MartinOtis_Labo_LAIMI_2017-v3.jpg\"><img loading=\"lazy\" decoding=\"async\" class=\"alignnone size-medium wp-image-353 aligncenter\" src=\"https:\/\/portfolio.uqac.ca\/martinotis\/files\/2017\/09\/UQAC_MartinOtis_Labo_LAIMI_2017-v3-300x229.jpg\" alt=\"\" width=\"300\" height=\"229\" srcset=\"https:\/\/portfolio.uqac.ca\/martinotis\/files\/2017\/09\/UQAC_MartinOtis_Labo_LAIMI_2017-v3-300x229.jpg 300w, https:\/\/portfolio.uqac.ca\/martinotis\/files\/2017\/09\/UQAC_MartinOtis_Labo_LAIMI_2017-v3-768x585.jpg 768w, https:\/\/portfolio.uqac.ca\/martinotis\/files\/2017\/09\/UQAC_MartinOtis_Labo_LAIMI_2017-v3-1024x780.jpg 1024w, https:\/\/portfolio.uqac.ca\/martinotis\/files\/2017\/09\/UQAC_MartinOtis_Labo_LAIMI_2017-v3.jpg 1492w\" sizes=\"(max-width: 300px) 100vw, 300px\" \/><\/a><\/p>\n<p>&nbsp;<\/p>\n","protected":false},"excerpt":{"rendered":"<p>Robotique collaborative et interactive Ce projet b\u00e9n\u00e9ficie d&#8217;une FCI (250 000$) et d&#8217;un budget de fonctionnement du FRQ-NT (188 000$). Nouvelles dans les m\u00e9dias : Digital Trends: \u00a0SMART SENSORS WILL MAKE SURE YOU LIFT WITH YOUR KNEES BENT AND BACK STRAIGHT Th\u00e8mes R\u00e9duction des Troubles Musculo-Squelettiques (TMS) \u00e0 l&#8217;aide de la collaboration humain-robot Essaim de &hellip; <a href=\"https:\/\/portfolio.uqac.ca\/martinotis\/robotique-interactive\/\" class=\"more-link\">Continuer la lecture de <span class=\"screen-reader-text\">Robotique interactive<\/span>  <span class=\"meta-nav\">&rarr;<\/span><\/a><\/p>\n","protected":false},"author":99,"featured_media":0,"parent":0,"menu_order":0,"comment_status":"closed","ping_status":"closed","template":"","meta":{"footnotes":""},"tags":[],"_links":{"self":[{"href":"https:\/\/portfolio.uqac.ca\/martinotis\/wp-json\/wp\/v2\/pages\/342"}],"collection":[{"href":"https:\/\/portfolio.uqac.ca\/martinotis\/wp-json\/wp\/v2\/pages"}],"about":[{"href":"https:\/\/portfolio.uqac.ca\/martinotis\/wp-json\/wp\/v2\/types\/page"}],"author":[{"embeddable":true,"href":"https:\/\/portfolio.uqac.ca\/martinotis\/wp-json\/wp\/v2\/users\/99"}],"replies":[{"embeddable":true,"href":"https:\/\/portfolio.uqac.ca\/martinotis\/wp-json\/wp\/v2\/comments?post=342"}],"version-history":[{"count":5,"href":"https:\/\/portfolio.uqac.ca\/martinotis\/wp-json\/wp\/v2\/pages\/342\/revisions"}],"predecessor-version":[{"id":357,"href":"https:\/\/portfolio.uqac.ca\/martinotis\/wp-json\/wp\/v2\/pages\/342\/revisions\/357"}],"wp:attachment":[{"href":"https:\/\/portfolio.uqac.ca\/martinotis\/wp-json\/wp\/v2\/media?parent=342"}],"wp:term":[{"taxonomy":"post_tag","embeddable":true,"href":"https:\/\/portfolio.uqac.ca\/martinotis\/wp-json\/wp\/v2\/tags?post=342"}],"curies":[{"name":"wp","href":"https:\/\/api.w.org\/{rel}","templated":true}]}}