{"id":385,"date":"2019-11-13T15:28:54","date_gmt":"2019-11-13T20:28:54","guid":{"rendered":"http:\/\/portfolio-pre.uqac.ca\/martinotis\/?page_id=385"},"modified":"2019-11-15T10:30:15","modified_gmt":"2019-11-15T15:30:15","slug":"lar-i","status":"publish","type":"page","link":"https:\/\/portfolio.uqac.ca\/martinotis\/lar-i\/","title":{"rendered":"LAR.i"},"content":{"rendered":"<p>Le\u00a0Laboratoire d&#8217;Automatique et de Robotique interactive (LAR.i) r\u00e9alise des recherches de pointes dans les domaines de la m\u00e9catronique, de l&#8217;industrie 4.0 et des sciences informatiques.<\/p>\n<h2>Infrastructure &#8211; mat\u00e9riel disponible<\/h2>\n<p>Le LAR.i poss\u00e8de des infrastructures en robotique (cobot UR5) en m\u00e9trologie (National Instrument) et en automatique (Schneider M340).<\/p>\n<p><a href=\"https:\/\/portfolio.uqac.ca\/martinotis\/files\/2017\/09\/robot_UR5.jpg\"><img decoding=\"async\" class=\"alignnone size-medium wp-image-361\" src=\"https:\/\/portfolio.uqac.ca\/martinotis\/files\/2017\/09\/robot_UR5-300x225.jpg\" alt=\"\" width=\"150\" srcset=\"https:\/\/portfolio.uqac.ca\/martinotis\/files\/2017\/09\/robot_UR5-300x225.jpg 300w, https:\/\/portfolio.uqac.ca\/martinotis\/files\/2017\/09\/robot_UR5-768x576.jpg 768w, https:\/\/portfolio.uqac.ca\/martinotis\/files\/2017\/09\/robot_UR5.jpg 922w\" sizes=\"(max-width: 300px) 100vw, 300px\" \/><\/a><a href=\"https:\/\/portfolio.uqac.ca\/martinotis\/files\/2019\/11\/IMG_0370-e1573676689151.jpg\"><img decoding=\"async\" class=\"alignnone size-medium wp-image-387\" src=\"https:\/\/portfolio.uqac.ca\/martinotis\/files\/2019\/11\/IMG_0370-e1573676689151-225x300.jpg\" alt=\"\" width=\"150\" srcset=\"https:\/\/portfolio.uqac.ca\/martinotis\/files\/2019\/11\/IMG_0370-e1573676689151-225x300.jpg 225w, https:\/\/portfolio.uqac.ca\/martinotis\/files\/2019\/11\/IMG_0370-e1573676689151.jpg 480w\" sizes=\"(max-width: 225px) 100vw, 225px\" \/><\/a><a href=\"https:\/\/portfolio.uqac.ca\/martinotis\/files\/2017\/09\/crio.png\"><img decoding=\"async\" class=\"alignnone size-medium wp-image-367\" src=\"https:\/\/portfolio.uqac.ca\/martinotis\/files\/2017\/09\/crio-300x149.png\" alt=\"\" width=\"150\" srcset=\"https:\/\/portfolio.uqac.ca\/martinotis\/files\/2017\/09\/crio-300x149.png 300w, https:\/\/portfolio.uqac.ca\/martinotis\/files\/2017\/09\/crio.png 400w\" sizes=\"(max-width: 300px) 100vw, 300px\" \/><\/a><\/p>\n<h2>Expertises et services<\/h2>\n<p>L&#8217;\u00e9quipe vous permet de concr\u00e9tiser des prototypes :<\/p>\n<ul>\n<li>SolidWorks et Impression 3D<\/li>\n<li>Conception, tests et validation de PCB<\/li>\n<li>Microcontr\u00f4leur<\/li>\n<li>Capteurs et actionneurs<\/li>\n<li>M\u00e9trologie<\/li>\n<li>Commande s\u00e9quentielle de proc\u00e9d\u00e9, asservissement<\/li>\n<li>Simulation et int\u00e9gration de robots<\/li>\n<li>R\u00e9alit\u00e9 augment\u00e9 d&#8217;une nouvelle installation<\/li>\n<li>Programmation de robots<\/li>\n<\/ul>\n<h2>Services analytiques<\/h2>\n<ul>\n<li>Audits 4.0<\/li>\n<li>Normalisation CSA sur les bo\u00eetes de contr\u00f4les, d&#8217;instrumentations et l&#8217;installation de robots.<\/li>\n<li>T\u00e9l\u00e9surveillance d&#8217;alarmes.<\/li>\n<\/ul>\n<h2>Prototypes r\u00e9alis\u00e9s au laboratoire LAR.i<\/h2>\n<h3>Attache<\/h3>\n<p><a href=\"https:\/\/portfolio.uqac.ca\/martinotis\/files\/2016\/12\/ClipPicture.jpg\"><img loading=\"lazy\" decoding=\"async\" class=\"alignnone size-full wp-image-273\" src=\"https:\/\/portfolio.uqac.ca\/martinotis\/files\/2016\/12\/ClipPicture.jpg\" alt=\"\" width=\"259\" height=\"214\" \/><\/a><\/p>\n<h3>Enrouleurs<\/h3>\n<p><a href=\"https:\/\/portfolio.uqac.ca\/martinotis\/files\/2016\/12\/motorized_reel.jpg\"><img loading=\"lazy\" decoding=\"async\" class=\"alignnone size-medium wp-image-262\" src=\"https:\/\/portfolio.uqac.ca\/martinotis\/files\/2016\/12\/motorized_reel-300x244.jpg\" alt=\"\" width=\"300\" height=\"244\" srcset=\"https:\/\/portfolio.uqac.ca\/martinotis\/files\/2016\/12\/motorized_reel-300x244.jpg 300w, https:\/\/portfolio.uqac.ca\/martinotis\/files\/2016\/12\/motorized_reel.jpg 539w\" sizes=\"(max-width: 300px) 100vw, 300px\" \/><\/a><\/p>\n<h3>Asservissement et diagnostique de proc\u00e9d\u00e9s<\/h3>\n<p><a href=\"https:\/\/portfolio.uqac.ca\/martinotis\/files\/2016\/12\/asservissements2.jpg\"><img loading=\"lazy\" decoding=\"async\" class=\"alignnone size-medium wp-image-254\" src=\"https:\/\/portfolio.uqac.ca\/martinotis\/files\/2016\/12\/asservissements2-300x160.jpg\" alt=\"\" width=\"300\" height=\"160\" srcset=\"https:\/\/portfolio.uqac.ca\/martinotis\/files\/2016\/12\/asservissements2-300x160.jpg 300w, https:\/\/portfolio.uqac.ca\/martinotis\/files\/2016\/12\/asservissements2-768x409.jpg 768w, https:\/\/portfolio.uqac.ca\/martinotis\/files\/2016\/12\/asservissements2.jpg 959w\" sizes=\"(max-width: 300px) 100vw, 300px\" \/><\/a><\/p>\n<h3>Installation robotique et automatisation<\/h3>\n<p><a href=\"https:\/\/portfolio.uqac.ca\/martinotis\/files\/2016\/12\/ProjetLaiterie.jpg\"><img loading=\"lazy\" decoding=\"async\" class=\"alignnone size-medium wp-image-252\" src=\"https:\/\/portfolio.uqac.ca\/martinotis\/files\/2016\/12\/ProjetLaiterie-300x172.jpg\" alt=\"\" width=\"300\" height=\"172\" srcset=\"https:\/\/portfolio.uqac.ca\/martinotis\/files\/2016\/12\/ProjetLaiterie-300x172.jpg 300w, https:\/\/portfolio.uqac.ca\/martinotis\/files\/2016\/12\/ProjetLaiterie-768x440.jpg 768w, https:\/\/portfolio.uqac.ca\/martinotis\/files\/2016\/12\/ProjetLaiterie-1024x587.jpg 1024w, https:\/\/portfolio.uqac.ca\/martinotis\/files\/2016\/12\/ProjetLaiterie.jpg 1306w\" sizes=\"(max-width: 300px) 100vw, 300px\" \/><\/a><\/p>\n<h3>Instrumentation de v\u00eatements de s\u00e9curit\u00e9<\/h3>\n<p><a href=\"https:\/\/portfolio.uqac.ca\/martinotis\/files\/2016\/12\/SmartSafetyHelmet.jpg\"><img loading=\"lazy\" decoding=\"async\" class=\"alignnone size-medium wp-image-261\" src=\"https:\/\/portfolio.uqac.ca\/martinotis\/files\/2016\/12\/SmartSafetyHelmet-300x168.jpg\" alt=\"\" width=\"300\" height=\"168\" srcset=\"https:\/\/portfolio.uqac.ca\/martinotis\/files\/2016\/12\/SmartSafetyHelmet-300x168.jpg 300w, https:\/\/portfolio.uqac.ca\/martinotis\/files\/2016\/12\/SmartSafetyHelmet-768x430.jpg 768w, https:\/\/portfolio.uqac.ca\/martinotis\/files\/2016\/12\/SmartSafetyHelmet.jpg 942w\" sizes=\"(max-width: 300px) 100vw, 300px\" \/><\/a><\/p>\n","protected":false},"excerpt":{"rendered":"<p>Le\u00a0Laboratoire d&#8217;Automatique et de Robotique interactive (LAR.i) r\u00e9alise des recherches de pointes dans les domaines de la m\u00e9catronique, de l&#8217;industrie 4.0 et des sciences informatiques. Infrastructure &#8211; mat\u00e9riel disponible Le LAR.i poss\u00e8de des infrastructures en robotique (cobot UR5) en m\u00e9trologie (National Instrument) et en automatique (Schneider M340). Expertises et services L&#8217;\u00e9quipe vous permet de concr\u00e9tiser &hellip; <a href=\"https:\/\/portfolio.uqac.ca\/martinotis\/lar-i\/\" class=\"more-link\">Continuer la lecture de <span class=\"screen-reader-text\">LAR.i<\/span>  <span class=\"meta-nav\">&rarr;<\/span><\/a><\/p>\n","protected":false},"author":99,"featured_media":0,"parent":0,"menu_order":0,"comment_status":"closed","ping_status":"closed","template":"","meta":{"footnotes":""},"tags":[],"_links":{"self":[{"href":"https:\/\/portfolio.uqac.ca\/martinotis\/wp-json\/wp\/v2\/pages\/385"}],"collection":[{"href":"https:\/\/portfolio.uqac.ca\/martinotis\/wp-json\/wp\/v2\/pages"}],"about":[{"href":"https:\/\/portfolio.uqac.ca\/martinotis\/wp-json\/wp\/v2\/types\/page"}],"author":[{"embeddable":true,"href":"https:\/\/portfolio.uqac.ca\/martinotis\/wp-json\/wp\/v2\/users\/99"}],"replies":[{"embeddable":true,"href":"https:\/\/portfolio.uqac.ca\/martinotis\/wp-json\/wp\/v2\/comments?post=385"}],"version-history":[{"count":7,"href":"https:\/\/portfolio.uqac.ca\/martinotis\/wp-json\/wp\/v2\/pages\/385\/revisions"}],"predecessor-version":[{"id":398,"href":"https:\/\/portfolio.uqac.ca\/martinotis\/wp-json\/wp\/v2\/pages\/385\/revisions\/398"}],"wp:attachment":[{"href":"https:\/\/portfolio.uqac.ca\/martinotis\/wp-json\/wp\/v2\/media?parent=385"}],"wp:term":[{"taxonomy":"post_tag","embeddable":true,"href":"https:\/\/portfolio.uqac.ca\/martinotis\/wp-json\/wp\/v2\/tags?post=385"}],"curies":[{"name":"wp","href":"https:\/\/api.w.org\/{rel}","templated":true}]}}