{"id":4,"date":"2012-07-23T17:46:31","date_gmt":"2012-07-23T17:46:31","guid":{"rendered":"http:\/\/portfolio-pre.uqac.ca\/gabarit\/?page_id=4"},"modified":"2019-11-15T10:21:34","modified_gmt":"2019-11-15T15:21:34","slug":"presentatio","status":"publish","type":"page","link":"https:\/\/portfolio.uqac.ca\/martinotis\/","title":{"rendered":"Pr\u00e9sentation"},"content":{"rendered":"<p>&nbsp;<\/p>\n<h2>Martin Otis, ing. Ph.D.<\/h2>\n<p>Professeur au d\u00e9partement\u00a0des sciences appliqu\u00e9es<\/p>\n<p>Membre du RISUQ<br \/>\nResponsable du <a title=\"LAIMI\" href=\"https:\/\/www.uqac.ca\/laimi\/\" target=\"_blank\">LAIMI<\/a><br \/>\nDirecteur du <a title=\"LAR.i\" href=\"https:\/\/portfolio.uqac.ca\/martinotis\/lar-i\/\" target=\"_blank\">LAR.i<\/a> <\/p>\n<p><a href=\"https:\/\/portfolio.uqac.ca\/martinotis\/semelles-intelligentes\">Semelles intelligentes<\/a><\/p>\n<h2>Champs d&#8217;int\u00e9r\u00eat<\/h2>\n<p>Expertises:<\/p>\n<ul>\n<li>M\u00e9catronique<\/li>\n<li>Robotique (cobotique, interaction physique humain-robot)<a href=\"https:\/\/www.intechopen.com\/books\/advances-in-haptics\/cartesian-control-of-a-cable-driven-haptic-mechanism\"><img loading=\"lazy\" decoding=\"async\" class=\"wp-image-263 alignright\" src=\"https:\/\/portfolio.uqac.ca\/martinotis\/files\/2016\/12\/HybridControl-300x136.jpg\" alt=\"hybridcontrol\" width=\"229\" height=\"104\" srcset=\"https:\/\/portfolio.uqac.ca\/martinotis\/files\/2016\/12\/HybridControl-300x136.jpg 300w, https:\/\/portfolio.uqac.ca\/martinotis\/files\/2016\/12\/HybridControl-768x348.jpg 768w, https:\/\/portfolio.uqac.ca\/martinotis\/files\/2016\/12\/HybridControl.jpg 1004w\" sizes=\"(max-width: 229px) 100vw, 229px\" \/><\/a><\/li>\n<li>Haptique (force et vibrotactile)<\/li>\n<li>Automatique industrielle (identification, asservissement et automate)<\/li>\n<\/ul>\n<p>Applications:<\/p>\n<ul>\n<li>Robotique industrielle coop\u00e9rative (cellule de travail hybride)<\/li>\n<li><a href=\"https:\/\/ieeexplore.ieee.org\/document\/6952983\/\"><img loading=\"lazy\" decoding=\"async\" class=\"wp-image-261 alignright\" src=\"https:\/\/portfolio.uqac.ca\/martinotis\/files\/2016\/12\/SmartSafetyHelmet-300x168.jpg\" alt=\"smartsafetyhelmet\" width=\"157\" height=\"88\" srcset=\"https:\/\/portfolio.uqac.ca\/martinotis\/files\/2016\/12\/SmartSafetyHelmet-300x168.jpg 300w, https:\/\/portfolio.uqac.ca\/martinotis\/files\/2016\/12\/SmartSafetyHelmet-768x430.jpg 768w, https:\/\/portfolio.uqac.ca\/martinotis\/files\/2016\/12\/SmartSafetyHelmet-672x372.jpg 672w, https:\/\/portfolio.uqac.ca\/martinotis\/files\/2016\/12\/SmartSafetyHelmet.jpg 942w\" sizes=\"(max-width: 157px) 100vw, 157px\" \/><\/a>S\u00e9curit\u00e9 et surveillance non-invasif au travail<\/li>\n<li>R\u00e9duction des troubles musculo-squelettiques (TMS) de la r\u00e9gion cou-\u00e9paule<\/li>\n<li>Assistance \u00e0 la locomotion (r\u00e9duction des risques de chute)<\/li>\n<li>R\u00e9\u00e9ducation des fonctions motrices humaines avec la r\u00e9alit\u00e9 mixte<\/li>\n<\/ul>\n<h2><a title=\"Services\" href=\"https:\/\/portfolio.uqac.ca\/martinotis\/services\/\" target=\"_blank\">Produits et Services analytiques<\/a><\/h2>\n<ul>\n<li>Asservissement des proc\u00e9d\u00e9s dynamiques<\/li>\n<li>Programmation de robots<\/li>\n<li>Conception d&#8217;instruments de mesure sp\u00e9cialis\u00e9s<\/li>\n<li>Solution personnalis\u00e9e cl\u00e9 en main <strong>Industrie 5.0<\/strong>, pr\u00eat pour la prochaine r\u00e9volution industrielle<\/li>\n<\/ul>\n<p><a href=\"https:\/\/portfolio.uqac.ca\/martinotis\/files\/2016\/12\/motorized_reel.jpg\"><img loading=\"lazy\" decoding=\"async\" class=\"alignnone wp-image-262\" src=\"https:\/\/portfolio.uqac.ca\/martinotis\/files\/2016\/12\/motorized_reel-300x244.jpg\" alt=\"motorized_reel\" width=\"133\" height=\"108\" srcset=\"https:\/\/portfolio.uqac.ca\/martinotis\/files\/2016\/12\/motorized_reel-300x244.jpg 300w, https:\/\/portfolio.uqac.ca\/martinotis\/files\/2016\/12\/motorized_reel.jpg 539w\" sizes=\"(max-width: 133px) 100vw, 133px\" \/><\/a><a href=\"https:\/\/portfolio.uqac.ca\/martinotis\/files\/2012\/07\/systemofsystem_thumb.png\"><img loading=\"lazy\" decoding=\"async\" class=\"alignnone wp-image-264\" src=\"https:\/\/portfolio.uqac.ca\/martinotis\/files\/2012\/07\/systemofsystem_thumb-300x111.png\" alt=\"systemofsystem_thumb\" width=\"278\" height=\"103\" srcset=\"https:\/\/portfolio.uqac.ca\/martinotis\/files\/2012\/07\/systemofsystem_thumb-300x111.png 300w, https:\/\/portfolio.uqac.ca\/martinotis\/files\/2012\/07\/systemofsystem_thumb.png 715w\" sizes=\"(max-width: 278px) 100vw, 278px\" \/><\/a><\/p>\n","protected":false},"excerpt":{"rendered":"<p>&nbsp; Martin Otis, ing. Ph.D. Professeur au d\u00e9partement\u00a0des sciences appliqu\u00e9es Membre du RISUQ Responsable du LAIMI Directeur du LAR.i Semelles intelligentes Champs d&#8217;int\u00e9r\u00eat Expertises: M\u00e9catronique Robotique (cobotique, interaction physique humain-robot) Haptique (force et vibrotactile) Automatique industrielle (identification, asservissement et automate) Applications: Robotique industrielle coop\u00e9rative (cellule de travail hybride) S\u00e9curit\u00e9 et surveillance non-invasif au travail R\u00e9duction &hellip; <a href=\"https:\/\/portfolio.uqac.ca\/martinotis\/\" class=\"more-link\">Continuer la lecture de <span class=\"screen-reader-text\">Pr\u00e9sentation<\/span>  <span class=\"meta-nav\">&rarr;<\/span><\/a><\/p>\n","protected":false},"author":97,"featured_media":0,"parent":0,"menu_order":0,"comment_status":"closed","ping_status":"closed","template":"","meta":{"footnotes":""},"tags":[10,8],"_links":{"self":[{"href":"https:\/\/portfolio.uqac.ca\/martinotis\/wp-json\/wp\/v2\/pages\/4"}],"collection":[{"href":"https:\/\/portfolio.uqac.ca\/martinotis\/wp-json\/wp\/v2\/pages"}],"about":[{"href":"https:\/\/portfolio.uqac.ca\/martinotis\/wp-json\/wp\/v2\/types\/page"}],"author":[{"embeddable":true,"href":"https:\/\/portfolio.uqac.ca\/martinotis\/wp-json\/wp\/v2\/users\/97"}],"replies":[{"embeddable":true,"href":"https:\/\/portfolio.uqac.ca\/martinotis\/wp-json\/wp\/v2\/comments?post=4"}],"version-history":[{"count":30,"href":"https:\/\/portfolio.uqac.ca\/martinotis\/wp-json\/wp\/v2\/pages\/4\/revisions"}],"predecessor-version":[{"id":396,"href":"https:\/\/portfolio.uqac.ca\/martinotis\/wp-json\/wp\/v2\/pages\/4\/revisions\/396"}],"wp:attachment":[{"href":"https:\/\/portfolio.uqac.ca\/martinotis\/wp-json\/wp\/v2\/media?parent=4"}],"wp:term":[{"taxonomy":"post_tag","embeddable":true,"href":"https:\/\/portfolio.uqac.ca\/martinotis\/wp-json\/wp\/v2\/tags?post=4"}],"curies":[{"name":"wp","href":"https:\/\/api.w.org\/{rel}","templated":true}]}}