{"id":261,"date":"2022-12-21T08:32:20","date_gmt":"2022-12-21T13:32:20","guid":{"rendered":"http:\/\/portfolio-pre.uqac.ca\/martinsimard\/?page_id=261"},"modified":"2024-12-01T10:32:01","modified_gmt":"2024-12-01T15:32:01","slug":"presentation","status":"publish","type":"page","link":"https:\/\/portfolio.uqac.ca\/martinsimard\/","title":{"rendered":"Pr\u00e9sentation"},"content":{"rendered":"<p style=\"margin: 0cm 0cm 18.0pt 0cm\"><strong><span style=\"font-family: 'Lato',sans-serif;color: #2b2b2b\">Martin Simard<\/span><\/strong><span style=\"font-family: 'Lato',sans-serif;color: #2b2b2b\"> est professeur \u00e0 l\u2019UQAC depuis 2002. Apr\u00e8s des \u00e9tudes de baccalaur\u00e9at \u00e0 l\u2019UQAC, il a obtenu une ma\u00eetrise en urbanisme de l\u2019Universit\u00e9 McGill (1991) et un doctorat en g\u00e9ographie urbaine et r\u00e9gionale de l\u2019Universit\u00e9 Laval (2000).\u00a0<\/span><span style=\"font-family: 'Lato',sans-serif;color: #2b2b2b\">Ses projets de recherche portent sur les villes petites et moyennes en milieu p\u00e9riph\u00e9rique ou nordique de m\u00eame que sur les formes urbaines et le d\u00e9veloppement durable. <\/span><\/p>\n<p>Il a publi\u00e9 des dizaines d\u2019articles scientifiques en quatre langues et offert des communications dans une douzaine de pays sur trois continents. Celui-ci a \u00e9galement \u00e9t\u00e9 pr\u00e9sident du Regroupement des g\u00e9ographes du Qu\u00e9bec de 2014 \u00e0 2019 et il agit comme r\u00e9dacteur des textes en fran\u00e7ais pour la Revue Canadian Geographies \/ G\u00e9ographies canadiennes depuis 2020.<\/p>\n","protected":false},"excerpt":{"rendered":"<p>Martin Simard est professeur \u00e0 l\u2019UQAC depuis 2002. Apr\u00e8s des \u00e9tudes de baccalaur\u00e9at \u00e0 l\u2019UQAC, il a obtenu une ma\u00eetrise en urbanisme de l\u2019Universit\u00e9 McGill (1991) et un doctorat en g\u00e9ographie urbaine et r\u00e9gionale de l\u2019Universit\u00e9 Laval (2000).\u00a0Ses projets de recherche portent sur les villes petites et moyennes en milieu p\u00e9riph\u00e9rique ou nordique de m\u00eame &hellip; <a href=\"https:\/\/portfolio.uqac.ca\/martinsimard\/\" class=\"more-link\">Continuer la lecture de <span class=\"screen-reader-text\">Pr\u00e9sentation<\/span>  <span class=\"meta-nav\">&rarr;<\/span><\/a><\/p>\n","protected":false},"author":89,"featured_media":0,"parent":0,"menu_order":0,"comment_status":"closed","ping_status":"closed","template":"","meta":{"footnotes":""},"tags":[],"_links":{"self":[{"href":"https:\/\/portfolio.uqac.ca\/martinsimard\/wp-json\/wp\/v2\/pages\/261"}],"collection":[{"href":"https:\/\/portfolio.uqac.ca\/martinsimard\/wp-json\/wp\/v2\/pages"}],"about":[{"href":"https:\/\/portfolio.uqac.ca\/martinsimard\/wp-json\/wp\/v2\/types\/page"}],"author":[{"embeddable":true,"href":"https:\/\/portfolio.uqac.ca\/martinsimard\/wp-json\/wp\/v2\/users\/89"}],"replies":[{"embeddable":true,"href":"https:\/\/portfolio.uqac.ca\/martinsimard\/wp-json\/wp\/v2\/comments?post=261"}],"version-history":[{"count":5,"href":"https:\/\/portfolio.uqac.ca\/martinsimard\/wp-json\/wp\/v2\/pages\/261\/revisions"}],"predecessor-version":[{"id":288,"href":"https:\/\/portfolio.uqac.ca\/martinsimard\/wp-json\/wp\/v2\/pages\/261\/revisions\/288"}],"wp:attachment":[{"href":"https:\/\/portfolio.uqac.ca\/martinsimard\/wp-json\/wp\/v2\/media?parent=261"}],"wp:term":[{"taxonomy":"post_tag","embeddable":true,"href":"https:\/\/portfolio.uqac.ca\/martinsimard\/wp-json\/wp\/v2\/tags?post=261"}],"curies":[{"name":"wp","href":"https:\/\/api.w.org\/{rel}","templated":true}]}}