{"id":27,"date":"2012-07-24T12:57:18","date_gmt":"2012-07-24T12:57:18","guid":{"rendered":"http:\/\/portfolio-pre.uqac.ca\/gabarit\/?page_id=27"},"modified":"2014-10-08T11:55:07","modified_gmt":"2014-10-08T15:55:07","slug":"formationacademique","status":"publish","type":"page","link":"https:\/\/portfolio.uqac.ca\/mathieucusson\/formationacademique\/","title":{"rendered":"Formation acad\u00e9mique"},"content":{"rendered":"<ul>\n<li>\u00c9tudes post-doctorales : University of Saskatchewan,\u00a0University College Dublin et University of Pisa;<\/li>\n<\/ul>\n<ul>\n<li>Ph. D. en biologie (Universit\u00e9 Laval);<\/li>\n<\/ul>\n<ul>\n<li>M. Sc. en biologie (Universit\u00e9 Laval);<\/li>\n<\/ul>\n<ul>\n<li>B. Sc. en sciences biologiques (Universit\u00e9 de Montr\u00e9al).<\/li>\n<\/ul>\n","protected":false},"excerpt":{"rendered":"<p>\u00c9tudes post-doctorales : University of Saskatchewan,\u00a0University College Dublin et University of Pisa; Ph. D. en biologie (Universit\u00e9 Laval); M. Sc. en biologie (Universit\u00e9 Laval); B. Sc. en sciences biologiques (Universit\u00e9 de Montr\u00e9al).<\/p>\n","protected":false},"author":356,"featured_media":0,"parent":0,"menu_order":0,"comment_status":"closed","ping_status":"closed","template":"","meta":{"footnotes":""},"tags":[],"_links":{"self":[{"href":"https:\/\/portfolio.uqac.ca\/mathieucusson\/wp-json\/wp\/v2\/pages\/27"}],"collection":[{"href":"https:\/\/portfolio.uqac.ca\/mathieucusson\/wp-json\/wp\/v2\/pages"}],"about":[{"href":"https:\/\/portfolio.uqac.ca\/mathieucusson\/wp-json\/wp\/v2\/types\/page"}],"author":[{"embeddable":true,"href":"https:\/\/portfolio.uqac.ca\/mathieucusson\/wp-json\/wp\/v2\/users\/356"}],"replies":[{"embeddable":true,"href":"https:\/\/portfolio.uqac.ca\/mathieucusson\/wp-json\/wp\/v2\/comments?post=27"}],"version-history":[{"count":7,"href":"https:\/\/portfolio.uqac.ca\/mathieucusson\/wp-json\/wp\/v2\/pages\/27\/revisions"}],"predecessor-version":[{"id":96,"href":"https:\/\/portfolio.uqac.ca\/mathieucusson\/wp-json\/wp\/v2\/pages\/27\/revisions\/96"}],"wp:attachment":[{"href":"https:\/\/portfolio.uqac.ca\/mathieucusson\/wp-json\/wp\/v2\/media?parent=27"}],"wp:term":[{"taxonomy":"post_tag","embeddable":true,"href":"https:\/\/portfolio.uqac.ca\/mathieucusson\/wp-json\/wp\/v2\/tags?post=27"}],"curies":[{"name":"wp","href":"https:\/\/api.w.org\/{rel}","templated":true}]}}