{"id":4,"date":"2012-07-23T17:46:31","date_gmt":"2012-07-23T17:46:31","guid":{"rendered":"http:\/\/portfolio-pre.uqac.ca\/gabarit\/?page_id=4"},"modified":"2022-10-06T10:28:05","modified_gmt":"2022-10-06T14:28:05","slug":"presentatio","status":"publish","type":"page","link":"https:\/\/portfolio.uqac.ca\/mathieucusson\/","title":{"rendered":"Pr\u00e9sentation"},"content":{"rendered":"<h2 class=\"h2_prof\" style=\"color: #000000\">Mathieu Cusson<\/h2>\n<p>Professeur au d\u00e9partement des sciences fondamentales<\/p>\n<h2>Champ d&#8217;int\u00e9r\u00eat<\/h2>\n<p>\u00c9cologie des communaut\u00e9s marines.<\/p>\n<p>Je m&#8217;int\u00e9resse aux concepts th\u00e9oriques li\u00e9s aux communaut\u00e9s et populations benthiques marines, mais aussi \u00e0 leurs applications potentielles. Mes int\u00e9r\u00eats portent sur la mod\u00e9lisation multi\u00e9chelle (temporelle et spatiale) de la productivit\u00e9 (primaire et secondaire) et les liens entre biodiversit\u00e9, fonctionnement et services \u00e9cosyst\u00e9miques. Mes recherches offrent une contribution scientifique \u00e0 des domaines aussi divers que la dynamique des populations, les flux d&#8217;\u00e9nergie, les productions primaires et secondaires, l&#8217;h\u00e9t\u00e9rog\u00e9n\u00e9it\u00e9 environnementale et l&#8217;hydrodynamique dans des habitats vari\u00e9s : substrats s\u00e9dimentaires et rocheux, herbiers marins, environnements c\u00f4tiers m\u00e9dio et infralittoraux.<\/p>\n","protected":false},"excerpt":{"rendered":"<p>Mathieu Cusson Professeur au d\u00e9partement des sciences fondamentales Champ d&#8217;int\u00e9r\u00eat \u00c9cologie des communaut\u00e9s marines. Je m&#8217;int\u00e9resse aux concepts th\u00e9oriques li\u00e9s aux communaut\u00e9s et populations benthiques marines, mais aussi \u00e0 leurs applications potentielles. Mes int\u00e9r\u00eats portent sur la mod\u00e9lisation multi\u00e9chelle (temporelle et spatiale) de la productivit\u00e9 (primaire et secondaire) et les liens entre biodiversit\u00e9, fonctionnement et &hellip; <a href=\"https:\/\/portfolio.uqac.ca\/mathieucusson\/\" class=\"more-link\">Continuer la lecture de <span class=\"screen-reader-text\">Pr\u00e9sentation<\/span>  <span class=\"meta-nav\">&rarr;<\/span><\/a><\/p>\n","protected":false},"author":356,"featured_media":0,"parent":0,"menu_order":0,"comment_status":"closed","ping_status":"closed","template":"","meta":{"footnotes":""},"tags":[6],"_links":{"self":[{"href":"https:\/\/portfolio.uqac.ca\/mathieucusson\/wp-json\/wp\/v2\/pages\/4"}],"collection":[{"href":"https:\/\/portfolio.uqac.ca\/mathieucusson\/wp-json\/wp\/v2\/pages"}],"about":[{"href":"https:\/\/portfolio.uqac.ca\/mathieucusson\/wp-json\/wp\/v2\/types\/page"}],"author":[{"embeddable":true,"href":"https:\/\/portfolio.uqac.ca\/mathieucusson\/wp-json\/wp\/v2\/users\/356"}],"replies":[{"embeddable":true,"href":"https:\/\/portfolio.uqac.ca\/mathieucusson\/wp-json\/wp\/v2\/comments?post=4"}],"version-history":[{"count":15,"href":"https:\/\/portfolio.uqac.ca\/mathieucusson\/wp-json\/wp\/v2\/pages\/4\/revisions"}],"predecessor-version":[{"id":163,"href":"https:\/\/portfolio.uqac.ca\/mathieucusson\/wp-json\/wp\/v2\/pages\/4\/revisions\/163"}],"wp:attachment":[{"href":"https:\/\/portfolio.uqac.ca\/mathieucusson\/wp-json\/wp\/v2\/media?parent=4"}],"wp:term":[{"taxonomy":"post_tag","embeddable":true,"href":"https:\/\/portfolio.uqac.ca\/mathieucusson\/wp-json\/wp\/v2\/tags?post=4"}],"curies":[{"name":"wp","href":"https:\/\/api.w.org\/{rel}","templated":true}]}}