{"id":46,"date":"2012-07-24T14:17:13","date_gmt":"2012-07-24T14:17:13","guid":{"rendered":"http:\/\/portfolio-pre.uqac.ca\/gabarit\/?page_id=46"},"modified":"2022-10-06T10:45:03","modified_gmt":"2022-10-06T14:45:03","slug":"recherche","status":"publish","type":"page","link":"https:\/\/portfolio.uqac.ca\/mathieucusson\/recherche\/","title":{"rendered":"Th\u00e8mes de recherche"},"content":{"rendered":"<ul>\n<li>Biodiversit\u00e9 : distribution, cause et cons\u00e9quence;<\/li>\n<\/ul>\n<ul>\n<li>Effet de la diversit\u00e9 sur le fonctionnement des communaut\u00e9s;<\/li>\n<\/ul>\n<ul>\n<li>\u00c9cologie du benthos marin;<\/li>\n<\/ul>\n<ul>\n<li>Macro-\u00e9cologie et m\u00e9ta-analyses;<\/li>\n<\/ul>\n<ul>\n<li>Production et dynamique des populations algales et invert\u00e9br\u00e9es.<\/li>\n<\/ul>\n<p>Les recherches au sein du laboratoire tournent autour de la compr\u00e9hension des m\u00e9canismes qui touchent la r\u00e9partition la biodiversit\u00e9 et les cons\u00e9quences de celle-ci sur les \u00e9cosyst\u00e8mes, les communaut\u00e9s et les populations. Le programme de recherche tente de d\u00e9terminer l\u2019importance des processus \u00e9cologiques qui dictent le r\u00f4le de la biodiversit\u00e9 dans le fonctionnement des \u00e9cosyst\u00e8mes.<\/p>\n<p>Les volets \u00e0 long terme sont de :<\/p>\n<ol>\n<li>documenter la r\u00e9partition de la biodiversit\u00e9 et d\u00e9terminer quelles sont les variables biotiques et environnementales qui la contr\u00f4le ;<\/li>\n<li>caract\u00e9riser les effets de la biodiversit\u00e9 sur le fonctionnement des communaut\u00e9s ;<\/li>\n<li>circonscrire le r\u00f4le des esp\u00e8ces structurantes dans le maintien de leurs fonctions ;<\/li>\n<li>pr\u00e9dire l\u2019impact des activit\u00e9s humaines, incluant les changements globaux, sur les fonctions et services des \u00e9cosyst\u00e8mes.<\/li>\n<\/ol>\n<p>Pour r\u00e9pondre \u00e0 ces questions, nous utilisons les \u00e9cosyst\u00e8mes benthiques marins c\u00f4tiers qui sont souvent favoris\u00e9s en \u00e9cologie fonctionnelle. Ces milieux poss\u00e8dent des habitats vari\u00e9s et sont diversifi\u00e9s au niveau taxonomique sup\u00e9rieurs (par ex. Phylums), trophique et pr\u00e9sentent de nombreux traits fonctionnels. La dynamique de ces milieux est tr\u00e8s rapide et relativement facile \u00e0 mesurer sur une courte \u00e9chelle temporelle. Nous privil\u00e9gions une approche exp\u00e9rimentale sur le terrain et travaillons autant \u00e0 de tr\u00e8s larges \u00e9chelles (macro-\u00e9cologie via des m\u00e9ta-analyses) qu\u2019avec les concepts th\u00e9oriques li\u00e9s aux flux d\u2019\u00e9nergies entre les constituants pr\u00e9sents dans les assemblages d\u2019esp\u00e8ces.<\/p>\n","protected":false},"excerpt":{"rendered":"<p>Biodiversit\u00e9 : distribution, cause et cons\u00e9quence; Effet de la diversit\u00e9 sur le fonctionnement des communaut\u00e9s; \u00c9cologie du benthos marin; Macro-\u00e9cologie et m\u00e9ta-analyses; Production et dynamique des populations algales et invert\u00e9br\u00e9es. Les recherches au sein du laboratoire tournent autour de la compr\u00e9hension des m\u00e9canismes qui touchent la r\u00e9partition la biodiversit\u00e9 et les cons\u00e9quences de celle-ci sur &hellip; <a href=\"https:\/\/portfolio.uqac.ca\/mathieucusson\/recherche\/\" class=\"more-link\">Continuer la lecture de <span class=\"screen-reader-text\">Th\u00e8mes de recherche<\/span>  <span class=\"meta-nav\">&rarr;<\/span><\/a><\/p>\n","protected":false},"author":356,"featured_media":0,"parent":0,"menu_order":0,"comment_status":"closed","ping_status":"closed","template":"","meta":{"footnotes":""},"tags":[],"_links":{"self":[{"href":"https:\/\/portfolio.uqac.ca\/mathieucusson\/wp-json\/wp\/v2\/pages\/46"}],"collection":[{"href":"https:\/\/portfolio.uqac.ca\/mathieucusson\/wp-json\/wp\/v2\/pages"}],"about":[{"href":"https:\/\/portfolio.uqac.ca\/mathieucusson\/wp-json\/wp\/v2\/types\/page"}],"author":[{"embeddable":true,"href":"https:\/\/portfolio.uqac.ca\/mathieucusson\/wp-json\/wp\/v2\/users\/356"}],"replies":[{"embeddable":true,"href":"https:\/\/portfolio.uqac.ca\/mathieucusson\/wp-json\/wp\/v2\/comments?post=46"}],"version-history":[{"count":6,"href":"https:\/\/portfolio.uqac.ca\/mathieucusson\/wp-json\/wp\/v2\/pages\/46\/revisions"}],"predecessor-version":[{"id":164,"href":"https:\/\/portfolio.uqac.ca\/mathieucusson\/wp-json\/wp\/v2\/pages\/46\/revisions\/164"}],"wp:attachment":[{"href":"https:\/\/portfolio.uqac.ca\/mathieucusson\/wp-json\/wp\/v2\/media?parent=46"}],"wp:term":[{"taxonomy":"post_tag","embeddable":true,"href":"https:\/\/portfolio.uqac.ca\/mathieucusson\/wp-json\/wp\/v2\/tags?post=46"}],"curies":[{"name":"wp","href":"https:\/\/api.w.org\/{rel}","templated":true}]}}