{"id":18,"date":"2019-02-28T16:21:33","date_gmt":"2019-02-28T21:21:33","guid":{"rendered":"http:\/\/portfolio-pre.uqac.ca\/gabarit\/?page_id=18"},"modified":"2021-10-21T15:10:53","modified_gmt":"2021-10-21T19:10:53","slug":"enseignement","status":"publish","type":"page","link":"https:\/\/portfolio.uqac.ca\/mathieufiset\/enseignement\/","title":{"rendered":"Enseignement"},"content":{"rendered":"<h5>Baccalaur\u00e9at<\/h5>\n<ul>\n<li>\u00a0GCI122:\u00a0 <a href=\"https:\/\/cours.uqac.ca\/6GCI122\">Analyse des structures 1<\/a><\/li>\n<\/ul>\n<p><a href=\"https:\/\/portfolio.uqac.ca\/mathieufiset\/files\/2019\/02\/Capture.jpg\"><img loading=\"lazy\" decoding=\"async\" class=\"wp-image-223 aligncenter\" src=\"https:\/\/portfolio.uqac.ca\/mathieufiset\/files\/2019\/02\/Capture-300x107.jpg\" alt=\"\" width=\"359\" height=\"128\" srcset=\"https:\/\/portfolio.uqac.ca\/mathieufiset\/files\/2019\/02\/Capture-300x107.jpg 300w, https:\/\/portfolio.uqac.ca\/mathieufiset\/files\/2019\/02\/Capture-768x273.jpg 768w, https:\/\/portfolio.uqac.ca\/mathieufiset\/files\/2019\/02\/Capture-1024x364.jpg 1024w, https:\/\/portfolio.uqac.ca\/mathieufiset\/files\/2019\/02\/Capture.jpg 1450w\" sizes=\"(max-width: 359px) 100vw, 359px\" \/><\/a><\/p>\n<p>&nbsp;<\/p>\n<ul>\n<li>GCI179:\u00a0 <a href=\"https:\/\/cours.uqac.ca\/6GCI179\">Conception des structures en b\u00e9ton arm\u00e9 1<\/a><\/li>\n<\/ul>\n<p><a href=\"https:\/\/portfolio.uqac.ca\/mathieufiset\/files\/2019\/02\/poutre_test.jpg\"><img loading=\"lazy\" decoding=\"async\" class=\"size-medium wp-image-224 aligncenter\" src=\"https:\/\/portfolio.uqac.ca\/mathieufiset\/files\/2019\/02\/poutre_test-300x151.jpg\" alt=\"\" width=\"300\" height=\"151\" srcset=\"https:\/\/portfolio.uqac.ca\/mathieufiset\/files\/2019\/02\/poutre_test-300x151.jpg 300w, https:\/\/portfolio.uqac.ca\/mathieufiset\/files\/2019\/02\/poutre_test-768x387.jpg 768w, https:\/\/portfolio.uqac.ca\/mathieufiset\/files\/2019\/02\/poutre_test-1024x516.jpg 1024w\" sizes=\"(max-width: 300px) 100vw, 300px\" \/><\/a><\/p>\n<p>&nbsp;<\/p>\n<ul>\n<li>GCI180:\u00a0 <a href=\"https:\/\/cours.uqac.ca\/6GCI190\">Conception des structures en b\u00e9ton arm\u00e9 2<\/a><\/li>\n<\/ul>\n<p><a href=\"https:\/\/portfolio.uqac.ca\/mathieufiset\/files\/2019\/02\/Capture-1.jpg\"><img loading=\"lazy\" decoding=\"async\" class=\"wp-image-225 aligncenter\" src=\"https:\/\/portfolio.uqac.ca\/mathieufiset\/files\/2019\/02\/Capture-1-300x89.jpg\" alt=\"\" width=\"381\" height=\"113\" srcset=\"https:\/\/portfolio.uqac.ca\/mathieufiset\/files\/2019\/02\/Capture-1-300x89.jpg 300w, https:\/\/portfolio.uqac.ca\/mathieufiset\/files\/2019\/02\/Capture-1-768x229.jpg 768w, https:\/\/portfolio.uqac.ca\/mathieufiset\/files\/2019\/02\/Capture-1.jpg 899w\" sizes=\"(max-width: 381px) 100vw, 381px\" \/><\/a><\/p>\n<p>&nbsp;<\/p>\n<ul>\n<li>GCI172: \u00a0 <a href=\"https:\/\/cours.uqac.ca\/6GCI172\">Conception des charpentes d&#8217;acier 2<\/a><\/li>\n<\/ul>\n<p><a href=\"https:\/\/portfolio.uqac.ca\/mathieufiset\/files\/2019\/02\/Capture-2.jpg\"><img loading=\"lazy\" decoding=\"async\" class=\"wp-image-227 aligncenter\" src=\"https:\/\/portfolio.uqac.ca\/mathieufiset\/files\/2019\/02\/Capture-2-300x133.jpg\" alt=\"\" width=\"397\" height=\"176\" srcset=\"https:\/\/portfolio.uqac.ca\/mathieufiset\/files\/2019\/02\/Capture-2-300x133.jpg 300w, https:\/\/portfolio.uqac.ca\/mathieufiset\/files\/2019\/02\/Capture-2-768x340.jpg 768w, https:\/\/portfolio.uqac.ca\/mathieufiset\/files\/2019\/02\/Capture-2-1024x453.jpg 1024w, https:\/\/portfolio.uqac.ca\/mathieufiset\/files\/2019\/02\/Capture-2-1038x462.jpg 1038w, https:\/\/portfolio.uqac.ca\/mathieufiset\/files\/2019\/02\/Capture-2.jpg 1044w\" sizes=\"(max-width: 397px) 100vw, 397px\" \/><\/a><\/p>\n<h5>Cycles sup\u00e9rieurs<\/h5>\n<ul>\n<li>Conception avanc\u00e9e des structures composites (\u00e0 venir)<\/li>\n<\/ul>\n<p><a href=\"https:\/\/portfolio.uqac.ca\/mathieufiset\/files\/2019\/02\/Capture-3.jpg\"><img loading=\"lazy\" decoding=\"async\" class=\"alignnone  wp-image-229\" src=\"https:\/\/portfolio.uqac.ca\/mathieufiset\/files\/2019\/02\/Capture-3-300x154.jpg\" alt=\"\" width=\"417\" height=\"214\" srcset=\"https:\/\/portfolio.uqac.ca\/mathieufiset\/files\/2019\/02\/Capture-3-300x154.jpg 300w, https:\/\/portfolio.uqac.ca\/mathieufiset\/files\/2019\/02\/Capture-3-768x393.jpg 768w, https:\/\/portfolio.uqac.ca\/mathieufiset\/files\/2019\/02\/Capture-3.jpg 1011w\" sizes=\"(max-width: 417px) 100vw, 417px\" \/><\/a><\/p>\n","protected":false},"excerpt":{"rendered":"<p>Baccalaur\u00e9at \u00a0GCI122:\u00a0 Analyse des structures 1 &nbsp; GCI179:\u00a0 Conception des structures en b\u00e9ton arm\u00e9 1 &nbsp; GCI180:\u00a0 Conception des structures en b\u00e9ton arm\u00e9 2 &nbsp; GCI172: \u00a0 Conception des charpentes d&#8217;acier 2 Cycles sup\u00e9rieurs Conception avanc\u00e9e des structures composites (\u00e0 venir)<\/p>\n","protected":false},"author":89,"featured_media":0,"parent":0,"menu_order":0,"comment_status":"closed","ping_status":"closed","template":"","meta":{"footnotes":""},"tags":[],"_links":{"self":[{"href":"https:\/\/portfolio.uqac.ca\/mathieufiset\/wp-json\/wp\/v2\/pages\/18"}],"collection":[{"href":"https:\/\/portfolio.uqac.ca\/mathieufiset\/wp-json\/wp\/v2\/pages"}],"about":[{"href":"https:\/\/portfolio.uqac.ca\/mathieufiset\/wp-json\/wp\/v2\/types\/page"}],"author":[{"embeddable":true,"href":"https:\/\/portfolio.uqac.ca\/mathieufiset\/wp-json\/wp\/v2\/users\/89"}],"replies":[{"embeddable":true,"href":"https:\/\/portfolio.uqac.ca\/mathieufiset\/wp-json\/wp\/v2\/comments?post=18"}],"version-history":[{"count":12,"href":"https:\/\/portfolio.uqac.ca\/mathieufiset\/wp-json\/wp\/v2\/pages\/18\/revisions"}],"predecessor-version":[{"id":230,"href":"https:\/\/portfolio.uqac.ca\/mathieufiset\/wp-json\/wp\/v2\/pages\/18\/revisions\/230"}],"wp:attachment":[{"href":"https:\/\/portfolio.uqac.ca\/mathieufiset\/wp-json\/wp\/v2\/media?parent=18"}],"wp:term":[{"taxonomy":"post_tag","embeddable":true,"href":"https:\/\/portfolio.uqac.ca\/mathieufiset\/wp-json\/wp\/v2\/tags?post=18"}],"curies":[{"name":"wp","href":"https:\/\/api.w.org\/{rel}","templated":true}]}}