{"id":20,"date":"2019-02-28T16:21:33","date_gmt":"2019-02-28T21:21:33","guid":{"rendered":"http:\/\/portfolio-pre.uqac.ca\/gabarit\/?page_id=20"},"modified":"2021-06-10T08:20:16","modified_gmt":"2021-06-10T12:20:16","slug":"publications","status":"publish","type":"page","link":"https:\/\/portfolio.uqac.ca\/mathieufiset\/publications\/","title":{"rendered":"Publications"},"content":{"rendered":"<h4>Publications disponible dans Constellation<\/h4>\n<p><iframe loading=\"lazy\" src=\"https:\/\/constellation.uqac.ca\/cgi\/search\/archive\/advanced\/export_eprints_uqac_HTMLUQAC.html?screen=Search&amp;dataset=archive&amp;_action_export=1&amp;output=HTMLUQAC&amp;exp=0%7C1%7C-date%2Fcreators_name%2Ftitle%7Carchive%7C-%7Ccreators_name%2Fdirectors_name%3Acreators_name%2Fdirectors_name%3AALL%3AEQ%3Amathieu+fiset%7Ctype%3Atype%3AANY%3AEQ%3Aarticle_eval+conference_item%7C-%7Ceprint_status%3Aeprint_status%3AANY%3AEQ%3Aarchive%7Cmetadata_visibility%3Ametadata_visibility%3AANY%3AEQ%3Ashow&amp;n=&amp;cache=546414\" width=\"500\" height=\"2000\"><\/iframe><\/p>\n<p>&nbsp;<\/p>\n<h4>Th\u00e8se de doctorat<\/h4>\n<p><a href=\"https:\/\/corpus.ulaval.ca\/jspui\/handle\/20.500.11794\/37919\">\u00c9tude du comportement des \u00e9l\u00e9ments en b\u00e9ton arm\u00e9 post-renforc\u00e9s \u00e0 l&#8217;effort tranchant<\/a><\/p>\n","protected":false},"excerpt":{"rendered":"<p>Publications disponible dans Constellation &nbsp; Th\u00e8se de doctorat \u00c9tude du comportement des \u00e9l\u00e9ments en b\u00e9ton arm\u00e9 post-renforc\u00e9s \u00e0 l&#8217;effort tranchant<\/p>\n","protected":false},"author":89,"featured_media":0,"parent":0,"menu_order":0,"comment_status":"closed","ping_status":"closed","template":"","meta":{"footnotes":""},"tags":[],"_links":{"self":[{"href":"https:\/\/portfolio.uqac.ca\/mathieufiset\/wp-json\/wp\/v2\/pages\/20"}],"collection":[{"href":"https:\/\/portfolio.uqac.ca\/mathieufiset\/wp-json\/wp\/v2\/pages"}],"about":[{"href":"https:\/\/portfolio.uqac.ca\/mathieufiset\/wp-json\/wp\/v2\/types\/page"}],"author":[{"embeddable":true,"href":"https:\/\/portfolio.uqac.ca\/mathieufiset\/wp-json\/wp\/v2\/users\/89"}],"replies":[{"embeddable":true,"href":"https:\/\/portfolio.uqac.ca\/mathieufiset\/wp-json\/wp\/v2\/comments?post=20"}],"version-history":[{"count":56,"href":"https:\/\/portfolio.uqac.ca\/mathieufiset\/wp-json\/wp\/v2\/pages\/20\/revisions"}],"predecessor-version":[{"id":218,"href":"https:\/\/portfolio.uqac.ca\/mathieufiset\/wp-json\/wp\/v2\/pages\/20\/revisions\/218"}],"wp:attachment":[{"href":"https:\/\/portfolio.uqac.ca\/mathieufiset\/wp-json\/wp\/v2\/media?parent=20"}],"wp:term":[{"taxonomy":"post_tag","embeddable":true,"href":"https:\/\/portfolio.uqac.ca\/mathieufiset\/wp-json\/wp\/v2\/tags?post=20"}],"curies":[{"name":"wp","href":"https:\/\/api.w.org\/{rel}","templated":true}]}}