{"id":27,"date":"2019-02-28T16:21:33","date_gmt":"2019-02-28T21:21:33","guid":{"rendered":"http:\/\/portfolio-pre.uqac.ca\/gabarit\/?page_id=27"},"modified":"2021-10-21T15:16:23","modified_gmt":"2021-10-21T19:16:23","slug":"curriculum-vitae","status":"publish","type":"page","link":"https:\/\/portfolio.uqac.ca\/mathieufiset\/curriculum-vitae\/","title":{"rendered":"Curriculum vitae"},"content":{"rendered":"<h2><strong>Dipl\u00f4mes<\/strong><\/h2>\n<h6>Doctorat Ph.D., G\u00e9nie civil\u00a0(2019)<\/h6>\n<p><a href=\"https:\/\/hdl.handle.net\/20.500.11794\/37919\">\u00c9tude du comportement des \u00e9l\u00e9ments en b\u00e9ton arm\u00e9 post-renforc\u00e9s \u00e0 l&#8217;effort tranchant<\/a>, Universit\u00e9 Laval, Qu\u00e9bec<\/p>\n<h6>Ma\u00eetrise en science M.Sc., G\u00e9nie civil (2012)<\/h6>\n<p>Mod\u00e9lisation des dalles \u00e9paisses en b\u00e9ton arm\u00e9 . Universit\u00e9 Laval, Qu\u00e9bec<\/p>\n<h6>Baccalaur\u00e9at en G\u00e9nie civil\u00a0(2010)<\/h6>\n<p>Sp\u00e9cialisation structures et mat\u00e9riaux. Universit\u00e9 Laval, Qu\u00e9bec<\/p>\n<h2><\/h2>\n<h2><strong>Distinctions et bourses<br \/>\n<\/strong><\/h2>\n<p>Prix d&#8217;excellence du centre de recherche sur les infrastructures en b\u00e9ton\u00a0\u00a0\u00a0( 2016)<\/p>\n<p>Prix \u00e0 l\u2019excellence de la facult\u00e9 des sciences et de g\u00e9nie (2015)<\/p>\n<p><em>fib<\/em> International PhD symposium award\u00a0(2014)<\/p>\n<p>Prix de l\u2019American concrete institute\u00a0(2014)<\/p>\n<p>Prix Summa &#8211; Excellence au doctorat\u00a0(2014)<\/p>\n<p>Prix d&#8217;excellence du centre de recherche sur les infrastructures en b\u00e9ton\u00a0(2014)<\/p>\n<p>Bourse de recherche du CRSNG au doctorat\u00a0(2013)<\/p>\n<p>Bourse de recherche du Minist\u00e8re des Transports\u00a0\u2013 FQRNT\u00a0 (2012)<\/p>\n<p>Bourse de recherche\u00a0FQRNT (2012)<\/p>\n<p>Bourse d&#8217;\u00e9tudes sup\u00e9rieures du Canada Alexander-Graham-Bell\u00a0(CRSNG) (2010)<\/p>\n<h2><strong>\u00a0Affiliations professionnelles<\/strong><\/h2>\n<p>Ordre des ing\u00e9nieurs du Qu\u00e9bec<\/p>\n<p>Soci\u00e9t\u00e9 canadienne de g\u00e9nie civil<\/p>\n","protected":false},"excerpt":{"rendered":"<p>Dipl\u00f4mes Doctorat Ph.D., G\u00e9nie civil\u00a0(2019) \u00c9tude du comportement des \u00e9l\u00e9ments en b\u00e9ton arm\u00e9 post-renforc\u00e9s \u00e0 l&#8217;effort tranchant, Universit\u00e9 Laval, Qu\u00e9bec Ma\u00eetrise en science M.Sc., G\u00e9nie civil (2012) Mod\u00e9lisation des dalles \u00e9paisses en b\u00e9ton arm\u00e9 . Universit\u00e9 Laval, Qu\u00e9bec Baccalaur\u00e9at en G\u00e9nie civil\u00a0(2010) Sp\u00e9cialisation structures et mat\u00e9riaux. Universit\u00e9 Laval, Qu\u00e9bec Distinctions et bourses Prix d&#8217;excellence du &hellip; <a href=\"https:\/\/portfolio.uqac.ca\/mathieufiset\/curriculum-vitae\/\" class=\"more-link\">Continue reading <span class=\"screen-reader-text\">Curriculum vitae<\/span> <span class=\"meta-nav\">&rarr;<\/span><\/a><\/p>\n","protected":false},"author":89,"featured_media":0,"parent":0,"menu_order":0,"comment_status":"closed","ping_status":"closed","template":"","meta":{"footnotes":""},"tags":[],"_links":{"self":[{"href":"https:\/\/portfolio.uqac.ca\/mathieufiset\/wp-json\/wp\/v2\/pages\/27"}],"collection":[{"href":"https:\/\/portfolio.uqac.ca\/mathieufiset\/wp-json\/wp\/v2\/pages"}],"about":[{"href":"https:\/\/portfolio.uqac.ca\/mathieufiset\/wp-json\/wp\/v2\/types\/page"}],"author":[{"embeddable":true,"href":"https:\/\/portfolio.uqac.ca\/mathieufiset\/wp-json\/wp\/v2\/users\/89"}],"replies":[{"embeddable":true,"href":"https:\/\/portfolio.uqac.ca\/mathieufiset\/wp-json\/wp\/v2\/comments?post=27"}],"version-history":[{"count":9,"href":"https:\/\/portfolio.uqac.ca\/mathieufiset\/wp-json\/wp\/v2\/pages\/27\/revisions"}],"predecessor-version":[{"id":232,"href":"https:\/\/portfolio.uqac.ca\/mathieufiset\/wp-json\/wp\/v2\/pages\/27\/revisions\/232"}],"wp:attachment":[{"href":"https:\/\/portfolio.uqac.ca\/mathieufiset\/wp-json\/wp\/v2\/media?parent=27"}],"wp:term":[{"taxonomy":"post_tag","embeddable":true,"href":"https:\/\/portfolio.uqac.ca\/mathieufiset\/wp-json\/wp\/v2\/tags?post=27"}],"curies":[{"name":"wp","href":"https:\/\/api.w.org\/{rel}","templated":true}]}}