{"id":4,"date":"2019-02-28T16:21:33","date_gmt":"2019-02-28T21:21:33","guid":{"rendered":"http:\/\/portfolio-pre.uqac.ca\/gabarit\/?page_id=4"},"modified":"2021-10-22T11:25:33","modified_gmt":"2021-10-22T15:25:33","slug":"presentatio","status":"publish","type":"page","link":"https:\/\/portfolio.uqac.ca\/mathieufiset\/","title":{"rendered":"Pr\u00e9sentation"},"content":{"rendered":"<h2>Mathieu Fiset<\/h2>\n<p>Professeur au d\u00e9partement des sciences appliqu\u00e9es<br \/>\nG\u00e9nie civil,\u00a0\u00a0Conception des structures<\/p>\n<h2>Affiliations<\/h2>\n<ul>\n<li><a href=\"https:\/\/www.oiq.qc.ca\">Ing\u00e9nieur, membre de l&#8217;Ordre des ing\u00e9nieurs du Qu\u00e9bec<\/a><\/li>\n<li><a href=\"https:\/\/lecrib.ca\">Chercheur, Centre de recherche sur les infrastructures de b\u00e9ton <\/a><\/li>\n<li><a href=\"https:\/\/recherche.uqac.ca\/r2eau\/\">Membre r\u00e9gulier, Groupe de recherche Risque Ressource<\/a><\/li>\n<\/ul>\n<h2>Champs d&#8217;int\u00e9r\u00eat<\/h2>\n<ul>\n<li>S\u00e9curit\u00e9 structurale ou vuln\u00e9rabilit\u00e9 des ouvrages de g\u00e9nie civil;<\/li>\n<li>Vieillissement, renforcement et r\u00e9habilitation des structures de b\u00e9ton;<\/li>\n<li>Effort tranchant et cisaillement dans les structures de b\u00e9ton;<\/li>\n<li>Structures et b\u00e9ton innovants;<\/li>\n<li>Adh\u00e9rence, fissuration et ancrage;<\/li>\n<li>Comportement et dimensionnement des structures;<\/li>\n<li>M\u00e9thodes analytiques et num\u00e9riques pour<br \/>\nla conception et le calcul de structures;<\/li>\n<li>Interaction endommagement des mat\u00e9riaux<br \/>\net comportement structural du b\u00e9ton arm\u00e9.<\/li>\n<\/ul>\n<h2>Opportunit\u00e9s<\/h2>\n<ul>\n<li style=\"list-style-type: none\">\n<ul class=\"nav nav-list\">\n<li><strong>MSc Fellowship (Bourse de ma\u00eetrise) on shear behavior of reinforced and prestressed concrete structures.<\/strong><br \/>\nSend to: <a href=\"mailto:mathieu_fiset@uqac.ca\">mathieu_fiset@uqac.ca<\/a><\/p>\n<ul>\n<li>Motivation letter (lettre de motivation)<\/li>\n<li>Complete resume (CV complet)<\/li>\n<li>Report card (relev\u00e9 de notes)<\/li>\n<li>2 references<\/li>\n<\/ul>\n<\/li>\n<\/ul>\n<\/li>\n<\/ul>\n","protected":false},"excerpt":{"rendered":"<p>Mathieu Fiset Professeur au d\u00e9partement des sciences appliqu\u00e9es G\u00e9nie civil,\u00a0\u00a0Conception des structures Affiliations Ing\u00e9nieur, membre de l&#8217;Ordre des ing\u00e9nieurs du Qu\u00e9bec Chercheur, Centre de recherche sur les infrastructures de b\u00e9ton Membre r\u00e9gulier, Groupe de recherche Risque Ressource Champs d&#8217;int\u00e9r\u00eat S\u00e9curit\u00e9 structurale ou vuln\u00e9rabilit\u00e9 des ouvrages de g\u00e9nie civil; Vieillissement, renforcement et r\u00e9habilitation des structures de &hellip; <a href=\"https:\/\/portfolio.uqac.ca\/mathieufiset\/\" class=\"more-link\">Continue reading <span class=\"screen-reader-text\">Pr\u00e9sentation<\/span> <span class=\"meta-nav\">&rarr;<\/span><\/a><\/p>\n","protected":false},"author":89,"featured_media":0,"parent":0,"menu_order":0,"comment_status":"closed","ping_status":"closed","template":"","meta":{"footnotes":""},"tags":[],"_links":{"self":[{"href":"https:\/\/portfolio.uqac.ca\/mathieufiset\/wp-json\/wp\/v2\/pages\/4"}],"collection":[{"href":"https:\/\/portfolio.uqac.ca\/mathieufiset\/wp-json\/wp\/v2\/pages"}],"about":[{"href":"https:\/\/portfolio.uqac.ca\/mathieufiset\/wp-json\/wp\/v2\/types\/page"}],"author":[{"embeddable":true,"href":"https:\/\/portfolio.uqac.ca\/mathieufiset\/wp-json\/wp\/v2\/users\/89"}],"replies":[{"embeddable":true,"href":"https:\/\/portfolio.uqac.ca\/mathieufiset\/wp-json\/wp\/v2\/comments?post=4"}],"version-history":[{"count":19,"href":"https:\/\/portfolio.uqac.ca\/mathieufiset\/wp-json\/wp\/v2\/pages\/4\/revisions"}],"predecessor-version":[{"id":253,"href":"https:\/\/portfolio.uqac.ca\/mathieufiset\/wp-json\/wp\/v2\/pages\/4\/revisions\/253"}],"wp:attachment":[{"href":"https:\/\/portfolio.uqac.ca\/mathieufiset\/wp-json\/wp\/v2\/media?parent=4"}],"wp:term":[{"taxonomy":"post_tag","embeddable":true,"href":"https:\/\/portfolio.uqac.ca\/mathieufiset\/wp-json\/wp\/v2\/tags?post=4"}],"curies":[{"name":"wp","href":"https:\/\/api.w.org\/{rel}","templated":true}]}}