{"id":46,"date":"2019-02-28T16:21:33","date_gmt":"2019-02-28T21:21:33","guid":{"rendered":"http:\/\/portfolio-pre.uqac.ca\/gabarit\/?page_id=46"},"modified":"2021-10-22T11:10:17","modified_gmt":"2021-10-22T15:10:17","slug":"recherche","status":"publish","type":"page","link":"https:\/\/portfolio.uqac.ca\/mathieufiset\/recherche\/","title":{"rendered":"Recherche"},"content":{"rendered":"<p>Mes activit\u00e9s de recherche sont principalement en lien avec le comportement des structures en b\u00e9ton, le vieillissement des ouvrages et leurs effets structuraux, dans le but d\u2019assurer la s\u00e9curit\u00e9 et la p\u00e9rennit\u00e9 des ouvrages, tout en r\u00e9duisant leurs couts et leurs impacts environnementaux. Mes principaux sujets de recherche concernent les \u00e9l\u00e9ments suivants\u00a0:<\/p>\n<ul>\n<li><strong>Interaction endommagement des mat\u00e9riaux et comportement structural du b\u00e9ton arm\u00e9.<\/strong><\/li>\n<\/ul>\n<p><a href=\"https:\/\/portfolio.uqac.ca\/mathieufiset\/files\/2019\/02\/Capture-4.jpg\"><img loading=\"lazy\" decoding=\"async\" class=\"size-medium wp-image-235 aligncenter\" src=\"https:\/\/portfolio.uqac.ca\/mathieufiset\/files\/2019\/02\/Capture-4-300x182.jpg\" alt=\"\" width=\"300\" height=\"182\" srcset=\"https:\/\/portfolio.uqac.ca\/mathieufiset\/files\/2019\/02\/Capture-4-300x182.jpg 300w, https:\/\/portfolio.uqac.ca\/mathieufiset\/files\/2019\/02\/Capture-4-768x465.jpg 768w, https:\/\/portfolio.uqac.ca\/mathieufiset\/files\/2019\/02\/Capture-4.jpg 969w\" sizes=\"(max-width: 300px) 100vw, 300px\" \/><\/a><\/p>\n<p>&nbsp;<\/p>\n<ul>\n<li><strong>Renforcement et r\u00e9habilitation des structures de b\u00e9ton;<\/strong><\/li>\n<\/ul>\n<p><a href=\"https:\/\/portfolio.uqac.ca\/mathieufiset\/files\/2019\/02\/IMG_20170410_112903.jpg\"><img loading=\"lazy\" decoding=\"async\" class=\"size-medium wp-image-249 aligncenter\" src=\"https:\/\/portfolio.uqac.ca\/mathieufiset\/files\/2019\/02\/IMG_20170410_112903-222x300.jpg\" alt=\"\" width=\"222\" height=\"300\" srcset=\"https:\/\/portfolio.uqac.ca\/mathieufiset\/files\/2019\/02\/IMG_20170410_112903-222x300.jpg 222w, https:\/\/portfolio.uqac.ca\/mathieufiset\/files\/2019\/02\/IMG_20170410_112903-768x1038.jpg 768w, https:\/\/portfolio.uqac.ca\/mathieufiset\/files\/2019\/02\/IMG_20170410_112903-758x1024.jpg 758w\" sizes=\"(max-width: 222px) 100vw, 222px\" \/><\/a><\/p>\n<ul>\n<li><strong>Effort tranchant et cisaillement dans les structures de b\u00e9ton;<\/strong><\/li>\n<\/ul>\n<p><a href=\"https:\/\/portfolio.uqac.ca\/mathieufiset\/files\/2019\/02\/Capture-10.jpg\"><img loading=\"lazy\" decoding=\"async\" class=\"size-medium wp-image-244 aligncenter\" src=\"https:\/\/portfolio.uqac.ca\/mathieufiset\/files\/2019\/02\/Capture-10-300x277.jpg\" alt=\"\" width=\"300\" height=\"277\" srcset=\"https:\/\/portfolio.uqac.ca\/mathieufiset\/files\/2019\/02\/Capture-10-300x277.jpg 300w, https:\/\/portfolio.uqac.ca\/mathieufiset\/files\/2019\/02\/Capture-10.jpg 547w\" sizes=\"(max-width: 300px) 100vw, 300px\" \/><\/a><\/p>\n<ul>\n<li><strong>Adh\u00e9rence, fissuration et ancrage;<\/strong><\/li>\n<\/ul>\n<p style=\"text-align: center\"><a href=\"https:\/\/portfolio.uqac.ca\/mathieufiset\/files\/2019\/02\/2013-01-17-13.40.53.jpg\"><img loading=\"lazy\" decoding=\"async\" class=\"alignnone size-medium wp-image-247\" src=\"https:\/\/portfolio.uqac.ca\/mathieufiset\/files\/2019\/02\/2013-01-17-13.40.53-300x225.jpg\" alt=\"\" width=\"300\" height=\"225\" srcset=\"https:\/\/portfolio.uqac.ca\/mathieufiset\/files\/2019\/02\/2013-01-17-13.40.53-300x225.jpg 300w, https:\/\/portfolio.uqac.ca\/mathieufiset\/files\/2019\/02\/2013-01-17-13.40.53-768x576.jpg 768w, https:\/\/portfolio.uqac.ca\/mathieufiset\/files\/2019\/02\/2013-01-17-13.40.53-1024x768.jpg 1024w\" sizes=\"(max-width: 300px) 100vw, 300px\" \/><\/a> <a href=\"https:\/\/portfolio.uqac.ca\/mathieufiset\/files\/2019\/02\/2-bond-slip-behavior-L-50-Es-70000-r-0.008-n-2.80-Kb-258.00.png\"><img loading=\"lazy\" decoding=\"async\" class=\"alignnone wp-image-245\" src=\"https:\/\/portfolio.uqac.ca\/mathieufiset\/files\/2019\/02\/2-bond-slip-behavior-L-50-Es-70000-r-0.008-n-2.80-Kb-258.00-300x106.png\" alt=\"\" width=\"354\" height=\"125\" srcset=\"https:\/\/portfolio.uqac.ca\/mathieufiset\/files\/2019\/02\/2-bond-slip-behavior-L-50-Es-70000-r-0.008-n-2.80-Kb-258.00-300x106.png 300w, https:\/\/portfolio.uqac.ca\/mathieufiset\/files\/2019\/02\/2-bond-slip-behavior-L-50-Es-70000-r-0.008-n-2.80-Kb-258.00-768x272.png 768w, https:\/\/portfolio.uqac.ca\/mathieufiset\/files\/2019\/02\/2-bond-slip-behavior-L-50-Es-70000-r-0.008-n-2.80-Kb-258.00-1024x363.png 1024w\" sizes=\"(max-width: 354px) 100vw, 354px\" \/><\/a><\/p>\n<p>&nbsp;<\/p>\n<ul>\n<li><strong>M\u00e9thodes analytiques et num\u00e9riques pour la conception et le calcul de structures;<\/strong><\/li>\n<\/ul>\n<p><a href=\"https:\/\/portfolio.uqac.ca\/mathieufiset\/files\/2019\/02\/Capture-5.jpg\"><img loading=\"lazy\" decoding=\"async\" class=\"alignnone size-medium wp-image-236 aligncenter\" src=\"https:\/\/portfolio.uqac.ca\/mathieufiset\/files\/2019\/02\/Capture-5-300x111.jpg\" alt=\"\" width=\"300\" height=\"111\" srcset=\"https:\/\/portfolio.uqac.ca\/mathieufiset\/files\/2019\/02\/Capture-5-300x111.jpg 300w, https:\/\/portfolio.uqac.ca\/mathieufiset\/files\/2019\/02\/Capture-5-768x285.jpg 768w, https:\/\/portfolio.uqac.ca\/mathieufiset\/files\/2019\/02\/Capture-5.jpg 958w\" sizes=\"(max-width: 300px) 100vw, 300px\" \/><\/a><\/p>\n<p><a href=\"https:\/\/portfolio.uqac.ca\/mathieufiset\/files\/2019\/02\/Capture-9.jpg\"><img loading=\"lazy\" decoding=\"async\" class=\"alignnone wp-image-240 aligncenter\" src=\"https:\/\/portfolio.uqac.ca\/mathieufiset\/files\/2019\/02\/Capture-9-300x67.jpg\" alt=\"\" width=\"484\" height=\"108\" srcset=\"https:\/\/portfolio.uqac.ca\/mathieufiset\/files\/2019\/02\/Capture-9-300x67.jpg 300w, https:\/\/portfolio.uqac.ca\/mathieufiset\/files\/2019\/02\/Capture-9-768x172.jpg 768w, https:\/\/portfolio.uqac.ca\/mathieufiset\/files\/2019\/02\/Capture-9.jpg 823w\" sizes=\"(max-width: 484px) 100vw, 484px\" \/><\/a><a href=\"https:\/\/portfolio.uqac.ca\/mathieufiset\/files\/2019\/02\/Capture-11.jpg\"><img loading=\"lazy\" decoding=\"async\" class=\"size-medium wp-image-246 aligncenter\" src=\"https:\/\/portfolio.uqac.ca\/mathieufiset\/files\/2019\/02\/Capture-11-300x226.jpg\" alt=\"\" width=\"300\" height=\"226\" srcset=\"https:\/\/portfolio.uqac.ca\/mathieufiset\/files\/2019\/02\/Capture-11-300x226.jpg 300w, https:\/\/portfolio.uqac.ca\/mathieufiset\/files\/2019\/02\/Capture-11.jpg 674w\" sizes=\"(max-width: 300px) 100vw, 300px\" \/><\/a><\/p>\n<ul>\n<li><strong>Structures et b\u00e9ton innovants;<\/strong><\/li>\n<\/ul>\n<p><a href=\"https:\/\/portfolio.uqac.ca\/mathieufiset\/files\/2019\/02\/Capture-12.jpg\"><img loading=\"lazy\" decoding=\"async\" class=\"size-medium wp-image-251 aligncenter\" src=\"https:\/\/portfolio.uqac.ca\/mathieufiset\/files\/2019\/02\/Capture-12-300x186.jpg\" alt=\"\" width=\"300\" height=\"186\" srcset=\"https:\/\/portfolio.uqac.ca\/mathieufiset\/files\/2019\/02\/Capture-12-300x186.jpg 300w, https:\/\/portfolio.uqac.ca\/mathieufiset\/files\/2019\/02\/Capture-12.jpg 637w\" sizes=\"(max-width: 300px) 100vw, 300px\" \/><\/a><\/p>\n","protected":false},"excerpt":{"rendered":"<p>Mes activit\u00e9s de recherche sont principalement en lien avec le comportement des structures en b\u00e9ton, le vieillissement des ouvrages et leurs effets structuraux, dans le but d\u2019assurer la s\u00e9curit\u00e9 et la p\u00e9rennit\u00e9 des ouvrages, tout en r\u00e9duisant leurs couts et leurs impacts environnementaux. Mes principaux sujets de recherche concernent les \u00e9l\u00e9ments suivants\u00a0: Interaction endommagement des &hellip; <a href=\"https:\/\/portfolio.uqac.ca\/mathieufiset\/recherche\/\" class=\"more-link\">Continue reading <span class=\"screen-reader-text\">Recherche<\/span> <span class=\"meta-nav\">&rarr;<\/span><\/a><\/p>\n","protected":false},"author":89,"featured_media":0,"parent":0,"menu_order":0,"comment_status":"closed","ping_status":"closed","template":"","meta":{"footnotes":""},"tags":[],"_links":{"self":[{"href":"https:\/\/portfolio.uqac.ca\/mathieufiset\/wp-json\/wp\/v2\/pages\/46"}],"collection":[{"href":"https:\/\/portfolio.uqac.ca\/mathieufiset\/wp-json\/wp\/v2\/pages"}],"about":[{"href":"https:\/\/portfolio.uqac.ca\/mathieufiset\/wp-json\/wp\/v2\/types\/page"}],"author":[{"embeddable":true,"href":"https:\/\/portfolio.uqac.ca\/mathieufiset\/wp-json\/wp\/v2\/users\/89"}],"replies":[{"embeddable":true,"href":"https:\/\/portfolio.uqac.ca\/mathieufiset\/wp-json\/wp\/v2\/comments?post=46"}],"version-history":[{"count":9,"href":"https:\/\/portfolio.uqac.ca\/mathieufiset\/wp-json\/wp\/v2\/pages\/46\/revisions"}],"predecessor-version":[{"id":252,"href":"https:\/\/portfolio.uqac.ca\/mathieufiset\/wp-json\/wp\/v2\/pages\/46\/revisions\/252"}],"wp:attachment":[{"href":"https:\/\/portfolio.uqac.ca\/mathieufiset\/wp-json\/wp\/v2\/media?parent=46"}],"wp:term":[{"taxonomy":"post_tag","embeddable":true,"href":"https:\/\/portfolio.uqac.ca\/mathieufiset\/wp-json\/wp\/v2\/tags?post=46"}],"curies":[{"name":"wp","href":"https:\/\/api.w.org\/{rel}","templated":true}]}}