{"id":18,"date":"2017-08-14T16:20:33","date_gmt":"2017-08-14T20:20:33","guid":{"rendered":"http:\/\/portfolio-pre.uqac.ca\/gabarit\/?page_id=18"},"modified":"2022-04-08T10:17:09","modified_gmt":"2022-04-08T14:17:09","slug":"enseignement","status":"publish","type":"page","link":"https:\/\/portfolio.uqac.ca\/maximeboivin\/enseignement\/","title":{"rendered":"Enseignement"},"content":{"rendered":"<p>\u00c0 l\u2019UQAC depuis 2017:<\/p>\n<ul>\n<li><a href=\"https:\/\/cours.uqac.ca\/4GEO317\">4GEO317 : Hydrog\u00e9omorphologie<\/a><\/li>\n<li><a href=\"https:\/\/cours.uqac.ca\/4GEO232\">4GEO413 : Gestion durable des eaux<\/a><\/li>\n<li><a href=\"https:\/\/cours.uqac.ca\/4GEO232\">4GEO232 : Les changements climatiques \u00e0 travers le temps<\/a><\/li>\n<li><a href=\"https:\/\/cours.uqac.ca\/4GEO128\">4GEO128 : Cartographie et techniques g\u00e9ographiques<\/a><\/li>\n<li><a href=\"https:\/\/cours.uqac.ca\/4GEO122\"><span style=\"line-height: 1.5\">4GEO122 : G\u00e9osyst\u00e8me et environnement<\/span><\/a><\/li>\n<li><a href=\"https:\/\/cours.uqac.ca\/4GEO460\"><span style=\"line-height: 1.5\">\u00a04GEO460 : Stage en g\u00e9ographie et en d\u00e9veloppement durable<\/span><\/a><\/li>\n<li><a href=\"https:\/\/cours.uqac.ca\/4GEO422\">4GEO422 : Projet en sciences g\u00e9ographiques et am\u00e9nagement<\/a><\/li>\n<li><a href=\"https:\/\/cours.uqac.ca\/4GEO350\">4GEO350 : Terrain en g\u00e9ographie et en am\u00e9nagement durable<\/a><\/li>\n<\/ul>\n<p>Dans le r\u00e9seau UQ\u00a0de 2008 \u00e0 2017:<\/p>\n<ul>\n<li>Introduction aux risques naturels, aux changements environnementaux et \u00e0 leurs cons\u00e9quences<\/li>\n<li>\u00a0\u00c9cole d\u2019\u00e9t\u00e9 en Bio-g\u00e9ographie<\/li>\n<li>G\u00e9omorphologie et dynamique fluviale<\/li>\n<li>Stage en milieu de travail<\/li>\n<li>Gestion int\u00e9gr\u00e9e des bassins versants<\/li>\n<li>Auxiliaire :\u00a0 \u00c9cole d\u2019\u00e9t\u00e9 en gestion des risques naturels dans l&#8217;Est-Du-Qu\u00e9bec<\/li>\n<li>Auxiliaire : Cours Stage et m\u00e9thodologie 3<\/li>\n<li>Auxiliaire : Cours Stage et m\u00e9thodologie 1<\/li>\n<li>Auxiliaire : Cours Cartes et images a\u00e9riennes<\/li>\n<\/ul>\n","protected":false},"excerpt":{"rendered":"<p>\u00c0 l\u2019UQAC depuis 2017: 4GEO317 : Hydrog\u00e9omorphologie 4GEO413 : Gestion durable des eaux 4GEO232 : Les changements climatiques \u00e0 travers le temps 4GEO128 : Cartographie et techniques g\u00e9ographiques 4GEO122 : G\u00e9osyst\u00e8me et environnement \u00a04GEO460 : Stage en g\u00e9ographie et en d\u00e9veloppement durable 4GEO422 : Projet en sciences g\u00e9ographiques et am\u00e9nagement 4GEO350 : Terrain en g\u00e9ographie &hellip; <a href=\"https:\/\/portfolio.uqac.ca\/maximeboivin\/enseignement\/\" class=\"more-link\">Continuer la lecture de <span class=\"screen-reader-text\">Enseignement<\/span>  <span class=\"meta-nav\">&rarr;<\/span><\/a><\/p>\n","protected":false},"author":89,"featured_media":0,"parent":0,"menu_order":0,"comment_status":"closed","ping_status":"closed","template":"","meta":{"footnotes":""},"tags":[],"_links":{"self":[{"href":"https:\/\/portfolio.uqac.ca\/maximeboivin\/wp-json\/wp\/v2\/pages\/18"}],"collection":[{"href":"https:\/\/portfolio.uqac.ca\/maximeboivin\/wp-json\/wp\/v2\/pages"}],"about":[{"href":"https:\/\/portfolio.uqac.ca\/maximeboivin\/wp-json\/wp\/v2\/types\/page"}],"author":[{"embeddable":true,"href":"https:\/\/portfolio.uqac.ca\/maximeboivin\/wp-json\/wp\/v2\/users\/89"}],"replies":[{"embeddable":true,"href":"https:\/\/portfolio.uqac.ca\/maximeboivin\/wp-json\/wp\/v2\/comments?post=18"}],"version-history":[{"count":12,"href":"https:\/\/portfolio.uqac.ca\/maximeboivin\/wp-json\/wp\/v2\/pages\/18\/revisions"}],"predecessor-version":[{"id":205,"href":"https:\/\/portfolio.uqac.ca\/maximeboivin\/wp-json\/wp\/v2\/pages\/18\/revisions\/205"}],"wp:attachment":[{"href":"https:\/\/portfolio.uqac.ca\/maximeboivin\/wp-json\/wp\/v2\/media?parent=18"}],"wp:term":[{"taxonomy":"post_tag","embeddable":true,"href":"https:\/\/portfolio.uqac.ca\/maximeboivin\/wp-json\/wp\/v2\/tags?post=18"}],"curies":[{"name":"wp","href":"https:\/\/api.w.org\/{rel}","templated":true}]}}