{"id":20,"date":"2017-08-14T16:20:33","date_gmt":"2017-08-14T20:20:33","guid":{"rendered":"http:\/\/portfolio-pre.uqac.ca\/gabarit\/?page_id=20"},"modified":"2025-02-28T11:21:10","modified_gmt":"2025-02-28T16:21:10","slug":"publications","status":"publish","type":"page","link":"https:\/\/portfolio.uqac.ca\/maximeboivin\/publications\/","title":{"rendered":"Publications"},"content":{"rendered":"<p><strong><em>Articles scientifiques publi\u00e9s<\/em><\/strong><\/p>\n<p><strong>PRUGNE, M*; CORENBLIT, D; BOIVIN, M; BUFFIN-B\u00c9LANGER, T.<\/strong> (2025).Vegetation and channel adjustment trajectories in cold region: the effects of ice disturbances in two contrasted rivers. Special issue: River processes and flow-sediment-biota interactions: recent research trends. Earth surfaces and processes.<\/p>\n<p><strong>PAR\u00c9, M.C; MORISSETTE, O; BOIVIN M; PIOCHON M; PICHETTE, A. <\/strong>2024. Augmentation significative des superficies recouvertes par du paillis de plastique au Saguenay\u2013Lac-Saint-Jean, Qu\u00e9bec, Canada. Canadian Journal of Soil Science.<\/p>\n<p><strong>PRUGNE, M*; CORENBLIT, D; BOIVIN, M; EVETTE, A; BUFFIN-B\u00c9LANGER, T. <\/strong>2024. Soil and Water Bioengineering in Cold Rivers: a biogeomorphological perspective. Ecological Engineering. 204 (107261).<\/p>\n<p><strong>BUFFIN-B\u00c9LANGER T; LACHAPELLE F*; BIRON M; BOIVIN M.<\/strong> 2024. Trajectoires et vis\u00e9es de l\u2019hydrog\u00e9omorphologie au Qu\u00e9bec. The Canadian Geographer \/ Le g\u00e9ographe Canadien.<\/p>\n<p><strong>BOUCHARD, M*; BOIVIN, M. <\/strong>2023. Dynamiques hydrog\u00e9omorphologiques historiques et actuelles d\u2019une rivi\u00e8re perturb\u00e9e par les activit\u00e9s de la drave et analyse des impacts d\u2019un d\u00e9mant\u00e8lement de barrage : \u00e9l\u00e9ments de r\u00e9flexions concernant la gestion de nos rivi\u00e8res. The Canadian Geographer.<\/p>\n<p><strong>MATTE R,\u00a0\u00a0BOIVIN M, LAVOIE C.\u00a02022.<\/strong> Japanese Knotweed increases soil erosion on riverbanks. River Research and Applications.<strong><a href=\"https:\/\/dx.doi.org\/10.1002\/rra.3918\">https:\/\/dx.doi.org\/10.1002\/rra.3918<\/a><\/strong><\/p>\n<p><strong>LEMAY J, BIRON P.M, BOIVIN M, ST\u00c4NPFLI N, FOOTE K.<\/strong>\u00a02021. Can the Morphological Quality Index (MQI) be used to determine the ecological status of lowland rivers. Geomorphology\u00a0<strong>395<\/strong>: 108002.\u00a0<a href=\"https:\/\/dx.doi.org\/10.1016\/j.geomorph.2021.108002\">https:\/\/dx.doi.org\/10.1016\/j.geomorph.2021.108002<\/a><\/p>\n<p><strong>VIN-DESLAURIER J, BOIVIN M.<\/strong>\u00a02021. Le D\u00e9luge du Saguenay du point de vue de l\u2019hydrog\u00e9omorphologie. Revue Saguenayensia. 62(2): 28-38<\/p>\n<p><strong>RICHER B, SAEIDI A, BOIVIN M, ROULEAU A.<\/strong> 2020. Overview of retrogressive landslide risk analysis in sensitive clay slope. Geosciences 10 (8) : 279-295.\u00a0 \u00a0<a href=\"https:\/\/dx.doi.org\/10.3390\/geosciences10080279\" target=\"_blank\" rel=\"noopener\">https:\/\/dx.doi.org\/10.3390\/geosciences10080279<\/a><\/p>\n<p><strong>BOIVIN M, BUFFIN-B\u00c9LANGER T, ARSENEAULT D.<\/strong>\u00a02018. Using tree-rings to determine large wood residence time and transport pulses in a gravel-bed river. River flow\u00a0conference 2018 (Volume\u00a0<strong>40)<\/strong> DOI:\u00a0<a href=\"https:\/\/doi.org\/10.1051\/e3sconf\/20184002008\" target=\"_blank\" rel=\"noopener\">https:\/\/doi.org\/10.1051\/e3sconf\/20184002008<\/a><\/p>\n<p><strong>BOIVIN M, BUFFIN-B\u00c9LANGER T, PIEGAY H.<\/strong>\u00a02015.\u00a0The raft of the Saint-Jean River, Gasp\u00e9 (Qu\u00e9bec, Canada): a dynamic feature trapping most wood transported from the catchment. Geomorphology <strong>231<\/strong>: 270-280.\u00a0 <a href=\"https:\/\/doi.org\/10.1016\/j.geomorph.2014.12.015\" target=\"_blank\" rel=\"noopener\">\u00a0doi:10.1016\/j.geomorph.2014.12.015<\/a><\/p>\n<p><strong>BOIVIN M, BUFFIN-B\u00c9LANGER T, PIEGAY H<\/strong>. 2017.\u00a0 Interannual kinetics (2010-2013) of large wood in a river corridor exposed to a low recurrence-flood and to fluvial ice dynamics. Geomorpholy: 279: 59-73. <a href=\"https:\/\/dx.doi.org\/10.1016\/j.geomorph.2016.07.010\" target=\"_blank\" rel=\"noopener\">doi:10.1016\/j.geomorph.2016.07.010<\/a><\/p>\n<p><strong>BOIVIN M, BUFFIN-B\u00c9LANGER T, PIEGAY H.<\/strong>\u00a02017. Estimation of large wood budgets in a watershed and river corridor at interdecadal to interannual scales in a cold-temperate fluvial system. Earth\u00a0Surface\u00a0Processes\u00a0and\u00a0Landforms: 42 (13): 2199-2213\u00a0 Special Issue: Gravel Bed River conference 8.\u00a0 \u00a0<a href=\"https:\/\/doi.org\/10.1002\/esp.4174\" target=\"_blank\" rel=\"noopener\">doi<span class=\"current-selection\">:<\/span><span class=\"current-selection\">10.1002\/esp.4174<\/span><\/a><\/p>\n<p>&nbsp;<\/p>\n<p><em><u><strong>Documents soumis et publi\u00e9s \u00e0 un comit\u00e9 de lecture<\/strong><\/u><\/em><\/p>\n<p><a name=\"_Toc178280124\"><\/a><strong><u>Livres<\/u><\/strong><a name=\"_Toc178280125\"><\/a><strong><u> et Chapitres de livres<\/u><\/strong><\/p>\n<p><strong>GAUTHIER M-J., BOIVIN M., DESY J., LEMIEUX G-H.<\/strong> 2019. Des g\u00e9ographes \u00e0 l\u2019\u0153uvre 50 ans de g\u00e9ographie \u00e0 l\u2019Universit\u00e9 du Qu\u00e9bec \u00e0 Chicoutimi, 1969-2019. Livre paru au Groupe de recherche et d&#8217;intervention r\u00e9gionales (GRIR).<\/p>\n<p><strong>BOURGEAULT M-A., BOIVIN M., ANCTIL F., ROY R. <\/strong>2021. \u00c9tat de connaissances &#8211; Regard sur les facteurs contr\u00f4lant les inondations des bassins versants \u00e0 haut risque du sud du Qu\u00e9bec. Publi\u00e9 dans\u00a0:LA GESTION DES RISQUES LI\u00c9S AUX INONDATIONS AU QU\u00c9BEC. Presse de l\u2019Universit\u00e9 du Qu\u00e9bec<\/p>\n<p><strong>MALTAIS* M., BUFFIN-B\u00c9LANGER T., BOIVIN M. <\/strong>2021. Al\u00e9as et risques fluviaux des cours d\u2019eau mobiles dans l\u2019est du Qu\u00e9bec. Publi\u00e9 dans\u00a0: LA GESTION DES RISQUES LI\u00c9S AUX INONDATIONS AU QU\u00c9BEC. Presse de l\u2019Universit\u00e9 du Qu\u00e9bec<\/p>\n<p><a name=\"_Toc178280127\"><\/a><strong><u>Guide et manuel pour les utilisateurs<\/u><\/strong><\/p>\n<p><strong>TREMBLAY*, S., BOIVIN, M., RIFFON, O. <\/strong>2025. Guide des bonnes pratiques sur la participation citoyenne dans le cadre de la restauration hydrog\u00e9omorphologique des cours d\u2019eau. Laboratoire d\u2019expertise et de recherche en g\u00e9ographie appliqu\u00e9e (LERGA) et LAGORA, Universit\u00e9 du Qu\u00e9bec \u00e0 Chicoutimi (UQAC). 80 pages.<\/p>\n<p><strong>POULIOT L-G, BOIVIN M., DEMERS S.<\/strong> 2024. Guide qu\u00e9b\u00e9cois d\u2019application de l\u2019Indice de Qualit\u00e9 Morphologique (IQM) des cours d\u2019eau. Firme Rivi\u00e8res et Laboratoire d\u2019expertise et de recherche en g\u00e9ographie appliqu\u00e9e. LERGA-UQAC. 108 pages et annexes.<\/p>\n<p><strong>BOIVIN M., MALTAIS M., ET BUFFIN-B\u00c9LANGER, T <\/strong>2019. Guide m\u00e9thodologique sur l\u2019outil d&#8217;aide \u00e0 la d\u00e9cision de l\u2019indice du dynamisme du bois en rivi\u00e8re. Universit\u00e9 du Qu\u00e9bec \u00e0 Chicoutimi\/Universit\u00e9 du Qu\u00e9bec \u00e0 Rimouski. 114 pages et annexes<\/p>\n<p>Lien vers le guide :\u00a0<a href=\"https:\/\/recherche.uqac.ca\/lerga\/guide-bois-en-riviere\/\" target=\"_blank\" rel=\"noopener\">https:\/\/recherche.uqac.ca\/lerga\/guide-bois-en-riviere\/<\/a><\/p>\n<p><strong><u>Th\u00e8se de doctorat<\/u><\/strong><\/p>\n<p><strong>BOIVIN, M. <\/strong>2016. Analyse par bilan ligneux de la dynamique des bois morts \u00e0 multiples \u00e9chelles spatiales et temporelles dans une rivi\u00e8re semi-alluviale de r\u00e9gion froide. UQAR et ENS-Lyon. Th\u00e8se de doctorat soutenue le 9 juin 2016 avec mention excellente du Jury et mention au tableau d\u2019honneur du Doyen de l\u2019UQAR. 185 pages.<\/p>\n<p>Lien vers la th\u00e8se :\u00a0<a href=\"https:\/\/semaphore.uqar.ca\/1153\/\" target=\"_blank\" rel=\"noopener\">https:\/\/semaphore.uqar.ca\/1153\/<\/a><\/p>\n<p><strong>BOIVIN, M. <\/strong>2013. Pourquoi prendre en compte la g\u00e9omorphologie fluviale dans la gestion et la pr\u00e9vention des risques fluviaux dans le contexte des changements climatiques? Synth\u00e8se environnementale. UQAM.<\/p>\n<p><strong><em>Rapports de recherche publi\u00e9s<\/em><\/strong><\/p>\n<p><strong>VIN DESLAURIERS JANIE, LAUZIER MARIE-JO\u00cbLLE ET BOIVIN MAXIME. <\/strong>2024. La restauration fluviale par les processus et bas\u00e9e sur l\u2019hydrog\u00e9omorphologie : le cas du haut bassin-versant de la rivi\u00e8re Lorette. Rapport pr\u00e9sent\u00e9 \u00e0 Canards Illimit\u00e9s Canada (CIC). Laboratoire d\u2019expertise et de recherche en g\u00e9ographie appliqu\u00e9e. LERGA-UQAC. 53 pages + annexes.<\/p>\n<p><strong>BERUBE, JOHAN ET BOIVIN, MAXIME. <\/strong>2024. Projet de reconnexion d\u2019un ancien m\u00e9andre de la rivi\u00e8re Saint-Jean dans une perspective de gestion de risques d\u2019emb\u00e2cles et d\u2019inondations, L\u2019Anse-Saint-Jean (Qu\u00e9bec). Laboratoire d\u2019expertise et de recherche en g\u00e9ographie appliqu\u00e9e. LERGA-005-UQAC. 46 pages + annexes.<\/p>\n<p><strong>BERUBE JOHAN, MEHOUR KARIM, BOIVIN MAXIME, BUFFIN-BELANGER THOMAS ET BIRON PASCALE. <\/strong>2023. Utilisation de l\u2019indice automatis\u00e9 \u00e0 neuf indicateurs pour \u00e9valuer l\u2019\u00e9tat hydrog\u00e9omorphologique des cours d\u2019eau du Qu\u00e9bec (livrable final). R\u00e9alis\u00e9 dans le cadre du projet de D\u00e9veloppement et adaptation d\u2019un indice de l\u2019\u00e9tat hydrog\u00e9omorphologique des cours d\u2019eau pour le Qu\u00e9bec m\u00e9ridional. Laboratoire d\u2019expertise et de recherche en g\u00e9ographie appliqu\u00e9e. LERGA-UQAC. 89 pages avec annexes.<\/p>\n<p><strong>GILLET, M*; BERUBE, J; BOIVIN, M. <\/strong>2023. Dynamique hydros\u00e9dimentaire de la rivi\u00e8re Saint-Jean, Anse-Saint-Jean, Saguenay entre 1996 et 2023. 30 pages. Universit\u00e9 du Qu\u00e9bec \u00e0 Chicoutimi. Rapport remis \u00e0 la FCSA.<\/p>\n<p><strong>BERUBE, J; BOIVIN, M. <\/strong>2021. Caract\u00e9risation de la qualit\u00e9 morphologique et \u00e9tude de la dynamique hydros\u00e9dimentaire du secteur estuarien de la rivi\u00e8re Saint-Anne, Sainte-Anne-de-la-P\u00e9rade (Qu\u00e9bec) pour la p\u00e9rennit\u00e9 des habitats du Poulamon atlantique (Microgadus tomcod). 110. Universit\u00e9 du Qu\u00e9bec \u00e0 Chicoutimi<\/p>\n<p><strong>B\u00c9RUB\u00c9 J, BOIVIN M.<\/strong>\u00a02021. \u00c9tude hydrog\u00e9omorphologique d&#8217;un cours d&#8217;eau influenc\u00e9 par des barrages de castor (Castor canadensis) et analyses des contraintes migratoires pour le saumon atlantique (Salmo salar) dans la rivi\u00e8re Ouelle. 83 pages. Universit\u00e9 du Qu\u00e9bec \u00e0 Chicoutimi.<\/p>\n<p><strong>B\u00c9RUB\u00c9\u00a0J., et BOIVIN M.<\/strong> 2020. \u00c9tude de la dynamique du bois mort en rivi\u00e8re et de son impact sur la migration anadrome du Saumon de l\u2019Atlantique dans la rivi\u00e8re Port-Daniel. Rapport pr\u00e9sent\u00e9 \u00e0 la Soci\u00e9t\u00e9 des \u00e9tablissements de plein air du Qu\u00e9bec (SEPAQ). Laboratoire d\u2019expertise et de recherche en g\u00e9ographie appliqu\u00e9e. LERGA-001-UQAC. 67 pages + annexes.<\/p>\n<p><strong>GAGNE, S; BOIVIN, M; SIROIS, P.<\/strong> 2020. Identification des anomalies thermiques dans les lacs h\u00e9bergeant l&#8217;omble chevalier <em>Oquassa<\/em> en utilisant l&#8217;imagerie infrarouge a\u00e9roport\u00e9e. 34 pages. Universit\u00e9 du Qu\u00e9bec \u00e0 Chicoutimi<\/p>\n<p><strong>BOIVIN M., BUFFIN-B\u00c9LANGER, T., ET ARSENEAULT, D. 2018. <\/strong>Analyses dendrochronologiques et dendroclimatiques \u00e0 partir des emb\u00e2cles de la rivi\u00e8re Saint-Jean, Gasp\u00e9sie. LERGA et Laboratoire de g\u00e9omorphologie et dynamique fluviale. UQAC\/UQAR.<\/p>\n<p><strong>ROY M., BOIVIN M., BERGERON N. <\/strong>2017. Cartographie de l\u2019habitat des rivi\u00e8res \u00e0 saumon de Gasp\u00e9. Rapport de recherche 2016-2017. Rapport d\u2019\u00e9tape (2016-2017) pr\u00e9sent\u00e9 \u00e0 la Soci\u00e9t\u00e9 de Gestion des Rivi\u00e8res de Gasp\u00e9 Inc. Et \u00e0 la Fondation pour le saumon du grand Gasp\u00e9. Laboratoire d&#8217;analyse et de mod\u00e9lisation des habitats aquatiques. Institut national de la recherche scientifique (INRS)-Centre Eau Terre Environnement.<\/p>\n<p><strong>BOIVIN M., BUFFIN-B\u00c9LANGER T. <\/strong>2016. Analyse par bilan ligneux de la dynamique des bois morts \u00e0 multiples \u00e9chelles spatiales et temporelles dans une rivi\u00e8re semi-alluviale de r\u00e9gion froide: Le cas de la rivi\u00e8re Saint-Jean, Gasp\u00e9. Rapport final pr\u00e9sent\u00e9 \u00e0 la Soci\u00e9t\u00e9 de Gestion des Rivi\u00e8res de Gasp\u00e9 Inc. Laboratoire de g\u00e9omorphologie et dynamique fluviale. LGDF-006-UQAR. 30 pages + annexe.<\/p>\n<p><strong>BOIVIN M., BUFFIN-B\u00c9LANGER T. <\/strong>2014. Mod\u00e9lisation de bilans ligneux de rivi\u00e8res semi-alluviales de la Gasp\u00e9sie, Qu\u00e9bec : Le cas de la rivi\u00e8re Saint-Jean. Rapport d\u2019\u00e9tape (2012-2013) pr\u00e9sent\u00e9 \u00e0 la Soci\u00e9t\u00e9 de Gestion des Rivi\u00e8res de Gasp\u00e9 Inc. Laboratoire de g\u00e9omorphologie et dynamique fluviale. LGDF-004-UQAR.<\/p>\n<p><strong>BOIVIN M., BUFFIN-B\u00c9LANGER T. <\/strong>2013. Mod\u00e9lisation de bilans ligneux de rivi\u00e8res semi-alluviales de la Gasp\u00e9sie, Qu\u00e9bec : Le cas de la rivi\u00e8re Saint-Jean. Rapport d\u2019\u00e9tape (2011-2012) pr\u00e9sent\u00e9 \u00e0 la Soci\u00e9t\u00e9 de Gestion des Rivi\u00e8res de Gasp\u00e9 Inc. Laboratoire de g\u00e9omorphologie et dynamique fluviale. LGDF-003-UQAR.<\/p>\n<p><strong>BOIVIN M., BUFFIN-B\u00c9LANGER T<\/strong>. (2010). \u00c9tude hydrog\u00e9omorphologique li\u00e9e \u00e0 la pr\u00e9sence de bois morts dans le corridor fluvial de la rivi\u00e8re Saint-Jean, Gasp\u00e9. Rapport pr\u00e9sent\u00e9 \u00e0 la Soci\u00e9t\u00e9 de Gestion des Rivi\u00e8res de Gasp\u00e9 inc. Laboratoire de g\u00e9omorphologie et dynamique fluviale. UQAR.<\/p>\n<p><strong><em>Article de vulgarisation\u00a0<\/em><\/strong><\/p>\n<p><strong>BOIVIN, M. <\/strong>2011<strong>.<\/strong> Lorsque le bois n\u2019arrive plus \u00e0 la mer!. Section Recherches, Revue D\u00e9couvrir, ACFAS, Novembre 2011 [En ligne], <a href=\"https:\/\/www.acfas.ca\/publications\/decouvrir\/2011\/11\/lorsque-bois-n-arrive-plus-mer\" target=\"_blank\" rel=\"noopener\">https:\/\/www.acfas.ca\/publications\/decouvrir\/2011\/11\/lorsque-bois-n-arrive-plus-mer<\/a><\/p>\n<p><em><strong>Autres publications<\/strong><\/em><\/p>\n<p><span style=\"font-family: 'Calibri',sans-serif;color: black\"><strong>Comit\u00e9 intersectoriel \u00e9tudiant des Fonds de recherche du Qu\u00e9bec*<\/strong>. (2019). <span style=\"font-family: 'Calibri',sans-serif\">Comment mieux r\u00e9pondre aux besoins des postdoctorants et postdoctorantes ? Portrait de situation &#8211; Rapport du groupe de travail sur la situation des postdoctorants et des postdoctorantes au Qu\u00e9bec<\/span>.\u00a0<\/span><\/p>\n<p><span style=\"font-family: 'Calibri',sans-serif;color: black\">*\u00c0 titre de membre du groupe de travail.<\/span><\/p>\n","protected":false},"excerpt":{"rendered":"<p>Articles scientifiques publi\u00e9s PRUGNE, M*; CORENBLIT, D; BOIVIN, M; BUFFIN-B\u00c9LANGER, T. (2025).Vegetation and channel adjustment trajectories in cold region: the effects of ice disturbances in two contrasted rivers. Special issue: River processes and flow-sediment-biota interactions: recent research trends. Earth surfaces and processes. PAR\u00c9, M.C; MORISSETTE, O; BOIVIN M; PIOCHON M; PICHETTE, A. 2024. Augmentation significative &hellip; <a href=\"https:\/\/portfolio.uqac.ca\/maximeboivin\/publications\/\" class=\"more-link\">Continuer la lecture de <span class=\"screen-reader-text\">Publications<\/span>  <span class=\"meta-nav\">&rarr;<\/span><\/a><\/p>\n","protected":false},"author":89,"featured_media":0,"parent":0,"menu_order":0,"comment_status":"closed","ping_status":"closed","template":"","meta":{"footnotes":""},"tags":[],"_links":{"self":[{"href":"https:\/\/portfolio.uqac.ca\/maximeboivin\/wp-json\/wp\/v2\/pages\/20"}],"collection":[{"href":"https:\/\/portfolio.uqac.ca\/maximeboivin\/wp-json\/wp\/v2\/pages"}],"about":[{"href":"https:\/\/portfolio.uqac.ca\/maximeboivin\/wp-json\/wp\/v2\/types\/page"}],"author":[{"embeddable":true,"href":"https:\/\/portfolio.uqac.ca\/maximeboivin\/wp-json\/wp\/v2\/users\/89"}],"replies":[{"embeddable":true,"href":"https:\/\/portfolio.uqac.ca\/maximeboivin\/wp-json\/wp\/v2\/comments?post=20"}],"version-history":[{"count":46,"href":"https:\/\/portfolio.uqac.ca\/maximeboivin\/wp-json\/wp\/v2\/pages\/20\/revisions"}],"predecessor-version":[{"id":221,"href":"https:\/\/portfolio.uqac.ca\/maximeboivin\/wp-json\/wp\/v2\/pages\/20\/revisions\/221"}],"wp:attachment":[{"href":"https:\/\/portfolio.uqac.ca\/maximeboivin\/wp-json\/wp\/v2\/media?parent=20"}],"wp:term":[{"taxonomy":"post_tag","embeddable":true,"href":"https:\/\/portfolio.uqac.ca\/maximeboivin\/wp-json\/wp\/v2\/tags?post=20"}],"curies":[{"name":"wp","href":"https:\/\/api.w.org\/{rel}","templated":true}]}}