{"id":27,"date":"2017-08-14T16:20:33","date_gmt":"2017-08-14T20:20:33","guid":{"rendered":"http:\/\/portfolio-pre.uqac.ca\/gabarit\/?page_id=27"},"modified":"2017-09-06T09:23:52","modified_gmt":"2017-09-06T13:23:52","slug":"curriculum-vitae","status":"publish","type":"page","link":"https:\/\/portfolio.uqac.ca\/maximeboivin\/curriculum-vitae\/","title":{"rendered":"Curriculum vitae"},"content":{"rendered":"<h2><strong>Dipl\u00f4mes<\/strong><\/h2>\n<p>Doctorat en sciences de l\u2019environnement et en G\u00e9ographie. Universit\u00e9 du Qu\u00e9bec \u00e0 Rimouski \/ \u00c9cole Normale Sup\u00e9rieure de Lyon.<\/p>\n<p>Ma\u00eetrise en g\u00e9ographie, \u00a0passage acc\u00e9l\u00e9r\u00e9 au doctorat. Universit\u00e9 du Qu\u00e9bec \u00e0 Rimouski.<\/p>\n<p>Baccalaur\u00e9at en g\u00e9ographie, Universit\u00e9 du Qu\u00e9bec \u00e0 Montr\u00e9al<\/p>\n<p>&nbsp;<\/p>\n<h2><strong><br \/>\nDistinctions et bourses<br \/>\n<\/strong><\/h2>\n<p>Bourse postdoctoral Mitacs Acc\u00e9l\u00e9ration. 2017<\/p>\n<p>Bourse de Mobilit\u00e9 Qu\u00e9bec-Italie (Universit\u00e9 de Padova). 2017<\/p>\n<p>Tableau d&#8217;honneur du doyen des \u00e9tudes de cycles sup\u00e9rieurs. UQAR. 2017<\/p>\n<p>Mention excellente (Qu\u00e9bec) et tr\u00e8s honorable (France) du jury de th\u00e8se de doctorat. 2016<\/p>\n<p>Prix pour la meilleure pr\u00e9sentation orale. 11<sup>e<\/sup> Colloque sur les risques naturels au Qu\u00e9bec. ACFAS-2016, Montr\u00e9al.\u00a02016<\/p>\n<p>M\u00e9rite \u00e9tudiant 2016 : Reconnaissances individuelles\/ implication sociale. 2016<\/p>\n<p>Bourse d\u2019excellence en recherche au doctorat d\u2019Hydro-Qu\u00e9bec, UQAR. 2014-2015<\/p>\n<p>Prix pour la meilleure pr\u00e9sentation orale. Colloque annuel de l\u2019Institut des Sciences de l\u2019environnement. UQAM, Montr\u00e9al.\u00a02014<\/p>\n<p>Bourse \u00e0 la mobilit\u00e9 des cotutelles Frontenac du FQRNT.\u00a02012-2015<\/p>\n<p>Bourse de mobilit\u00e9 Foncer\/EnviroNord du CRSNG.\u00a02012<\/p>\n<p>Bourse de recherche Doctorat Alexander Graham Bell du CRSNG 2011-2014<\/p>\n<p>Bourse de recherche Doctorat du FQRNT.\u00a02011-2014<\/p>\n<p>Financement de recherche, Soci\u00e9t\u00e9 de gestion des rivi\u00e8res de Gasp\u00e9, Ville de Gasp\u00e9 et Fondation pour le saumon du Grand Gasp\u00e9.\u00a02011-2015<\/p>\n<p>Bourse pour stage de recherche \u00e0 l\u2019\u00e9tranger CRSNG. 2010<\/p>\n<p>Financement de recherche, Soci\u00e9t\u00e9 de gestion des rivi\u00e8res de Gasp\u00e9. 2010<\/p>\n<p>Bourse de recherche ma\u00eetrise du FQRNT. 2009-2011<\/p>\n<p>Bourse de recherche Alexander Graham Bell du CRSNG. 2009-2011<\/p>\n<p>Bourse de recherche premier cycle du CRSNG. 2009<\/p>\n<p>Bourse de recherche premier cycle du CRSNG.\u00a02008<\/p>\n<p>Bourse d\u2019excellence du Mill\u00e9naire.\u00a02008-2009<\/p>\n<p>Bourse Orville-Erickson de la Fondation canadienne de la Faune. 2008<\/p>\n<h2><\/h2>\n","protected":false},"excerpt":{"rendered":"<p>Dipl\u00f4mes Doctorat en sciences de l\u2019environnement et en G\u00e9ographie. Universit\u00e9 du Qu\u00e9bec \u00e0 Rimouski \/ \u00c9cole Normale Sup\u00e9rieure de Lyon. Ma\u00eetrise en g\u00e9ographie, \u00a0passage acc\u00e9l\u00e9r\u00e9 au doctorat. Universit\u00e9 du Qu\u00e9bec \u00e0 Rimouski. Baccalaur\u00e9at en g\u00e9ographie, Universit\u00e9 du Qu\u00e9bec \u00e0 Montr\u00e9al &nbsp; Distinctions et bourses Bourse postdoctoral Mitacs Acc\u00e9l\u00e9ration. 2017 Bourse de Mobilit\u00e9 Qu\u00e9bec-Italie (Universit\u00e9 de &hellip; <a href=\"https:\/\/portfolio.uqac.ca\/maximeboivin\/curriculum-vitae\/\" class=\"more-link\">Continuer la lecture de <span class=\"screen-reader-text\">Curriculum vitae<\/span>  <span class=\"meta-nav\">&rarr;<\/span><\/a><\/p>\n","protected":false},"author":89,"featured_media":0,"parent":0,"menu_order":0,"comment_status":"closed","ping_status":"closed","template":"","meta":{"footnotes":""},"tags":[],"_links":{"self":[{"href":"https:\/\/portfolio.uqac.ca\/maximeboivin\/wp-json\/wp\/v2\/pages\/27"}],"collection":[{"href":"https:\/\/portfolio.uqac.ca\/maximeboivin\/wp-json\/wp\/v2\/pages"}],"about":[{"href":"https:\/\/portfolio.uqac.ca\/maximeboivin\/wp-json\/wp\/v2\/types\/page"}],"author":[{"embeddable":true,"href":"https:\/\/portfolio.uqac.ca\/maximeboivin\/wp-json\/wp\/v2\/users\/89"}],"replies":[{"embeddable":true,"href":"https:\/\/portfolio.uqac.ca\/maximeboivin\/wp-json\/wp\/v2\/comments?post=27"}],"version-history":[{"count":7,"href":"https:\/\/portfolio.uqac.ca\/maximeboivin\/wp-json\/wp\/v2\/pages\/27\/revisions"}],"predecessor-version":[{"id":156,"href":"https:\/\/portfolio.uqac.ca\/maximeboivin\/wp-json\/wp\/v2\/pages\/27\/revisions\/156"}],"wp:attachment":[{"href":"https:\/\/portfolio.uqac.ca\/maximeboivin\/wp-json\/wp\/v2\/media?parent=27"}],"wp:term":[{"taxonomy":"post_tag","embeddable":true,"href":"https:\/\/portfolio.uqac.ca\/maximeboivin\/wp-json\/wp\/v2\/tags?post=27"}],"curies":[{"name":"wp","href":"https:\/\/api.w.org\/{rel}","templated":true}]}}