{"id":4,"date":"2017-08-14T16:20:33","date_gmt":"2017-08-14T20:20:33","guid":{"rendered":"http:\/\/portfolio-pre.uqac.ca\/gabarit\/?page_id=4"},"modified":"2021-12-17T11:30:24","modified_gmt":"2021-12-17T16:30:24","slug":"presentatio","status":"publish","type":"page","link":"https:\/\/portfolio.uqac.ca\/maximeboivin\/","title":{"rendered":"Pr\u00e9sentation"},"content":{"rendered":"<h2>Maxime Boivin<\/h2>\n<p>Professeur de g\u00e9ographie au d\u00e9partement des sciences humaines et sociales<\/p>\n<h2>Champs d&#8217;int\u00e9r\u00eat<\/h2>\n<p>G\u00e9ographie; hydrog\u00e9omorphologie; g\u00e9omorphologie; imagerie et SIG; relations plaines alluviales et rivi\u00e8res; restauration des cours d&#8217;eau, habitats en rivi\u00e8re, dynamique des\u00a0bandes riveraines; dynamique du bois mort en rivi\u00e8re; am\u00e9nagement et utilisation du territoire.<\/p>\n","protected":false},"excerpt":{"rendered":"<p>Maxime Boivin Professeur de g\u00e9ographie au d\u00e9partement des sciences humaines et sociales Champs d&#8217;int\u00e9r\u00eat G\u00e9ographie; hydrog\u00e9omorphologie; g\u00e9omorphologie; imagerie et SIG; relations plaines alluviales et rivi\u00e8res; restauration des cours d&#8217;eau, habitats en rivi\u00e8re, dynamique des\u00a0bandes riveraines; dynamique du bois mort en rivi\u00e8re; am\u00e9nagement et utilisation du territoire.<\/p>\n","protected":false},"author":89,"featured_media":0,"parent":0,"menu_order":0,"comment_status":"closed","ping_status":"closed","template":"","meta":{"footnotes":""},"tags":[],"_links":{"self":[{"href":"https:\/\/portfolio.uqac.ca\/maximeboivin\/wp-json\/wp\/v2\/pages\/4"}],"collection":[{"href":"https:\/\/portfolio.uqac.ca\/maximeboivin\/wp-json\/wp\/v2\/pages"}],"about":[{"href":"https:\/\/portfolio.uqac.ca\/maximeboivin\/wp-json\/wp\/v2\/types\/page"}],"author":[{"embeddable":true,"href":"https:\/\/portfolio.uqac.ca\/maximeboivin\/wp-json\/wp\/v2\/users\/89"}],"replies":[{"embeddable":true,"href":"https:\/\/portfolio.uqac.ca\/maximeboivin\/wp-json\/wp\/v2\/comments?post=4"}],"version-history":[{"count":14,"href":"https:\/\/portfolio.uqac.ca\/maximeboivin\/wp-json\/wp\/v2\/pages\/4\/revisions"}],"predecessor-version":[{"id":202,"href":"https:\/\/portfolio.uqac.ca\/maximeboivin\/wp-json\/wp\/v2\/pages\/4\/revisions\/202"}],"wp:attachment":[{"href":"https:\/\/portfolio.uqac.ca\/maximeboivin\/wp-json\/wp\/v2\/media?parent=4"}],"wp:term":[{"taxonomy":"post_tag","embeddable":true,"href":"https:\/\/portfolio.uqac.ca\/maximeboivin\/wp-json\/wp\/v2\/tags?post=4"}],"curies":[{"name":"wp","href":"https:\/\/api.w.org\/{rel}","templated":true}]}}