{"id":46,"date":"2017-08-14T16:20:33","date_gmt":"2017-08-14T20:20:33","guid":{"rendered":"http:\/\/portfolio-pre.uqac.ca\/gabarit\/?page_id=46"},"modified":"2021-12-17T11:27:25","modified_gmt":"2021-12-17T16:27:25","slug":"recherche","status":"publish","type":"page","link":"https:\/\/portfolio.uqac.ca\/maximeboivin\/recherche\/","title":{"rendered":"Recherche"},"content":{"rendered":"<p>Mes int\u00e9r\u00eats et activit\u00e9s de recherche sont multiples et vari\u00e9s, mais ils se concentrent principalement sur l\u2019impact des interventions humaines et des changements environnementaux sur les rivi\u00e8res, les lacs et les plaines alluviales (conservation des bandes riveraine, att\u00e9nuation des inondations, modifications de cours d\u2019eau, habitats pour les poissons, etc). Je me suis sp\u00e9cialis\u00e9 en dynamique et g\u00e9omorphologie fluviale et sur la trajectoire des syst\u00e8mes (pass\u00e9e, pr\u00e9sente et future) \u00e0 multiples \u00e9chelles temporelles et spatiales dans un contexte de changements environnementaux. Je souhaite aussi poursuivre mes recherches au niveau du d\u00e9veloppement de nouveaux outils en syst\u00e8me d\u2019information g\u00e9ographique appliqu\u00e9 \u00e0 la gestion durable des environnements fluviaux (ressources, p\u00eache sportive, am\u00e9nagement durable, planification territoriale\u2026).<\/p>\n<p>Mes projets de recherche \u00e0 court et moyen terme s\u2019attarderont aux interactions entre les plaines alluviales (bandes riveraines) et leurs impacts sur l\u2019\u00e9volution des paysages fluviaux et riverains dans un contexte de changements environnementaux. De plus, mes projets de recherche multidisciplinaire s\u2019ins\u00e8rent dans des approches \u00e0 multiples \u00e9chelles spatiales (r\u00e9gional, bassin versant, corridor fluvial\u2026) et temporelles (historique, actuel et futur) afin de comprendre les facteurs cl\u00e9s influen\u00e7ant les interrelations entre les diff\u00e9rentes sph\u00e8res de l\u2019am\u00e9nagement durable des cours d\u2019eau et permettant une meilleure gestion des environnements fluviaux.<\/p>\n<p>&nbsp;<\/p>\n<p>Mes projets en cours :<\/p>\n<ul>\n<li>Hydrog\u00e9omorphologie et restauration des processus naturels en rivi\u00e8res pour l&#8217;habitat du poisson (saumon et truite de mer). Projets sur la Rivi\u00e8re \u00e0 Mars (Contact-Nature) et sur la rivi\u00e8re des Escoumins (CGRSE-Escoumins). 2019-2023.<\/li>\n<\/ul>\n<ul>\n<li>D\u00e9veloppement de courbes r\u00e9gionales de g\u00e9om\u00e9triques hydrauliques adapt\u00e9es \u00e0 diff\u00e9rents contextes physiographiques au Qu\u00e9bec. Collaboration avec Pascale Biron (U. Concordia). Financement du MELCC. 2020-2023.<\/li>\n<\/ul>\n<ul>\n<li>Mettre le Qu\u00e9bec maritime sur la carte! La cartographie participative comme d\u00e9marche d&#8217;innovation ouverte dans les comit\u00e9s ZIP. Chercheur principal : Gabriel Joyal (CGQ). Financement du programme Odyss\u00e9e Saint-Laurent (RQM).<\/li>\n<\/ul>\n<ul>\n<li>Am\u00e9nagements pour le saumon adapt\u00e9s \u00e0 l\u2019hydrologie et \u00e0 l&#8217;hydrog\u00e9omorphologie de la rivi\u00e8re Ouelle &#8211; Analyses HGM et impacts potentiels des barrages de castors. Collaboration avec l&#8217;OBV OBAKIR. Financement de la FFQ et de la FCSA.<\/li>\n<li>Dynamique hydros\u00e9dimentaire historique sur la rivi\u00e8re Saint-Anne et habitat du poulamon Atlantique. Collaboration avec l&#8217;OBV CAPSA. Financement du programme Affluents Maritimes du ROBVQ.<\/li>\n<\/ul>\n<ul>\n<li>Analyses dendrochronologiques et dendroclimatiques \u00e0 partir des emb\u00e2cles de la rivi\u00e8re Saint-Jean, Gasp\u00e9sie.<\/li>\n<\/ul>\n<ul>\n<li>D\u00e9veloppement d\u2019un guide sur les avantages \u00e9cosyst\u00e9miques et l\u2019am\u00e9nagement durable des emb\u00e2cles de bois en rivi\u00e8re pour les gestionnaires de cours d\u2019eau au Qu\u00e9bec. \u00a0Collaborateurs\u00a0: Conseil de l\u2019eau du Nord de la Gasp\u00e9sie, Fondation de la Faune, MITACS et Thomas Buffin-B\u00e9langer (UQAR).<\/li>\n<\/ul>\n<ul>\n<li>Dynamique du bois mort et des bandes riveraines dans un contexte de changements environnementaux. Financement FRQNT.<\/li>\n<\/ul>\n<ul>\n<li>Am\u00e9lioration des mesures de protection de l\u2019omble chevalier <em>oquassa<\/em> \u00e0 l\u2019\u00e9gard des activit\u00e9s d\u2019am\u00e9nagement forestier par\u00a0des approches a\u00e9roport\u00e9es (drone) et <em>in situ<\/em>. Collaborateurs : Pascal Sirois (UQAC) et MFFP.<\/li>\n<\/ul>\n<ul>\n<li>Projet d\u2019analyse g\u00e9otechnique et g\u00e9omorphologique des risques de glissement de terrain et possibilit\u00e9 de faire reconnaitre le site de Saint-Jean-Vianney comme un G\u00e9oSite\/G\u00e9omorphoSite.\u00a0 Collaborateurs : Ali Saeidi (UQAC), Promotion Saguenay et MITACS.<\/li>\n<\/ul>\n","protected":false},"excerpt":{"rendered":"<p>Mes int\u00e9r\u00eats et activit\u00e9s de recherche sont multiples et vari\u00e9s, mais ils se concentrent principalement sur l\u2019impact des interventions humaines et des changements environnementaux sur les rivi\u00e8res, les lacs et les plaines alluviales (conservation des bandes riveraine, att\u00e9nuation des inondations, modifications de cours d\u2019eau, habitats pour les poissons, etc). Je me suis sp\u00e9cialis\u00e9 en dynamique &hellip; <a href=\"https:\/\/portfolio.uqac.ca\/maximeboivin\/recherche\/\" class=\"more-link\">Continuer la lecture de <span class=\"screen-reader-text\">Recherche<\/span>  <span class=\"meta-nav\">&rarr;<\/span><\/a><\/p>\n","protected":false},"author":89,"featured_media":0,"parent":0,"menu_order":0,"comment_status":"closed","ping_status":"closed","template":"","meta":{"footnotes":""},"tags":[],"_links":{"self":[{"href":"https:\/\/portfolio.uqac.ca\/maximeboivin\/wp-json\/wp\/v2\/pages\/46"}],"collection":[{"href":"https:\/\/portfolio.uqac.ca\/maximeboivin\/wp-json\/wp\/v2\/pages"}],"about":[{"href":"https:\/\/portfolio.uqac.ca\/maximeboivin\/wp-json\/wp\/v2\/types\/page"}],"author":[{"embeddable":true,"href":"https:\/\/portfolio.uqac.ca\/maximeboivin\/wp-json\/wp\/v2\/users\/89"}],"replies":[{"embeddable":true,"href":"https:\/\/portfolio.uqac.ca\/maximeboivin\/wp-json\/wp\/v2\/comments?post=46"}],"version-history":[{"count":9,"href":"https:\/\/portfolio.uqac.ca\/maximeboivin\/wp-json\/wp\/v2\/pages\/46\/revisions"}],"predecessor-version":[{"id":200,"href":"https:\/\/portfolio.uqac.ca\/maximeboivin\/wp-json\/wp\/v2\/pages\/46\/revisions\/200"}],"wp:attachment":[{"href":"https:\/\/portfolio.uqac.ca\/maximeboivin\/wp-json\/wp\/v2\/media?parent=46"}],"wp:term":[{"taxonomy":"post_tag","embeddable":true,"href":"https:\/\/portfolio.uqac.ca\/maximeboivin\/wp-json\/wp\/v2\/tags?post=46"}],"curies":[{"name":"wp","href":"https:\/\/api.w.org\/{rel}","templated":true}]}}