{"id":18,"date":"2023-10-31T15:41:41","date_gmt":"2023-10-31T19:41:41","guid":{"rendered":"http:\/\/portfolio-pre.uqac.ca\/gabarit\/?page_id=18"},"modified":"2025-06-19T15:14:01","modified_gmt":"2025-06-19T19:14:01","slug":"enseignement","status":"publish","type":"page","link":"https:\/\/portfolio.uqac.ca\/maximeclaprood\/enseignement\/","title":{"rendered":"Enseignement"},"content":{"rendered":"<ul>\n<li>6SGP145 : <a href=\"https:\/\/programmes.uqac.ca\/6SGP145\" target=\"_blank\" rel=\"noopener\">G\u00e9ophysique appliqu\u00e9e<\/a><\/li>\n<li>6GLG607 : <a href=\"https:\/\/programmes.uqac.ca\/6glg607\">G\u00e9ostatistique et mise en valeur<\/a><\/li>\n<li><span style=\"line-height: 1.5\">6GEN602 : <a href=\"https:\/\/programmes.uqac.ca\/6gen602\" target=\"_blank\" rel=\"noopener\">M\u00e9canique des sols<\/a><\/span><\/li>\n<li><span style=\"line-height: 1.5\">6GCI223 : <a href=\"https:\/\/programmes.uqac.ca\/6GCI223\" target=\"_blank\" rel=\"noopener\">Conception et restauration de chauss\u00e9es<\/a><\/span><\/li>\n<li>6SCT835 : <a href=\"https:\/\/programmes.uqac.ca\/6SCT835\">Mod\u00e9lisation en hydro-g\u00e9om\u00e9canique<\/a><\/li>\n<li>6SCT810 : <a href=\"https:\/\/programmes.uqac.ca\/6SCT810\">G\u00e9ophysique avanc\u00e9e en hydro-g\u00e9om\u00e9canique<\/a><\/li>\n<li>6STA985 : <a href=\"https:\/\/programmes.uqac.ca\/6sta985\">Concept de syst\u00e8me en sciences de la Terre et de l&#8217;atmosph\u00e8re<\/a><\/li>\n<\/ul>\n","protected":false},"excerpt":{"rendered":"<p>6SGP145 : G\u00e9ophysique appliqu\u00e9e 6GLG607 : G\u00e9ostatistique et mise en valeur 6GEN602 : M\u00e9canique des sols 6GCI223 : Conception et restauration de chauss\u00e9es 6SCT835 : Mod\u00e9lisation en hydro-g\u00e9om\u00e9canique 6SCT810 : G\u00e9ophysique avanc\u00e9e en hydro-g\u00e9om\u00e9canique 6STA985 : Concept de syst\u00e8me en sciences de la Terre et de l&#8217;atmosph\u00e8re<\/p>\n","protected":false},"author":376,"featured_media":0,"parent":0,"menu_order":0,"comment_status":"closed","ping_status":"closed","template":"","meta":{"footnotes":""},"tags":[],"_links":{"self":[{"href":"https:\/\/portfolio.uqac.ca\/maximeclaprood\/wp-json\/wp\/v2\/pages\/18"}],"collection":[{"href":"https:\/\/portfolio.uqac.ca\/maximeclaprood\/wp-json\/wp\/v2\/pages"}],"about":[{"href":"https:\/\/portfolio.uqac.ca\/maximeclaprood\/wp-json\/wp\/v2\/types\/page"}],"author":[{"embeddable":true,"href":"https:\/\/portfolio.uqac.ca\/maximeclaprood\/wp-json\/wp\/v2\/users\/376"}],"replies":[{"embeddable":true,"href":"https:\/\/portfolio.uqac.ca\/maximeclaprood\/wp-json\/wp\/v2\/comments?post=18"}],"version-history":[{"count":7,"href":"https:\/\/portfolio.uqac.ca\/maximeclaprood\/wp-json\/wp\/v2\/pages\/18\/revisions"}],"predecessor-version":[{"id":208,"href":"https:\/\/portfolio.uqac.ca\/maximeclaprood\/wp-json\/wp\/v2\/pages\/18\/revisions\/208"}],"wp:attachment":[{"href":"https:\/\/portfolio.uqac.ca\/maximeclaprood\/wp-json\/wp\/v2\/media?parent=18"}],"wp:term":[{"taxonomy":"post_tag","embeddable":true,"href":"https:\/\/portfolio.uqac.ca\/maximeclaprood\/wp-json\/wp\/v2\/tags?post=18"}],"curies":[{"name":"wp","href":"https:\/\/api.w.org\/{rel}","templated":true}]}}