{"id":20,"date":"2023-10-31T15:41:41","date_gmt":"2023-10-31T19:41:41","guid":{"rendered":"http:\/\/portfolio-pre.uqac.ca\/gabarit\/?page_id=20"},"modified":"2025-06-19T15:56:20","modified_gmt":"2025-06-19T19:56:20","slug":"publications","status":"publish","type":"page","link":"https:\/\/portfolio.uqac.ca\/maximeclaprood\/publications\/","title":{"rendered":"Publications"},"content":{"rendered":"<p><strong><u>Articles avec comit\u00e9 de r\u00e9vision<\/u><\/strong><\/p>\n<p>Liang, X.X., <strong>Claprood, M.<\/strong>, Gloaguen, E., Lauzon, D., Paradis, D. et T. B\u00e9raud (2024). Graph neural network framework for spatio-temporal groundwater level forecasting. <em>Mathematical Geoscience.<\/em> (Accept\u00e9).<\/p>\n<p>B\u00e9raud, T., <strong>Claprood, M.<\/strong> et E. Gloaguen, 2024. A sequential ensemble smoother for multiple data assimilation in hydrogeological modelling. <em>Frontiers in Water<\/em> 6:1462914, doi: 10.3389\/frwa.2024.1462914.<\/p>\n<p>S\u00e9journ\u00e9 S., Comeau F.A., dos Santos, M.L.M., Bordeleau, G., <strong>Claprood, M.,<\/strong> Mouge, P., Mulliez, V., Malo, M., Giroux, B., Gloaguen, E. et J. Raymond, 2024. Potential for natural hydrogen in Quebec (Canada)\u00a0: a first review, Frontiers in Geochemistry, 2:1351631, doi: 10.3389\/fgeoc.2024.1351631.<\/p>\n<p><strong>Claprood, M.<\/strong>, Gloaguen, E., B\u00e9raud, T., Blouin, M., Dupuis, C., Ferron, P., Ouellet, M., Chauss\u00e9, M., Martel, R., Paradis, D. et JM Ballard, 2022. A case study using seismic reflection and well logs to reduce and quantify uncertainty during a hydrogeological assessment, <em>Frontiers in Water<\/em> 3:779149, doi: 10.3389\/frwa.2021.779149.<\/p>\n<p><strong>Claprood, M.<\/strong>, Gloaguen, E., Sauvageau, M., Giroux, B., et Malo, M., 2014. Adapted sequential Gaussian simulations with Bayesian approach to evaluate the CO<sub>2<\/sub> storage potential in low porosity environment, <em>Greenhouse Gases Science and Technology<\/em>, 1-16, doi\u00a0: 10.1002\/ghg.<\/p>\n<p>Sauvageau, M., Gloaguen, E., <strong>Claprood, M<\/strong>. et B\u00eache, M. 2014. Multimodel reservoir porosity simulation: An application to a tight oil reservoir, <em>Journal of Applied Geophysics<\/em>, <strong>107<\/strong>, Ao\u00fbt, doi: 10.1016\/j.jappgeo.2014.05.007<\/p>\n<p><strong>Claprood, M.<\/strong>, Gloaguen, E., Sauvageau, M., Giroux, B., et Malo, M., 2013. Stochastic seismic inversion to reduce the bias in simulated porosity field for CO2 injection in the Saint-Flavien reservoir, Qu\u00e9bec, Canada, <em>First Break<\/em>, <strong>31<\/strong>, No.10, Octobre, 45-52, doi: 10.3997\/1365-2397.2013024.<\/p>\n<p>Duchesne, M.J., <strong>Claprood, M.<\/strong>, et Gloaguen, E., 2012. Improving seismic velocity estimation for 2D poststack time migration of regional seismic data using kriging with an external drift, <em>The Leading Edge<\/em>, <strong>31<\/strong>, No.10, Octobre, 1156-1166.<\/p>\n<p><strong>Claprood, M.<\/strong>, Gloaguen, E., Giroux, B., Duchesne, M.J., Konstantinovskaya, E., et Malo, M., 2012. Workflow using sparse vintage data for building a first geological and reservoir model for CO<sub>2<\/sub> geological storage in deep saline aquifer. A case study in the St. Lawrence Platform, Canada, <em>Greenhouse Gases, Science and Technology<\/em>, <strong>2<\/strong>, 1-19, doi: 10.1002\/ghg.1292.<\/p>\n<p><strong>Claprood, M.<\/strong>, Asten, M.W., et Kristek, J., 2012. Combining HVSR microtremor observations with the SPAC method for site resonance study of the Tamar Valley in Launceston (Tasmania, Australia), <em>Geophysical Journal International<\/em>, <strong>191<\/strong>, No.2, Novembre, 765-780, doi: 10.1111\/j.1365-246X.2012.05654.x.<\/p>\n<p><strong>Claprood, M.<\/strong>, Asten, M.W., et Kristek, J., 2011. Using the SPAC microtremor method to identify 2D effects and evaluate 1D shear-wave velocity profile in valleys; <em>Bulletin of the Seismological Society of America<\/em>, <strong>101<\/strong>, No.2, April, 826-847, doi: 10.1785\/0120090232.<\/p>\n<p><strong>Claprood, M.<\/strong> et Asten, M.W., 2010. Statistical validity control on SPAC microtremor observations recorded with a restricted number of sensors: <em>Bulletin of the Seismological Society of America<\/em>, <strong>100<\/strong>, No.2, April, 776-791, doi: 10.1785\/0120090133.<\/p>\n<p><strong>Claprood, M.<\/strong> et Asten, M.W., 2009. Initial results from spatially averaged coherency, frequency-wavenumber, and horizontal to vertical spectrum ratio microtremor survey methods for site hazard study at Launceston, Tasmania: <em>Exploration Geophysics<\/em> <strong>40 <\/strong>No.1; <em>Butsuri-Tansa<\/em> <strong>62<\/strong>;<em> Mulli-Tamsa<\/em> <strong>12<\/strong>, 132-142, doi: 10.1071\/EG08106.<\/p>\n<p><strong>Claprood, M.<\/strong>, Chouteau, M., et Cheng, L.Z., 2008. Rapid detection and classification of airborne time-domain anomalies using weighted multi-linear regression: <em>Exploration Geophysics<\/em>, <strong>39<\/strong>, No.3, 164-180; doi: 10.1071\/EG08018.<\/p>\n<p><strong><u>Articles de conf\u00e9rence avec comit\u00e9 de r\u00e9vision<\/u><\/strong><\/p>\n<p><strong>Claprood, M.<\/strong>, Couegnas, C., Gloaguen, E., Krimissa, M. et D. Paradis. 2019. An integrated methodology for hydrogeological assessment around industrial installations: <em>Near Surface Geoscience 2019 Conference &amp; Exhibition, <\/em>European Association of Geoscientists and Engineers, Le Havre, Pays Bas, 8-12 septembre 2019.<\/p>\n<p>Gloaguen, E., <strong>Claprood, M.<\/strong>, Paradis, D., Krimissa, M., Couegnas, C., Malleron, N., Ballard, J.-M. et Lefebvre, R. 2018. An integrated methodology for hydrogeological assessment of nuclear power plant aquifers: <em>DEM 2018, Dismantling Challenges: Industrial Reality, Prospect and Feedback Experience<\/em>, Soci\u00e9t\u00e9 Fran\u00e7aise d\u2019\u00c9nergie Nucl\u00e9aire, Avignon, France, 22-24 octobre 2018.<\/p>\n<p><strong>Claprood, M.<\/strong>, Gloaguen, E., Sauvageau, M., Giroux, B., et Malo, M., 2013. Stochastic seismic inversion to estimate the pore volume for CO<sub>2<\/sub> injection in the St. Flavien reservoir, Qu\u00e9bec, Canada, <em>Proceedings of the 2013 EAGE Conference<\/em>, Londres, Royaume-Uni, 10-13 juin.<\/p>\n<p><strong>Claprood, M.<\/strong>, Konstantinovskaya, E., Duchesne, M.J., Giroux, B., Gloaguen, E., Malo, M., Mass\u00e9, L., et Lavoie, J., 2010. Joint sonic log &#8211; 2D seismic analysis to model the petro-physical properties of aquifers for CO<sub>2<\/sub> storage in the B\u00e9cancour area, Qu\u00e9bec, Canada; dans <em>Proceedings of the 2010 GeoCanada Conference Working with the Earth<\/em>, Calgary, Canada, 10-14 mai.<\/p>\n<p><strong>Claprood, M.<\/strong>, Gloaguen, E., Giroux, B., Duchesne, M.J., Konstantinovskaya, E., et Malo, M., 2011. Combining boreholes logs and 2D post-stack seismic profiles by kriging with external drift to build a 3D geological model for CO<sub>2<\/sub> storage in the B\u00e9cancour area, Qu\u00e9bec, Canada, dans <em>Proceedings of the SEG SRW 2011 Summer Research Workshop \u2013 Inverting the Reservoir,<\/em> Qu\u00e9bec, Canada, 26-30 juin.<\/p>\n<p><strong>Claprood, M.<\/strong>, Gloaguen, E., Malo, M., et Mass\u00e9, L., 2011. Using kriging with external trend for time to depth conversion of seismic horizons to characterize deep saline reservoirs for CO<sub>2<\/sub> storage in B\u00e9cancour, Qu\u00e9bec, dans <em>Proceedings of the 2011 Recovery CSPG-CSEG-CWLS 2011 Convention<\/em>, Calgary, Canada, 9-13 mai.<\/p>\n<p><strong>\u00a0<\/strong><strong>Claprood, M.<\/strong> et Asten, M.W., 2009. Variability of shear wave velocity structures in Launceston, Tasmania: dans <em>Proceedings of the 2009 AEES Conference<\/em>, Australian Earthquake Engineering Society, Newcastle, Australie, 11-13 d\u00e9cembre 2009.<\/p>\n<p><strong>\u00a0<\/strong><strong>Claprood, M.<\/strong> et Asten, M.W., 2009. Microtremor observations in Tamar Valley, Launceston, Tasmania: Evidence of 2D resonance from observed microtremor and numerical modelling: dans <em>Proceedings of the 2009 ASEG Conference<\/em>, Australian Society of Geophysicists, Adelaide, Australie, 22-25 f\u00e9vrier 2009.<\/p>\n<p><strong>Claprood, M.<\/strong> et Asten, M.W., 2008. Microtremor survey methods in the Tamar Valley, Launceston, Tasmania: Evidence of 2D resonance from microtremor observations: dans <em>Proceedings of the 2008 AEES Conference<\/em>, Australian Earthquake Engineering Society, Ballarat, Australie, 21-23 novembre 2008.<\/p>\n<p><strong>\u00a0<\/strong><strong>Claprood, M.<\/strong> et Asten, M.W., 2008. Comparison of array microtremor survey methods for estimation of dispersion curves in Launceston, Australia: dans <em>Proceedings of the 2008 SAGEEP Conference<\/em>, Environmental and Engineering Geophysical Society, Philadelphie, \u00c9tats-Unis, 6-10 avril 2008.<\/p>\n<p><strong>Claprood, M.<\/strong> et Asten, M.W., 2007. Use of SPAC, HVSR and strong ground motion analysis for site hazard study in Launceston, Tasmania: dans <em>Proceedings of the 2007 AEES Conference<\/em>, Australian Earthquake Engineering Society, Wollongong, Australie, 23-25 novembre 2007.<\/p>\n<p><strong>Claprood, M.<\/strong> et Asten, M.W., 2006. Use of microtremors for site hazard studies in the 2D Tamar rift valley, Launceston, Tasmania: dans <em>Proceedings of the 2006 AEES Conference<\/em>, Australian Earthquake Engineering Society, Canberra, Australie, 24-26 novembre 2006.<\/p>\n<p><strong><u>Rapports publiques<\/u><\/strong><strong>\u00a0<\/strong><\/p>\n<p><strong>Claprood, M.<\/strong>, B\u00e9raud, T., Boutin, L.-C., Gloaguen E. et Martel, R. 2023. Rapport final du projet UTES-II Ville Mercier, INRS-ETE, Rapport technique soumis au Minist\u00e8re de l&#8217;Environnement, de la Lutte contre les changements climatiques, de la Faune et des Parcs, 132p., <a href=\"https:\/\/www.environnement.gouv.qc.ca\/eau\/souterraines\/lagunes-mercier\/rapport-final-UTES-II-ville-Mercier.pdf\">https:\/\/www.environnement.gouv.qc.ca\/eau\/souterraines\/lagunes-mercier\/rapport-final-UTES-II-ville-Mercier.pdf<\/a><\/p>\n<p>Pullan, S., Philipps C. and <strong>Claprood, M.<\/strong>, 2015. Chapter 2.0: Non-invasive Seismic Technique, <em>in Shear Wave Velocity Measurement Guidelines for Canadian Seismic Site Characterization in Soil and Rock,<\/em> Hunter, J.A. (ed.) and Crow, H.L. (ed.), Earth Science Sector, General Information Product 110, 226 pages, doi: 10.4095\/297314.<\/p>\n<p><strong>Claprood, M.<\/strong>, Gloaguen, E., Giroux, B., Duchesne, M.J., et Malo, M., 2013. Mod\u00e9lisation de la porosit\u00e9 du r\u00e9servoir de gaz de Saint-Flavien par m\u00e9thodes g\u00e9ostatistiques. Rapport technique INRSCO2-2013-V2.13, INRS-\u00c9T\u00c9, <a href=\"http:\/\/chaireco2.ete.inrs.ca\/?=en\/publications_fr\">http:\/\/chaireco2.ete.inrs.ca\/?=en\/publications_fr<\/a>.<\/p>\n<p><strong>Claprood, M.<\/strong>, Duchesne, M.J., et Gloaguen, E., 2011, A geostatistical approach for two-dimensional seismic velocity modelling, Geological Survey of Canada, Open File 7045, 21p.<\/p>\n<p><strong>Claprood, M.<\/strong>, Giroux, B., Gloaguen, E., Duchesne, M.J, Konstantinovskaya, E., et Malo, M., 2011. Mod\u00e8le g\u00e9ologique des aquif\u00e8res salins profonds de la r\u00e9gion de B\u00e9cancour pour la s\u00e9questration du CO<sub>2<\/sub>. Rapport technique INRSCO2-2011-V2.11, INRS-\u00c9T\u00c9, <a href=\"http:\/\/chaireco2.ete.inrs.ca\/?=en\/publications_fr\">http:\/\/chaireco2.ete.inrs.ca\/?=en\/publications_fr<\/a>.<\/p>\n<p>Konstantinovskaya, E., <strong>Claprood, M.<\/strong>, Duchesne, M.J., Giroux, B., Malo, M., et Lefebvre, R., 2010. Le potentiel de stockage du CO<sub>2<\/sub> exp\u00e9rimental dans les aquif\u00e8res salins profonds de B\u00e9cancour\u00a0: Partie I\u00a0: Analyse des diagraphies et des profils sismiques. Rapport technique INRSCO2-2010-V2.1, INRS-\u00c9T\u00c9, <a href=\"http:\/\/chaireco2.ete.inrs.ca\/?=en\/publications_fr\">http:\/\/chaireco2.ete.inrs.ca\/?=en\/publications_fr<\/a>.<\/p>\n<p><strong>\u00a0<\/strong><strong><u>Th\u00e8se et M\u00e9moire<\/u><\/strong><\/p>\n<p><strong>\u00a0<\/strong><strong>Claprood, M.<\/strong>, 2009. Microtremor seismic methods in a 2D valley environment: The Tamar Valley, Launceston (Tasmania, Australia), Th\u00e8se de Doctorat, Monash University, Melbourne, Australie.<\/p>\n<p><strong>Claprood, M.<\/strong>, 2005. Classification automatique d\u2019anomalies MEGATEM de type plaque mince: M\u00e9moire de M.Sc., \u00c9cole Polytechnique de Montr\u00e9al.<\/p>\n<p><strong><u>Pr\u00e9sentations \u00e0 des conf\u00e9rences nationales ou internationales<\/u><\/strong><\/p>\n<p>&#8220;From a deterministic to a probabilistic assessment of hydrogeological models&#8221;, Pr\u00e9sentation orale \u00e0 G\u00e9oOttawa 2025, Conf\u00e9rence du GAC-MAC-IAH-CNC, Ottawa, Canada, 11-15 mai 2025.<\/p>\n<p>&#8220;\u00c9valuation probabiliste de diff\u00e9rents sc\u00e9narios de rem\u00e9diation pour l\u2019optimisation d\u2019une usine de traitement des eaux souterraines contamin\u00e9es&#8221;, Pr\u00e9sentation orale \u00e0 G\u00e9oMontr\u00e9al 2024, 77<sup>e<\/sup> Conf\u00e9rence canadienne de g\u00e9otechnique et 16<sup>e<\/sup> Conf\u00e9rence AIH-SNC sur les eaux souterraines 2024, La Soci\u00e9t\u00e9 canadienne de g\u00e9otechnique et section canadienne de l\u2019Association internationale des hydrog\u00e9ologues, Montr\u00e9al, Canada, 15-18 septembre 2024.<\/p>\n<p>&#8220;Nested hydrogeophysical characterization of shallow aquifers&#8221;, Pr\u00e9sentation orale \u00e0 G\u00e9oMontr\u00e9al 2024, 77<sup>e<\/sup> Conf\u00e9rence canadienne de g\u00e9otechnique et 16<sup>e<\/sup> Conf\u00e9rence AIH-SNC sur les eaux souterraines 2024, La Soci\u00e9t\u00e9 canadienne de g\u00e9otechnique et section canadienne de l\u2019Association internationale des hydrog\u00e9ologues, Montr\u00e9al, Canada, 15-18 septembre 2024.<\/p>\n<p>&#8220;The role of geophysics for hydrogeological assessment of a contaminated site in Quebec, Canada&#8221;, Pr\u00e9sentation orale au 35e Symposium on the Application of Geophysics to Engineering and Environmental Problems (SAGEEP), Environmental and Engineering Geophysical Society, 2-6 avril 2023.<\/p>\n<p>\u201cAn integrated methodology for hydrogeological assessment around industrial installations\u201d, Pr\u00e9sentation orale \u00e0 <em>Near Surface Geoscience 2019 Conference &amp; Exhibition, <\/em>European Association of Geoscientists and Engineers, Le Havre, Pays Bas, 8-12 septembre 2019.<\/p>\n<p>\u201cAn integrated methodology for hydrogeological assessment of aquifers around nuclear installations\u201d, Pr\u00e9sentation orale \u00e0 <em>DEM 2018, Dismantling Challenges: Industrial Reality, Prospect and Feedback Experience<\/em>, Avignon, France, 22-24 octobre 2018.<\/p>\n<p>\u201cD\u00e9veloppement d\u2019une approche quantitative de caract\u00e9risation hydrog\u00e9ologique par int\u00e9gration de donn\u00e9es g\u00e9ophysiques\u201d, Pr\u00e9sentation orale \u00e0 Journ\u00e9es PEX G\u00e9ophysique 2018 de l\u2019EDF, Aix-en-Provence, 15-16 mai 2018.<\/p>\n<p>\u201cQuantifying Risk for Groundwater Modelling \u2013 From Deterministic to Stochastic Geo-models\u201d, Pr\u00e9sentation orale \u00e0 Water Technologies Symposium 2015, Kananaskis, Alberta, Canada, 20-22 avril 2015.<\/p>\n<p>\u201cStochastic Seismic Inversion to estimate Pore Volume for CO<sub>2<\/sub> injection in the Saint-Flavien Reservoir, Qu\u00e9bec, Canada \u201d, Pr\u00e9sentation orale \u00e0 75th EAGE Conference &amp; Exhibition incorporating SPE EUROPEC 2013, Londres, Royaume-Uni, 10-13 juin 2013.<\/p>\n<p>\u201cInt\u00e9gration de donn\u00e9es de sismique-r\u00e9flexion par des m\u00e9thodes g\u00e9ostatistiques. Application pour la s\u00e9questration g\u00e9ologique du CO<sub>2<\/sub> dans les Basses-Terres du Saint-Laurent \u201d, Pr\u00e9sentation orale au 81<sup>e<\/sup> Congr\u00e8s de l\u2019ACFAS, Qu\u00e9bec, Canada, 6-10 mai 2013.<\/p>\n<p>\u201cHow to adapt geostatistical methods to study CO<sub>2<\/sub> storage in deep saline aquifers with sparse and low quality data. Case study of B\u00e9cancour, Qu\u00e9bec, Canada\u201d, Pr\u00e9sentation d\u2019une affiche au International Chairs Seminar on Carbon Capture, Transport and Storage, Paris et Le Havre, France, 23-25 novembre 2011.<\/p>\n<p><strong>\u201c<\/strong>Combining boreholes logs and 2D post-stack seismic profiles by kriging with external drift to build a 3D geological model for CO<sub>2<\/sub> storage in the B\u00e9cancour area, Qu\u00e9bec, Canada\u201d, Pr\u00e9sentation d\u2019une affiche au SEG SRW 2011 Summer Research Workshop \u2013 Inverting the Reservoir, Qu\u00e9bec, Canada, 26-30 juin 2011.<\/p>\n<p>\u201cUsing kriging with external drift to build a 3D geological model for CO<sub>2<\/sub> storage in B\u00e9cancour, Qu\u00e9bec, Canada\u201d, Pr\u00e9sentation orale at Recovery CSPG-CSEG-CWLS Convention, Calgary, Canada, 9-13 mai 2011.<\/p>\n<p>\u201cConstruction d\u2019un premier mod\u00e8le 3D des unit\u00e9s stratigraphiques des Basses-Terres du Saint-Laurent \u00e0 B\u00e9cancour, Qu\u00e9bec\u201d. Pr\u00e9sentation d\u2019une affice \u00e0 la 2e Conf\u00e9rence annuelle de l\u2019Association P\u00e9troli\u00e8re et Gazi\u00e8re du Qu\u00e9bec, Montr\u00e9al, Canada, 24-26 octobre 2010.<\/p>\n<p>\u201cThe array based SPAC microtremor method to evaluate shear wave velocity profiles and to complete a site resonance study in a valley environment\u201d. Pr\u00e9sentation orale \u00e0 la Conf\u00e9rence de la Canadian Geophysical Union, Ottawa, Canada, 31 mai \u2013 4 juin 2010.<\/p>\n<p>\u201cCharacterization of the petrophysical properties of deep saline aquifers for CO<sub>2<\/sub> storage in the B\u00e9cancour area, Qu\u00e9bec, Canada\u201d. Pr\u00e9sentation orale \u00e0 la Conf\u00e9rence de la Canadian Geophysical Union, Ottawa, Canada, 31 mai \u2013 4 juin 2010.<\/p>\n<p>&#8220;Joint sonic log &#8211; 2D seismic analysis to model the petro-physical properties of aquifers for CO<sub>2<\/sub> storage in the B\u00e9cancour area, Qu\u00e9bec, Canada&#8221;. Pr\u00e9sentation d\u2019une affiche \u00e0 la <em>2010 GeoCanada Conference Working with the Earth<\/em>, Calgary, Canada, 10-14 mai 2010.<\/p>\n<p>\u201cMicrotremor survey methods in 2D environments; Results from observed and simulated microtremors in the Tamar Valley, Launceston\u201d. Pr\u00e9sentation orale \u00e0 la <em>2009 Australian Society of Geophysicists Conference, <\/em>Adelaide, Australie, 25 f\u00e9vrier 2009.<\/p>\n<p>\u201cEvidence of 2D resonance from microtremor observations in the Tamar Valley, Launceston (Tasmania)\u201d. Pr\u00e9sentation d\u2019une affiche \u00e0 la <em>2008 Australian Earthquake Engineering Society Conference<\/em>, Ballarat, Australie, 21-23 novembre 2008.<\/p>\n<p>\u201cUse of SPAC, HVSR and strong ground motion analysis for site hazard study in Launceston, Tasmania\u201d. Pr\u00e9sentation d\u2019une affiche \u00e0 la <em>2007 Australian Earthquake Engineering Society Conference<\/em>, Wollongong, Australie, 23-25 novembre 2007.<\/p>\n<p>\u201cCombined use of SPAC, FK and HVSR microtremor survey methods for site hazard study over the Tamar Valley, Launceston (Tasmania)\u201d. Pr\u00e9sentation orale \u00e0 la <em>2007<\/em> <em>Australian Society of Geophysicists Conference<\/em>, Perth, Australie, 20 novembre 2007.<\/p>\n<p>\u201cCombined use of SPAC, FK and HVSR microtremor survey methods for site hazard study over the 2D Tamar Valley, Launceston (Tasmania, Australia)\u201d. Pr\u00e9sentation orale \u00e0 la <em>2007 International Union of Geodesy and Geophysics Conference<\/em>, Perugia, Italie, 11 juillet 2007.<\/p>\n<p>\u201cUse of microtremors for site hazard studies in the 2D Tamar Rift Valley, Launceston, Tasmania (preliminary results)\u201d. Pr\u00e9sentation d\u2019une affiche \u00e0 la <em>2006 Australian Earthquake Engineering Society Conference<\/em>, Canberra, Australie, 24-26 novembre 2006.<\/p>\n<p>\u201cUse of microtremors for site hazard studies in the 2D Tamar Rift Valley, Launceston, Tasmania, Australia\u201d. Pr\u00e9sentation d\u2019une affiche au <em>Third International Symposium on the Effects of Surface Geology on Seismic Motion<\/em>, Grenoble, France, 30 ao\u00fbt \u2013 1er septembre 2006.<\/p>\n","protected":false},"excerpt":{"rendered":"<p>Articles avec comit\u00e9 de r\u00e9vision Liang, X.X., Claprood, M., Gloaguen, E., Lauzon, D., Paradis, D. et T. B\u00e9raud (2024). Graph neural network framework for spatio-temporal groundwater level forecasting. Mathematical Geoscience. (Accept\u00e9). B\u00e9raud, T., Claprood, M. et E. Gloaguen, 2024. A sequential ensemble smoother for multiple data assimilation in hydrogeological modelling. Frontiers in Water 6:1462914, doi: &hellip; <a href=\"https:\/\/portfolio.uqac.ca\/maximeclaprood\/publications\/\" class=\"more-link\">Continuer la lecture de <span class=\"screen-reader-text\">Publications<\/span>  <span class=\"meta-nav\">&rarr;<\/span><\/a><\/p>\n","protected":false},"author":376,"featured_media":0,"parent":0,"menu_order":0,"comment_status":"closed","ping_status":"closed","template":"","meta":{"footnotes":""},"tags":[],"_links":{"self":[{"href":"https:\/\/portfolio.uqac.ca\/maximeclaprood\/wp-json\/wp\/v2\/pages\/20"}],"collection":[{"href":"https:\/\/portfolio.uqac.ca\/maximeclaprood\/wp-json\/wp\/v2\/pages"}],"about":[{"href":"https:\/\/portfolio.uqac.ca\/maximeclaprood\/wp-json\/wp\/v2\/types\/page"}],"author":[{"embeddable":true,"href":"https:\/\/portfolio.uqac.ca\/maximeclaprood\/wp-json\/wp\/v2\/users\/376"}],"replies":[{"embeddable":true,"href":"https:\/\/portfolio.uqac.ca\/maximeclaprood\/wp-json\/wp\/v2\/comments?post=20"}],"version-history":[{"count":31,"href":"https:\/\/portfolio.uqac.ca\/maximeclaprood\/wp-json\/wp\/v2\/pages\/20\/revisions"}],"predecessor-version":[{"id":220,"href":"https:\/\/portfolio.uqac.ca\/maximeclaprood\/wp-json\/wp\/v2\/pages\/20\/revisions\/220"}],"wp:attachment":[{"href":"https:\/\/portfolio.uqac.ca\/maximeclaprood\/wp-json\/wp\/v2\/media?parent=20"}],"wp:term":[{"taxonomy":"post_tag","embeddable":true,"href":"https:\/\/portfolio.uqac.ca\/maximeclaprood\/wp-json\/wp\/v2\/tags?post=20"}],"curies":[{"name":"wp","href":"https:\/\/api.w.org\/{rel}","templated":true}]}}