{"id":209,"date":"2025-06-19T15:19:31","date_gmt":"2025-06-19T19:19:31","guid":{"rendered":"https:\/\/portfolio.uqac.ca\/maximeclaprood\/?page_id=209"},"modified":"2025-06-19T15:24:08","modified_gmt":"2025-06-19T19:24:08","slug":"offres-de-projets","status":"publish","type":"page","link":"https:\/\/portfolio.uqac.ca\/maximeclaprood\/offres-de-projets\/","title":{"rendered":"Offres de projets"},"content":{"rendered":"<p><strong>Offres de projet de ma\u00eetrise<\/strong><\/p>\n<p><a href=\"https:\/\/portfolio.uqac.ca\/maximeclaprood\/files\/2025\/06\/OffreMSc1_CrowdMag.pdf\">Optimisation des donn\u00e9es magn\u00e9tiques en g\u00e9ophysique obtenues par l\u2019application cellulaire Crowd Mag.<\/a><\/p>\n","protected":false},"excerpt":{"rendered":"<p>Offres de projet de ma\u00eetrise Optimisation des donn\u00e9es magn\u00e9tiques en g\u00e9ophysique obtenues par l\u2019application cellulaire Crowd Mag.<\/p>\n","protected":false},"author":377,"featured_media":0,"parent":0,"menu_order":5,"comment_status":"closed","ping_status":"closed","template":"","meta":{"footnotes":""},"tags":[],"_links":{"self":[{"href":"https:\/\/portfolio.uqac.ca\/maximeclaprood\/wp-json\/wp\/v2\/pages\/209"}],"collection":[{"href":"https:\/\/portfolio.uqac.ca\/maximeclaprood\/wp-json\/wp\/v2\/pages"}],"about":[{"href":"https:\/\/portfolio.uqac.ca\/maximeclaprood\/wp-json\/wp\/v2\/types\/page"}],"author":[{"embeddable":true,"href":"https:\/\/portfolio.uqac.ca\/maximeclaprood\/wp-json\/wp\/v2\/users\/377"}],"replies":[{"embeddable":true,"href":"https:\/\/portfolio.uqac.ca\/maximeclaprood\/wp-json\/wp\/v2\/comments?post=209"}],"version-history":[{"count":3,"href":"https:\/\/portfolio.uqac.ca\/maximeclaprood\/wp-json\/wp\/v2\/pages\/209\/revisions"}],"predecessor-version":[{"id":213,"href":"https:\/\/portfolio.uqac.ca\/maximeclaprood\/wp-json\/wp\/v2\/pages\/209\/revisions\/213"}],"wp:attachment":[{"href":"https:\/\/portfolio.uqac.ca\/maximeclaprood\/wp-json\/wp\/v2\/media?parent=209"}],"wp:term":[{"taxonomy":"post_tag","embeddable":true,"href":"https:\/\/portfolio.uqac.ca\/maximeclaprood\/wp-json\/wp\/v2\/tags?post=209"}],"curies":[{"name":"wp","href":"https:\/\/api.w.org\/{rel}","templated":true}]}}